{"id":540,"date":"2018-12-27T10:22:42","date_gmt":"2018-12-27T16:22:42","guid":{"rendered":"https:\/\/dondevamos.xyz\/fiestas-palmares\/?page_id=540"},"modified":"2024-01-18T21:05:37","modified_gmt":"2024-01-19T03:05:37","slug":"clasica-palmarin-mtb","status":"publish","type":"page","link":"https:\/\/dondevamos.xyz\/fiestas-palmares\/clasica-palmarin-mtb\/","title":{"rendered":"La Cl\u00e1sica Palmar\u00edn MTB 2024"},"content":{"rendered":"<div class=\"wp-block-image\">\n<figure class=\"alignleft is-resized\"><img decoding=\"async\" width=\"150\" height=\"150\" data-src=\"https:\/\/dondevamos.xyz\/fiestas-palmares\/wp-content\/uploads\/sites\/2\/2018\/12\/pexels-photo-1625984-150x150.jpeg\" alt=\"clasica palmarin mtb\" class=\"wp-image-538 lazyload\" style=\"--smush-placeholder-width: 150px; --smush-placeholder-aspect-ratio: 150\/150;width:234px;height:234px\" src=\"data:image\/svg+xml;base64,PHN2ZyB3aWR0aD0iMSIgaGVpZ2h0PSIxIiB4bWxucz0iaHR0cDovL3d3dy53My5vcmcvMjAwMC9zdmciPjwvc3ZnPg==\" \/><\/figure>\n<\/div>\n\n\n<p>Para todos los aficionados al ciclismo MTB, ya sali\u00f3 oficialmente el anuncio de la <strong>Carrera Cl\u00e1sica Palmarin MTB 2024<\/strong>. Esta es una de las carreras de MTB m\u00e1s esperadas de principio de a\u00f1o, y ser\u00e1 uno de los eventos m\u00e1s vistos de las Fiestas de Palmares 2024. Hasta el momento no se hab\u00eda dicho mucho acerca de la Palmar\u00edn MTB 2024, pero ya pusieron a rodar la bola: en definitiva, si hay Palmar\u00edn MTB 2024!<\/p>\n\n\n\n<h2 class=\"wp-block-heading\">Cuando es la Cl\u00e1sica Palmar\u00edn MTB 2024?<\/h2>\n\n\n\n<p>La <strong>fecha de la Clasica Palmarin MTB 2024<\/strong> va a ser el s\u00e1bado 20 de enero del 2024 a las 9 AM. La salida es del Campo Ferial de Palmares en Alajuela. Hay que estar en el lugar de salida antes de las 9 AM, y deben tener presente que generalmente las categor\u00edas Elite salen a las 9 AM en punto, y el resto algunos minutos despu\u00e9s.<\/p>\n\n\n\n<h2 class=\"wp-block-heading\">Cu\u00e1l es la ruta de la Cl\u00e1sica Palmar\u00edn MTB 2024?<\/h2>\n\n\n\n<p>Este a\u00f1o, si sacaron desde temprano el mapa del recorrido de la Cl\u00e1sica Palmar\u00edn MTB 2024. <\/p>\n\n\n\n<p>El recorrido planeado de la carrera es de 35 Km:<\/p>\n\n\n\n<figure class=\"wp-block-image size-full\"><img decoding=\"async\" width=\"526\" height=\"526\" data-src=\"https:\/\/dondevamos.xyz\/fiestas-palmares\/wp-content\/uploads\/sites\/2\/2024\/01\/411271501_6512559649646_4884212200364316001_n.jpg\" alt=\"mapa cl\u00e1sica palmar\u00edn MTB 2024\" class=\"wp-image-820 lazyload\" data-srcset=\"https:\/\/dondevamos.xyz\/fiestas-palmares\/wp-content\/uploads\/sites\/2\/2024\/01\/411271501_6512559649646_4884212200364316001_n.jpg 526w, https:\/\/dondevamos.xyz\/fiestas-palmares\/wp-content\/uploads\/sites\/2\/2024\/01\/411271501_6512559649646_4884212200364316001_n-300x300.jpg 300w, https:\/\/dondevamos.xyz\/fiestas-palmares\/wp-content\/uploads\/sites\/2\/2024\/01\/411271501_6512559649646_4884212200364316001_n-150x150.jpg 150w\" data-sizes=\"(max-width: 526px) 100vw, 526px\" src=\"data:image\/svg+xml;base64,PHN2ZyB3aWR0aD0iMSIgaGVpZ2h0PSIxIiB4bWxucz0iaHR0cDovL3d3dy53My5vcmcvMjAwMC9zdmciPjwvc3ZnPg==\" style=\"--smush-placeholder-width: 526px; --smush-placeholder-aspect-ratio: 526\/526;\" \/><\/figure>\n\n\n\n<p>La ruta de la Palmar\u00edn MTB sale del campo ferial, y se enrumba hacia el Este pasando por Buenos Aires, Concepci\u00f3n, El Rosario, Barrio La Guaria, y finalmente agarra hacia el norte para volver al Campo Ferial.<\/p>\n\n\n\n<h2 class=\"wp-block-heading\">Altimetr\u00eda de la Cl\u00e1sica Palmar\u00edn MTB 2024<\/h2>\n\n\n\n<p>El esquem\u00e1tico de la altimetr\u00eda de la cl\u00e1sica Palmar\u00edn 2024 MTB viene en el anuncio de la carrera.<\/p>\n\n\n\n<p>A principios de enero hab\u00eda un archivo GPX disponible del recorrido, sin embargo ya lo removieron.<\/p>\n\n\n\n<p>Hay buenas cuestas, tanto en ascenso como en descenso. En ascenso, la cuesta m\u00e1s fuerte tiene alrededor de 300m de subida en un solo tramo, y el descenso m\u00e1s largo es parecido. <\/p>\n\n\n\n<p>Si nos vamos con base en lo que fue la ruta Palmar\u00edn 2023, hay que practicar las subidas porque van a haber bastantes! La zona alrededor de Palmares es una zona muy quebrada, con ca\u00f1ones profundos y cerros altos. Definitivamente para hacer la Cl\u00e1sica Palmar\u00edn MTB hay que practicar las cuestas!<\/p>\n\n\n\n<h2 class=\"wp-block-heading\">Categor\u00edas de la Palmar\u00edn MTB 2024<\/h2>\n\n\n\n<p>Hay toda una serie de categor\u00edas de premiaci\u00f3n para la Palmar\u00edn MTB 2024: <\/p>\n\n\n\n<figure class=\"wp-block-image size-full\"><img decoding=\"async\" width=\"526\" height=\"526\" data-src=\"https:\/\/dondevamos.xyz\/fiestas-palmares\/wp-content\/uploads\/sites\/2\/2024\/01\/420460262_758783736281481_5655327251780271876_n.jpg\" alt=\"categorias cl\u00e1sica palmar\u00edn MTB\" class=\"wp-image-821 lazyload\" data-srcset=\"https:\/\/dondevamos.xyz\/fiestas-palmares\/wp-content\/uploads\/sites\/2\/2024\/01\/420460262_758783736281481_5655327251780271876_n.jpg 526w, https:\/\/dondevamos.xyz\/fiestas-palmares\/wp-content\/uploads\/sites\/2\/2024\/01\/420460262_758783736281481_5655327251780271876_n-300x300.jpg 300w, https:\/\/dondevamos.xyz\/fiestas-palmares\/wp-content\/uploads\/sites\/2\/2024\/01\/420460262_758783736281481_5655327251780271876_n-150x150.jpg 150w\" data-sizes=\"(max-width: 526px) 100vw, 526px\" src=\"data:image\/svg+xml;base64,PHN2ZyB3aWR0aD0iMSIgaGVpZ2h0PSIxIiB4bWxucz0iaHR0cDovL3d3dy53My5vcmcvMjAwMC9zdmciPjwvc3ZnPg==\" style=\"--smush-placeholder-width: 526px; --smush-placeholder-aspect-ratio: 526\/526;\" \/><\/figure>\n\n\n\n<h2 class=\"wp-block-heading\">Inscripciones para la Cl\u00e1sica Palmar\u00edn MTB 2024<\/h2>\n\n\n\n<p>En este momento las inscripciones para la cl\u00e1sica Palmar\u00edn MTB ya las cerraron. El 16 de enero era la fecha l\u00edmite para inscribirse.<\/p>\n\n\n\n<h2 class=\"wp-block-heading\">D\u00f3nde se retiran los paquetes de la Cl\u00e1sica Palmar\u00edn MTB 2024?<\/h2>\n\n\n\n<p>Los paquetes para la Cl\u00e1sica Palmar\u00edn MTB 2024 los van a estar entregando el jueves 18 y viernes 19 de enero. El 18 de enero los entregan en CMS Sportswear en Escaz\u00fa, de 11:00 AM a 7:00 PM. El 19 de enero es en las instalaciones de la Asociaci\u00f3n C\u00edvica Palmare\u00f1a de 10:00 AM a 6:00 PM.<\/p>\n\n\n\n<p>Para retirar el paquete hay que llevar identificaci\u00f3n. <\/p>\n\n\n\n<h2 class=\"wp-block-heading\">Jersey de la Cl\u00e1sica Palmar\u00edn MTB 2024<\/h2>\n\n\n\n<p>La camiseta oficial de la carrera Cl\u00e1sica Palmar\u00edn MTB 2024 es esta:<\/p>\n\n\n\n<figure class=\"wp-block-image size-large\"><img decoding=\"async\" width=\"1024\" height=\"1024\" data-src=\"https:\/\/dondevamos.xyz\/fiestas-palmares\/wp-content\/uploads\/sites\/2\/2024\/01\/397883081_721839509975904_1459503374704317045_n-1024x1024.jpg\" alt=\"camiseta cl\u00e1sica palmar\u00edn 2024\" class=\"wp-image-822 lazyload\" data-srcset=\"https:\/\/dondevamos.xyz\/fiestas-palmares\/wp-content\/uploads\/sites\/2\/2024\/01\/397883081_721839509975904_1459503374704317045_n-1024x1024.jpg 1024w, https:\/\/dondevamos.xyz\/fiestas-palmares\/wp-content\/uploads\/sites\/2\/2024\/01\/397883081_721839509975904_1459503374704317045_n-300x300.jpg 300w, https:\/\/dondevamos.xyz\/fiestas-palmares\/wp-content\/uploads\/sites\/2\/2024\/01\/397883081_721839509975904_1459503374704317045_n-150x150.jpg 150w, https:\/\/dondevamos.xyz\/fiestas-palmares\/wp-content\/uploads\/sites\/2\/2024\/01\/397883081_721839509975904_1459503374704317045_n-768x768.jpg 768w, https:\/\/dondevamos.xyz\/fiestas-palmares\/wp-content\/uploads\/sites\/2\/2024\/01\/397883081_721839509975904_1459503374704317045_n-1536x1536.jpg 1536w, https:\/\/dondevamos.xyz\/fiestas-palmares\/wp-content\/uploads\/sites\/2\/2024\/01\/397883081_721839509975904_1459503374704317045_n-660x660.jpg 660w, https:\/\/dondevamos.xyz\/fiestas-palmares\/wp-content\/uploads\/sites\/2\/2024\/01\/397883081_721839509975904_1459503374704317045_n.jpg 2048w\" data-sizes=\"(max-width: 1024px) 100vw, 1024px\" src=\"data:image\/svg+xml;base64,PHN2ZyB3aWR0aD0iMSIgaGVpZ2h0PSIxIiB4bWxucz0iaHR0cDovL3d3dy53My5vcmcvMjAwMC9zdmciPjwvc3ZnPg==\" style=\"--smush-placeholder-width: 1024px; --smush-placeholder-aspect-ratio: 1024\/1024;\" \/><\/figure>\n\n\n\n<h2 class=\"wp-block-heading\">Medalla de la Cl\u00e1sica Palmar\u00edn MTB 2024<\/h2>\n\n\n\n<p>En el anuncio del jersey oficial se puede ver la medalla de la Palmar\u00edn MTB 2024.<\/p>\n\n\n\n<h2 class=\"wp-block-heading\">Qu\u00e9 tipo de bicicleta se ocupa para la Cl\u00e1sica Palmar\u00edn?<\/h2>\n\n\n\n<p>En definitiva se ocupa una bicicleta tipo MTB, la carrera tiene una ruta que pasa por zonas que no son compatibles con bicicletas de ruta. Las BMX tampoco se recomiendan para esta carrera, por las cuestas que hay que subir de camino. Downhill? Puede ser \u00fatil por las bajadas que hay que hacer, pero no es indispensable que su bicicleta sea downhill.<\/p>\n\n\n\n<p>Antes de hacer la carrera, aseg\u00farese que su bicicleta se encuentre en buen estado. Es bueno llevarla a ajuste general, y revisar frenos y cambios. Durante la Palmar\u00edn MTB es muy importante el uso de cambios, y si est\u00e1n desajustados o fallan de camino, ser\u00e1 mucho m\u00e1s dif\u00edcil completar la ruta!<\/p>\n\n\n\n<p>Recuerde usar bloqueador con un factor de protecci\u00f3n suficiente. El clima en Palmares en enero es soleado, y es m\u00fay f\u00e1cil quemarse bastante si uno no usa bloqueador. Aunque el d\u00eda est\u00e9 nublado, el sol que pasa a trav\u00e9s de las nubes es suficiente para lesionar su piel!<\/p>\n\n\n\n<p>Llegue temprano el d\u00eda de la carrera! Recuerde que en Palmares siempre es complicado conseguir parqueo, y m\u00e1s si uno va en un carro grande con racks y bicicletas. Adem\u00e1s, el d\u00eda de la carrera siempre cierran carreteras alrededor del campo ferial, y se vuelve m\u00e1s dif\u00edcil el ocasiones encontrar parqueo.<\/p>\n\n\n<div class=\"wp-block-image\">\n<figure class=\"aligncenter\"><img decoding=\"async\" width=\"300\" height=\"211\" data-src=\"https:\/\/dondevamos.xyz\/fiestas-palmares\/wp-content\/uploads\/sites\/2\/2018\/12\/pexels-photo-1614988-300x211.jpeg\" alt=\"carrera palmarin mtb\" class=\"wp-image-537 lazyload\" data-srcset=\"https:\/\/dondevamos.xyz\/fiestas-palmares\/wp-content\/uploads\/sites\/2\/2018\/12\/pexels-photo-1614988-300x211.jpeg 300w, https:\/\/dondevamos.xyz\/fiestas-palmares\/wp-content\/uploads\/sites\/2\/2018\/12\/pexels-photo-1614988-200x140.jpeg 200w, https:\/\/dondevamos.xyz\/fiestas-palmares\/wp-content\/uploads\/sites\/2\/2018\/12\/pexels-photo-1614988.jpeg 640w\" data-sizes=\"(max-width: 300px) 100vw, 300px\" src=\"data:image\/svg+xml;base64,PHN2ZyB3aWR0aD0iMSIgaGVpZ2h0PSIxIiB4bWxucz0iaHR0cDovL3d3dy53My5vcmcvMjAwMC9zdmciPjwvc3ZnPg==\" style=\"--smush-placeholder-width: 300px; --smush-placeholder-aspect-ratio: 300\/211;\" \/><\/figure>\n<\/div><!-- AddThis Advanced Settings generic via filter on the_content --><!-- AddThis Share Buttons generic via filter on the_content -->","protected":false},"excerpt":{"rendered":"<p>Para todos los aficionados al ciclismo MTB, ya sali\u00f3 oficialmente el anuncio de la Carrera Cl\u00e1sica Palmarin MTB 2024. Esta es una de las carreras de MTB m\u00e1s esperadas de principio de a\u00f1o, y ser\u00e1 uno de los eventos m\u00e1s vistos de las Fiestas de Palmares 2024. Hasta el momento no se hab\u00eda dicho mucho\u2026 <span class=\"read-more\"><a href=\"https:\/\/dondevamos.xyz\/fiestas-palmares\/clasica-palmarin-mtb\/\">Leer m\u00e1s &raquo;<\/a><\/span><!-- AddThis Advanced Settings generic via filter on get_the_excerpt --><!-- AddThis Share Buttons generic via filter on get_the_excerpt --><\/p>\n","protected":false},"author":2,"featured_media":537,"parent":0,"menu_order":0,"comment_status":"closed","ping_status":"closed","template":"","meta":{"footnotes":""},"class_list":["post-540","page","type-page","status-publish","has-post-thumbnail","hentry"],"yoast_head":"<!-- This site is optimized with the Yoast SEO plugin v27.4 - https:\/\/yoast.com\/product\/yoast-seo-wordpress\/ -->\n<title>La Cl\u00e1sica Palmar\u00edn MTB 2024 - Fiestas de Palmares Fans Club<\/title>\n<meta name=\"description\" content=\"Informaci\u00f3n acerca de la carrera Cl\u00e1sica Palmar\u00edn Ciclismo MTB 2024. Rutas, fechas, y lugares de inscripci\u00f3n!\" \/>\n<meta name=\"robots\" content=\"index, follow, max-snippet:-1, max-image-preview:large, max-video-preview:-1\" \/>\n<link rel=\"canonical\" href=\"https:\/\/dondevamos.xyz\/fiestas-palmares\/clasica-palmarin-mtb\/\" \/>\n<meta property=\"og:locale\" content=\"es_ES\" \/>\n<meta property=\"og:type\" content=\"article\" \/>\n<meta property=\"og:title\" content=\"La Cl\u00e1sica Palmar\u00edn MTB 2024 - Fiestas de Palmares Fans Club\" \/>\n<meta property=\"og:description\" content=\"Informaci\u00f3n acerca de la carrera Cl\u00e1sica Palmar\u00edn Ciclismo MTB 2024. Rutas, fechas, y lugares de inscripci\u00f3n!\" \/>\n<meta property=\"og:url\" content=\"https:\/\/dondevamos.xyz\/fiestas-palmares\/clasica-palmarin-mtb\/\" \/>\n<meta property=\"og:site_name\" content=\"Fiestas de Palmares Fans Club\" \/>\n<meta property=\"article:publisher\" content=\"https:\/\/www.facebook.com\/palmaresfansclub\" \/>\n<meta property=\"article:modified_time\" content=\"2024-01-19T03:05:37+00:00\" \/>\n<meta property=\"og:image\" content=\"https:\/\/dondevamos.xyz\/fiestas-palmares\/wp-content\/uploads\/sites\/2\/2018\/12\/pexels-photo-1614988.jpeg\" \/>\n\t<meta property=\"og:image:width\" content=\"640\" \/>\n\t<meta property=\"og:image:height\" content=\"451\" \/>\n\t<meta property=\"og:image:type\" content=\"image\/jpeg\" \/>\n<meta name=\"twitter:card\" content=\"summary_large_image\" \/>\n<meta name=\"twitter:site\" content=\"@palmaresfc\" \/>\n<meta name=\"twitter:label1\" content=\"Tiempo de lectura\" \/>\n\t<meta name=\"twitter:data1\" content=\"5 minutos\" \/>\n<script type=\"application\/ld+json\" class=\"yoast-schema-graph\">{\"@context\":\"https:\\\/\\\/schema.org\",\"@graph\":[{\"@type\":\"WebPage\",\"@id\":\"https:\\\/\\\/dondevamos.xyz\\\/fiestas-palmares\\\/clasica-palmarin-mtb\\\/\",\"url\":\"https:\\\/\\\/dondevamos.xyz\\\/fiestas-palmares\\\/clasica-palmarin-mtb\\\/\",\"name\":\"La Cl\u00e1sica Palmar\u00edn MTB 2024 - Fiestas de Palmares Fans Club\",\"isPartOf\":{\"@id\":\"https:\\\/\\\/dondevamos.xyz\\\/fiestas-palmares\\\/#website\"},\"primaryImageOfPage\":{\"@id\":\"https:\\\/\\\/dondevamos.xyz\\\/fiestas-palmares\\\/clasica-palmarin-mtb\\\/#primaryimage\"},\"image\":{\"@id\":\"https:\\\/\\\/dondevamos.xyz\\\/fiestas-palmares\\\/clasica-palmarin-mtb\\\/#primaryimage\"},\"thumbnailUrl\":\"https:\\\/\\\/dondevamos.xyz\\\/fiestas-palmares\\\/wp-content\\\/uploads\\\/sites\\\/2\\\/2018\\\/12\\\/pexels-photo-1614988.jpeg\",\"datePublished\":\"2018-12-27T16:22:42+00:00\",\"dateModified\":\"2024-01-19T03:05:37+00:00\",\"description\":\"Informaci\u00f3n acerca de la carrera Cl\u00e1sica Palmar\u00edn Ciclismo MTB 2024. Rutas, fechas, y lugares de inscripci\u00f3n!\",\"inLanguage\":\"es\",\"potentialAction\":[{\"@type\":\"ReadAction\",\"target\":[\"https:\\\/\\\/dondevamos.xyz\\\/fiestas-palmares\\\/clasica-palmarin-mtb\\\/\"]}]},{\"@type\":\"ImageObject\",\"inLanguage\":\"es\",\"@id\":\"https:\\\/\\\/dondevamos.xyz\\\/fiestas-palmares\\\/clasica-palmarin-mtb\\\/#primaryimage\",\"url\":\"https:\\\/\\\/dondevamos.xyz\\\/fiestas-palmares\\\/wp-content\\\/uploads\\\/sites\\\/2\\\/2018\\\/12\\\/pexels-photo-1614988.jpeg\",\"contentUrl\":\"https:\\\/\\\/dondevamos.xyz\\\/fiestas-palmares\\\/wp-content\\\/uploads\\\/sites\\\/2\\\/2018\\\/12\\\/pexels-photo-1614988.jpeg\",\"width\":640,\"height\":451,\"caption\":\"carrera palmarin mtb\"},{\"@type\":\"WebSite\",\"@id\":\"https:\\\/\\\/dondevamos.xyz\\\/fiestas-palmares\\\/#website\",\"url\":\"https:\\\/\\\/dondevamos.xyz\\\/fiestas-palmares\\\/\",\"name\":\"Fiestas de Palmares Fans Club\",\"description\":\"Sitio no oficial de los fiesteros de Palmares\",\"potentialAction\":[{\"@type\":\"SearchAction\",\"target\":{\"@type\":\"EntryPoint\",\"urlTemplate\":\"https:\\\/\\\/dondevamos.xyz\\\/fiestas-palmares\\\/?s={search_term_string}\"},\"query-input\":{\"@type\":\"PropertyValueSpecification\",\"valueRequired\":true,\"valueName\":\"search_term_string\"}}],\"inLanguage\":\"es\"}]}<\/script>\n<!-- \/ Yoast SEO plugin. -->","yoast_head_json":{"title":"La Cl\u00e1sica Palmar\u00edn MTB 2024 - Fiestas de Palmares Fans Club","description":"Informaci\u00f3n acerca de la carrera Cl\u00e1sica Palmar\u00edn Ciclismo MTB 2024. Rutas, fechas, y lugares de inscripci\u00f3n!","robots":{"index":"index","follow":"follow","max-snippet":"max-snippet:-1","max-image-preview":"max-image-preview:large","max-video-preview":"max-video-preview:-1"},"canonical":"https:\/\/dondevamos.xyz\/fiestas-palmares\/clasica-palmarin-mtb\/","og_locale":"es_ES","og_type":"article","og_title":"La Cl\u00e1sica Palmar\u00edn MTB 2024 - Fiestas de Palmares Fans Club","og_description":"Informaci\u00f3n acerca de la carrera Cl\u00e1sica Palmar\u00edn Ciclismo MTB 2024. Rutas, fechas, y lugares de inscripci\u00f3n!","og_url":"https:\/\/dondevamos.xyz\/fiestas-palmares\/clasica-palmarin-mtb\/","og_site_name":"Fiestas de Palmares Fans Club","article_publisher":"https:\/\/www.facebook.com\/palmaresfansclub","article_modified_time":"2024-01-19T03:05:37+00:00","og_image":[{"width":640,"height":451,"url":"https:\/\/dondevamos.xyz\/fiestas-palmares\/wp-content\/uploads\/sites\/2\/2018\/12\/pexels-photo-1614988.jpeg","type":"image\/jpeg"}],"twitter_card":"summary_large_image","twitter_site":"@palmaresfc","twitter_misc":{"Tiempo de lectura":"5 minutos"},"schema":{"@context":"https:\/\/schema.org","@graph":[{"@type":"WebPage","@id":"https:\/\/dondevamos.xyz\/fiestas-palmares\/clasica-palmarin-mtb\/","url":"https:\/\/dondevamos.xyz\/fiestas-palmares\/clasica-palmarin-mtb\/","name":"La Cl\u00e1sica Palmar\u00edn MTB 2024 - Fiestas de Palmares Fans Club","isPartOf":{"@id":"https:\/\/dondevamos.xyz\/fiestas-palmares\/#website"},"primaryImageOfPage":{"@id":"https:\/\/dondevamos.xyz\/fiestas-palmares\/clasica-palmarin-mtb\/#primaryimage"},"image":{"@id":"https:\/\/dondevamos.xyz\/fiestas-palmares\/clasica-palmarin-mtb\/#primaryimage"},"thumbnailUrl":"https:\/\/dondevamos.xyz\/fiestas-palmares\/wp-content\/uploads\/sites\/2\/2018\/12\/pexels-photo-1614988.jpeg","datePublished":"2018-12-27T16:22:42+00:00","dateModified":"2024-01-19T03:05:37+00:00","description":"Informaci\u00f3n acerca de la carrera Cl\u00e1sica Palmar\u00edn Ciclismo MTB 2024. Rutas, fechas, y lugares de inscripci\u00f3n!","inLanguage":"es","potentialAction":[{"@type":"ReadAction","target":["https:\/\/dondevamos.xyz\/fiestas-palmares\/clasica-palmarin-mtb\/"]}]},{"@type":"ImageObject","inLanguage":"es","@id":"https:\/\/dondevamos.xyz\/fiestas-palmares\/clasica-palmarin-mtb\/#primaryimage","url":"https:\/\/dondevamos.xyz\/fiestas-palmares\/wp-content\/uploads\/sites\/2\/2018\/12\/pexels-photo-1614988.jpeg","contentUrl":"https:\/\/dondevamos.xyz\/fiestas-palmares\/wp-content\/uploads\/sites\/2\/2018\/12\/pexels-photo-1614988.jpeg","width":640,"height":451,"caption":"carrera palmarin mtb"},{"@type":"WebSite","@id":"https:\/\/dondevamos.xyz\/fiestas-palmares\/#website","url":"https:\/\/dondevamos.xyz\/fiestas-palmares\/","name":"Fiestas de Palmares Fans Club","description":"Sitio no oficial de los fiesteros de Palmares","potentialAction":[{"@type":"SearchAction","target":{"@type":"EntryPoint","urlTemplate":"https:\/\/dondevamos.xyz\/fiestas-palmares\/?s={search_term_string}"},"query-input":{"@type":"PropertyValueSpecification","valueRequired":true,"valueName":"search_term_string"}}],"inLanguage":"es"}]}},"_links":{"self":[{"href":"https:\/\/dondevamos.xyz\/fiestas-palmares\/wp-json\/wp\/v2\/pages\/540","targetHints":{"allow":["GET"]}}],"collection":[{"href":"https:\/\/dondevamos.xyz\/fiestas-palmares\/wp-json\/wp\/v2\/pages"}],"about":[{"href":"https:\/\/dondevamos.xyz\/fiestas-palmares\/wp-json\/wp\/v2\/types\/page"}],"author":[{"embeddable":true,"href":"https:\/\/dondevamos.xyz\/fiestas-palmares\/wp-json\/wp\/v2\/users\/2"}],"replies":[{"embeddable":true,"href":"https:\/\/dondevamos.xyz\/fiestas-palmares\/wp-json\/wp\/v2\/comments?post=540"}],"version-history":[{"count":12,"href":"https:\/\/dondevamos.xyz\/fiestas-palmares\/wp-json\/wp\/v2\/pages\/540\/revisions"}],"predecessor-version":[{"id":823,"href":"https:\/\/dondevamos.xyz\/fiestas-palmares\/wp-json\/wp\/v2\/pages\/540\/revisions\/823"}],"wp:featuredmedia":[{"embeddable":true,"href":"https:\/\/dondevamos.xyz\/fiestas-palmares\/wp-json\/wp\/v2\/media\/537"}],"wp:attachment":[{"href":"https:\/\/dondevamos.xyz\/fiestas-palmares\/wp-json\/wp\/v2\/media?parent=540"}],"curies":[{"name":"wp","href":"https:\/\/api.w.org\/{rel}","templated":true}]}}