{"id":528,"date":"2018-12-27T10:22:42","date_gmt":"2018-12-27T16:22:42","guid":{"rendered":"https:\/\/dondevamos.xyz\/fiestas-palmares\/?page_id=528"},"modified":"2018-12-29T09:01:28","modified_gmt":"2018-12-29T15:01:28","slug":"corridas-toros-palmares","status":"publish","type":"page","link":"https:\/\/dondevamos.xyz\/fiestas-palmares\/corridas-toros-palmares\/","title":{"rendered":"Corridas de toros de Palmares"},"content":{"rendered":"\n<div class=\"wp-block-image\"><figure class=\"alignleft\"><img decoding=\"async\" width=\"300\" height=\"225\" data-src=\"https:\/\/dondevamos.xyz\/fiestas-palmares\/wp-content\/uploads\/sites\/2\/2017\/01\/Plaza_de_Toros_Palmares_Costa_Rica-300x225.jpg\" alt=\"corridas de toros de palmares\" class=\"wp-image-69 lazyload\" data-srcset=\"https:\/\/dondevamos.xyz\/fiestas-palmares\/wp-content\/uploads\/sites\/2\/2017\/01\/Plaza_de_Toros_Palmares_Costa_Rica-300x225.jpg 300w, https:\/\/dondevamos.xyz\/fiestas-palmares\/wp-content\/uploads\/sites\/2\/2017\/01\/Plaza_de_Toros_Palmares_Costa_Rica-768x576.jpg 768w, https:\/\/dondevamos.xyz\/fiestas-palmares\/wp-content\/uploads\/sites\/2\/2017\/01\/Plaza_de_Toros_Palmares_Costa_Rica.jpg 960w\" data-sizes=\"(max-width: 300px) 100vw, 300px\" src=\"data:image\/svg+xml;base64,PHN2ZyB3aWR0aD0iMSIgaGVpZ2h0PSIxIiB4bWxucz0iaHR0cDovL3d3dy53My5vcmcvMjAwMC9zdmciPjwvc3ZnPg==\" style=\"--smush-placeholder-width: 300px; --smush-placeholder-aspect-ratio: 300\/225;\" \/><\/figure><\/div>\n\n\n\n<p>Las <strong>corridas de toros de Palmares<\/strong> no son tan famosas como las de Zapote, pero a\u00fan as\u00ed hay much\u00edsima gente que las disfruta todos los a\u00f1os. La ventaja en Palmares es que las corridas de toros son mucho m\u00e1s ordenadas, el redondel m\u00e1s peque\u00f1o y no es tanto molote como en los <a href=\"https:\/\/dondevamos.xyz\/fiestas-zapote\/toros-a-la-tica\/\" target=\"_blank\" rel=\"noreferrer noopener\" aria-label=\"Toros a la Tica de Zapote (abre en una nueva pesta\u00f1a)\">Toros a la Tica de Zapote<\/a>.<\/p>\n\n\n\n<p>Las corridas de toros de las Fiestas de Palmares son famosas por los campeonatos de monta, en donde se ven montadores muy diestros que dan un buen show. Y hay toda una serie de actividades complementarias en el redondel que tambi\u00e9n ocurren en esos d\u00edas, que est\u00e1n muy buenas.<\/p>\n\n\n\n<p>Recuerden que tambi\u00e9n hay Festival Ranchero en Palmares, este a\u00f1o con el concierto de Paquita la del Barrio y el mariachi Son de Hidalgo!<\/p>\n\n\n\n<h2 class=\"wp-block-heading\">Cu\u00e1ndo son las corridas de toros de Palmares?<\/h2>\n\n\n\n<p>Las corridas de toros de Palmares 2019 empiezan el domingo 13 de enero, a las 3 PM. Y siguen hasta el lunes 21 de enero a las 7 PM. Hay corridas a diferentes horas, dependiendo del d\u00eda:<\/p>\n\n\n\n<ul class=\"wp-block-list\"><li>Domingo 13 de enero: 3 pm, campeonato de monta a las 7 PM.<\/li><li>Lunes 14 de enero: 7 pm<\/li><li>Martes 15 de enero: 3 pm corrida para ni\u00f1os, 7 PM caballos trotadores<\/li><li>Mi\u00e9rcoles 16 de enero: no hay corrida, gran rodeo a las 7 PM<\/li><li>Jueves 17 de enero: no hay corrida, Estrellas Equinas a las 7 PM<\/li><li>Viernes 18 de enero: no hay corrida<\/li><li>S\u00e1bado 19 de enero: 3 y 8 pm<\/li><li>Domingo 20 de enero: campeonato de monta 3 PM, corrida 7 PM<\/li><li>Lunes 21 de enero: 7 pm<\/li><\/ul>\n\n\n\n<h2 class=\"wp-block-heading\">Cu\u00e1nto cuestan las entradas para las corridas de toros de Palmares?<br><\/h2>\n\n\n\n<div class=\"wp-block-image\"><figure class=\"alignleft\"><img decoding=\"async\" width=\"300\" height=\"225\" data-src=\"https:\/\/dondevamos.xyz\/fiestas-palmares\/wp-content\/uploads\/sites\/2\/2017\/01\/hqdefault-300x225.jpg\" alt=\"corridas de toros de palmares\" class=\"wp-image-232 lazyload\" data-srcset=\"https:\/\/dondevamos.xyz\/fiestas-palmares\/wp-content\/uploads\/sites\/2\/2017\/01\/hqdefault-300x225.jpg 300w, https:\/\/dondevamos.xyz\/fiestas-palmares\/wp-content\/uploads\/sites\/2\/2017\/01\/hqdefault.jpg 480w\" data-sizes=\"(max-width: 300px) 100vw, 300px\" src=\"data:image\/svg+xml;base64,PHN2ZyB3aWR0aD0iMSIgaGVpZ2h0PSIxIiB4bWxucz0iaHR0cDovL3d3dy53My5vcmcvMjAwMC9zdmciPjwvc3ZnPg==\" style=\"--smush-placeholder-width: 300px; --smush-placeholder-aspect-ratio: 300\/225;\" \/><\/figure><\/div>\n\n\n\n<p>Todav\u00eda no han dado precios oficiales, pero el a\u00f1o pasado las entradas costaban entre 5000 y 10000 colones, dependiendo del d\u00eda si la entrada era general o VIP.<\/p>\n\n\n\n<p>Algo interesante de las corridas de toros de Palmares es que hay d\u00edas en que los ni\u00f1os entran gratis. Apenas la Asociaci\u00f3n C\u00edvica confirme qu\u00e9 fechas entran gratis los ni\u00f1os, las pondremos por ac\u00e1!<\/p>\n\n\n\n<p>Para m\u00e1s informaci\u00f3n de las entradas, pueden contactar con la Asociaci\u00f3n C\u00edvica Palmare\u00f1a. El tel\u00e9fono de la ACP es 2453-1414.<\/p>\n\n\n\n<h2 class=\"wp-block-heading\">A d\u00f3nde ver los toros de Palmares por televisi\u00f3n<\/h2>\n\n\n\n<p>Los toros de Palmares no tienen tanta retransmisi\u00f3n en tele como los de Zapote.  Teletica es normalmente el que tiene transmisi\u00f3n de algunas corridas de toros, y tambi\u00e9n a veces los retransmite Canal 33 XperTV. Pero para el 2019, no han anunciado transmisi\u00f3n de los toros de Palmares. Apenas haya m\u00e1s informaci\u00f3n, la ponemos por ac\u00e1.<\/p>\n\n\n\n<h2 class=\"wp-block-heading\">A donde ver los toros de Palmares por internet<\/h2>\n\n\n\n<p>Si quieren ver los <strong>toros de Palmares por internet<\/strong>, ah\u00ed si est\u00e1n feo. Como los toros de Palmares no son tan populares como los toros de Zapote, normalmente no hay tanto recurso dedicado a las transmisiones. Y generalmente nadie hace transmisi\u00f3n de los toros de Palmares por Internet. Lo m\u00e1s que hay son los videos de Youtube que sube la gente, que aparecen algunas horas despu\u00e9s de las corridas.<\/p>\n\n\n\n<p>Pueden tambi\u00e9n buscar en twitter los hash #PalmaresCR y #Palmares, a veces aparece algo por ah\u00ed de los toros.<\/p>\n\n\n\n<div class=\"wp-block-image\"><figure class=\"aligncenter\"><img decoding=\"async\" width=\"500\" height=\"193\" data-src=\"https:\/\/dondevamos.xyz\/fiestas-palmares\/wp-content\/uploads\/sites\/2\/2017\/01\/76890803.jpg\" alt=\"entradas corridas de toros de palmares\" class=\"wp-image-231 lazyload\" data-srcset=\"https:\/\/dondevamos.xyz\/fiestas-palmares\/wp-content\/uploads\/sites\/2\/2017\/01\/76890803.jpg 500w, https:\/\/dondevamos.xyz\/fiestas-palmares\/wp-content\/uploads\/sites\/2\/2017\/01\/76890803-300x116.jpg 300w\" data-sizes=\"(max-width: 500px) 100vw, 500px\" src=\"data:image\/svg+xml;base64,PHN2ZyB3aWR0aD0iMSIgaGVpZ2h0PSIxIiB4bWxucz0iaHR0cDovL3d3dy53My5vcmcvMjAwMC9zdmciPjwvc3ZnPg==\" style=\"--smush-placeholder-width: 500px; --smush-placeholder-aspect-ratio: 500\/193;\" \/><\/figure><\/div>\n<!-- AddThis Advanced Settings generic via filter on the_content --><!-- AddThis Share Buttons generic via filter on the_content -->","protected":false},"excerpt":{"rendered":"<p>Las corridas de toros de Palmares no son tan famosas como las de Zapote, pero a\u00fan as\u00ed hay much\u00edsima gente que las disfruta todos los a\u00f1os. La ventaja en Palmares es que las corridas de toros son mucho m\u00e1s ordenadas, el redondel m\u00e1s peque\u00f1o y no es tanto molote como en los Toros a la\u2026 <span class=\"read-more\"><a href=\"https:\/\/dondevamos.xyz\/fiestas-palmares\/corridas-toros-palmares\/\">Leer m\u00e1s &raquo;<\/a><\/span><!-- AddThis Advanced Settings generic via filter on get_the_excerpt --><!-- AddThis Share Buttons generic via filter on get_the_excerpt --><\/p>\n","protected":false},"author":2,"featured_media":558,"parent":0,"menu_order":0,"comment_status":"closed","ping_status":"closed","template":"","meta":{"footnotes":""},"class_list":["post-528","page","type-page","status-publish","has-post-thumbnail","hentry"],"yoast_head":"<!-- This site is optimized with the Yoast SEO plugin v27.4 - https:\/\/yoast.com\/product\/yoast-seo-wordpress\/ -->\n<title>Corridas de toros de Palmares - Fiestas de Palmares Fans Club<\/title>\n<meta name=\"description\" content=\"Informaci\u00f3n acerca de las corridas de toros de las Fiestas de Palmares: fechas, horarios y precios para entrar al redondel!\" \/>\n<meta name=\"robots\" content=\"index, follow, max-snippet:-1, max-image-preview:large, max-video-preview:-1\" \/>\n<link rel=\"canonical\" href=\"https:\/\/dondevamos.xyz\/fiestas-palmares\/corridas-toros-palmares\/\" \/>\n<meta property=\"og:locale\" content=\"es_ES\" \/>\n<meta property=\"og:type\" content=\"article\" \/>\n<meta property=\"og:title\" content=\"Corridas de toros de Palmares - Fiestas de Palmares Fans Club\" \/>\n<meta property=\"og:description\" content=\"Informaci\u00f3n acerca de las corridas de toros de las Fiestas de Palmares: fechas, horarios y precios para entrar al redondel!\" \/>\n<meta property=\"og:url\" content=\"https:\/\/dondevamos.xyz\/fiestas-palmares\/corridas-toros-palmares\/\" \/>\n<meta property=\"og:site_name\" content=\"Fiestas de Palmares Fans Club\" \/>\n<meta property=\"article:publisher\" content=\"https:\/\/www.facebook.com\/palmaresfansclub\" \/>\n<meta property=\"article:modified_time\" content=\"2018-12-29T15:01:28+00:00\" \/>\n<meta property=\"og:image\" content=\"https:\/\/dondevamos.xyz\/fiestas-palmares\/wp-content\/uploads\/sites\/2\/2018\/12\/stampede-52940_640.jpg\" \/>\n\t<meta property=\"og:image:width\" content=\"640\" \/>\n\t<meta property=\"og:image:height\" content=\"480\" \/>\n\t<meta property=\"og:image:type\" content=\"image\/jpeg\" \/>\n<meta name=\"twitter:card\" content=\"summary_large_image\" \/>\n<meta name=\"twitter:site\" content=\"@palmaresfc\" \/>\n<meta name=\"twitter:label1\" content=\"Tiempo de lectura\" \/>\n\t<meta name=\"twitter:data1\" content=\"3 minutos\" \/>\n<script type=\"application\/ld+json\" class=\"yoast-schema-graph\">{\"@context\":\"https:\\\/\\\/schema.org\",\"@graph\":[{\"@type\":\"WebPage\",\"@id\":\"https:\\\/\\\/dondevamos.xyz\\\/fiestas-palmares\\\/corridas-toros-palmares\\\/\",\"url\":\"https:\\\/\\\/dondevamos.xyz\\\/fiestas-palmares\\\/corridas-toros-palmares\\\/\",\"name\":\"Corridas de toros de Palmares - Fiestas de Palmares Fans Club\",\"isPartOf\":{\"@id\":\"https:\\\/\\\/dondevamos.xyz\\\/fiestas-palmares\\\/#website\"},\"primaryImageOfPage\":{\"@id\":\"https:\\\/\\\/dondevamos.xyz\\\/fiestas-palmares\\\/corridas-toros-palmares\\\/#primaryimage\"},\"image\":{\"@id\":\"https:\\\/\\\/dondevamos.xyz\\\/fiestas-palmares\\\/corridas-toros-palmares\\\/#primaryimage\"},\"thumbnailUrl\":\"https:\\\/\\\/dondevamos.xyz\\\/fiestas-palmares\\\/wp-content\\\/uploads\\\/sites\\\/2\\\/2018\\\/12\\\/stampede-52940_640.jpg\",\"datePublished\":\"2018-12-27T16:22:42+00:00\",\"dateModified\":\"2018-12-29T15:01:28+00:00\",\"description\":\"Informaci\u00f3n acerca de las corridas de toros de las Fiestas de Palmares: fechas, horarios y precios para entrar al redondel!\",\"inLanguage\":\"es\",\"potentialAction\":[{\"@type\":\"ReadAction\",\"target\":[\"https:\\\/\\\/dondevamos.xyz\\\/fiestas-palmares\\\/corridas-toros-palmares\\\/\"]}]},{\"@type\":\"ImageObject\",\"inLanguage\":\"es\",\"@id\":\"https:\\\/\\\/dondevamos.xyz\\\/fiestas-palmares\\\/corridas-toros-palmares\\\/#primaryimage\",\"url\":\"https:\\\/\\\/dondevamos.xyz\\\/fiestas-palmares\\\/wp-content\\\/uploads\\\/sites\\\/2\\\/2018\\\/12\\\/stampede-52940_640.jpg\",\"contentUrl\":\"https:\\\/\\\/dondevamos.xyz\\\/fiestas-palmares\\\/wp-content\\\/uploads\\\/sites\\\/2\\\/2018\\\/12\\\/stampede-52940_640.jpg\",\"width\":640,\"height\":480,\"caption\":\"corridas de toros palmares\"},{\"@type\":\"WebSite\",\"@id\":\"https:\\\/\\\/dondevamos.xyz\\\/fiestas-palmares\\\/#website\",\"url\":\"https:\\\/\\\/dondevamos.xyz\\\/fiestas-palmares\\\/\",\"name\":\"Fiestas de Palmares Fans Club\",\"description\":\"Sitio no oficial de los fiesteros de Palmares\",\"potentialAction\":[{\"@type\":\"SearchAction\",\"target\":{\"@type\":\"EntryPoint\",\"urlTemplate\":\"https:\\\/\\\/dondevamos.xyz\\\/fiestas-palmares\\\/?s={search_term_string}\"},\"query-input\":{\"@type\":\"PropertyValueSpecification\",\"valueRequired\":true,\"valueName\":\"search_term_string\"}}],\"inLanguage\":\"es\"}]}<\/script>\n<!-- \/ Yoast SEO plugin. -->","yoast_head_json":{"title":"Corridas de toros de Palmares - Fiestas de Palmares Fans Club","description":"Informaci\u00f3n acerca de las corridas de toros de las Fiestas de Palmares: fechas, horarios y precios para entrar al redondel!","robots":{"index":"index","follow":"follow","max-snippet":"max-snippet:-1","max-image-preview":"max-image-preview:large","max-video-preview":"max-video-preview:-1"},"canonical":"https:\/\/dondevamos.xyz\/fiestas-palmares\/corridas-toros-palmares\/","og_locale":"es_ES","og_type":"article","og_title":"Corridas de toros de Palmares - Fiestas de Palmares Fans Club","og_description":"Informaci\u00f3n acerca de las corridas de toros de las Fiestas de Palmares: fechas, horarios y precios para entrar al redondel!","og_url":"https:\/\/dondevamos.xyz\/fiestas-palmares\/corridas-toros-palmares\/","og_site_name":"Fiestas de Palmares Fans Club","article_publisher":"https:\/\/www.facebook.com\/palmaresfansclub","article_modified_time":"2018-12-29T15:01:28+00:00","og_image":[{"width":640,"height":480,"url":"https:\/\/dondevamos.xyz\/fiestas-palmares\/wp-content\/uploads\/sites\/2\/2018\/12\/stampede-52940_640.jpg","type":"image\/jpeg"}],"twitter_card":"summary_large_image","twitter_site":"@palmaresfc","twitter_misc":{"Tiempo de lectura":"3 minutos"},"schema":{"@context":"https:\/\/schema.org","@graph":[{"@type":"WebPage","@id":"https:\/\/dondevamos.xyz\/fiestas-palmares\/corridas-toros-palmares\/","url":"https:\/\/dondevamos.xyz\/fiestas-palmares\/corridas-toros-palmares\/","name":"Corridas de toros de Palmares - Fiestas de Palmares Fans Club","isPartOf":{"@id":"https:\/\/dondevamos.xyz\/fiestas-palmares\/#website"},"primaryImageOfPage":{"@id":"https:\/\/dondevamos.xyz\/fiestas-palmares\/corridas-toros-palmares\/#primaryimage"},"image":{"@id":"https:\/\/dondevamos.xyz\/fiestas-palmares\/corridas-toros-palmares\/#primaryimage"},"thumbnailUrl":"https:\/\/dondevamos.xyz\/fiestas-palmares\/wp-content\/uploads\/sites\/2\/2018\/12\/stampede-52940_640.jpg","datePublished":"2018-12-27T16:22:42+00:00","dateModified":"2018-12-29T15:01:28+00:00","description":"Informaci\u00f3n acerca de las corridas de toros de las Fiestas de Palmares: fechas, horarios y precios para entrar al redondel!","inLanguage":"es","potentialAction":[{"@type":"ReadAction","target":["https:\/\/dondevamos.xyz\/fiestas-palmares\/corridas-toros-palmares\/"]}]},{"@type":"ImageObject","inLanguage":"es","@id":"https:\/\/dondevamos.xyz\/fiestas-palmares\/corridas-toros-palmares\/#primaryimage","url":"https:\/\/dondevamos.xyz\/fiestas-palmares\/wp-content\/uploads\/sites\/2\/2018\/12\/stampede-52940_640.jpg","contentUrl":"https:\/\/dondevamos.xyz\/fiestas-palmares\/wp-content\/uploads\/sites\/2\/2018\/12\/stampede-52940_640.jpg","width":640,"height":480,"caption":"corridas de toros palmares"},{"@type":"WebSite","@id":"https:\/\/dondevamos.xyz\/fiestas-palmares\/#website","url":"https:\/\/dondevamos.xyz\/fiestas-palmares\/","name":"Fiestas de Palmares Fans Club","description":"Sitio no oficial de los fiesteros de Palmares","potentialAction":[{"@type":"SearchAction","target":{"@type":"EntryPoint","urlTemplate":"https:\/\/dondevamos.xyz\/fiestas-palmares\/?s={search_term_string}"},"query-input":{"@type":"PropertyValueSpecification","valueRequired":true,"valueName":"search_term_string"}}],"inLanguage":"es"}]}},"_links":{"self":[{"href":"https:\/\/dondevamos.xyz\/fiestas-palmares\/wp-json\/wp\/v2\/pages\/528","targetHints":{"allow":["GET"]}}],"collection":[{"href":"https:\/\/dondevamos.xyz\/fiestas-palmares\/wp-json\/wp\/v2\/pages"}],"about":[{"href":"https:\/\/dondevamos.xyz\/fiestas-palmares\/wp-json\/wp\/v2\/types\/page"}],"author":[{"embeddable":true,"href":"https:\/\/dondevamos.xyz\/fiestas-palmares\/wp-json\/wp\/v2\/users\/2"}],"replies":[{"embeddable":true,"href":"https:\/\/dondevamos.xyz\/fiestas-palmares\/wp-json\/wp\/v2\/comments?post=528"}],"version-history":[{"count":2,"href":"https:\/\/dondevamos.xyz\/fiestas-palmares\/wp-json\/wp\/v2\/pages\/528\/revisions"}],"predecessor-version":[{"id":675,"href":"https:\/\/dondevamos.xyz\/fiestas-palmares\/wp-json\/wp\/v2\/pages\/528\/revisions\/675"}],"wp:featuredmedia":[{"embeddable":true,"href":"https:\/\/dondevamos.xyz\/fiestas-palmares\/wp-json\/wp\/v2\/media\/558"}],"wp:attachment":[{"href":"https:\/\/dondevamos.xyz\/fiestas-palmares\/wp-json\/wp\/v2\/media?parent=528"}],"curies":[{"name":"wp","href":"https:\/\/api.w.org\/{rel}","templated":true}]}}