{"id":94,"date":"2024-01-28T22:28:16","date_gmt":"2024-01-29T04:28:16","guid":{"rendered":"https:\/\/dondevamos.xyz\/festival-picnic\/?page_id=94"},"modified":"2024-02-12T13:33:11","modified_gmt":"2024-02-12T19:33:11","slug":"conciertos","status":"publish","type":"page","link":"https:\/\/dondevamos.xyz\/festival-picnic\/conciertos\/","title":{"rendered":"Conciertos festival Picnic 2024"},"content":{"rendered":"\n<h2 class=\"wp-block-heading has-large-font-size\">Los conciertos del Picnic 2024<\/h2>\n\n\n\n<figure class=\"wp-block-image aligncenter size-full is-resized\"><img decoding=\"async\" width=\"1024\" height=\"1024\" data-src=\"https:\/\/dondevamos.xyz\/festival-picnic\/wp-content\/uploads\/sites\/9\/2024\/01\/conciertos-picnic-2024.jpeg\" alt=\"conciertos picnic 2024\" class=\"wp-image-108 lazyload\" style=\"--smush-placeholder-width: 1024px; --smush-placeholder-aspect-ratio: 1024\/1024;width:600px\" data-srcset=\"https:\/\/dondevamos.xyz\/festival-picnic\/wp-content\/uploads\/sites\/9\/2024\/01\/conciertos-picnic-2024.jpeg 1024w, https:\/\/dondevamos.xyz\/festival-picnic\/wp-content\/uploads\/sites\/9\/2024\/01\/conciertos-picnic-2024-300x300.jpeg 300w, https:\/\/dondevamos.xyz\/festival-picnic\/wp-content\/uploads\/sites\/9\/2024\/01\/conciertos-picnic-2024-150x150.jpeg 150w, https:\/\/dondevamos.xyz\/festival-picnic\/wp-content\/uploads\/sites\/9\/2024\/01\/conciertos-picnic-2024-768x768.jpeg 768w\" data-sizes=\"(max-width: 1024px) 100vw, 1024px\" src=\"data:image\/svg+xml;base64,PHN2ZyB3aWR0aD0iMSIgaGVpZ2h0PSIxIiB4bWxucz0iaHR0cDovL3d3dy53My5vcmcvMjAwMC9zdmciPjwvc3ZnPg==\" \/><\/figure>\n\n\n\n<p>\u00bfEst\u00e1s listo para vivir la experiencia musical de tu vida? Entonces, no te puedes perder los <strong>conciertos del Festival Picnic Centroam\u00e9rica 2024<\/strong>.<\/p>\n\n\n\n<p>Este a\u00f1o, el festival contar\u00e1 con una programaci\u00f3n espectacular, que incluye algunos de los artistas m\u00e1s importantes de la m\u00fasica latina y m\u00fasica electr\u00f3nica a nivel mundial. Entre los artistas que van a estar en el Picnic 2024 se encuentran:<\/p>\n\n\n<ul class=\"wp-block-page-list has-medium-font-size\"><li class=\"wp-block-pages-list__item\"><a class=\"wp-block-pages-list__item__link\" href=\"https:\/\/dondevamos.xyz\/festival-picnic\/conciertos\/bizarrap\/\">Bizarrap en Costa Rica 2024<\/a><\/li><li class=\"wp-block-pages-list__item\"><a class=\"wp-block-pages-list__item__link\" href=\"https:\/\/dondevamos.xyz\/festival-picnic\/conciertos\/david-bisbal\/\">Concierto David Bisbal en Costa Rica (Cancelado)<\/a><\/li><li class=\"wp-block-pages-list__item\"><a class=\"wp-block-pages-list__item__link\" href=\"https:\/\/dondevamos.xyz\/festival-picnic\/conciertos\/alan-walker\/\">Concierto de Alan Walker en Costa Rica<\/a><\/li><li class=\"wp-block-pages-list__item\"><a class=\"wp-block-pages-list__item__link\" href=\"https:\/\/dondevamos.xyz\/festival-picnic\/conciertos\/alejandro-fernandez\/\">Concierto de Alejandro Fern\u00e1ndez, Costa Rica 2024<\/a><\/li><li class=\"wp-block-pages-list__item\"><a class=\"wp-block-pages-list__item__link\" href=\"https:\/\/dondevamos.xyz\/festival-picnic\/conciertos\/los-cafres\/\">Concierto de Los Cafres Costa Rica<\/a><\/li><li class=\"wp-block-pages-list__item\"><a class=\"wp-block-pages-list__item__link\" href=\"https:\/\/dondevamos.xyz\/festival-picnic\/conciertos\/nicki-nicole\/\">Concierto de Nicki Nicole en Costa Rica<\/a><\/li><li class=\"wp-block-pages-list__item\"><a class=\"wp-block-pages-list__item__link\" href=\"https:\/\/dondevamos.xyz\/festival-picnic\/conciertos\/residente\/\">Concierto de Residente en Costa Rica 2024<\/a><\/li><li class=\"wp-block-pages-list__item\"><a class=\"wp-block-pages-list__item__link\" href=\"https:\/\/dondevamos.xyz\/festival-picnic\/conciertos\/shaggy\/\">Concierto de Shaggy en Costa Rica 2024<\/a><\/li><li class=\"wp-block-pages-list__item\"><a class=\"wp-block-pages-list__item__link\" href=\"https:\/\/dondevamos.xyz\/festival-picnic\/conciertos\/wiz-khalifa\/\">Concierto de Wiz Khalifa en Costa Rica<\/a><\/li><li class=\"wp-block-pages-list__item\"><a class=\"wp-block-pages-list__item__link\" href=\"https:\/\/dondevamos.xyz\/festival-picnic\/conciertos\/the-offspring\/\">Concierto Offspring en Costa Rica<\/a><\/li><li class=\"wp-block-pages-list__item\"><a class=\"wp-block-pages-list__item__link\" href=\"https:\/\/dondevamos.xyz\/festival-picnic\/conciertos\/greeicy\/\">Greeicy en Costa Rica, Festival Picnic<\/a><\/li><li class=\"wp-block-pages-list__item\"><a class=\"wp-block-pages-list__item__link\" href=\"https:\/\/dondevamos.xyz\/festival-picnic\/conciertos\/j-balvin\/\">J Balvin en Costa Rica 2024<\/a><\/li><li class=\"wp-block-pages-list__item\"><a class=\"wp-block-pages-list__item__link\" href=\"https:\/\/dondevamos.xyz\/festival-picnic\/conciertos\/julieta-venegas\/\">Julieta Venegas en Costa Rica<\/a><\/li><li class=\"wp-block-pages-list__item\"><a class=\"wp-block-pages-list__item__link\" href=\"https:\/\/dondevamos.xyz\/festival-picnic\/conciertos\/manuel-turizo\/\">Manuel Turizo en Costa Rica 2024<\/a><\/li><li class=\"wp-block-pages-list__item\"><a class=\"wp-block-pages-list__item__link\" href=\"https:\/\/dondevamos.xyz\/festival-picnic\/conciertos\/nicky-romero\/\">Nicky Romero en Costa Rica 2024<\/a><\/li><li class=\"wp-block-pages-list__item\"><a class=\"wp-block-pages-list__item__link\" href=\"https:\/\/dondevamos.xyz\/festival-picnic\/conciertos\/paul-van-dyk\/\">Paul van Dyk en Costa Rica 2024<\/a><\/li><\/ul>\n\n\n<figure class=\"wp-block-gallery has-nested-images columns-default is-cropped wp-block-gallery-1 is-layout-flex wp-block-gallery-is-layout-flex\"><\/figure>\n\n\n\n<p>Adem\u00e1s de  artistas internacionales, el festival tambi\u00e9n contar\u00e1 con una amplia variedad de artistas locales, que har\u00e1n que la fiesta sea a\u00fan m\u00e1s inigualable.<\/p>\n\n\n\n<p>Los conciertos del Festival Picnic Centroam\u00e9rica son una experiencia \u00fanica que no te puedes perder. Prep\u00e1rate para bailar hasta el amanecer, cantar a todo pulm\u00f3n y disfrutar de la mejor m\u00fasica latina.<\/p>\n\n\n\n<h2 class=\"wp-block-heading\">Entradas para conciertos del Picnic 2024<\/h2>\n\n\n\n<div class=\"wp-block-buttons is-content-justification-center is-layout-flex wp-container-core-buttons-is-layout-a89b3969 wp-block-buttons-is-layout-flex\">\n<div class=\"wp-block-button\"><a class=\"wp-block-button__link has-contrast-color has-text-color has-background has-link-color has-border-color has-contrast-border-color wp-element-button\" href=\"https:\/\/www.eticket.cr\/eventos.aspx?idartista=1112\" style=\"border-width:1px;background-color:#f9ff00\" target=\"_blank\" rel=\"noreferrer noopener nofollow\"><strong>Comprar entradas<\/strong><\/a><\/div>\n<\/div>\n\n\n\n<p>Las entradas para el Picnic 2024 se est\u00e1n vendiendo en Eticket. Solamente hay venta por internet, no hay tiendas donde se puedan comprar.<\/p>\n\n\n\n<h2 class=\"wp-block-heading\">Fechas de conciertos Picnic 2024<\/h2>\n\n\n\n<p>El festival Picnic 2024 es el 10 y 17 de febrero del 2024. En estas dos fechas se van a estar presentando los artistas. Los lineup por fecha son:<\/p>\n\n\n\n<p><strong>S\u00e1bado 10 de febrero:<\/strong> Residente, Arcangel, Wiz Khalifa, Bizarrap, Manuel Turizo, Shaggy, Nicki Nicole, Julieta Venegas, Tokischa,  Latin Mafia, Steel Pulse, Protoje, Dei V, \u00c1lvaro D\u00edaz, Los Cafres, Nonpalidece, Gale, Khriztian GC, Deeikel, Mekatelyu, Shantty, Rising Sound, Diego C, Bombocat, Sonia Sol, AZN-L, Soultwo, Bloke, Ojo de Buey, Malas Costumbres, Vero Luna, El Guato.<\/p>\n\n\n\n<p><strong>S\u00e1bado 17 de febrero:<\/strong> J Balvin, Alejandro Fern\u00e1ndez, Alan Walker, Myke Towers, Aut\u00e9nticos Decadentes, Nicky Romero, <s>David Bisbal<\/s>, Aterciopelados, Rels B, Paul van Dyk, Los Pericos, Le\u00f3n Larregui, Rawayana, Alexis &amp; Fido, Timo, Soley, Saint Cecilia, Jurgen Dorsam, Inbetwin, Entrel\u00edneas, Gimario, Disto, Ale O, Jessi G, Ale Mora, Kadeho, Maxx, Capmany, Juanpa, Dani G\u00f3mez.<\/p>\n\n\n\n<p><a href=\"https:\/\/dondevamos.xyz\/festival-picnic\/2024\/02\/09\/david-bisbal-cancelado\/\">David Bisbal ya no va a estar en Picnic<\/a>, seg\u00fan anunciaron el 9 de febrero.<\/p>\n<!-- AddThis Advanced Settings generic via filter on the_content --><!-- AddThis Share Buttons generic via filter on the_content -->","protected":false},"excerpt":{"rendered":"<p>Los conciertos del Picnic 2024 \u00bfEst\u00e1s listo para vivir la experiencia musical de tu vida? Entonces, no te puedes perder los conciertos del Festival Picnic Centroam\u00e9rica 2024. Este a\u00f1o, el festival contar\u00e1 con una programaci\u00f3n espectacular, que incluye algunos de los artistas m\u00e1s importantes de la m\u00fasica latina y m\u00fasica electr\u00f3nica a nivel mundial. Entre [&hellip;]<!-- AddThis Advanced Settings generic via filter on get_the_excerpt --><!-- AddThis Share Buttons generic via filter on get_the_excerpt --><\/p>\n","protected":false},"author":2,"featured_media":108,"parent":0,"menu_order":0,"comment_status":"closed","ping_status":"closed","template":"","meta":{"footnotes":""},"class_list":["post-94","page","type-page","status-publish","has-post-thumbnail","hentry"],"yoast_head":"<!-- This site is optimized with the Yoast SEO plugin v27.4 - https:\/\/yoast.com\/product\/yoast-seo-wordpress\/ -->\n<title>Conciertos festival Picnic 2024 - Festival Picnic 2024<\/title>\n<meta name=\"description\" content=\"La edici\u00f3n 2024 del Festival Picnic ser\u00e1 lo mejor de los eventos musicales este a\u00f1o, con un lineup impresionante de conciertos .\" \/>\n<meta name=\"robots\" content=\"noindex, follow\" \/>\n<meta property=\"og:locale\" content=\"es_ES\" \/>\n<meta property=\"og:type\" content=\"article\" \/>\n<meta property=\"og:title\" content=\"Conciertos festival Picnic 2024 - Festival Picnic 2024\" \/>\n<meta property=\"og:description\" content=\"La edici\u00f3n 2024 del Festival Picnic ser\u00e1 lo mejor de los eventos musicales este a\u00f1o, con un lineup impresionante de conciertos .\" \/>\n<meta property=\"og:url\" content=\"https:\/\/dondevamos.xyz\/festival-picnic\/conciertos\/\" \/>\n<meta property=\"og:site_name\" content=\"Festival Picnic 2024\" \/>\n<meta property=\"article:modified_time\" content=\"2024-02-12T19:33:11+00:00\" \/>\n<meta property=\"og:image\" content=\"https:\/\/dondevamos.xyz\/festival-picnic\/wp-content\/uploads\/sites\/9\/2024\/01\/conciertos-picnic-2024.jpeg\" \/>\n\t<meta property=\"og:image:width\" content=\"1024\" \/>\n\t<meta property=\"og:image:height\" content=\"1024\" \/>\n\t<meta property=\"og:image:type\" content=\"image\/jpeg\" \/>\n<meta name=\"twitter:card\" content=\"summary_large_image\" \/>\n<meta name=\"twitter:label1\" content=\"Tiempo de lectura\" \/>\n\t<meta name=\"twitter:data1\" content=\"2 minutos\" \/>\n<script type=\"application\/ld+json\" class=\"yoast-schema-graph\">{\"@context\":\"https:\\\/\\\/schema.org\",\"@graph\":[{\"@type\":\"WebPage\",\"@id\":\"https:\\\/\\\/dondevamos.xyz\\\/festival-picnic\\\/conciertos\\\/\",\"url\":\"https:\\\/\\\/dondevamos.xyz\\\/festival-picnic\\\/conciertos\\\/\",\"name\":\"Conciertos festival Picnic 2024 - Festival Picnic 2024\",\"isPartOf\":{\"@id\":\"https:\\\/\\\/dondevamos.xyz\\\/festival-picnic\\\/#website\"},\"primaryImageOfPage\":{\"@id\":\"https:\\\/\\\/dondevamos.xyz\\\/festival-picnic\\\/conciertos\\\/#primaryimage\"},\"image\":{\"@id\":\"https:\\\/\\\/dondevamos.xyz\\\/festival-picnic\\\/conciertos\\\/#primaryimage\"},\"thumbnailUrl\":\"https:\\\/\\\/dondevamos.xyz\\\/festival-picnic\\\/wp-content\\\/uploads\\\/sites\\\/9\\\/2024\\\/01\\\/conciertos-picnic-2024.jpeg\",\"datePublished\":\"2024-01-29T04:28:16+00:00\",\"dateModified\":\"2024-02-12T19:33:11+00:00\",\"description\":\"La edici\u00f3n 2024 del Festival Picnic ser\u00e1 lo mejor de los eventos musicales este a\u00f1o, con un lineup impresionante de conciertos .\",\"breadcrumb\":{\"@id\":\"https:\\\/\\\/dondevamos.xyz\\\/festival-picnic\\\/conciertos\\\/#breadcrumb\"},\"inLanguage\":\"es\",\"potentialAction\":[{\"@type\":\"ReadAction\",\"target\":[\"https:\\\/\\\/dondevamos.xyz\\\/festival-picnic\\\/conciertos\\\/\"]}]},{\"@type\":\"ImageObject\",\"inLanguage\":\"es\",\"@id\":\"https:\\\/\\\/dondevamos.xyz\\\/festival-picnic\\\/conciertos\\\/#primaryimage\",\"url\":\"https:\\\/\\\/dondevamos.xyz\\\/festival-picnic\\\/wp-content\\\/uploads\\\/sites\\\/9\\\/2024\\\/01\\\/conciertos-picnic-2024.jpeg\",\"contentUrl\":\"https:\\\/\\\/dondevamos.xyz\\\/festival-picnic\\\/wp-content\\\/uploads\\\/sites\\\/9\\\/2024\\\/01\\\/conciertos-picnic-2024.jpeg\",\"width\":1024,\"height\":1024,\"caption\":\"conciertos picnic 2024\"},{\"@type\":\"BreadcrumbList\",\"@id\":\"https:\\\/\\\/dondevamos.xyz\\\/festival-picnic\\\/conciertos\\\/#breadcrumb\",\"itemListElement\":[{\"@type\":\"ListItem\",\"position\":1,\"name\":\"Portada\",\"item\":\"https:\\\/\\\/dondevamos.xyz\\\/festival-picnic\\\/\"},{\"@type\":\"ListItem\",\"position\":2,\"name\":\"Conciertos festival Picnic 2024\"}]},{\"@type\":\"WebSite\",\"@id\":\"https:\\\/\\\/dondevamos.xyz\\\/festival-picnic\\\/#website\",\"url\":\"https:\\\/\\\/dondevamos.xyz\\\/festival-picnic\\\/\",\"name\":\"Festival Picnic 2024\",\"description\":\"Informaci\u00f3n del festival Picnic 2024\",\"publisher\":{\"@id\":\"https:\\\/\\\/dondevamos.xyz\\\/festival-picnic\\\/#organization\"},\"potentialAction\":[{\"@type\":\"SearchAction\",\"target\":{\"@type\":\"EntryPoint\",\"urlTemplate\":\"https:\\\/\\\/dondevamos.xyz\\\/festival-picnic\\\/?s={search_term_string}\"},\"query-input\":{\"@type\":\"PropertyValueSpecification\",\"valueRequired\":true,\"valueName\":\"search_term_string\"}}],\"inLanguage\":\"es\"},{\"@type\":\"Organization\",\"@id\":\"https:\\\/\\\/dondevamos.xyz\\\/festival-picnic\\\/#organization\",\"name\":\"Dondevamos XYZ\",\"alternateName\":\"Donde Vamos: Festival Picnic\",\"url\":\"https:\\\/\\\/dondevamos.xyz\\\/festival-picnic\\\/\",\"logo\":{\"@type\":\"ImageObject\",\"inLanguage\":\"es\",\"@id\":\"https:\\\/\\\/dondevamos.xyz\\\/festival-picnic\\\/#\\\/schema\\\/logo\\\/image\\\/\",\"url\":\"https:\\\/\\\/dondevamos.xyz\\\/festival-picnic\\\/wp-content\\\/uploads\\\/sites\\\/9\\\/2024\\\/01\\\/dondevamos.jpeg\",\"contentUrl\":\"https:\\\/\\\/dondevamos.xyz\\\/festival-picnic\\\/wp-content\\\/uploads\\\/sites\\\/9\\\/2024\\\/01\\\/dondevamos.jpeg\",\"width\":200,\"height\":200,\"caption\":\"Dondevamos XYZ\"},\"image\":{\"@id\":\"https:\\\/\\\/dondevamos.xyz\\\/festival-picnic\\\/#\\\/schema\\\/logo\\\/image\\\/\"}}]}<\/script>\n<!-- \/ Yoast SEO plugin. -->","yoast_head_json":{"title":"Conciertos festival Picnic 2024 - Festival Picnic 2024","description":"La edici\u00f3n 2024 del Festival Picnic ser\u00e1 lo mejor de los eventos musicales este a\u00f1o, con un lineup impresionante de conciertos .","robots":{"index":"noindex","follow":"follow"},"og_locale":"es_ES","og_type":"article","og_title":"Conciertos festival Picnic 2024 - Festival Picnic 2024","og_description":"La edici\u00f3n 2024 del Festival Picnic ser\u00e1 lo mejor de los eventos musicales este a\u00f1o, con un lineup impresionante de conciertos .","og_url":"https:\/\/dondevamos.xyz\/festival-picnic\/conciertos\/","og_site_name":"Festival Picnic 2024","article_modified_time":"2024-02-12T19:33:11+00:00","og_image":[{"width":1024,"height":1024,"url":"https:\/\/dondevamos.xyz\/festival-picnic\/wp-content\/uploads\/sites\/9\/2024\/01\/conciertos-picnic-2024.jpeg","type":"image\/jpeg"}],"twitter_card":"summary_large_image","twitter_misc":{"Tiempo de lectura":"2 minutos"},"schema":{"@context":"https:\/\/schema.org","@graph":[{"@type":"WebPage","@id":"https:\/\/dondevamos.xyz\/festival-picnic\/conciertos\/","url":"https:\/\/dondevamos.xyz\/festival-picnic\/conciertos\/","name":"Conciertos festival Picnic 2024 - Festival Picnic 2024","isPartOf":{"@id":"https:\/\/dondevamos.xyz\/festival-picnic\/#website"},"primaryImageOfPage":{"@id":"https:\/\/dondevamos.xyz\/festival-picnic\/conciertos\/#primaryimage"},"image":{"@id":"https:\/\/dondevamos.xyz\/festival-picnic\/conciertos\/#primaryimage"},"thumbnailUrl":"https:\/\/dondevamos.xyz\/festival-picnic\/wp-content\/uploads\/sites\/9\/2024\/01\/conciertos-picnic-2024.jpeg","datePublished":"2024-01-29T04:28:16+00:00","dateModified":"2024-02-12T19:33:11+00:00","description":"La edici\u00f3n 2024 del Festival Picnic ser\u00e1 lo mejor de los eventos musicales este a\u00f1o, con un lineup impresionante de conciertos .","breadcrumb":{"@id":"https:\/\/dondevamos.xyz\/festival-picnic\/conciertos\/#breadcrumb"},"inLanguage":"es","potentialAction":[{"@type":"ReadAction","target":["https:\/\/dondevamos.xyz\/festival-picnic\/conciertos\/"]}]},{"@type":"ImageObject","inLanguage":"es","@id":"https:\/\/dondevamos.xyz\/festival-picnic\/conciertos\/#primaryimage","url":"https:\/\/dondevamos.xyz\/festival-picnic\/wp-content\/uploads\/sites\/9\/2024\/01\/conciertos-picnic-2024.jpeg","contentUrl":"https:\/\/dondevamos.xyz\/festival-picnic\/wp-content\/uploads\/sites\/9\/2024\/01\/conciertos-picnic-2024.jpeg","width":1024,"height":1024,"caption":"conciertos picnic 2024"},{"@type":"BreadcrumbList","@id":"https:\/\/dondevamos.xyz\/festival-picnic\/conciertos\/#breadcrumb","itemListElement":[{"@type":"ListItem","position":1,"name":"Portada","item":"https:\/\/dondevamos.xyz\/festival-picnic\/"},{"@type":"ListItem","position":2,"name":"Conciertos festival Picnic 2024"}]},{"@type":"WebSite","@id":"https:\/\/dondevamos.xyz\/festival-picnic\/#website","url":"https:\/\/dondevamos.xyz\/festival-picnic\/","name":"Festival Picnic 2024","description":"Informaci\u00f3n del festival Picnic 2024","publisher":{"@id":"https:\/\/dondevamos.xyz\/festival-picnic\/#organization"},"potentialAction":[{"@type":"SearchAction","target":{"@type":"EntryPoint","urlTemplate":"https:\/\/dondevamos.xyz\/festival-picnic\/?s={search_term_string}"},"query-input":{"@type":"PropertyValueSpecification","valueRequired":true,"valueName":"search_term_string"}}],"inLanguage":"es"},{"@type":"Organization","@id":"https:\/\/dondevamos.xyz\/festival-picnic\/#organization","name":"Dondevamos XYZ","alternateName":"Donde Vamos: Festival Picnic","url":"https:\/\/dondevamos.xyz\/festival-picnic\/","logo":{"@type":"ImageObject","inLanguage":"es","@id":"https:\/\/dondevamos.xyz\/festival-picnic\/#\/schema\/logo\/image\/","url":"https:\/\/dondevamos.xyz\/festival-picnic\/wp-content\/uploads\/sites\/9\/2024\/01\/dondevamos.jpeg","contentUrl":"https:\/\/dondevamos.xyz\/festival-picnic\/wp-content\/uploads\/sites\/9\/2024\/01\/dondevamos.jpeg","width":200,"height":200,"caption":"Dondevamos XYZ"},"image":{"@id":"https:\/\/dondevamos.xyz\/festival-picnic\/#\/schema\/logo\/image\/"}}]}},"_links":{"self":[{"href":"https:\/\/dondevamos.xyz\/festival-picnic\/wp-json\/wp\/v2\/pages\/94","targetHints":{"allow":["GET"]}}],"collection":[{"href":"https:\/\/dondevamos.xyz\/festival-picnic\/wp-json\/wp\/v2\/pages"}],"about":[{"href":"https:\/\/dondevamos.xyz\/festival-picnic\/wp-json\/wp\/v2\/types\/page"}],"author":[{"embeddable":true,"href":"https:\/\/dondevamos.xyz\/festival-picnic\/wp-json\/wp\/v2\/users\/2"}],"replies":[{"embeddable":true,"href":"https:\/\/dondevamos.xyz\/festival-picnic\/wp-json\/wp\/v2\/comments?post=94"}],"version-history":[{"count":5,"href":"https:\/\/dondevamos.xyz\/festival-picnic\/wp-json\/wp\/v2\/pages\/94\/revisions"}],"predecessor-version":[{"id":366,"href":"https:\/\/dondevamos.xyz\/festival-picnic\/wp-json\/wp\/v2\/pages\/94\/revisions\/366"}],"wp:featuredmedia":[{"embeddable":true,"href":"https:\/\/dondevamos.xyz\/festival-picnic\/wp-json\/wp\/v2\/media\/108"}],"wp:attachment":[{"href":"https:\/\/dondevamos.xyz\/festival-picnic\/wp-json\/wp\/v2\/media?parent=94"}],"curies":[{"name":"wp","href":"https:\/\/api.w.org\/{rel}","templated":true}]}}