{"id":267,"date":"2024-02-02T13:15:34","date_gmt":"2024-02-02T19:15:34","guid":{"rendered":"https:\/\/dondevamos.xyz\/festival-picnic\/?page_id=267"},"modified":"2024-02-01T13:16:02","modified_gmt":"2024-02-01T19:16:02","slug":"nicky-romero","status":"publish","type":"page","link":"https:\/\/dondevamos.xyz\/festival-picnic\/conciertos\/nicky-romero\/","title":{"rendered":"Nicky Romero en Costa Rica 2024"},"content":{"rendered":"\n<p class=\"has-x-large-font-size\"><strong>Artistas del Picnic: Nicky Romero<\/strong><\/p>\n\n\n\n<figure class=\"wp-block-image aligncenter size-full is-resized\"><img decoding=\"async\" width=\"960\" height=\"959\" data-src=\"https:\/\/dondevamos.xyz\/festival-picnic\/wp-content\/uploads\/sites\/9\/2024\/01\/nicky-romero-costa-rica-01.jpg\" alt=\"nicky romero costa rica\" class=\"wp-image-221 lazyload\" style=\"--smush-placeholder-width: 960px; --smush-placeholder-aspect-ratio: 960\/959;width:auto;height:450px\" data-srcset=\"https:\/\/dondevamos.xyz\/festival-picnic\/wp-content\/uploads\/sites\/9\/2024\/01\/nicky-romero-costa-rica-01.jpg 960w, https:\/\/dondevamos.xyz\/festival-picnic\/wp-content\/uploads\/sites\/9\/2024\/01\/nicky-romero-costa-rica-01-300x300.jpg 300w, https:\/\/dondevamos.xyz\/festival-picnic\/wp-content\/uploads\/sites\/9\/2024\/01\/nicky-romero-costa-rica-01-150x150.jpg 150w, https:\/\/dondevamos.xyz\/festival-picnic\/wp-content\/uploads\/sites\/9\/2024\/01\/nicky-romero-costa-rica-01-768x767.jpg 768w\" data-sizes=\"(max-width: 960px) 100vw, 960px\" src=\"data:image\/svg+xml;base64,PHN2ZyB3aWR0aD0iMSIgaGVpZ2h0PSIxIiB4bWxucz0iaHR0cDovL3d3dy53My5vcmcvMjAwMC9zdmciPjwvc3ZnPg==\" \/><figcaption class=\"wp-element-caption\">Foto: <a href=\"https:\/\/www.facebook.com\/djnickyromero\/\" target=\"_blank\" rel=\"noopener\">Facebook Nicky Romero<\/a><\/figcaption><\/figure>\n\n\n\n<figure class=\"wp-block-table has-medium-font-size\"><table class=\"has-base-2-background-color has-background\"><tbody><tr><td><strong>Nombre verdadero<\/strong><\/td><td>Nick Rotteveel<\/td><\/tr><tr><td><strong>Nacionalidad<\/strong><\/td><td>Holand\u00e9s<\/td><\/tr><tr><td><strong>Edad<\/strong><\/td><td>35<\/td><\/tr><tr><td><strong>G\u00e9neros Musicales<\/strong><\/td><td>EDM &#8211; House &#8211; Psytrance<\/td><\/tr><\/tbody><\/table><\/figure>\n\n\n\n<p><br>Nicky Romero, DJ y productor de los Pa\u00edses Bajos, es una figura emblem\u00e1tica en la escena electr\u00f3nica global. Sus \u00e9xitos resonantes como \u00abToulouse\u00bb o su colaboraci\u00f3n con Avicii en \u00abI Could Be the One\u00bb, han convertido a Nicky Romero en parte del soundtrack de las vidas de millones de personas a nivel mundial. Promete ofrecer una experiencia en el Festival Picnic 2024 que cautivar\u00e1 a los amantes de la m\u00fasica electr\u00f3nica. Si buscas sumergirte en un universo sonoro \u00fanico y vibrante, no puedes perderte la actuaci\u00f3n de Nicky Romero.<\/p>\n\n\n\n<p>Se estar\u00e1 presentando en el <a data-type=\"page\" data-id=\"18\" href=\"https:\/\/dondevamos.xyz\/festival-picnic\/\">festival Picnic 2024<\/a>, el 17 de febrero.<\/p>\n\n\n\n<h2 class=\"wp-block-heading\">Playlists de Nicky Romero<\/h2>\n\n\n\n<p>Tanto en Youtube como en Spotify, podemos encontrar playlists con las mejores canciones y conciertos de este artista.<\/p>\n\n\n\n<h2 class=\"wp-block-heading\">La Historia de Nicky Romero<\/h2>\n\n\n\n<p>La historia de Nicky Romero comienza con una pasi\u00f3n temprana por la m\u00fasica electr\u00f3nica. Naci\u00f3 en Amerongen, Pa\u00edses Bajos, y eligi\u00f3 el nombre art\u00edstico \u00abNicky Romero\u00bb para adentrarse en la escena musical. En sus a\u00f1os de escuela, explor\u00f3 el mundo de la percusi\u00f3n y los snares, sentando as\u00ed las bases de su habilidad para crear ritmos envolventes.<\/p>\n\n\n\n<p>Tambi\u00e9n en su carrera se le ha conocido bajo el nombre Monocle.<\/p>\n\n\n\n<p>Uno de los pilares fundamentales en la carrera de Romero ha sido su mentor Fedde le Grand, un reconocido DJ y productor neerland\u00e9s. Fedde Le Grand, lo ha guiado en su desarrollo art\u00edstico y ha contribuido a su ascenso en la industria.<\/p>\n\n\n\n<p>Nicky Romero, como muchos otros DJ productores, es famoso sobre todo por sus singles. En el a\u00f1o 2010, Nicky Romero lanz\u00f3 \u00abMy Friend\u00bb, un track que reson\u00f3 fuertemente en la escena electr\u00f3nica y capt\u00f3 la atenci\u00f3n de grandes nombres como Ti\u00ebsto, Axwell, Fedde Le Grand y Sander van Doorn. La pista se convirti\u00f3 en un hit, consolidando la reputaci\u00f3n de Romero como un talento prometedor. Este hito marc\u00f3 el comienzo de una carrera ascendente que ha dejado una huella perdurable en la m\u00fasica electr\u00f3nica contempor\u00e1nea.<\/p>\n\n\n\n<p>Ha sido residente del club The Light de Las Vegas, y adem\u00e1s ha participado en festivales como Ultra Music Festival, Coachella, Electric Daisy Carnival, Las Vegas, Puerto Rico, Sensation White y Tomorrowland<\/p>\n\n\n\n<h2 class=\"wp-block-heading\">Producci\u00f3n musical<\/h2>\n\n\n\n<p>Nicky Romero adem\u00e1s de sus tracks independientes, ha producido 5 EP:<\/p>\n\n\n\n<ul class=\"wp-block-list\">\n<li>\u00abRedefine\u00bb<\/li>\n\n\n\n<li>\u00abMonocule Vol. 1\u00bb<\/li>\n\n\n\n<li>\u00abNights With You\u00bb<\/li>\n\n\n\n<li>\u00abMonocule Vol. 2\u00bb<\/li>\n\n\n\n<li>\u00abSee You on the Dancefloor\u00bb<\/li>\n<\/ul>\n\n\n\n<figure class=\"wp-block-image aligncenter size-large is-resized\"><img decoding=\"async\" width=\"1024\" height=\"586\" data-src=\"https:\/\/dondevamos.xyz\/festival-picnic\/wp-content\/uploads\/sites\/9\/2024\/01\/nicky-romero-costa-rica-04-1024x586.jpg\" alt=\"nicky romero picnic fest 2024\" class=\"wp-image-220 lazyload\" style=\"--smush-placeholder-width: 1024px; --smush-placeholder-aspect-ratio: 1024\/586;width:350px\" data-srcset=\"https:\/\/dondevamos.xyz\/festival-picnic\/wp-content\/uploads\/sites\/9\/2024\/01\/nicky-romero-costa-rica-04-1024x586.jpg 1024w, https:\/\/dondevamos.xyz\/festival-picnic\/wp-content\/uploads\/sites\/9\/2024\/01\/nicky-romero-costa-rica-04-300x172.jpg 300w, https:\/\/dondevamos.xyz\/festival-picnic\/wp-content\/uploads\/sites\/9\/2024\/01\/nicky-romero-costa-rica-04-768x439.jpg 768w, https:\/\/dondevamos.xyz\/festival-picnic\/wp-content\/uploads\/sites\/9\/2024\/01\/nicky-romero-costa-rica-04-1536x879.jpg 1536w, https:\/\/dondevamos.xyz\/festival-picnic\/wp-content\/uploads\/sites\/9\/2024\/01\/nicky-romero-costa-rica-04.jpg 1888w\" data-sizes=\"(max-width: 1024px) 100vw, 1024px\" src=\"data:image\/svg+xml;base64,PHN2ZyB3aWR0aD0iMSIgaGVpZ2h0PSIxIiB4bWxucz0iaHR0cDovL3d3dy53My5vcmcvMjAwMC9zdmciPjwvc3ZnPg==\" \/><figcaption class=\"wp-element-caption\">Foto: <a href=\"https:\/\/www.facebook.com\/djnickyromero\/\" target=\"_blank\" rel=\"noopener\">Facebook Nicky Romero<\/a><\/figcaption><\/figure>\n\n\n\n<h2 class=\"wp-block-heading\">Colaboraciones con otros artistas<\/h2>\n\n\n\n<p>Nicky Romero ha tejido una red impresionante de colaboraciones a lo largo de su carrera, destacando su capacidad para fusionar estilos y crear \u00e9xitos memorables. Su colaboraci\u00f3n con Krewella en \u00abLegacy\u00bb y la ic\u00f3nica uni\u00f3n con Avicii en \u00abI Could Be the One\u00bb son ejemplos destacados de su habilidad para producir hits a nivel mundial.<\/p>\n\n\n\n<p>\u00abI Could Be the One\u00bb no solo se destac\u00f3 por sonido emblem\u00e1tico, sino que logr\u00f3 desbancar a \u00abHarlem Shake\u00bb de Baauer en el 2012, alcanzando la codiciada posici\u00f3n #1 en el UK Dance Chart. <\/p>\n\n\n\n<p>M\u00e1s recientemente, su producci\u00f3n \u00abWhere Would We Be\u00bb en colaboraci\u00f3n con ROZES demuestra la continua evoluci\u00f3n de su sonido. <\/p>\n\n\n\n<ul class=\"wp-block-list\">\n<li><\/li>\n<\/ul>\n\n\n\n<p>Particip\u00f3 junto a David Guetta en producir la canci\u00f3n \u00abRight Now\u00bb de Rihanna, de su album \u00abUnapologetic\u00bb. Tambi\u00e9n junto con Guetta tuvo lugar en la producci\u00f3n de \u00abBang My Head\u00bb de Sia y \u00abIt Should Be Easy\u00bb de Britney Spears.<\/p>\n\n\n\n<h2 class=\"wp-block-heading\">Premios<\/h2>\n\n\n\n<p>Nicky Romero recibi\u00f3 el reconocimiento \u00abHighest New Entry\u00bb de DJ Mag en 2012, ingresando en la lista en el puesto #17. Un logro de ese tipo solo hab\u00eda sido logrado antes por DJs del nivel de Skrillex y Dash Berlin. <\/p>\n\n\n\n<figure class=\"wp-block-image aligncenter size-full is-resized\"><img decoding=\"async\" width=\"989\" height=\"989\" data-src=\"https:\/\/dondevamos.xyz\/festival-picnic\/wp-content\/uploads\/sites\/9\/2024\/01\/nicky-romero-costa-rica-03.jpg\" alt=\"nicky romero entradas\" class=\"wp-image-219 lazyload\" style=\"--smush-placeholder-width: 989px; --smush-placeholder-aspect-ratio: 989\/989;width:350px\" data-srcset=\"https:\/\/dondevamos.xyz\/festival-picnic\/wp-content\/uploads\/sites\/9\/2024\/01\/nicky-romero-costa-rica-03.jpg 989w, https:\/\/dondevamos.xyz\/festival-picnic\/wp-content\/uploads\/sites\/9\/2024\/01\/nicky-romero-costa-rica-03-300x300.jpg 300w, https:\/\/dondevamos.xyz\/festival-picnic\/wp-content\/uploads\/sites\/9\/2024\/01\/nicky-romero-costa-rica-03-150x150.jpg 150w, https:\/\/dondevamos.xyz\/festival-picnic\/wp-content\/uploads\/sites\/9\/2024\/01\/nicky-romero-costa-rica-03-768x768.jpg 768w\" data-sizes=\"(max-width: 989px) 100vw, 989px\" src=\"data:image\/svg+xml;base64,PHN2ZyB3aWR0aD0iMSIgaGVpZ2h0PSIxIiB4bWxucz0iaHR0cDovL3d3dy53My5vcmcvMjAwMC9zdmciPjwvc3ZnPg==\" \/><figcaption class=\"wp-element-caption\">Foto: <a href=\"https:\/\/www.facebook.com\/djnickyromero\/\" target=\"_blank\" rel=\"noopener\">Facebook Nicky Romero<\/a><\/figcaption><\/figure>\n<!-- AddThis Advanced Settings generic via filter on the_content --><!-- AddThis Share Buttons generic via filter on the_content -->","protected":false},"excerpt":{"rendered":"<p>Artistas del Picnic: Nicky Romero Nombre verdadero Nick Rotteveel Nacionalidad Holand\u00e9s Edad 35 G\u00e9neros Musicales EDM &#8211; House &#8211; Psytrance Nicky Romero, DJ y productor de los Pa\u00edses Bajos, es una figura emblem\u00e1tica en la escena electr\u00f3nica global. Sus \u00e9xitos resonantes como \u00abToulouse\u00bb o su colaboraci\u00f3n con Avicii en \u00abI Could Be the One\u00bb, han [&hellip;]<!-- AddThis Advanced Settings generic via filter on get_the_excerpt --><!-- AddThis Share Buttons generic via filter on get_the_excerpt --><\/p>\n","protected":false},"author":2,"featured_media":222,"parent":94,"menu_order":0,"comment_status":"closed","ping_status":"closed","template":"","meta":{"footnotes":""},"class_list":["post-267","page","type-page","status-publish","has-post-thumbnail","hentry"],"yoast_head":"<!-- This site is optimized with the Yoast SEO plugin v27.4 - https:\/\/yoast.com\/product\/yoast-seo-wordpress\/ -->\n<title>Nicky Romero en Costa Rica 2024 - Festival Picnic 2024<\/title>\n<meta name=\"description\" content=\"Descubre el sonido de Nicky Romero en el Festival Picnic 2024. Sumerge tus sentidos en una experiencia \u00fanica de m\u00fasica electr\u00f3nica.\" \/>\n<meta name=\"robots\" content=\"index, follow, max-snippet:-1, max-image-preview:large, max-video-preview:-1\" \/>\n<link rel=\"canonical\" href=\"https:\/\/dondevamos.xyz\/festival-picnic\/conciertos\/nicky-romero\/\" \/>\n<meta property=\"og:locale\" content=\"es_ES\" \/>\n<meta property=\"og:type\" content=\"article\" \/>\n<meta property=\"og:title\" content=\"Nicky Romero en Costa Rica 2024 - Festival Picnic 2024\" \/>\n<meta property=\"og:description\" content=\"Descubre el sonido de Nicky Romero en el Festival Picnic 2024. Sumerge tus sentidos en una experiencia \u00fanica de m\u00fasica electr\u00f3nica.\" \/>\n<meta property=\"og:url\" content=\"https:\/\/dondevamos.xyz\/festival-picnic\/conciertos\/nicky-romero\/\" \/>\n<meta property=\"og:site_name\" content=\"Festival Picnic 2024\" \/>\n<meta property=\"og:image\" content=\"https:\/\/dondevamos.xyz\/festival-picnic\/wp-content\/uploads\/sites\/9\/2024\/01\/nicky-romero-costa-rica-02.jpg\" \/>\n\t<meta property=\"og:image:width\" content=\"2048\" \/>\n\t<meta property=\"og:image:height\" content=\"1365\" \/>\n\t<meta property=\"og:image:type\" content=\"image\/jpeg\" \/>\n<meta name=\"twitter:card\" content=\"summary_large_image\" \/>\n<meta name=\"twitter:label1\" content=\"Tiempo de lectura\" \/>\n\t<meta name=\"twitter:data1\" content=\"4 minutos\" \/>\n<script type=\"application\/ld+json\" class=\"yoast-schema-graph\">{\"@context\":\"https:\\\/\\\/schema.org\",\"@graph\":[{\"@type\":\"WebPage\",\"@id\":\"https:\\\/\\\/dondevamos.xyz\\\/festival-picnic\\\/conciertos\\\/nicky-romero\\\/\",\"url\":\"https:\\\/\\\/dondevamos.xyz\\\/festival-picnic\\\/conciertos\\\/nicky-romero\\\/\",\"name\":\"Nicky Romero en Costa Rica 2024 - Festival Picnic 2024\",\"isPartOf\":{\"@id\":\"https:\\\/\\\/dondevamos.xyz\\\/festival-picnic\\\/#website\"},\"primaryImageOfPage\":{\"@id\":\"https:\\\/\\\/dondevamos.xyz\\\/festival-picnic\\\/conciertos\\\/nicky-romero\\\/#primaryimage\"},\"image\":{\"@id\":\"https:\\\/\\\/dondevamos.xyz\\\/festival-picnic\\\/conciertos\\\/nicky-romero\\\/#primaryimage\"},\"thumbnailUrl\":\"https:\\\/\\\/dondevamos.xyz\\\/festival-picnic\\\/wp-content\\\/uploads\\\/sites\\\/9\\\/2024\\\/01\\\/nicky-romero-costa-rica-02.jpg\",\"datePublished\":\"2024-02-02T19:15:34+00:00\",\"description\":\"Descubre el sonido de Nicky Romero en el Festival Picnic 2024. Sumerge tus sentidos en una experiencia \u00fanica de m\u00fasica electr\u00f3nica.\",\"breadcrumb\":{\"@id\":\"https:\\\/\\\/dondevamos.xyz\\\/festival-picnic\\\/conciertos\\\/nicky-romero\\\/#breadcrumb\"},\"inLanguage\":\"es\",\"potentialAction\":[{\"@type\":\"ReadAction\",\"target\":[\"https:\\\/\\\/dondevamos.xyz\\\/festival-picnic\\\/conciertos\\\/nicky-romero\\\/\"]}]},{\"@type\":\"ImageObject\",\"inLanguage\":\"es\",\"@id\":\"https:\\\/\\\/dondevamos.xyz\\\/festival-picnic\\\/conciertos\\\/nicky-romero\\\/#primaryimage\",\"url\":\"https:\\\/\\\/dondevamos.xyz\\\/festival-picnic\\\/wp-content\\\/uploads\\\/sites\\\/9\\\/2024\\\/01\\\/nicky-romero-costa-rica-02.jpg\",\"contentUrl\":\"https:\\\/\\\/dondevamos.xyz\\\/festival-picnic\\\/wp-content\\\/uploads\\\/sites\\\/9\\\/2024\\\/01\\\/nicky-romero-costa-rica-02.jpg\",\"width\":2048,\"height\":1365,\"caption\":\"Foto: Facebook Nicky Romero\"},{\"@type\":\"BreadcrumbList\",\"@id\":\"https:\\\/\\\/dondevamos.xyz\\\/festival-picnic\\\/conciertos\\\/nicky-romero\\\/#breadcrumb\",\"itemListElement\":[{\"@type\":\"ListItem\",\"position\":1,\"name\":\"Portada\",\"item\":\"https:\\\/\\\/dondevamos.xyz\\\/festival-picnic\\\/\"},{\"@type\":\"ListItem\",\"position\":2,\"name\":\"Conciertos festival Picnic 2024\",\"item\":\"https:\\\/\\\/dondevamos.xyz\\\/festival-picnic\\\/conciertos\\\/\"},{\"@type\":\"ListItem\",\"position\":3,\"name\":\"Nicky Romero en Costa Rica 2024\"}]},{\"@type\":\"WebSite\",\"@id\":\"https:\\\/\\\/dondevamos.xyz\\\/festival-picnic\\\/#website\",\"url\":\"https:\\\/\\\/dondevamos.xyz\\\/festival-picnic\\\/\",\"name\":\"Festival Picnic 2024\",\"description\":\"Informaci\u00f3n del festival Picnic 2024\",\"publisher\":{\"@id\":\"https:\\\/\\\/dondevamos.xyz\\\/festival-picnic\\\/#organization\"},\"potentialAction\":[{\"@type\":\"SearchAction\",\"target\":{\"@type\":\"EntryPoint\",\"urlTemplate\":\"https:\\\/\\\/dondevamos.xyz\\\/festival-picnic\\\/?s={search_term_string}\"},\"query-input\":{\"@type\":\"PropertyValueSpecification\",\"valueRequired\":true,\"valueName\":\"search_term_string\"}}],\"inLanguage\":\"es\"},{\"@type\":\"Organization\",\"@id\":\"https:\\\/\\\/dondevamos.xyz\\\/festival-picnic\\\/#organization\",\"name\":\"Dondevamos XYZ\",\"alternateName\":\"Donde Vamos: Festival Picnic\",\"url\":\"https:\\\/\\\/dondevamos.xyz\\\/festival-picnic\\\/\",\"logo\":{\"@type\":\"ImageObject\",\"inLanguage\":\"es\",\"@id\":\"https:\\\/\\\/dondevamos.xyz\\\/festival-picnic\\\/#\\\/schema\\\/logo\\\/image\\\/\",\"url\":\"https:\\\/\\\/dondevamos.xyz\\\/festival-picnic\\\/wp-content\\\/uploads\\\/sites\\\/9\\\/2024\\\/01\\\/dondevamos.jpeg\",\"contentUrl\":\"https:\\\/\\\/dondevamos.xyz\\\/festival-picnic\\\/wp-content\\\/uploads\\\/sites\\\/9\\\/2024\\\/01\\\/dondevamos.jpeg\",\"width\":200,\"height\":200,\"caption\":\"Dondevamos XYZ\"},\"image\":{\"@id\":\"https:\\\/\\\/dondevamos.xyz\\\/festival-picnic\\\/#\\\/schema\\\/logo\\\/image\\\/\"}}]}<\/script>\n<!-- \/ Yoast SEO plugin. -->","yoast_head_json":{"title":"Nicky Romero en Costa Rica 2024 - Festival Picnic 2024","description":"Descubre el sonido de Nicky Romero en el Festival Picnic 2024. Sumerge tus sentidos en una experiencia \u00fanica de m\u00fasica electr\u00f3nica.","robots":{"index":"index","follow":"follow","max-snippet":"max-snippet:-1","max-image-preview":"max-image-preview:large","max-video-preview":"max-video-preview:-1"},"canonical":"https:\/\/dondevamos.xyz\/festival-picnic\/conciertos\/nicky-romero\/","og_locale":"es_ES","og_type":"article","og_title":"Nicky Romero en Costa Rica 2024 - Festival Picnic 2024","og_description":"Descubre el sonido de Nicky Romero en el Festival Picnic 2024. Sumerge tus sentidos en una experiencia \u00fanica de m\u00fasica electr\u00f3nica.","og_url":"https:\/\/dondevamos.xyz\/festival-picnic\/conciertos\/nicky-romero\/","og_site_name":"Festival Picnic 2024","og_image":[{"width":2048,"height":1365,"url":"https:\/\/dondevamos.xyz\/festival-picnic\/wp-content\/uploads\/sites\/9\/2024\/01\/nicky-romero-costa-rica-02.jpg","type":"image\/jpeg"}],"twitter_card":"summary_large_image","twitter_misc":{"Tiempo de lectura":"4 minutos"},"schema":{"@context":"https:\/\/schema.org","@graph":[{"@type":"WebPage","@id":"https:\/\/dondevamos.xyz\/festival-picnic\/conciertos\/nicky-romero\/","url":"https:\/\/dondevamos.xyz\/festival-picnic\/conciertos\/nicky-romero\/","name":"Nicky Romero en Costa Rica 2024 - Festival Picnic 2024","isPartOf":{"@id":"https:\/\/dondevamos.xyz\/festival-picnic\/#website"},"primaryImageOfPage":{"@id":"https:\/\/dondevamos.xyz\/festival-picnic\/conciertos\/nicky-romero\/#primaryimage"},"image":{"@id":"https:\/\/dondevamos.xyz\/festival-picnic\/conciertos\/nicky-romero\/#primaryimage"},"thumbnailUrl":"https:\/\/dondevamos.xyz\/festival-picnic\/wp-content\/uploads\/sites\/9\/2024\/01\/nicky-romero-costa-rica-02.jpg","datePublished":"2024-02-02T19:15:34+00:00","description":"Descubre el sonido de Nicky Romero en el Festival Picnic 2024. Sumerge tus sentidos en una experiencia \u00fanica de m\u00fasica electr\u00f3nica.","breadcrumb":{"@id":"https:\/\/dondevamos.xyz\/festival-picnic\/conciertos\/nicky-romero\/#breadcrumb"},"inLanguage":"es","potentialAction":[{"@type":"ReadAction","target":["https:\/\/dondevamos.xyz\/festival-picnic\/conciertos\/nicky-romero\/"]}]},{"@type":"ImageObject","inLanguage":"es","@id":"https:\/\/dondevamos.xyz\/festival-picnic\/conciertos\/nicky-romero\/#primaryimage","url":"https:\/\/dondevamos.xyz\/festival-picnic\/wp-content\/uploads\/sites\/9\/2024\/01\/nicky-romero-costa-rica-02.jpg","contentUrl":"https:\/\/dondevamos.xyz\/festival-picnic\/wp-content\/uploads\/sites\/9\/2024\/01\/nicky-romero-costa-rica-02.jpg","width":2048,"height":1365,"caption":"Foto: Facebook Nicky Romero"},{"@type":"BreadcrumbList","@id":"https:\/\/dondevamos.xyz\/festival-picnic\/conciertos\/nicky-romero\/#breadcrumb","itemListElement":[{"@type":"ListItem","position":1,"name":"Portada","item":"https:\/\/dondevamos.xyz\/festival-picnic\/"},{"@type":"ListItem","position":2,"name":"Conciertos festival Picnic 2024","item":"https:\/\/dondevamos.xyz\/festival-picnic\/conciertos\/"},{"@type":"ListItem","position":3,"name":"Nicky Romero en Costa Rica 2024"}]},{"@type":"WebSite","@id":"https:\/\/dondevamos.xyz\/festival-picnic\/#website","url":"https:\/\/dondevamos.xyz\/festival-picnic\/","name":"Festival Picnic 2024","description":"Informaci\u00f3n del festival Picnic 2024","publisher":{"@id":"https:\/\/dondevamos.xyz\/festival-picnic\/#organization"},"potentialAction":[{"@type":"SearchAction","target":{"@type":"EntryPoint","urlTemplate":"https:\/\/dondevamos.xyz\/festival-picnic\/?s={search_term_string}"},"query-input":{"@type":"PropertyValueSpecification","valueRequired":true,"valueName":"search_term_string"}}],"inLanguage":"es"},{"@type":"Organization","@id":"https:\/\/dondevamos.xyz\/festival-picnic\/#organization","name":"Dondevamos XYZ","alternateName":"Donde Vamos: Festival Picnic","url":"https:\/\/dondevamos.xyz\/festival-picnic\/","logo":{"@type":"ImageObject","inLanguage":"es","@id":"https:\/\/dondevamos.xyz\/festival-picnic\/#\/schema\/logo\/image\/","url":"https:\/\/dondevamos.xyz\/festival-picnic\/wp-content\/uploads\/sites\/9\/2024\/01\/dondevamos.jpeg","contentUrl":"https:\/\/dondevamos.xyz\/festival-picnic\/wp-content\/uploads\/sites\/9\/2024\/01\/dondevamos.jpeg","width":200,"height":200,"caption":"Dondevamos XYZ"},"image":{"@id":"https:\/\/dondevamos.xyz\/festival-picnic\/#\/schema\/logo\/image\/"}}]}},"_links":{"self":[{"href":"https:\/\/dondevamos.xyz\/festival-picnic\/wp-json\/wp\/v2\/pages\/267","targetHints":{"allow":["GET"]}}],"collection":[{"href":"https:\/\/dondevamos.xyz\/festival-picnic\/wp-json\/wp\/v2\/pages"}],"about":[{"href":"https:\/\/dondevamos.xyz\/festival-picnic\/wp-json\/wp\/v2\/types\/page"}],"author":[{"embeddable":true,"href":"https:\/\/dondevamos.xyz\/festival-picnic\/wp-json\/wp\/v2\/users\/2"}],"replies":[{"embeddable":true,"href":"https:\/\/dondevamos.xyz\/festival-picnic\/wp-json\/wp\/v2\/comments?post=267"}],"version-history":[{"count":5,"href":"https:\/\/dondevamos.xyz\/festival-picnic\/wp-json\/wp\/v2\/pages\/267\/revisions"}],"predecessor-version":[{"id":284,"href":"https:\/\/dondevamos.xyz\/festival-picnic\/wp-json\/wp\/v2\/pages\/267\/revisions\/284"}],"up":[{"embeddable":true,"href":"https:\/\/dondevamos.xyz\/festival-picnic\/wp-json\/wp\/v2\/pages\/94"}],"wp:featuredmedia":[{"embeddable":true,"href":"https:\/\/dondevamos.xyz\/festival-picnic\/wp-json\/wp\/v2\/media\/222"}],"wp:attachment":[{"href":"https:\/\/dondevamos.xyz\/festival-picnic\/wp-json\/wp\/v2\/media?parent=267"}],"curies":[{"name":"wp","href":"https:\/\/api.w.org\/{rel}","templated":true}]}}