{"id":261,"date":"2024-01-31T22:06:49","date_gmt":"2024-02-01T04:06:49","guid":{"rendered":"https:\/\/dondevamos.xyz\/festival-picnic\/?page_id=261"},"modified":"2024-02-10T09:52:37","modified_gmt":"2024-02-10T15:52:37","slug":"nicki-nicole","status":"publish","type":"page","link":"https:\/\/dondevamos.xyz\/festival-picnic\/conciertos\/nicki-nicole\/","title":{"rendered":"Concierto de Nicki Nicole en Costa Rica"},"content":{"rendered":"\n<p class=\"has-x-large-font-size\"><strong>Artistas del Picnic: Nicki Nicole<\/strong><\/p>\n\n\n\n<figure class=\"wp-block-image aligncenter size-large is-resized\"><img decoding=\"async\" width=\"820\" height=\"1024\" data-src=\"https:\/\/dondevamos.xyz\/festival-picnic\/wp-content\/uploads\/sites\/9\/2024\/01\/nicki-nicole-costa-rica-04-820x1024.jpg\" alt=\"concierto nicki nicole costa rica\" class=\"wp-image-218 lazyload\" style=\"--smush-placeholder-width: 820px; --smush-placeholder-aspect-ratio: 820\/1024;width:auto;height:450px\" data-srcset=\"https:\/\/dondevamos.xyz\/festival-picnic\/wp-content\/uploads\/sites\/9\/2024\/01\/nicki-nicole-costa-rica-04-820x1024.jpg 820w, https:\/\/dondevamos.xyz\/festival-picnic\/wp-content\/uploads\/sites\/9\/2024\/01\/nicki-nicole-costa-rica-04-240x300.jpg 240w, https:\/\/dondevamos.xyz\/festival-picnic\/wp-content\/uploads\/sites\/9\/2024\/01\/nicki-nicole-costa-rica-04-768x959.jpg 768w, https:\/\/dondevamos.xyz\/festival-picnic\/wp-content\/uploads\/sites\/9\/2024\/01\/nicki-nicole-costa-rica-04-1229x1536.jpg 1229w, https:\/\/dondevamos.xyz\/festival-picnic\/wp-content\/uploads\/sites\/9\/2024\/01\/nicki-nicole-costa-rica-04.jpg 1440w\" data-sizes=\"(max-width: 820px) 100vw, 820px\" src=\"data:image\/svg+xml;base64,PHN2ZyB3aWR0aD0iMSIgaGVpZ2h0PSIxIiB4bWxucz0iaHR0cDovL3d3dy53My5vcmcvMjAwMC9zdmciPjwvc3ZnPg==\" \/><figcaption class=\"wp-element-caption\">Foto: <a href=\"https:\/\/www.facebook.com\/naikinai19\/\" target=\"_blank\" rel=\"noopener\">Facebook Nicki Nicole<\/a><\/figcaption><\/figure>\n\n\n\n<figure class=\"wp-block-table has-medium-font-size\"><table class=\"has-base-2-background-color has-background\"><tbody><tr><td><strong>Nombre verdadero<\/strong><\/td><td>Nicole Denise Cucco<\/td><\/tr><tr><td><strong>Nacionalidad<\/strong><\/td><td>Argentina<\/td><\/tr><tr><td><strong>Edad<\/strong><\/td><td>23<\/td><\/tr><tr><td><strong>G\u00e9neros Musicales<\/strong><\/td><td>Urban &#8211; Hip Hop &#8211; Rap &#8211; Reggaeton<\/td><\/tr><\/tbody><\/table><\/figure>\n\n\n\n<p><br>Nicki Nicole, la talentosa artista argentina, ha emergido como una figura destacada en la escena musical contempor\u00e1nea. Desde sus inicios en 2019, ha cautivado al p\u00fablico con su estilo, fusionando el trap y el pop de manera \u00fanica. Sus canciones \u00abColocao\u00bb y \u00abMamichula\u00bb, ha sido \u00e9xitos, con letras aut\u00e9nticas que han resonado en todo el planeta. Su participaci\u00f3n en el Festival Picnic 2024 promete ser una experiencia inolvidable para los amantes de la m\u00fasica urbana latina. Nicki Nicole ofrece un espect\u00e1culo vibrante, con energ\u00eda \u00fanica, emociones aut\u00e9nticas y ritmos inolvidables.<\/p>\n\n\n\n<p>Se estar\u00e1 presentando en el <a data-type=\"page\" data-id=\"18\" href=\"https:\/\/dondevamos.xyz\/festival-picnic\/\">festival Picnic 2024<\/a>, el 10 de febrero. Nicki Nicole est\u00e1 en <strong>Stage Hideout, a las 10:00 PM<\/strong>.<\/p>\n\n\n\n<h2 class=\"wp-block-heading\">Playlists de Nicki Nicole<\/h2>\n\n\n\n<p>Tanto en Youtube como en Spotify, podemos encontrar playlists con las mejores canciones y conciertos de esta artista.<\/p>\n\n\n\n<h2 class=\"wp-block-heading\">La Historia de Nicki Nicole<\/h2>\n\n\n\n<p>Nicki Nicole, cuyo nombre real es Nicole Denise Cucco, naci\u00f3 el 15 de diciembre en Buenos Aires, Argentina. Esta artista se destaca en la escena musical por su enfoque \u00fanico en la fusi\u00f3n de g\u00e9neros, especialmente en la combinaci\u00f3n de trap y pop. <\/p>\n\n\n\n<p>En sus inicios, Nicki se incorpor\u00f3 en batallas de rap, pero pronto descubri\u00f3 que su verdadero talento no era tanto en el freestyle como en la escritura de canciones. Aunque, posteriormente admiti\u00f3 que el freestyle si forma una buena parte de su producci\u00f3n musical.<\/p>\n\n\n\n<p>Su primer \u00e1lbum, \u00abRecuerdos\u00bb, vio la luz en 2019, marcando un punto de partida en su carrera. En ese mismo a\u00f1o, protagoniz\u00f3 una destacada sesi\u00f3n de Music Sessions con Bizarrap, la cual lleg\u00f3 al lugar #3 en el Billboard Argentina Hot 100.<\/p>\n\n\n\n<p>Durante el 2020 hizo colaboraciones notables, entre ellas el single \u00abVerte\u00bb con Dread Mar-I y Bizarrap, fusionando estilos de manera \u00fanica. Tambi\u00e9n en ese mismo a\u00f1o hizo su video tem\u00e1tico \u00abMala Vida\u00bb, inspirado en El Padrino y en la \u00e9poca de los 1940s. Estas colaboraciones contribuyeron a consolidar su estatus como una figura influyente en la m\u00fasica latina contempor\u00e1nea.<\/p>\n\n\n\n<p>En el 2023 public\u00f3 \u00abAlma\u00bb, en 2023, un \u00e1lbum que reson\u00f3 profundamente en sus seguidores por las letras, que tienen que ver con aspectos m\u00e1s personales e \u00edntimos. Este \u00e1lbum contiene el single \u00abNo voy a llorar\u00bb, inspirado en su relaci\u00f3n con el rapero Trueno, que termin\u00f3 en el 2022.<\/p>\n\n\n\n<p>Se conoce que actualmente Nicki Nicole est\u00e1 en una relaci\u00f3n con el rapero Peso Pluma.<\/p>\n\n\n\n<h2 class=\"wp-block-heading\">Producci\u00f3n musical<\/h2>\n\n\n\n<p>Nicki Nicole tiene 3 album de studio publicados:<\/p>\n\n\n\n<ul class=\"wp-block-list\">\n<li>\u00abRecuerdos\u00bb (2019)<\/li>\n\n\n\n<li>\u00abAm\u00e9n\u00bb (2021)<\/li>\n\n\n\n<li>\u00abAlma\u00bb (2023)<\/li>\n<\/ul>\n\n\n\n<figure class=\"wp-block-image aligncenter size-large is-resized\"><img decoding=\"async\" width=\"819\" height=\"1024\" data-src=\"https:\/\/dondevamos.xyz\/festival-picnic\/wp-content\/uploads\/sites\/9\/2024\/01\/nicki-nicole-costa-rica-02-819x1024.jpg\" alt=\"nicki nicole picnic 2024\" class=\"wp-image-216 lazyload\" style=\"--smush-placeholder-width: 819px; --smush-placeholder-aspect-ratio: 819\/1024;width:350px\" data-srcset=\"https:\/\/dondevamos.xyz\/festival-picnic\/wp-content\/uploads\/sites\/9\/2024\/01\/nicki-nicole-costa-rica-02-819x1024.jpg 819w, https:\/\/dondevamos.xyz\/festival-picnic\/wp-content\/uploads\/sites\/9\/2024\/01\/nicki-nicole-costa-rica-02-240x300.jpg 240w, https:\/\/dondevamos.xyz\/festival-picnic\/wp-content\/uploads\/sites\/9\/2024\/01\/nicki-nicole-costa-rica-02-768x960.jpg 768w, https:\/\/dondevamos.xyz\/festival-picnic\/wp-content\/uploads\/sites\/9\/2024\/01\/nicki-nicole-costa-rica-02-1229x1536.jpg 1229w, https:\/\/dondevamos.xyz\/festival-picnic\/wp-content\/uploads\/sites\/9\/2024\/01\/nicki-nicole-costa-rica-02.jpg 1440w\" data-sizes=\"(max-width: 819px) 100vw, 819px\" src=\"data:image\/svg+xml;base64,PHN2ZyB3aWR0aD0iMSIgaGVpZ2h0PSIxIiB4bWxucz0iaHR0cDovL3d3dy53My5vcmcvMjAwMC9zdmciPjwvc3ZnPg==\" \/><figcaption class=\"wp-element-caption\">Foto: <a href=\"https:\/\/www.facebook.com\/naikinai19\/\" target=\"_blank\" rel=\"noopener\">Facebook Nicki Nicole<\/a><\/figcaption><\/figure>\n\n\n\n<p>Sus singles m\u00e1s exitosos incluyen:<\/p>\n\n\n\n<ul class=\"wp-block-list\">\n<li>\u00abColocao\u00bb (2019)<\/li>\n\n\n\n<li>\u00abMamichula\u00bb (2020)<\/li>\n\n\n\n<li>\u00abV\u00e9rtigo\u00bb (2021)<\/li>\n\n\n\n<li>\u00abNo Toque Mi Naik\u00bb (2021)<\/li>\n\n\n\n<li>\u00abMe Has Dejado\u00bb (2022)<\/li>\n\n\n\n<li>\u00abPara Nosotros\u00bb (2022)<\/li>\n\n\n\n<li>\u00abProhibido\u00bb (2023)<\/li>\n\n\n\n<li>\u00abCon Los Ojos En La Cara\u00bb (2023)<\/li>\n<\/ul>\n\n\n\n<h2 class=\"wp-block-heading\">Colaboraciones con otros artistas<\/h2>\n\n\n\n<p>Nicki Nicole ha hecho colaboraciones con artistas como&nbsp;Trueno,&nbsp;Bizarrap,&nbsp;Rauw Alejandro,&nbsp;Tiago PZK,&nbsp;Nathy Peluso,&nbsp;Mon Laferte,&nbsp;Mora,&nbsp;Dread Mar I,&nbsp;Snow Tha Product,&nbsp;Delaossa,&nbsp;Ptazeta,&nbsp;YSY A,&nbsp;Young Miko,&nbsp;Rels B,&nbsp;Milo J. Tambi\u00e9n ha colaborado con Christina Aguilera,&nbsp;Camilo,&nbsp;Los \u00c1ngeles Azules,&nbsp;Eladio Carri\u00f3n,&nbsp;Alem\u00e1n,&nbsp;y Aitana<\/p>\n\n\n\n<h2 class=\"wp-block-heading\">Premios<\/h2>\n\n\n\n<p>Entre otros, Nicki Nicole ha ganado:<\/p>\n\n\n\n<ul class=\"wp-block-list\">\n<li>2 premios Spotify Awards&nbsp;(2020 y 2021)<\/li>\n\n\n\n<li>3 Premios Carlos Gardel&nbsp;(2020 y 2022)<\/li>\n\n\n\n<li>2 Los 40 Music Awards&nbsp;(2021 y 2022)<\/li>\n\n\n\n<li>1 Premio Lo Nuestro&nbsp;(2021)<\/li>\n\n\n\n<li>2 Premio Quiero&nbsp;(2020 y 2021)<\/li>\n<\/ul>\n\n\n\n<figure class=\"wp-block-image aligncenter size-large is-resized\"><img decoding=\"async\" width=\"1024\" height=\"769\" data-src=\"https:\/\/dondevamos.xyz\/festival-picnic\/wp-content\/uploads\/sites\/9\/2024\/01\/nicki-nicole-costa-rica-03-1024x769.jpg\" alt=\"nicki nicole entradas costa rica\" class=\"wp-image-217 lazyload\" style=\"--smush-placeholder-width: 1024px; --smush-placeholder-aspect-ratio: 1024\/769;width:350px\" data-srcset=\"https:\/\/dondevamos.xyz\/festival-picnic\/wp-content\/uploads\/sites\/9\/2024\/01\/nicki-nicole-costa-rica-03-1024x769.jpg 1024w, https:\/\/dondevamos.xyz\/festival-picnic\/wp-content\/uploads\/sites\/9\/2024\/01\/nicki-nicole-costa-rica-03-300x225.jpg 300w, https:\/\/dondevamos.xyz\/festival-picnic\/wp-content\/uploads\/sites\/9\/2024\/01\/nicki-nicole-costa-rica-03-768x577.jpg 768w, https:\/\/dondevamos.xyz\/festival-picnic\/wp-content\/uploads\/sites\/9\/2024\/01\/nicki-nicole-costa-rica-03.jpg 1440w\" data-sizes=\"(max-width: 1024px) 100vw, 1024px\" src=\"data:image\/svg+xml;base64,PHN2ZyB3aWR0aD0iMSIgaGVpZ2h0PSIxIiB4bWxucz0iaHR0cDovL3d3dy53My5vcmcvMjAwMC9zdmciPjwvc3ZnPg==\" \/><figcaption class=\"wp-element-caption\">Foto: <a href=\"https:\/\/www.facebook.com\/naikinai19\/\" target=\"_blank\" rel=\"noopener\">Facebook Nicki Nicole<\/a><\/figcaption><\/figure>\n<!-- AddThis Advanced Settings generic via filter on the_content --><!-- AddThis Share Buttons generic via filter on the_content -->","protected":false},"excerpt":{"rendered":"<p>Artistas del Picnic: Nicki Nicole Nombre verdadero Nicole Denise Cucco Nacionalidad Argentina Edad 23 G\u00e9neros Musicales Urban &#8211; Hip Hop &#8211; Rap &#8211; Reggaeton Nicki Nicole, la talentosa artista argentina, ha emergido como una figura destacada en la escena musical contempor\u00e1nea. Desde sus inicios en 2019, ha cautivado al p\u00fablico con su estilo, fusionando el [&hellip;]<!-- AddThis Advanced Settings generic via filter on get_the_excerpt --><!-- AddThis Share Buttons generic via filter on get_the_excerpt --><\/p>\n","protected":false},"author":2,"featured_media":215,"parent":94,"menu_order":0,"comment_status":"closed","ping_status":"closed","template":"","meta":{"footnotes":""},"class_list":["post-261","page","type-page","status-publish","has-post-thumbnail","hentry"],"yoast_head":"<!-- This site is optimized with the Yoast SEO plugin v27.5 - https:\/\/yoast.com\/product\/yoast-seo-wordpress\/ -->\n<title>Concierto de Nicki Nicole en Costa Rica - Festival Picnic 2024<\/title>\n<meta name=\"description\" content=\"Descubre la energ\u00eda musical de Nicki Nicole en Costa Rica. Sum\u00e9rgete en sus letras y buena vibra con ritmos \u00fanicos.\" \/>\n<meta name=\"robots\" content=\"index, follow, max-snippet:-1, max-image-preview:large, max-video-preview:-1\" \/>\n<link rel=\"canonical\" href=\"https:\/\/dondevamos.xyz\/festival-picnic\/conciertos\/nicki-nicole\/\" \/>\n<meta property=\"og:locale\" content=\"es_ES\" \/>\n<meta property=\"og:type\" content=\"article\" \/>\n<meta property=\"og:title\" content=\"Concierto de Nicki Nicole en Costa Rica - Festival Picnic 2024\" \/>\n<meta property=\"og:description\" content=\"Descubre la energ\u00eda musical de Nicki Nicole en Costa Rica. Sum\u00e9rgete en sus letras y buena vibra con ritmos \u00fanicos.\" \/>\n<meta property=\"og:url\" content=\"https:\/\/dondevamos.xyz\/festival-picnic\/conciertos\/nicki-nicole\/\" \/>\n<meta property=\"og:site_name\" content=\"Festival Picnic 2024\" \/>\n<meta property=\"article:modified_time\" content=\"2024-02-10T15:52:37+00:00\" \/>\n<meta property=\"og:image\" content=\"https:\/\/dondevamos.xyz\/festival-picnic\/wp-content\/uploads\/sites\/9\/2024\/01\/nicki-nicole-costa-rica-01.jpg\" \/>\n\t<meta property=\"og:image:width\" content=\"1440\" \/>\n\t<meta property=\"og:image:height\" content=\"1440\" \/>\n\t<meta property=\"og:image:type\" content=\"image\/jpeg\" \/>\n<meta name=\"twitter:card\" content=\"summary_large_image\" \/>\n<meta name=\"twitter:label1\" content=\"Tiempo de lectura\" \/>\n\t<meta name=\"twitter:data1\" content=\"4 minutos\" \/>\n<script type=\"application\/ld+json\" class=\"yoast-schema-graph\">{\"@context\":\"https:\\\/\\\/schema.org\",\"@graph\":[{\"@type\":\"WebPage\",\"@id\":\"https:\\\/\\\/dondevamos.xyz\\\/festival-picnic\\\/conciertos\\\/nicki-nicole\\\/\",\"url\":\"https:\\\/\\\/dondevamos.xyz\\\/festival-picnic\\\/conciertos\\\/nicki-nicole\\\/\",\"name\":\"Concierto de Nicki Nicole en Costa Rica - Festival Picnic 2024\",\"isPartOf\":{\"@id\":\"https:\\\/\\\/dondevamos.xyz\\\/festival-picnic\\\/#website\"},\"primaryImageOfPage\":{\"@id\":\"https:\\\/\\\/dondevamos.xyz\\\/festival-picnic\\\/conciertos\\\/nicki-nicole\\\/#primaryimage\"},\"image\":{\"@id\":\"https:\\\/\\\/dondevamos.xyz\\\/festival-picnic\\\/conciertos\\\/nicki-nicole\\\/#primaryimage\"},\"thumbnailUrl\":\"https:\\\/\\\/dondevamos.xyz\\\/festival-picnic\\\/wp-content\\\/uploads\\\/sites\\\/9\\\/2024\\\/01\\\/nicki-nicole-costa-rica-01.jpg\",\"datePublished\":\"2024-02-01T04:06:49+00:00\",\"dateModified\":\"2024-02-10T15:52:37+00:00\",\"description\":\"Descubre la energ\u00eda musical de Nicki Nicole en Costa Rica. Sum\u00e9rgete en sus letras y buena vibra con ritmos \u00fanicos.\",\"breadcrumb\":{\"@id\":\"https:\\\/\\\/dondevamos.xyz\\\/festival-picnic\\\/conciertos\\\/nicki-nicole\\\/#breadcrumb\"},\"inLanguage\":\"es\",\"potentialAction\":[{\"@type\":\"ReadAction\",\"target\":[\"https:\\\/\\\/dondevamos.xyz\\\/festival-picnic\\\/conciertos\\\/nicki-nicole\\\/\"]}]},{\"@type\":\"ImageObject\",\"inLanguage\":\"es\",\"@id\":\"https:\\\/\\\/dondevamos.xyz\\\/festival-picnic\\\/conciertos\\\/nicki-nicole\\\/#primaryimage\",\"url\":\"https:\\\/\\\/dondevamos.xyz\\\/festival-picnic\\\/wp-content\\\/uploads\\\/sites\\\/9\\\/2024\\\/01\\\/nicki-nicole-costa-rica-01.jpg\",\"contentUrl\":\"https:\\\/\\\/dondevamos.xyz\\\/festival-picnic\\\/wp-content\\\/uploads\\\/sites\\\/9\\\/2024\\\/01\\\/nicki-nicole-costa-rica-01.jpg\",\"width\":1440,\"height\":1440,\"caption\":\"Foto: Facebook Nicki Nicole\"},{\"@type\":\"BreadcrumbList\",\"@id\":\"https:\\\/\\\/dondevamos.xyz\\\/festival-picnic\\\/conciertos\\\/nicki-nicole\\\/#breadcrumb\",\"itemListElement\":[{\"@type\":\"ListItem\",\"position\":1,\"name\":\"Portada\",\"item\":\"https:\\\/\\\/dondevamos.xyz\\\/festival-picnic\\\/\"},{\"@type\":\"ListItem\",\"position\":2,\"name\":\"Conciertos festival Picnic 2024\",\"item\":\"https:\\\/\\\/dondevamos.xyz\\\/festival-picnic\\\/conciertos\\\/\"},{\"@type\":\"ListItem\",\"position\":3,\"name\":\"Concierto de Nicki Nicole en Costa Rica\"}]},{\"@type\":\"WebSite\",\"@id\":\"https:\\\/\\\/dondevamos.xyz\\\/festival-picnic\\\/#website\",\"url\":\"https:\\\/\\\/dondevamos.xyz\\\/festival-picnic\\\/\",\"name\":\"Festival Picnic 2024\",\"description\":\"Informaci\u00f3n del festival Picnic 2024\",\"publisher\":{\"@id\":\"https:\\\/\\\/dondevamos.xyz\\\/festival-picnic\\\/#organization\"},\"potentialAction\":[{\"@type\":\"SearchAction\",\"target\":{\"@type\":\"EntryPoint\",\"urlTemplate\":\"https:\\\/\\\/dondevamos.xyz\\\/festival-picnic\\\/?s={search_term_string}\"},\"query-input\":{\"@type\":\"PropertyValueSpecification\",\"valueRequired\":true,\"valueName\":\"search_term_string\"}}],\"inLanguage\":\"es\"},{\"@type\":\"Organization\",\"@id\":\"https:\\\/\\\/dondevamos.xyz\\\/festival-picnic\\\/#organization\",\"name\":\"Dondevamos XYZ\",\"alternateName\":\"Donde Vamos: Festival Picnic\",\"url\":\"https:\\\/\\\/dondevamos.xyz\\\/festival-picnic\\\/\",\"logo\":{\"@type\":\"ImageObject\",\"inLanguage\":\"es\",\"@id\":\"https:\\\/\\\/dondevamos.xyz\\\/festival-picnic\\\/#\\\/schema\\\/logo\\\/image\\\/\",\"url\":\"https:\\\/\\\/dondevamos.xyz\\\/festival-picnic\\\/wp-content\\\/uploads\\\/sites\\\/9\\\/2024\\\/01\\\/dondevamos.jpeg\",\"contentUrl\":\"https:\\\/\\\/dondevamos.xyz\\\/festival-picnic\\\/wp-content\\\/uploads\\\/sites\\\/9\\\/2024\\\/01\\\/dondevamos.jpeg\",\"width\":200,\"height\":200,\"caption\":\"Dondevamos XYZ\"},\"image\":{\"@id\":\"https:\\\/\\\/dondevamos.xyz\\\/festival-picnic\\\/#\\\/schema\\\/logo\\\/image\\\/\"}}]}<\/script>\n<!-- \/ Yoast SEO plugin. -->","yoast_head_json":{"title":"Concierto de Nicki Nicole en Costa Rica - Festival Picnic 2024","description":"Descubre la energ\u00eda musical de Nicki Nicole en Costa Rica. Sum\u00e9rgete en sus letras y buena vibra con ritmos \u00fanicos.","robots":{"index":"index","follow":"follow","max-snippet":"max-snippet:-1","max-image-preview":"max-image-preview:large","max-video-preview":"max-video-preview:-1"},"canonical":"https:\/\/dondevamos.xyz\/festival-picnic\/conciertos\/nicki-nicole\/","og_locale":"es_ES","og_type":"article","og_title":"Concierto de Nicki Nicole en Costa Rica - Festival Picnic 2024","og_description":"Descubre la energ\u00eda musical de Nicki Nicole en Costa Rica. Sum\u00e9rgete en sus letras y buena vibra con ritmos \u00fanicos.","og_url":"https:\/\/dondevamos.xyz\/festival-picnic\/conciertos\/nicki-nicole\/","og_site_name":"Festival Picnic 2024","article_modified_time":"2024-02-10T15:52:37+00:00","og_image":[{"width":1440,"height":1440,"url":"https:\/\/dondevamos.xyz\/festival-picnic\/wp-content\/uploads\/sites\/9\/2024\/01\/nicki-nicole-costa-rica-01.jpg","type":"image\/jpeg"}],"twitter_card":"summary_large_image","twitter_misc":{"Tiempo de lectura":"4 minutos"},"schema":{"@context":"https:\/\/schema.org","@graph":[{"@type":"WebPage","@id":"https:\/\/dondevamos.xyz\/festival-picnic\/conciertos\/nicki-nicole\/","url":"https:\/\/dondevamos.xyz\/festival-picnic\/conciertos\/nicki-nicole\/","name":"Concierto de Nicki Nicole en Costa Rica - Festival Picnic 2024","isPartOf":{"@id":"https:\/\/dondevamos.xyz\/festival-picnic\/#website"},"primaryImageOfPage":{"@id":"https:\/\/dondevamos.xyz\/festival-picnic\/conciertos\/nicki-nicole\/#primaryimage"},"image":{"@id":"https:\/\/dondevamos.xyz\/festival-picnic\/conciertos\/nicki-nicole\/#primaryimage"},"thumbnailUrl":"https:\/\/dondevamos.xyz\/festival-picnic\/wp-content\/uploads\/sites\/9\/2024\/01\/nicki-nicole-costa-rica-01.jpg","datePublished":"2024-02-01T04:06:49+00:00","dateModified":"2024-02-10T15:52:37+00:00","description":"Descubre la energ\u00eda musical de Nicki Nicole en Costa Rica. Sum\u00e9rgete en sus letras y buena vibra con ritmos \u00fanicos.","breadcrumb":{"@id":"https:\/\/dondevamos.xyz\/festival-picnic\/conciertos\/nicki-nicole\/#breadcrumb"},"inLanguage":"es","potentialAction":[{"@type":"ReadAction","target":["https:\/\/dondevamos.xyz\/festival-picnic\/conciertos\/nicki-nicole\/"]}]},{"@type":"ImageObject","inLanguage":"es","@id":"https:\/\/dondevamos.xyz\/festival-picnic\/conciertos\/nicki-nicole\/#primaryimage","url":"https:\/\/dondevamos.xyz\/festival-picnic\/wp-content\/uploads\/sites\/9\/2024\/01\/nicki-nicole-costa-rica-01.jpg","contentUrl":"https:\/\/dondevamos.xyz\/festival-picnic\/wp-content\/uploads\/sites\/9\/2024\/01\/nicki-nicole-costa-rica-01.jpg","width":1440,"height":1440,"caption":"Foto: Facebook Nicki Nicole"},{"@type":"BreadcrumbList","@id":"https:\/\/dondevamos.xyz\/festival-picnic\/conciertos\/nicki-nicole\/#breadcrumb","itemListElement":[{"@type":"ListItem","position":1,"name":"Portada","item":"https:\/\/dondevamos.xyz\/festival-picnic\/"},{"@type":"ListItem","position":2,"name":"Conciertos festival Picnic 2024","item":"https:\/\/dondevamos.xyz\/festival-picnic\/conciertos\/"},{"@type":"ListItem","position":3,"name":"Concierto de Nicki Nicole en Costa Rica"}]},{"@type":"WebSite","@id":"https:\/\/dondevamos.xyz\/festival-picnic\/#website","url":"https:\/\/dondevamos.xyz\/festival-picnic\/","name":"Festival Picnic 2024","description":"Informaci\u00f3n del festival Picnic 2024","publisher":{"@id":"https:\/\/dondevamos.xyz\/festival-picnic\/#organization"},"potentialAction":[{"@type":"SearchAction","target":{"@type":"EntryPoint","urlTemplate":"https:\/\/dondevamos.xyz\/festival-picnic\/?s={search_term_string}"},"query-input":{"@type":"PropertyValueSpecification","valueRequired":true,"valueName":"search_term_string"}}],"inLanguage":"es"},{"@type":"Organization","@id":"https:\/\/dondevamos.xyz\/festival-picnic\/#organization","name":"Dondevamos XYZ","alternateName":"Donde Vamos: Festival Picnic","url":"https:\/\/dondevamos.xyz\/festival-picnic\/","logo":{"@type":"ImageObject","inLanguage":"es","@id":"https:\/\/dondevamos.xyz\/festival-picnic\/#\/schema\/logo\/image\/","url":"https:\/\/dondevamos.xyz\/festival-picnic\/wp-content\/uploads\/sites\/9\/2024\/01\/dondevamos.jpeg","contentUrl":"https:\/\/dondevamos.xyz\/festival-picnic\/wp-content\/uploads\/sites\/9\/2024\/01\/dondevamos.jpeg","width":200,"height":200,"caption":"Dondevamos XYZ"},"image":{"@id":"https:\/\/dondevamos.xyz\/festival-picnic\/#\/schema\/logo\/image\/"}}]}},"_links":{"self":[{"href":"https:\/\/dondevamos.xyz\/festival-picnic\/wp-json\/wp\/v2\/pages\/261","targetHints":{"allow":["GET"]}}],"collection":[{"href":"https:\/\/dondevamos.xyz\/festival-picnic\/wp-json\/wp\/v2\/pages"}],"about":[{"href":"https:\/\/dondevamos.xyz\/festival-picnic\/wp-json\/wp\/v2\/types\/page"}],"author":[{"embeddable":true,"href":"https:\/\/dondevamos.xyz\/festival-picnic\/wp-json\/wp\/v2\/users\/2"}],"replies":[{"embeddable":true,"href":"https:\/\/dondevamos.xyz\/festival-picnic\/wp-json\/wp\/v2\/comments?post=261"}],"version-history":[{"count":2,"href":"https:\/\/dondevamos.xyz\/festival-picnic\/wp-json\/wp\/v2\/pages\/261\/revisions"}],"predecessor-version":[{"id":363,"href":"https:\/\/dondevamos.xyz\/festival-picnic\/wp-json\/wp\/v2\/pages\/261\/revisions\/363"}],"up":[{"embeddable":true,"href":"https:\/\/dondevamos.xyz\/festival-picnic\/wp-json\/wp\/v2\/pages\/94"}],"wp:featuredmedia":[{"embeddable":true,"href":"https:\/\/dondevamos.xyz\/festival-picnic\/wp-json\/wp\/v2\/media\/215"}],"wp:attachment":[{"href":"https:\/\/dondevamos.xyz\/festival-picnic\/wp-json\/wp\/v2\/media?parent=261"}],"curies":[{"name":"wp","href":"https:\/\/api.w.org\/{rel}","templated":true}]}}