{"id":258,"date":"2024-02-01T15:22:00","date_gmt":"2024-02-01T21:22:00","guid":{"rendered":"https:\/\/dondevamos.xyz\/festival-picnic\/?page_id=258"},"modified":"2024-02-10T09:52:34","modified_gmt":"2024-02-10T15:52:34","slug":"manuel-turizo","status":"publish","type":"page","link":"https:\/\/dondevamos.xyz\/festival-picnic\/conciertos\/manuel-turizo\/","title":{"rendered":"Manuel Turizo en Costa Rica 2024"},"content":{"rendered":"\n<p class=\"has-x-large-font-size\"><strong>Artistas del Picnic: Manuel Turizo<\/strong><\/p>\n\n\n\n<figure class=\"wp-block-image aligncenter size-full is-resized\"><img decoding=\"async\" width=\"667\" height=\"375\" data-src=\"https:\/\/dondevamos.xyz\/festival-picnic\/wp-content\/uploads\/sites\/9\/2024\/01\/manuel-turizo-costa-rica-04.jpg\" alt=\"manuel turizo en costa rica 2024\" class=\"wp-image-209 lazyload\" style=\"--smush-placeholder-width: 667px; --smush-placeholder-aspect-ratio: 667\/375;width:auto;height:300px\" data-srcset=\"https:\/\/dondevamos.xyz\/festival-picnic\/wp-content\/uploads\/sites\/9\/2024\/01\/manuel-turizo-costa-rica-04.jpg 667w, https:\/\/dondevamos.xyz\/festival-picnic\/wp-content\/uploads\/sites\/9\/2024\/01\/manuel-turizo-costa-rica-04-300x169.jpg 300w\" data-sizes=\"(max-width: 667px) 100vw, 667px\" src=\"data:image\/svg+xml;base64,PHN2ZyB3aWR0aD0iMSIgaGVpZ2h0PSIxIiB4bWxucz0iaHR0cDovL3d3dy53My5vcmcvMjAwMC9zdmciPjwvc3ZnPg==\" \/><\/figure>\n\n\n\n<figure class=\"wp-block-table has-medium-font-size\"><table class=\"has-base-2-background-color has-background\"><tbody><tr><td><strong>Nombre verdadero<\/strong><\/td><td>Manuel Turizo Zapata<\/td><\/tr><tr><td><strong>Nacionalidad<\/strong><\/td><td>Colombiano<\/td><\/tr><tr><td><strong>Edad<\/strong><\/td><td>23<\/td><\/tr><tr><td><strong>G\u00e9neros Musicales<\/strong><\/td><td>Reggaet\u00f3n, Trap, R&amp;B, Bachata<\/td><\/tr><\/tbody><\/table><\/figure>\n\n\n\n<p>Manuel Turizo, tambi\u00e9n conocido como MTZ, ha conquistado la escena musical con su talento \u00fanico y versatilidad art\u00edstica. Desde el explosivo \u00e9xito de \u00abUna Lady Como T\u00fa\u00bb en 2016 hasta sus colaboraciones m\u00e1s recientes con otros artistas de renombre, ha demostrado ser una fuerza imparable en el reguet\u00f3n y el pop latino. Si eres amante de la m\u00fasica latina y buscas una experiencia \u00fanica, el concierto de Manuel Turizo en el Festival Picnic 2024 es una oportunidad que no querr\u00e1s perderte. \u00a1Prep\u00e1rate para vivir una noche llena de ritmo y emoci\u00f3n!<\/p>\n\n\n\n<p>Manuel Turizo se estar\u00e1 presentando en el <a data-type=\"page\" data-id=\"18\" href=\"https:\/\/dondevamos.xyz\/festival-picnic\/\">festival Picnic 2024<\/a>, el 10 de febrero. Manuel Turizo est\u00e1 en <strong>Stage Picnic, a las 5:55 PM<\/strong>.<\/p>\n\n\n\n<h2 class=\"wp-block-heading\">Playlists de Manuel Turizo<\/h2>\n\n\n\n<p>Tanto en Youtube como en Spotify, podemos encontrar playlists con las mejores canciones y conciertos de este artista.<\/p>\n\n\n\n<h2 class=\"wp-block-heading\">La Historia de Manuel Turizo<\/h2>\n\n\n\n<p>Manuel Turizo, nacido en Monter\u00eda, Colombia, viene de una familia profundamente arraigada en la m\u00fasica. Encontr\u00f3 inspiraci\u00f3n desde temprana edad gracias a su madre, quien es una talentosa cantante y su hermano mayor, Juli\u00e1n Turizo. Su hermano Juli\u00e1n es mentor y principal influencia musical, e incluso en algunas ocasiones ha sido su productor. <\/p>\n\n\n\n<p>El punto de salida en su carrera musical fue en 2016, cuando lanz\u00f3 su primer sencillo \u00abUna Lady Como T\u00fa\u00bb, que se convirti\u00f3 en un fen\u00f3meno viral y lo llev\u00f3 a la escena internacional. Despu\u00e9s de este \u00e9xito, lanz\u00f3 de su \u00e1lbum debut \u00abADN\u00bb en 2018, consolidando su posici\u00f3n en la industria musical.<\/p>\n\n\n\n<p>El video de \u00abUna Lady Como T\u00fa\u00bb lleg\u00f3 a tener mil millones de reproducciones en Youtube en el a\u00f1o 2018. Su canci\u00f3n \u00abVaina loca\u00bb lleg\u00f3 a tener m\u00e1s de 5 millones de reproducciones diarias en Youtube.<\/p>\n\n\n\n<p>Desde entonces, Manuel Turizo ha continuado su ascenso mete\u00f3rico, colaborando con artistas de renombre y lanzando \u00e9xito tras \u00e9xito, con canciones como \u00abEsper\u00e1ndote\u00bb y \u00abCulpables\u00bb. Su m\u00fasica fusiona ritmos urbanos y pop latino, y ha resonado con audiencias de todas las edades.<\/p>\n\n\n\n<p>Recientemente, ha explorado con g\u00e9neros como la bachata y la m\u00fasica electr\u00f3nica. Sus trabajos en esta \u00e9poca han sido canciones como \u00abLa bachata\u00bb, \u00abDespecho\u00bb, y \u00abExtasis\u00bb. <\/p>\n\n\n\n<h2 class=\"wp-block-heading\">Producci\u00f3n musical<\/h2>\n\n\n\n<p>Manuel Turizo tiene publicados 3 album de studio:<\/p>\n\n\n\n<ul class=\"wp-block-list\">\n<li>ADN (2019)<\/li>\n\n\n\n<li>Dopamina (2021)<\/li>\n\n\n\n<li>2023 (2000)<\/li>\n<\/ul>\n\n\n\n<p>Ha realizado 3 tour mundiales, en el 2019, 2021 y 2023, adem\u00e1s de una gira colaborativa por Estados Unidos con Sebasti\u00e1n Yatra. Fue telonero de Marc Anthony en el Viviendo Tour.<\/p>\n\n\n\n<figure class=\"wp-block-image aligncenter size-large is-resized\"><img decoding=\"async\" width=\"1024\" height=\"684\" data-src=\"https:\/\/dondevamos.xyz\/festival-picnic\/wp-content\/uploads\/sites\/9\/2024\/01\/manuel-turizo-costa-rica-02-1024x684.jpg\" alt=\"manuel turizo concierto costa rica\" class=\"wp-image-211 lazyload\" style=\"--smush-placeholder-width: 1024px; --smush-placeholder-aspect-ratio: 1024\/684;width:350px\" data-srcset=\"https:\/\/dondevamos.xyz\/festival-picnic\/wp-content\/uploads\/sites\/9\/2024\/01\/manuel-turizo-costa-rica-02-1024x684.jpg 1024w, https:\/\/dondevamos.xyz\/festival-picnic\/wp-content\/uploads\/sites\/9\/2024\/01\/manuel-turizo-costa-rica-02-300x200.jpg 300w, https:\/\/dondevamos.xyz\/festival-picnic\/wp-content\/uploads\/sites\/9\/2024\/01\/manuel-turizo-costa-rica-02-768x513.jpg 768w, https:\/\/dondevamos.xyz\/festival-picnic\/wp-content\/uploads\/sites\/9\/2024\/01\/manuel-turizo-costa-rica-02-1536x1025.jpg 1536w, https:\/\/dondevamos.xyz\/festival-picnic\/wp-content\/uploads\/sites\/9\/2024\/01\/manuel-turizo-costa-rica-02.jpg 2048w\" data-sizes=\"(max-width: 1024px) 100vw, 1024px\" src=\"data:image\/svg+xml;base64,PHN2ZyB3aWR0aD0iMSIgaGVpZ2h0PSIxIiB4bWxucz0iaHR0cDovL3d3dy53My5vcmcvMjAwMC9zdmciPjwvc3ZnPg==\" \/><figcaption class=\"wp-element-caption\">Foto: <a href=\"https:\/\/www.facebook.com\/backstagemagazinecr\" target=\"_blank\" rel=\"noopener\">Backstage Magazine<\/a><\/figcaption><\/figure>\n\n\n\n<p>Sumado a sus discos, ha participado en telenovelas colombianas como:<\/p>\n\n\n\n<ul class=\"wp-block-list\">\n<li>La reina del flow (2018-2021)<\/li>\n\n\n\n<li>La suerte de loli (2021)<\/li>\n\n\n\n<li>La casa de los famosos M\u00e9xico (2023)<\/li>\n<\/ul>\n\n\n\n<h2 class=\"wp-block-heading\">Colaboraciones con otros artistas<\/h2>\n\n\n\n<p>Manuel Turizo tiene colaboraciones en singles con artistas como Juan Mag\u00e1n, Belinda, Ozuna, Noriel, Yandel, Anuel AA, CNCO, Rauw Alejandro, Maluma y Wisin y Yandel.<\/p>\n\n\n\n<p>Como artista invitado ha aparecido en singles de Valentino, Piso 21, Zion &amp; Lennox, Natti Natasha, y Tini. El single \u00abD\u00e9jala que vuelva\u00bb de Piso 21, en donde fue artista invitado, lleg\u00f3 a la posici\u00f3n 16 en US Hot Latin Songs,. En Colombia este single logr\u00f3 2X platino, en M\u00e9xico Diamante y 3X platino.<\/p>\n\n\n\n<h2 class=\"wp-block-heading\">Premios<\/h2>\n\n\n\n<p>Manuel Turizo tiene 10 nominaciones a premios (Kids&#8217; Choice, MTV Millenial, Grammy Latinos, Nuestra Tierra, Los 40) y un premio ganado con Los 40: mejor canci\u00f3n en categor\u00eda global latina por su single \u00abLa bachata\u00bb.<\/p>\n\n\n\n<figure class=\"wp-block-image aligncenter size-large is-resized\"><img decoding=\"async\" width=\"1024\" height=\"764\" data-src=\"https:\/\/dondevamos.xyz\/festival-picnic\/wp-content\/uploads\/sites\/9\/2024\/01\/manuel-turizo-costa-rica-03-1024x764.jpg\" alt=\"manuel turizo festival picnic 2024\" class=\"wp-image-212 lazyload\" style=\"--smush-placeholder-width: 1024px; --smush-placeholder-aspect-ratio: 1024\/764;width:350px\" data-srcset=\"https:\/\/dondevamos.xyz\/festival-picnic\/wp-content\/uploads\/sites\/9\/2024\/01\/manuel-turizo-costa-rica-03-1024x764.jpg 1024w, https:\/\/dondevamos.xyz\/festival-picnic\/wp-content\/uploads\/sites\/9\/2024\/01\/manuel-turizo-costa-rica-03-300x224.jpg 300w, https:\/\/dondevamos.xyz\/festival-picnic\/wp-content\/uploads\/sites\/9\/2024\/01\/manuel-turizo-costa-rica-03-768x573.jpg 768w, https:\/\/dondevamos.xyz\/festival-picnic\/wp-content\/uploads\/sites\/9\/2024\/01\/manuel-turizo-costa-rica-03.jpg 1200w\" data-sizes=\"(max-width: 1024px) 100vw, 1024px\" src=\"data:image\/svg+xml;base64,PHN2ZyB3aWR0aD0iMSIgaGVpZ2h0PSIxIiB4bWxucz0iaHR0cDovL3d3dy53My5vcmcvMjAwMC9zdmciPjwvc3ZnPg==\" \/><\/figure>\n<!-- AddThis Advanced Settings generic via filter on the_content --><!-- AddThis Share Buttons generic via filter on the_content -->","protected":false},"excerpt":{"rendered":"<p>Artistas del Picnic: Manuel Turizo Nombre verdadero Manuel Turizo Zapata Nacionalidad Colombiano Edad 23 G\u00e9neros Musicales Reggaet\u00f3n, Trap, R&amp;B, Bachata Manuel Turizo, tambi\u00e9n conocido como MTZ, ha conquistado la escena musical con su talento \u00fanico y versatilidad art\u00edstica. Desde el explosivo \u00e9xito de \u00abUna Lady Como T\u00fa\u00bb en 2016 hasta sus colaboraciones m\u00e1s recientes con [&hellip;]<!-- AddThis Advanced Settings generic via filter on get_the_excerpt --><!-- AddThis Share Buttons generic via filter on get_the_excerpt --><\/p>\n","protected":false},"author":2,"featured_media":209,"parent":94,"menu_order":0,"comment_status":"closed","ping_status":"closed","template":"","meta":{"footnotes":""},"class_list":["post-258","page","type-page","status-publish","has-post-thumbnail","hentry"],"yoast_head":"<!-- This site is optimized with the Yoast SEO plugin v27.5 - https:\/\/yoast.com\/product\/yoast-seo-wordpress\/ -->\n<title>Manuel Turizo en Costa Rica 2024 - Festival Picnic 2024<\/title>\n<meta name=\"description\" content=\"Disfruta del ritmo de Manuel Turizo en el Festival Picnic 2024. Una fusi\u00f3n de ritmos latinos, para una noche inolvidable llena de energ\u00eda.\" \/>\n<meta name=\"robots\" content=\"index, follow, max-snippet:-1, max-image-preview:large, max-video-preview:-1\" \/>\n<link rel=\"canonical\" href=\"https:\/\/dondevamos.xyz\/festival-picnic\/conciertos\/manuel-turizo\/\" \/>\n<meta property=\"og:locale\" content=\"es_ES\" \/>\n<meta property=\"og:type\" content=\"article\" \/>\n<meta property=\"og:title\" content=\"Manuel Turizo en Costa Rica 2024 - Festival Picnic 2024\" \/>\n<meta property=\"og:description\" content=\"Disfruta del ritmo de Manuel Turizo en el Festival Picnic 2024. Una fusi\u00f3n de ritmos latinos, para una noche inolvidable llena de energ\u00eda.\" \/>\n<meta property=\"og:url\" content=\"https:\/\/dondevamos.xyz\/festival-picnic\/conciertos\/manuel-turizo\/\" \/>\n<meta property=\"og:site_name\" content=\"Festival Picnic 2024\" \/>\n<meta property=\"article:modified_time\" content=\"2024-02-10T15:52:34+00:00\" \/>\n<meta property=\"og:image\" content=\"https:\/\/dondevamos.xyz\/festival-picnic\/wp-content\/uploads\/sites\/9\/2024\/01\/manuel-turizo-costa-rica-04.jpg\" \/>\n\t<meta property=\"og:image:width\" content=\"667\" \/>\n\t<meta property=\"og:image:height\" content=\"375\" \/>\n\t<meta property=\"og:image:type\" content=\"image\/jpeg\" \/>\n<meta name=\"twitter:card\" content=\"summary_large_image\" \/>\n<meta name=\"twitter:label1\" content=\"Tiempo de lectura\" \/>\n\t<meta name=\"twitter:data1\" content=\"4 minutos\" \/>\n<script type=\"application\/ld+json\" class=\"yoast-schema-graph\">{\"@context\":\"https:\\\/\\\/schema.org\",\"@graph\":[{\"@type\":\"WebPage\",\"@id\":\"https:\\\/\\\/dondevamos.xyz\\\/festival-picnic\\\/conciertos\\\/manuel-turizo\\\/\",\"url\":\"https:\\\/\\\/dondevamos.xyz\\\/festival-picnic\\\/conciertos\\\/manuel-turizo\\\/\",\"name\":\"Manuel Turizo en Costa Rica 2024 - Festival Picnic 2024\",\"isPartOf\":{\"@id\":\"https:\\\/\\\/dondevamos.xyz\\\/festival-picnic\\\/#website\"},\"primaryImageOfPage\":{\"@id\":\"https:\\\/\\\/dondevamos.xyz\\\/festival-picnic\\\/conciertos\\\/manuel-turizo\\\/#primaryimage\"},\"image\":{\"@id\":\"https:\\\/\\\/dondevamos.xyz\\\/festival-picnic\\\/conciertos\\\/manuel-turizo\\\/#primaryimage\"},\"thumbnailUrl\":\"https:\\\/\\\/dondevamos.xyz\\\/festival-picnic\\\/wp-content\\\/uploads\\\/sites\\\/9\\\/2024\\\/01\\\/manuel-turizo-costa-rica-04.jpg\",\"datePublished\":\"2024-02-01T21:22:00+00:00\",\"dateModified\":\"2024-02-10T15:52:34+00:00\",\"description\":\"Disfruta del ritmo de Manuel Turizo en el Festival Picnic 2024. Una fusi\u00f3n de ritmos latinos, para una noche inolvidable llena de energ\u00eda.\",\"breadcrumb\":{\"@id\":\"https:\\\/\\\/dondevamos.xyz\\\/festival-picnic\\\/conciertos\\\/manuel-turizo\\\/#breadcrumb\"},\"inLanguage\":\"es\",\"potentialAction\":[{\"@type\":\"ReadAction\",\"target\":[\"https:\\\/\\\/dondevamos.xyz\\\/festival-picnic\\\/conciertos\\\/manuel-turizo\\\/\"]}]},{\"@type\":\"ImageObject\",\"inLanguage\":\"es\",\"@id\":\"https:\\\/\\\/dondevamos.xyz\\\/festival-picnic\\\/conciertos\\\/manuel-turizo\\\/#primaryimage\",\"url\":\"https:\\\/\\\/dondevamos.xyz\\\/festival-picnic\\\/wp-content\\\/uploads\\\/sites\\\/9\\\/2024\\\/01\\\/manuel-turizo-costa-rica-04.jpg\",\"contentUrl\":\"https:\\\/\\\/dondevamos.xyz\\\/festival-picnic\\\/wp-content\\\/uploads\\\/sites\\\/9\\\/2024\\\/01\\\/manuel-turizo-costa-rica-04.jpg\",\"width\":667,\"height\":375,\"caption\":\"concierto manuel turizo costa rica\"},{\"@type\":\"BreadcrumbList\",\"@id\":\"https:\\\/\\\/dondevamos.xyz\\\/festival-picnic\\\/conciertos\\\/manuel-turizo\\\/#breadcrumb\",\"itemListElement\":[{\"@type\":\"ListItem\",\"position\":1,\"name\":\"Portada\",\"item\":\"https:\\\/\\\/dondevamos.xyz\\\/festival-picnic\\\/\"},{\"@type\":\"ListItem\",\"position\":2,\"name\":\"Conciertos festival Picnic 2024\",\"item\":\"https:\\\/\\\/dondevamos.xyz\\\/festival-picnic\\\/conciertos\\\/\"},{\"@type\":\"ListItem\",\"position\":3,\"name\":\"Manuel Turizo en Costa Rica 2024\"}]},{\"@type\":\"WebSite\",\"@id\":\"https:\\\/\\\/dondevamos.xyz\\\/festival-picnic\\\/#website\",\"url\":\"https:\\\/\\\/dondevamos.xyz\\\/festival-picnic\\\/\",\"name\":\"Festival Picnic 2024\",\"description\":\"Informaci\u00f3n del festival Picnic 2024\",\"publisher\":{\"@id\":\"https:\\\/\\\/dondevamos.xyz\\\/festival-picnic\\\/#organization\"},\"potentialAction\":[{\"@type\":\"SearchAction\",\"target\":{\"@type\":\"EntryPoint\",\"urlTemplate\":\"https:\\\/\\\/dondevamos.xyz\\\/festival-picnic\\\/?s={search_term_string}\"},\"query-input\":{\"@type\":\"PropertyValueSpecification\",\"valueRequired\":true,\"valueName\":\"search_term_string\"}}],\"inLanguage\":\"es\"},{\"@type\":\"Organization\",\"@id\":\"https:\\\/\\\/dondevamos.xyz\\\/festival-picnic\\\/#organization\",\"name\":\"Dondevamos XYZ\",\"alternateName\":\"Donde Vamos: Festival Picnic\",\"url\":\"https:\\\/\\\/dondevamos.xyz\\\/festival-picnic\\\/\",\"logo\":{\"@type\":\"ImageObject\",\"inLanguage\":\"es\",\"@id\":\"https:\\\/\\\/dondevamos.xyz\\\/festival-picnic\\\/#\\\/schema\\\/logo\\\/image\\\/\",\"url\":\"https:\\\/\\\/dondevamos.xyz\\\/festival-picnic\\\/wp-content\\\/uploads\\\/sites\\\/9\\\/2024\\\/01\\\/dondevamos.jpeg\",\"contentUrl\":\"https:\\\/\\\/dondevamos.xyz\\\/festival-picnic\\\/wp-content\\\/uploads\\\/sites\\\/9\\\/2024\\\/01\\\/dondevamos.jpeg\",\"width\":200,\"height\":200,\"caption\":\"Dondevamos XYZ\"},\"image\":{\"@id\":\"https:\\\/\\\/dondevamos.xyz\\\/festival-picnic\\\/#\\\/schema\\\/logo\\\/image\\\/\"}}]}<\/script>\n<!-- \/ Yoast SEO plugin. -->","yoast_head_json":{"title":"Manuel Turizo en Costa Rica 2024 - Festival Picnic 2024","description":"Disfruta del ritmo de Manuel Turizo en el Festival Picnic 2024. Una fusi\u00f3n de ritmos latinos, para una noche inolvidable llena de energ\u00eda.","robots":{"index":"index","follow":"follow","max-snippet":"max-snippet:-1","max-image-preview":"max-image-preview:large","max-video-preview":"max-video-preview:-1"},"canonical":"https:\/\/dondevamos.xyz\/festival-picnic\/conciertos\/manuel-turizo\/","og_locale":"es_ES","og_type":"article","og_title":"Manuel Turizo en Costa Rica 2024 - Festival Picnic 2024","og_description":"Disfruta del ritmo de Manuel Turizo en el Festival Picnic 2024. Una fusi\u00f3n de ritmos latinos, para una noche inolvidable llena de energ\u00eda.","og_url":"https:\/\/dondevamos.xyz\/festival-picnic\/conciertos\/manuel-turizo\/","og_site_name":"Festival Picnic 2024","article_modified_time":"2024-02-10T15:52:34+00:00","og_image":[{"width":667,"height":375,"url":"https:\/\/dondevamos.xyz\/festival-picnic\/wp-content\/uploads\/sites\/9\/2024\/01\/manuel-turizo-costa-rica-04.jpg","type":"image\/jpeg"}],"twitter_card":"summary_large_image","twitter_misc":{"Tiempo de lectura":"4 minutos"},"schema":{"@context":"https:\/\/schema.org","@graph":[{"@type":"WebPage","@id":"https:\/\/dondevamos.xyz\/festival-picnic\/conciertos\/manuel-turizo\/","url":"https:\/\/dondevamos.xyz\/festival-picnic\/conciertos\/manuel-turizo\/","name":"Manuel Turizo en Costa Rica 2024 - Festival Picnic 2024","isPartOf":{"@id":"https:\/\/dondevamos.xyz\/festival-picnic\/#website"},"primaryImageOfPage":{"@id":"https:\/\/dondevamos.xyz\/festival-picnic\/conciertos\/manuel-turizo\/#primaryimage"},"image":{"@id":"https:\/\/dondevamos.xyz\/festival-picnic\/conciertos\/manuel-turizo\/#primaryimage"},"thumbnailUrl":"https:\/\/dondevamos.xyz\/festival-picnic\/wp-content\/uploads\/sites\/9\/2024\/01\/manuel-turizo-costa-rica-04.jpg","datePublished":"2024-02-01T21:22:00+00:00","dateModified":"2024-02-10T15:52:34+00:00","description":"Disfruta del ritmo de Manuel Turizo en el Festival Picnic 2024. Una fusi\u00f3n de ritmos latinos, para una noche inolvidable llena de energ\u00eda.","breadcrumb":{"@id":"https:\/\/dondevamos.xyz\/festival-picnic\/conciertos\/manuel-turizo\/#breadcrumb"},"inLanguage":"es","potentialAction":[{"@type":"ReadAction","target":["https:\/\/dondevamos.xyz\/festival-picnic\/conciertos\/manuel-turizo\/"]}]},{"@type":"ImageObject","inLanguage":"es","@id":"https:\/\/dondevamos.xyz\/festival-picnic\/conciertos\/manuel-turizo\/#primaryimage","url":"https:\/\/dondevamos.xyz\/festival-picnic\/wp-content\/uploads\/sites\/9\/2024\/01\/manuel-turizo-costa-rica-04.jpg","contentUrl":"https:\/\/dondevamos.xyz\/festival-picnic\/wp-content\/uploads\/sites\/9\/2024\/01\/manuel-turizo-costa-rica-04.jpg","width":667,"height":375,"caption":"concierto manuel turizo costa rica"},{"@type":"BreadcrumbList","@id":"https:\/\/dondevamos.xyz\/festival-picnic\/conciertos\/manuel-turizo\/#breadcrumb","itemListElement":[{"@type":"ListItem","position":1,"name":"Portada","item":"https:\/\/dondevamos.xyz\/festival-picnic\/"},{"@type":"ListItem","position":2,"name":"Conciertos festival Picnic 2024","item":"https:\/\/dondevamos.xyz\/festival-picnic\/conciertos\/"},{"@type":"ListItem","position":3,"name":"Manuel Turizo en Costa Rica 2024"}]},{"@type":"WebSite","@id":"https:\/\/dondevamos.xyz\/festival-picnic\/#website","url":"https:\/\/dondevamos.xyz\/festival-picnic\/","name":"Festival Picnic 2024","description":"Informaci\u00f3n del festival Picnic 2024","publisher":{"@id":"https:\/\/dondevamos.xyz\/festival-picnic\/#organization"},"potentialAction":[{"@type":"SearchAction","target":{"@type":"EntryPoint","urlTemplate":"https:\/\/dondevamos.xyz\/festival-picnic\/?s={search_term_string}"},"query-input":{"@type":"PropertyValueSpecification","valueRequired":true,"valueName":"search_term_string"}}],"inLanguage":"es"},{"@type":"Organization","@id":"https:\/\/dondevamos.xyz\/festival-picnic\/#organization","name":"Dondevamos XYZ","alternateName":"Donde Vamos: Festival Picnic","url":"https:\/\/dondevamos.xyz\/festival-picnic\/","logo":{"@type":"ImageObject","inLanguage":"es","@id":"https:\/\/dondevamos.xyz\/festival-picnic\/#\/schema\/logo\/image\/","url":"https:\/\/dondevamos.xyz\/festival-picnic\/wp-content\/uploads\/sites\/9\/2024\/01\/dondevamos.jpeg","contentUrl":"https:\/\/dondevamos.xyz\/festival-picnic\/wp-content\/uploads\/sites\/9\/2024\/01\/dondevamos.jpeg","width":200,"height":200,"caption":"Dondevamos XYZ"},"image":{"@id":"https:\/\/dondevamos.xyz\/festival-picnic\/#\/schema\/logo\/image\/"}}]}},"_links":{"self":[{"href":"https:\/\/dondevamos.xyz\/festival-picnic\/wp-json\/wp\/v2\/pages\/258","targetHints":{"allow":["GET"]}}],"collection":[{"href":"https:\/\/dondevamos.xyz\/festival-picnic\/wp-json\/wp\/v2\/pages"}],"about":[{"href":"https:\/\/dondevamos.xyz\/festival-picnic\/wp-json\/wp\/v2\/types\/page"}],"author":[{"embeddable":true,"href":"https:\/\/dondevamos.xyz\/festival-picnic\/wp-json\/wp\/v2\/users\/2"}],"replies":[{"embeddable":true,"href":"https:\/\/dondevamos.xyz\/festival-picnic\/wp-json\/wp\/v2\/comments?post=258"}],"version-history":[{"count":3,"href":"https:\/\/dondevamos.xyz\/festival-picnic\/wp-json\/wp\/v2\/pages\/258\/revisions"}],"predecessor-version":[{"id":362,"href":"https:\/\/dondevamos.xyz\/festival-picnic\/wp-json\/wp\/v2\/pages\/258\/revisions\/362"}],"up":[{"embeddable":true,"href":"https:\/\/dondevamos.xyz\/festival-picnic\/wp-json\/wp\/v2\/pages\/94"}],"wp:featuredmedia":[{"embeddable":true,"href":"https:\/\/dondevamos.xyz\/festival-picnic\/wp-json\/wp\/v2\/media\/209"}],"wp:attachment":[{"href":"https:\/\/dondevamos.xyz\/festival-picnic\/wp-json\/wp\/v2\/media?parent=258"}],"curies":[{"name":"wp","href":"https:\/\/api.w.org\/{rel}","templated":true}]}}