{"id":250,"date":"2024-02-01T14:15:00","date_gmt":"2024-02-01T20:15:00","guid":{"rendered":"https:\/\/dondevamos.xyz\/festival-picnic\/?page_id=250"},"modified":"2024-01-31T22:10:16","modified_gmt":"2024-02-01T04:10:16","slug":"j-balvin","status":"publish","type":"page","link":"https:\/\/dondevamos.xyz\/festival-picnic\/conciertos\/j-balvin\/","title":{"rendered":"J Balvin en Costa Rica 2024"},"content":{"rendered":"\n<p class=\"has-x-large-font-size\"><strong>Artistas del Picnic: J Balvin<\/strong><\/p>\n\n\n\n<figure class=\"wp-block-image aligncenter size-large is-resized\"><img decoding=\"async\" width=\"819\" height=\"1024\" data-src=\"https:\/\/dondevamos.xyz\/festival-picnic\/wp-content\/uploads\/sites\/9\/2024\/01\/j-balvin-picnic-01-819x1024.jpg\" alt=\"concierto j balvin costa rica\" class=\"wp-image-197 lazyload\" style=\"--smush-placeholder-width: 819px; --smush-placeholder-aspect-ratio: 819\/1024;width:auto;height:450px\" data-srcset=\"https:\/\/dondevamos.xyz\/festival-picnic\/wp-content\/uploads\/sites\/9\/2024\/01\/j-balvin-picnic-01-819x1024.jpg 819w, https:\/\/dondevamos.xyz\/festival-picnic\/wp-content\/uploads\/sites\/9\/2024\/01\/j-balvin-picnic-01-240x300.jpg 240w, https:\/\/dondevamos.xyz\/festival-picnic\/wp-content\/uploads\/sites\/9\/2024\/01\/j-balvin-picnic-01-768x960.jpg 768w, https:\/\/dondevamos.xyz\/festival-picnic\/wp-content\/uploads\/sites\/9\/2024\/01\/j-balvin-picnic-01-1229x1536.jpg 1229w, https:\/\/dondevamos.xyz\/festival-picnic\/wp-content\/uploads\/sites\/9\/2024\/01\/j-balvin-picnic-01.jpg 1440w\" data-sizes=\"(max-width: 819px) 100vw, 819px\" src=\"data:image\/svg+xml;base64,PHN2ZyB3aWR0aD0iMSIgaGVpZ2h0PSIxIiB4bWxucz0iaHR0cDovL3d3dy53My5vcmcvMjAwMC9zdmciPjwvc3ZnPg==\" \/><figcaption class=\"wp-element-caption\">Foto: <a href=\"https:\/\/www.facebook.com\/JBalvinOficial\/\" target=\"_blank\" rel=\"noopener\">Facebook J Balvin<\/a><\/figcaption><\/figure>\n\n\n\n<figure class=\"wp-block-table has-medium-font-size\"><table class=\"has-base-2-background-color has-background\"><tbody><tr><td><strong>Nombre verdadero<\/strong><\/td><td>Jos\u00e9 \u00c1lvaro Osorio Balv\u00edn<\/td><\/tr><tr><td><strong>Nacionalidad<\/strong><\/td><td>Colombiano<\/td><\/tr><tr><td><strong>Edad<\/strong><\/td><td>38<\/td><\/tr><tr><td><strong>G\u00e9neros Musicales<\/strong><\/td><td>Reggaeton, R&amp;B, Trap, Reggae<\/td><\/tr><\/tbody><\/table><\/figure>\n\n\n\n<p>Prep\u00e1rate para una experiencia musical inolvidable con el \u00edcono J Balvin! El cantante colombiano de la m\u00fasica urbana, promete en un viaje musical lleno de energ\u00eda y ritmos contagiosos. Tienes la oportunidad de ser parte de su universo musical en un concierto que promete explosi\u00f3n de colores, emociones desbordantes y una conexi\u00f3n \u00fanica. \u00a1Es m\u00e1s que un concierto, es una experiencia que no querr\u00e1s perderte!<\/p>\n\n\n\n<p>Se estar\u00e1 presentando en el <a data-type=\"page\" data-id=\"18\" href=\"https:\/\/dondevamos.xyz\/festival-picnic\/\">festival Picnic 2024<\/a>, el 17 de febrero.<\/p>\n\n\n\n<h2 class=\"wp-block-heading\">Playlists de J Balvin<\/h2>\n\n\n\n<p>Tanto en Youtube como en Spotify, podemos encontrar playlists con las mejores canciones y conciertos de este artista.<\/p>\n\n\n\n<h2 class=\"wp-block-heading\">La Historia de J Balvin<\/h2>\n\n\n\n<p>J Balvin, cuyo nombre real es Jos\u00e9 \u00c1lvaro Osorio Balv\u00edn, inici\u00f3 sus exploraciones musicales estando en el colegio. Durante esa \u00e9poca, particip\u00f3 en diversas bandas, que interpretaban canciones de grupos como Nirvana, Metallica y Enanitos verdes.<\/p>\n\n\n\n<p>Comenz\u00f3 a estudiar negocios internacionales y comunicaci\u00f3n en la universidad EAFIT, de la cual se sali\u00f3 al s\u00e9timo semestre. <\/p>\n\n\n\n<p>Su estilo musical tuvo muchas influencias. Desde bandas de los 90s como Metallica y Nirvana, hasta leyendas de la salsa como H\u00e9ctor Lavoe y pioneros del reguet\u00f3n como Daddy Yankee. <\/p>\n\n\n\n<p>Sus primeros pasos en la escena musical fueron en el 2007 con el lanzamiento de \u00ab\u00c9xtasis\u00bb. En el 2009, firm\u00f3 con la disquera EMI  para publicar el sencillo \u00abHola que tal\u00bb. Su primer \u00e1lbum de estudio, La Familia, sali\u00f3 en el 2013.<\/p>\n\n\n\n<p>Tiene un hijo llamado Rio, con Valentina Ferrer, modelo y reina de belleza argentina.<\/p>\n\n\n\n<p>En el 2021, se pele\u00f3 con <a href=\"https:\/\/dondevamos.xyz\/festival-picnic\/conciertos\/residente\/\">Residente<\/a>, quien dijo que su m\u00fasica era mala, \u00abcomo un carrito de hot dogs\u00bb. J Balvin le respondi\u00f3 publicado fotos en las que aparec\u00eda con un carrito de hot dogs, y sac\u00f3 camisetas con la tem\u00e1tica para aprovechar la situaci\u00f3n. La pelea continu\u00f3 en redes sociales, y hasta el momento los dos cantantes no han hecho las paces.<\/p>\n\n\n\n<p>J Balvin tambi\u00e9n ha asumido roles en el mundo de la moda, se convirti\u00f3 en en embajador durante la Semana de la Moda de Nueva York. Su estilo est\u00e1 influenciado por otros cantantes visionarios de la moda como Kanye West y Pharrell Williams.<\/p>\n\n\n\n<h2 class=\"wp-block-heading\">Producci\u00f3n musical<\/h2>\n\n\n\n<p>Aunque J Balvin aborda diversos temas en sus letras, ha optado por no escribir espec\u00edficamente sobre la violencia en Colombia. Su enfoque busca ofrecer al p\u00fablico una variedad de experiencias, emociones y tem\u00e1ticas, destacando aspectos positivos y celebratorios en lugar de centrarse exclusivamente en temas sociales conflictivos.<\/p>\n\n\n\n<p>Tambi\u00e9n con su m\u00fasica, J Balvin ha buscado cambiar la percepci\u00f3n estereotipada del reguet\u00f3n como un g\u00e9nero mis\u00f3gino y machista. Se ha convertido en un defensor de una imagen m\u00e1s inclusiva y respetuosa dentro del reguet\u00f3n.<\/p>\n\n\n\n<p>J Balvin ha publicado 5 album de studio desde el 2013:<\/p>\n\n\n\n<ul class=\"wp-block-list\">\n<li>\u00abLa Familia\u00bb (2013)<\/li>\n\n\n\n<li>\u00abEnerg\u00eda\u00bb (2016)<\/li>\n\n\n\n<li>\u00abVibras\u00bb (2018)<\/li>\n\n\n\n<li>\u00abColores\u00bb (2020)<\/li>\n\n\n\n<li>\u00abJos\u00e9\u00bb (2021)<\/li>\n\n\n\n<li>\u00abSonr\u00ede Est\u00e1s en C\u00e1mara\u00bb (2024)<\/li>\n<\/ul>\n\n\n\n<p>Ha realizado 4 giras, la m\u00e1s reciente en el 2022 (Jose Tour).<\/p>\n\n\n\n<figure class=\"wp-block-image aligncenter size-large is-resized\"><img decoding=\"async\" width=\"846\" height=\"1024\" data-src=\"https:\/\/dondevamos.xyz\/festival-picnic\/wp-content\/uploads\/sites\/9\/2024\/01\/j-balvin-picnic-02-846x1024.jpg\" alt=\"entradas concierto j balvin\" class=\"wp-image-198 lazyload\" style=\"--smush-placeholder-width: 846px; --smush-placeholder-aspect-ratio: 846\/1024;width:350px\" data-srcset=\"https:\/\/dondevamos.xyz\/festival-picnic\/wp-content\/uploads\/sites\/9\/2024\/01\/j-balvin-picnic-02-846x1024.jpg 846w, https:\/\/dondevamos.xyz\/festival-picnic\/wp-content\/uploads\/sites\/9\/2024\/01\/j-balvin-picnic-02-248x300.jpg 248w, https:\/\/dondevamos.xyz\/festival-picnic\/wp-content\/uploads\/sites\/9\/2024\/01\/j-balvin-picnic-02-768x930.jpg 768w, https:\/\/dondevamos.xyz\/festival-picnic\/wp-content\/uploads\/sites\/9\/2024\/01\/j-balvin-picnic-02.jpg 960w\" data-sizes=\"(max-width: 846px) 100vw, 846px\" src=\"data:image\/svg+xml;base64,PHN2ZyB3aWR0aD0iMSIgaGVpZ2h0PSIxIiB4bWxucz0iaHR0cDovL3d3dy53My5vcmcvMjAwMC9zdmciPjwvc3ZnPg==\" \/><figcaption class=\"wp-element-caption\">Foto: <a href=\"https:\/\/www.facebook.com\/JBalvinOficial\/\" target=\"_blank\" rel=\"noopener\">Facebook J Balvin<\/a><\/figcaption><\/figure>\n\n\n\n<h2 class=\"wp-block-heading\">Colaboraciones con otros artistas<\/h2>\n\n\n\n<p>Una de sus colaboraciones m\u00e1s famosas fue cuando uni\u00f3 fuerzas con Bad Bunny para lanzar el \u00e1lbum \u00abOasis\u00bb en 2019. Tambi\u00e9n ha realizado colaboraciones con Farruko, Nicky Jam, Daddy Yankee, Pitbull, Beyonce, Ozuna, Wisin y Yandel, Juan Gabriel, Becky G, H\u00e9ctor el Father, y Maroon 5, entre muchos otros.<\/p>\n\n\n\n<h2 class=\"wp-block-heading\">Premios<\/h2>\n\n\n\n<p>J Balvin ha ganado numerosos premios y reconocimientos, entre ellos:<\/p>\n\n\n\n<ul class=\"wp-block-list\">\n<li>5 Grammy Latino<\/li>\n\n\n\n<li>2 premios Billboard US y 8 Billboard Latino<\/li>\n\n\n\n<li>17 Premios Lo Nuestro<\/li>\n\n\n\n<li>Premio Guinness World Record por \u00abGinza\u00bb (2017): Su sencillo \u00abGinza\u00bb obtuvo un lugar en el libro Guinness World Records, por ser el sencillo con m\u00e1s semanas en el primer lugar de la lista Hot Latin Songs.<\/li>\n\n\n\n<li>Festival de Vi\u00f1a del Mar: Gaviota de Plata y Oro<\/li>\n<\/ul>\n\n\n\n<figure class=\"wp-block-image aligncenter size-large is-resized\"><img decoding=\"async\" width=\"782\" height=\"1024\" data-src=\"https:\/\/dondevamos.xyz\/festival-picnic\/wp-content\/uploads\/sites\/9\/2024\/01\/j-balvin-picnic-04-782x1024.jpg\" alt=\"j balvin concierto costa rica\" class=\"wp-image-200 lazyload\" style=\"--smush-placeholder-width: 782px; --smush-placeholder-aspect-ratio: 782\/1024;width:350px\" data-srcset=\"https:\/\/dondevamos.xyz\/festival-picnic\/wp-content\/uploads\/sites\/9\/2024\/01\/j-balvin-picnic-04-782x1024.jpg 782w, https:\/\/dondevamos.xyz\/festival-picnic\/wp-content\/uploads\/sites\/9\/2024\/01\/j-balvin-picnic-04-229x300.jpg 229w, https:\/\/dondevamos.xyz\/festival-picnic\/wp-content\/uploads\/sites\/9\/2024\/01\/j-balvin-picnic-04-768x1006.jpg 768w, https:\/\/dondevamos.xyz\/festival-picnic\/wp-content\/uploads\/sites\/9\/2024\/01\/j-balvin-picnic-04.jpg 1099w\" data-sizes=\"(max-width: 782px) 100vw, 782px\" src=\"data:image\/svg+xml;base64,PHN2ZyB3aWR0aD0iMSIgaGVpZ2h0PSIxIiB4bWxucz0iaHR0cDovL3d3dy53My5vcmcvMjAwMC9zdmciPjwvc3ZnPg==\" \/><figcaption class=\"wp-element-caption\">Foto: <a href=\"https:\/\/www.facebook.com\/JBalvinOficial\/\" target=\"_blank\" rel=\"noopener\">Facebook J Balvin<\/a><\/figcaption><\/figure>\n<!-- AddThis Advanced Settings generic via filter on the_content --><!-- AddThis Share Buttons generic via filter on the_content -->","protected":false},"excerpt":{"rendered":"<p>Artistas del Picnic: J Balvin Nombre verdadero Jos\u00e9 \u00c1lvaro Osorio Balv\u00edn Nacionalidad Colombiano Edad 38 G\u00e9neros Musicales Reggaeton, R&amp;B, Trap, Reggae Prep\u00e1rate para una experiencia musical inolvidable con el \u00edcono J Balvin! El cantante colombiano de la m\u00fasica urbana, promete en un viaje musical lleno de energ\u00eda y ritmos contagiosos. Tienes la oportunidad de ser [&hellip;]<!-- AddThis Advanced Settings generic via filter on get_the_excerpt --><!-- AddThis Share Buttons generic via filter on get_the_excerpt --><\/p>\n","protected":false},"author":2,"featured_media":194,"parent":94,"menu_order":0,"comment_status":"closed","ping_status":"closed","template":"","meta":{"footnotes":""},"class_list":["post-250","page","type-page","status-publish","has-post-thumbnail","hentry"],"yoast_head":"<!-- This site is optimized with the Yoast SEO plugin v27.4 - https:\/\/yoast.com\/product\/yoast-seo-wordpress\/ -->\n<title>J Balvin en Costa Rica 2024 - Festival Picnic 2024<\/title>\n<meta name=\"description\" content=\"J Balvin estar\u00e1 en concierto en Costa Rica en febrero del 2024, como parte del Festival Centroamericano Picnic.\" \/>\n<meta name=\"robots\" content=\"index, follow, max-snippet:-1, max-image-preview:large, max-video-preview:-1\" \/>\n<link rel=\"canonical\" href=\"https:\/\/dondevamos.xyz\/festival-picnic\/conciertos\/j-balvin\/\" \/>\n<meta property=\"og:locale\" content=\"es_ES\" \/>\n<meta property=\"og:type\" content=\"article\" \/>\n<meta property=\"og:title\" content=\"J Balvin en Costa Rica 2024 - Festival Picnic 2024\" \/>\n<meta property=\"og:description\" content=\"J Balvin estar\u00e1 en concierto en Costa Rica en febrero del 2024, como parte del Festival Centroamericano Picnic.\" \/>\n<meta property=\"og:url\" content=\"https:\/\/dondevamos.xyz\/festival-picnic\/conciertos\/j-balvin\/\" \/>\n<meta property=\"og:site_name\" content=\"Festival Picnic 2024\" \/>\n<meta property=\"og:image\" content=\"https:\/\/dondevamos.xyz\/festival-picnic\/wp-content\/uploads\/sites\/9\/2024\/01\/j-balvin-picnic-05.jpg\" \/>\n\t<meta property=\"og:image:width\" content=\"958\" \/>\n\t<meta property=\"og:image:height\" content=\"960\" \/>\n\t<meta property=\"og:image:type\" content=\"image\/jpeg\" \/>\n<meta name=\"twitter:card\" content=\"summary_large_image\" \/>\n<meta name=\"twitter:label1\" content=\"Tiempo de lectura\" \/>\n\t<meta name=\"twitter:data1\" content=\"4 minutos\" \/>\n<script type=\"application\/ld+json\" class=\"yoast-schema-graph\">{\"@context\":\"https:\\\/\\\/schema.org\",\"@graph\":[{\"@type\":\"WebPage\",\"@id\":\"https:\\\/\\\/dondevamos.xyz\\\/festival-picnic\\\/conciertos\\\/j-balvin\\\/\",\"url\":\"https:\\\/\\\/dondevamos.xyz\\\/festival-picnic\\\/conciertos\\\/j-balvin\\\/\",\"name\":\"J Balvin en Costa Rica 2024 - Festival Picnic 2024\",\"isPartOf\":{\"@id\":\"https:\\\/\\\/dondevamos.xyz\\\/festival-picnic\\\/#website\"},\"primaryImageOfPage\":{\"@id\":\"https:\\\/\\\/dondevamos.xyz\\\/festival-picnic\\\/conciertos\\\/j-balvin\\\/#primaryimage\"},\"image\":{\"@id\":\"https:\\\/\\\/dondevamos.xyz\\\/festival-picnic\\\/conciertos\\\/j-balvin\\\/#primaryimage\"},\"thumbnailUrl\":\"https:\\\/\\\/dondevamos.xyz\\\/festival-picnic\\\/wp-content\\\/uploads\\\/sites\\\/9\\\/2024\\\/01\\\/j-balvin-picnic-05.jpg\",\"datePublished\":\"2024-02-01T20:15:00+00:00\",\"description\":\"J Balvin estar\u00e1 en concierto en Costa Rica en febrero del 2024, como parte del Festival Centroamericano Picnic.\",\"breadcrumb\":{\"@id\":\"https:\\\/\\\/dondevamos.xyz\\\/festival-picnic\\\/conciertos\\\/j-balvin\\\/#breadcrumb\"},\"inLanguage\":\"es\",\"potentialAction\":[{\"@type\":\"ReadAction\",\"target\":[\"https:\\\/\\\/dondevamos.xyz\\\/festival-picnic\\\/conciertos\\\/j-balvin\\\/\"]}]},{\"@type\":\"ImageObject\",\"inLanguage\":\"es\",\"@id\":\"https:\\\/\\\/dondevamos.xyz\\\/festival-picnic\\\/conciertos\\\/j-balvin\\\/#primaryimage\",\"url\":\"https:\\\/\\\/dondevamos.xyz\\\/festival-picnic\\\/wp-content\\\/uploads\\\/sites\\\/9\\\/2024\\\/01\\\/j-balvin-picnic-05.jpg\",\"contentUrl\":\"https:\\\/\\\/dondevamos.xyz\\\/festival-picnic\\\/wp-content\\\/uploads\\\/sites\\\/9\\\/2024\\\/01\\\/j-balvin-picnic-05.jpg\",\"width\":958,\"height\":960,\"caption\":\"Foto: Facebook J Balvin\"},{\"@type\":\"BreadcrumbList\",\"@id\":\"https:\\\/\\\/dondevamos.xyz\\\/festival-picnic\\\/conciertos\\\/j-balvin\\\/#breadcrumb\",\"itemListElement\":[{\"@type\":\"ListItem\",\"position\":1,\"name\":\"Portada\",\"item\":\"https:\\\/\\\/dondevamos.xyz\\\/festival-picnic\\\/\"},{\"@type\":\"ListItem\",\"position\":2,\"name\":\"Conciertos festival Picnic 2024\",\"item\":\"https:\\\/\\\/dondevamos.xyz\\\/festival-picnic\\\/conciertos\\\/\"},{\"@type\":\"ListItem\",\"position\":3,\"name\":\"J Balvin en Costa Rica 2024\"}]},{\"@type\":\"WebSite\",\"@id\":\"https:\\\/\\\/dondevamos.xyz\\\/festival-picnic\\\/#website\",\"url\":\"https:\\\/\\\/dondevamos.xyz\\\/festival-picnic\\\/\",\"name\":\"Festival Picnic 2024\",\"description\":\"Informaci\u00f3n del festival Picnic 2024\",\"publisher\":{\"@id\":\"https:\\\/\\\/dondevamos.xyz\\\/festival-picnic\\\/#organization\"},\"potentialAction\":[{\"@type\":\"SearchAction\",\"target\":{\"@type\":\"EntryPoint\",\"urlTemplate\":\"https:\\\/\\\/dondevamos.xyz\\\/festival-picnic\\\/?s={search_term_string}\"},\"query-input\":{\"@type\":\"PropertyValueSpecification\",\"valueRequired\":true,\"valueName\":\"search_term_string\"}}],\"inLanguage\":\"es\"},{\"@type\":\"Organization\",\"@id\":\"https:\\\/\\\/dondevamos.xyz\\\/festival-picnic\\\/#organization\",\"name\":\"Dondevamos XYZ\",\"alternateName\":\"Donde Vamos: Festival Picnic\",\"url\":\"https:\\\/\\\/dondevamos.xyz\\\/festival-picnic\\\/\",\"logo\":{\"@type\":\"ImageObject\",\"inLanguage\":\"es\",\"@id\":\"https:\\\/\\\/dondevamos.xyz\\\/festival-picnic\\\/#\\\/schema\\\/logo\\\/image\\\/\",\"url\":\"https:\\\/\\\/dondevamos.xyz\\\/festival-picnic\\\/wp-content\\\/uploads\\\/sites\\\/9\\\/2024\\\/01\\\/dondevamos.jpeg\",\"contentUrl\":\"https:\\\/\\\/dondevamos.xyz\\\/festival-picnic\\\/wp-content\\\/uploads\\\/sites\\\/9\\\/2024\\\/01\\\/dondevamos.jpeg\",\"width\":200,\"height\":200,\"caption\":\"Dondevamos XYZ\"},\"image\":{\"@id\":\"https:\\\/\\\/dondevamos.xyz\\\/festival-picnic\\\/#\\\/schema\\\/logo\\\/image\\\/\"}}]}<\/script>\n<!-- \/ Yoast SEO plugin. -->","yoast_head_json":{"title":"J Balvin en Costa Rica 2024 - Festival Picnic 2024","description":"J Balvin estar\u00e1 en concierto en Costa Rica en febrero del 2024, como parte del Festival Centroamericano Picnic.","robots":{"index":"index","follow":"follow","max-snippet":"max-snippet:-1","max-image-preview":"max-image-preview:large","max-video-preview":"max-video-preview:-1"},"canonical":"https:\/\/dondevamos.xyz\/festival-picnic\/conciertos\/j-balvin\/","og_locale":"es_ES","og_type":"article","og_title":"J Balvin en Costa Rica 2024 - Festival Picnic 2024","og_description":"J Balvin estar\u00e1 en concierto en Costa Rica en febrero del 2024, como parte del Festival Centroamericano Picnic.","og_url":"https:\/\/dondevamos.xyz\/festival-picnic\/conciertos\/j-balvin\/","og_site_name":"Festival Picnic 2024","og_image":[{"width":958,"height":960,"url":"https:\/\/dondevamos.xyz\/festival-picnic\/wp-content\/uploads\/sites\/9\/2024\/01\/j-balvin-picnic-05.jpg","type":"image\/jpeg"}],"twitter_card":"summary_large_image","twitter_misc":{"Tiempo de lectura":"4 minutos"},"schema":{"@context":"https:\/\/schema.org","@graph":[{"@type":"WebPage","@id":"https:\/\/dondevamos.xyz\/festival-picnic\/conciertos\/j-balvin\/","url":"https:\/\/dondevamos.xyz\/festival-picnic\/conciertos\/j-balvin\/","name":"J Balvin en Costa Rica 2024 - Festival Picnic 2024","isPartOf":{"@id":"https:\/\/dondevamos.xyz\/festival-picnic\/#website"},"primaryImageOfPage":{"@id":"https:\/\/dondevamos.xyz\/festival-picnic\/conciertos\/j-balvin\/#primaryimage"},"image":{"@id":"https:\/\/dondevamos.xyz\/festival-picnic\/conciertos\/j-balvin\/#primaryimage"},"thumbnailUrl":"https:\/\/dondevamos.xyz\/festival-picnic\/wp-content\/uploads\/sites\/9\/2024\/01\/j-balvin-picnic-05.jpg","datePublished":"2024-02-01T20:15:00+00:00","description":"J Balvin estar\u00e1 en concierto en Costa Rica en febrero del 2024, como parte del Festival Centroamericano Picnic.","breadcrumb":{"@id":"https:\/\/dondevamos.xyz\/festival-picnic\/conciertos\/j-balvin\/#breadcrumb"},"inLanguage":"es","potentialAction":[{"@type":"ReadAction","target":["https:\/\/dondevamos.xyz\/festival-picnic\/conciertos\/j-balvin\/"]}]},{"@type":"ImageObject","inLanguage":"es","@id":"https:\/\/dondevamos.xyz\/festival-picnic\/conciertos\/j-balvin\/#primaryimage","url":"https:\/\/dondevamos.xyz\/festival-picnic\/wp-content\/uploads\/sites\/9\/2024\/01\/j-balvin-picnic-05.jpg","contentUrl":"https:\/\/dondevamos.xyz\/festival-picnic\/wp-content\/uploads\/sites\/9\/2024\/01\/j-balvin-picnic-05.jpg","width":958,"height":960,"caption":"Foto: Facebook J Balvin"},{"@type":"BreadcrumbList","@id":"https:\/\/dondevamos.xyz\/festival-picnic\/conciertos\/j-balvin\/#breadcrumb","itemListElement":[{"@type":"ListItem","position":1,"name":"Portada","item":"https:\/\/dondevamos.xyz\/festival-picnic\/"},{"@type":"ListItem","position":2,"name":"Conciertos festival Picnic 2024","item":"https:\/\/dondevamos.xyz\/festival-picnic\/conciertos\/"},{"@type":"ListItem","position":3,"name":"J Balvin en Costa Rica 2024"}]},{"@type":"WebSite","@id":"https:\/\/dondevamos.xyz\/festival-picnic\/#website","url":"https:\/\/dondevamos.xyz\/festival-picnic\/","name":"Festival Picnic 2024","description":"Informaci\u00f3n del festival Picnic 2024","publisher":{"@id":"https:\/\/dondevamos.xyz\/festival-picnic\/#organization"},"potentialAction":[{"@type":"SearchAction","target":{"@type":"EntryPoint","urlTemplate":"https:\/\/dondevamos.xyz\/festival-picnic\/?s={search_term_string}"},"query-input":{"@type":"PropertyValueSpecification","valueRequired":true,"valueName":"search_term_string"}}],"inLanguage":"es"},{"@type":"Organization","@id":"https:\/\/dondevamos.xyz\/festival-picnic\/#organization","name":"Dondevamos XYZ","alternateName":"Donde Vamos: Festival Picnic","url":"https:\/\/dondevamos.xyz\/festival-picnic\/","logo":{"@type":"ImageObject","inLanguage":"es","@id":"https:\/\/dondevamos.xyz\/festival-picnic\/#\/schema\/logo\/image\/","url":"https:\/\/dondevamos.xyz\/festival-picnic\/wp-content\/uploads\/sites\/9\/2024\/01\/dondevamos.jpeg","contentUrl":"https:\/\/dondevamos.xyz\/festival-picnic\/wp-content\/uploads\/sites\/9\/2024\/01\/dondevamos.jpeg","width":200,"height":200,"caption":"Dondevamos XYZ"},"image":{"@id":"https:\/\/dondevamos.xyz\/festival-picnic\/#\/schema\/logo\/image\/"}}]}},"_links":{"self":[{"href":"https:\/\/dondevamos.xyz\/festival-picnic\/wp-json\/wp\/v2\/pages\/250","targetHints":{"allow":["GET"]}}],"collection":[{"href":"https:\/\/dondevamos.xyz\/festival-picnic\/wp-json\/wp\/v2\/pages"}],"about":[{"href":"https:\/\/dondevamos.xyz\/festival-picnic\/wp-json\/wp\/v2\/types\/page"}],"author":[{"embeddable":true,"href":"https:\/\/dondevamos.xyz\/festival-picnic\/wp-json\/wp\/v2\/users\/2"}],"replies":[{"embeddable":true,"href":"https:\/\/dondevamos.xyz\/festival-picnic\/wp-json\/wp\/v2\/comments?post=250"}],"version-history":[{"count":3,"href":"https:\/\/dondevamos.xyz\/festival-picnic\/wp-json\/wp\/v2\/pages\/250\/revisions"}],"predecessor-version":[{"id":253,"href":"https:\/\/dondevamos.xyz\/festival-picnic\/wp-json\/wp\/v2\/pages\/250\/revisions\/253"}],"up":[{"embeddable":true,"href":"https:\/\/dondevamos.xyz\/festival-picnic\/wp-json\/wp\/v2\/pages\/94"}],"wp:featuredmedia":[{"embeddable":true,"href":"https:\/\/dondevamos.xyz\/festival-picnic\/wp-json\/wp\/v2\/media\/194"}],"wp:attachment":[{"href":"https:\/\/dondevamos.xyz\/festival-picnic\/wp-json\/wp\/v2\/media?parent=250"}],"curies":[{"name":"wp","href":"https:\/\/api.w.org\/{rel}","templated":true}]}}