{"id":171,"date":"2024-01-31T22:05:41","date_gmt":"2024-02-01T04:05:41","guid":{"rendered":"https:\/\/dondevamos.xyz\/festival-picnic\/?page_id=171"},"modified":"2024-02-10T09:52:33","modified_gmt":"2024-02-10T15:52:33","slug":"bizarrap","status":"publish","type":"page","link":"https:\/\/dondevamos.xyz\/festival-picnic\/conciertos\/bizarrap\/","title":{"rendered":"Bizarrap en Costa Rica 2024"},"content":{"rendered":"\n<p class=\"has-x-large-font-size\"><strong>Artistas del Picnic: Bizarrap<\/strong><\/p>\n\n\n\n<figure class=\"wp-block-image aligncenter size-full is-resized\"><img decoding=\"async\" width=\"509\" height=\"763\" data-src=\"https:\/\/dondevamos.xyz\/festival-picnic\/wp-content\/uploads\/sites\/9\/2024\/01\/bizarrap-costa-rica-03.jpg\" alt=\"\" class=\"wp-image-165 lazyload\" style=\"--smush-placeholder-width: 509px; --smush-placeholder-aspect-ratio: 509\/763;width:auto;height:450px\" data-srcset=\"https:\/\/dondevamos.xyz\/festival-picnic\/wp-content\/uploads\/sites\/9\/2024\/01\/bizarrap-costa-rica-03.jpg 509w, https:\/\/dondevamos.xyz\/festival-picnic\/wp-content\/uploads\/sites\/9\/2024\/01\/bizarrap-costa-rica-03-200x300.jpg 200w\" data-sizes=\"(max-width: 509px) 100vw, 509px\" src=\"data:image\/svg+xml;base64,PHN2ZyB3aWR0aD0iMSIgaGVpZ2h0PSIxIiB4bWxucz0iaHR0cDovL3d3dy53My5vcmcvMjAwMC9zdmciPjwvc3ZnPg==\" \/><figcaption class=\"wp-element-caption\">Foto: <a href=\"https:\/\/www.facebook.com\/bizarrap\/\" target=\"_blank\" rel=\"noopener\">Facebook Bizarrap<\/a><\/figcaption><\/figure>\n\n\n\n<figure class=\"wp-block-table has-medium-font-size\"><table class=\"has-base-2-background-color has-background\"><tbody><tr><td><strong>Nombre verdadero<\/strong><\/td><td>Rodrigo Alejandro Armesto<\/td><\/tr><tr><td><strong>Nacionalidad<\/strong><\/td><td>Argentino<\/td><\/tr><tr><td><strong>Edad<\/strong><\/td><td>23<\/td><\/tr><tr><td><strong>G\u00e9neros Musicales<\/strong><\/td><td>Reggaet\u00f3n &#8211; Trap &#8211; EDM<\/td><\/tr><\/tbody><\/table><\/figure>\n\n\n\n<div class=\"wp-block-buttons is-content-justification-center is-layout-flex wp-container-core-buttons-is-layout-a89b3969 wp-block-buttons-is-layout-flex\"><\/div>\n\n\n\n<p>Bizarrap, cuyo nombre verdadero es Rodrigo Alejandro Armesto, es un talentoso productor musical argentino que ha dejado una marca distintiva en la industria. Nacido el 10 de diciembre de 1998, con apenas 23 a\u00f1os, ha conquistado la escena musical con su enfoque innovador y sus ecl\u00e9cticas influencias.<\/p>\n\n\n\n<p>Se estar\u00e1 presentando en el <a data-type=\"page\" data-id=\"18\" href=\"https:\/\/dondevamos.xyz\/festival-picnic\/\">festival Picnic 2024<\/a>, el 10 de febrero. Bizarrap est\u00e1 en <strong>Stage Picnic, a las 7:00 PM<\/strong>.<\/p>\n\n\n\n<h2 class=\"wp-block-heading\">Playlists de Bizarrap<\/h2>\n\n\n\n<p>Tanto en Youtube como en Spotify, podemos encontrar playlists con las mejores canciones y conciertos de este artista.<\/p>\n\n\n\n<h2 class=\"wp-block-heading\">La Historia de Bizarrap<\/h2>\n\n\n\n<p>Desde una edad temprana, Bizarrap fue influenciado por aristas como Skrillex, David Guetta y Martin Garrix. Su afici\u00f3n por la m\u00fasica empez\u00f3 con cursos a los 14 a\u00f1os, marcando el inicio de su viaje en el mundo de la producci\u00f3n musical.<\/p>\n\n\n\n<p>El a\u00f1o 2017 empez\u00f3 a crear sus famosos \u00abcombos locos\u00bb, remixes que lo catapultaron a la atenci\u00f3n del p\u00fablico. Su primer gran \u00e9xito lleg\u00f3 con el remix de \u00abNo vendo trap\u00bb de Duki, lo cual lo consolid\u00f3 como un productor emergente en la escena del trap argentino.<\/p>\n\n\n\n<p>En 2020, hizo una colaboraci\u00f3n con Nathy Peluso, \u00abSession 36\u00bb, que se convirti\u00f3 en un fen\u00f3meno, alcanzando el puesto #4 en Argentina Hot 100. Desde entonces, Bizarrap ha continuado produciendo \u00e9xitos notables, mediante sus \u00absesiones\u00bb. <\/p>\n\n\n\n<p>La Sesi\u00f3n 39, realizada junto a Snow Tha Product, alcanz\u00f3 nivel Platino en Estados Unidos, mientras que la Sesi\u00f3n 53 con Shakira rompi\u00f3 r\u00e9cords Guinness por la impresionante cantidad de plays que tuvo en YouTube y reproducciones en Spotify.<\/p>\n\n\n\n<p>Hasta el momento, lleva 58 sesiones publicadas, la m\u00e1s reciente con Young Miko.<\/p>\n\n\n\n<p>La participaci\u00f3n de Bizarrap en el Festival Picnic 2024 promete ser una experiencia \u00fanica, para los que buscan presenciar su creatividad y el impacto de este prodigioso productor en el escenario.<\/p>\n\n\n\n<h2 class=\"wp-block-heading\">Producci\u00f3n musical<\/h2>\n\n\n\n<p>Adem\u00e1s de sus sesiones, Bizarrap ha producido varios singles y colaboraciones. Entre estos se encuentran:<\/p>\n\n\n\n<ul class=\"wp-block-list\">\n<li>\u00abLike Boss\u00bb (con Frijo, Moonkey,&nbsp;Polim\u00e1 Westcoast, Akapellah,&nbsp;Duki, Santos and Zanto) 2019<\/li>\n\n\n\n<li>\u00abFlexin'\u00bb (con Lit Killah) 2020<\/li>\n\n\n\n<li>\u00abMamichula\u00bb (con Trueno&nbsp;y Nicki Nicole) 2020<\/li>\n\n\n\n<li>\u00abVerte\u00bb (con Nicki Nicole y Dread Mar I) 2020<\/li>\n\n\n\n<li>\u00abYa Me Fui\u00bb (con Duki&nbsp;y&nbsp;Nicki Nicole) 2021<\/li>\n\n\n\n<li>\u00abUnfollow\u00bb (con Duki y Justin Quiles) 2021<\/li>\n\n\n\n<li>\u00abSin Frenos\u00bb (con Eladio Carri\u00f3n&nbsp;y Duki) 2021<\/li>\n\n\n\n<li>\u00abPinta\u00bb (con&nbsp;L-Gante&nbsp;y Pablo Lescano) 2022<\/li>\n\n\n\n<li>\u00abDangerous\u00bb (con Nicki Nicole y Trueno) 2022<\/li>\n\n\n\n<li>\u00abJungle\u00bb (con Trueno&nbsp;y Randy) 2022<\/li>\n\n\n\n<li>\u00abPuff\u00bb (con Bhavi) 2022<\/li>\n\n\n\n<li>\u00ab3 Estrellas en el Conjunto\u00bb (con Duki y la T y la M) 2022<\/li>\n\n\n\n<li>\u00abBaby Hello\u00bb (con Rauw Alejandro) 2023<\/li>\n\n\n\n<li>\u00abRemember Me\u00bb (con Duki and&nbsp;Khea) 2023<\/li>\n\n\n\n<li>\u00abFruto\u00bb (con Milo J) 2023<\/li>\n<\/ul>\n\n\n\n<ul class=\"wp-block-list\">\n<li><\/li>\n<\/ul>\n\n\n\n<figure class=\"wp-block-image aligncenter size-large is-resized\"><img decoding=\"async\" width=\"1024\" height=\"683\" data-src=\"https:\/\/dondevamos.xyz\/festival-picnic\/wp-content\/uploads\/sites\/9\/2024\/01\/bizarrap-costa-rica-04-1024x683.jpg\" alt=\"bizarrap concierto costa rica\" class=\"wp-image-166 lazyload\" style=\"--smush-placeholder-width: 1024px; --smush-placeholder-aspect-ratio: 1024\/683;width:350px\" data-srcset=\"https:\/\/dondevamos.xyz\/festival-picnic\/wp-content\/uploads\/sites\/9\/2024\/01\/bizarrap-costa-rica-04-1024x683.jpg 1024w, https:\/\/dondevamos.xyz\/festival-picnic\/wp-content\/uploads\/sites\/9\/2024\/01\/bizarrap-costa-rica-04-300x200.jpg 300w, https:\/\/dondevamos.xyz\/festival-picnic\/wp-content\/uploads\/sites\/9\/2024\/01\/bizarrap-costa-rica-04-768x512.jpg 768w, https:\/\/dondevamos.xyz\/festival-picnic\/wp-content\/uploads\/sites\/9\/2024\/01\/bizarrap-costa-rica-04-1536x1024.jpg 1536w, https:\/\/dondevamos.xyz\/festival-picnic\/wp-content\/uploads\/sites\/9\/2024\/01\/bizarrap-costa-rica-04.jpg 2048w\" data-sizes=\"(max-width: 1024px) 100vw, 1024px\" src=\"data:image\/svg+xml;base64,PHN2ZyB3aWR0aD0iMSIgaGVpZ2h0PSIxIiB4bWxucz0iaHR0cDovL3d3dy53My5vcmcvMjAwMC9zdmciPjwvc3ZnPg==\" \/><figcaption class=\"wp-element-caption\">Foto: <a href=\"https:\/\/www.facebook.com\/bizarrap\/\" target=\"_blank\" rel=\"noopener\">Facebook Bizarrap<\/a><\/figcaption><\/figure>\n\n\n\n<h2 class=\"wp-block-heading\"><strong>Premios<\/strong><\/h2>\n\n\n\n<p>Bizarrap tiene un premio de Billboard, en el 2023 por la sesi\u00f3n 53 con Shakira. Adem\u00e1s ha sido nominado para varias categor\u00edas de Billboard, Heat, Los 40, MTV y otros. <\/p>\n\n\n\n<p>Sesi\u00f3n 53 con Shakira y Sesi\u00f3n 52 con Quevedo ganaron varios Latin Grammy Awards en el 2023.<\/p>\n\n\n\n<p>Rolling Stone Espa\u00f1ol le otorg\u00f3 en el 2023 el premio Canci\u00f3n del a\u00f1o, a <em>Villano Antillano<\/em> de BZRP Music.<\/p>\n\n\n\n<figure class=\"wp-block-image aligncenter size-large is-resized\"><img decoding=\"async\" width=\"1024\" height=\"576\" data-src=\"https:\/\/dondevamos.xyz\/festival-picnic\/wp-content\/uploads\/sites\/9\/2024\/01\/bizarrap-costa-rica-01-1024x576.jpg\" alt=\"bizarrap picnic 2024\" class=\"wp-image-167 lazyload\" style=\"--smush-placeholder-width: 1024px; --smush-placeholder-aspect-ratio: 1024\/576;width:350px\" data-srcset=\"https:\/\/dondevamos.xyz\/festival-picnic\/wp-content\/uploads\/sites\/9\/2024\/01\/bizarrap-costa-rica-01-1024x576.jpg 1024w, https:\/\/dondevamos.xyz\/festival-picnic\/wp-content\/uploads\/sites\/9\/2024\/01\/bizarrap-costa-rica-01-300x169.jpg 300w, https:\/\/dondevamos.xyz\/festival-picnic\/wp-content\/uploads\/sites\/9\/2024\/01\/bizarrap-costa-rica-01-768x432.jpg 768w, https:\/\/dondevamos.xyz\/festival-picnic\/wp-content\/uploads\/sites\/9\/2024\/01\/bizarrap-costa-rica-01-1536x864.jpg 1536w, https:\/\/dondevamos.xyz\/festival-picnic\/wp-content\/uploads\/sites\/9\/2024\/01\/bizarrap-costa-rica-01.jpg 2048w\" data-sizes=\"(max-width: 1024px) 100vw, 1024px\" src=\"data:image\/svg+xml;base64,PHN2ZyB3aWR0aD0iMSIgaGVpZ2h0PSIxIiB4bWxucz0iaHR0cDovL3d3dy53My5vcmcvMjAwMC9zdmciPjwvc3ZnPg==\" \/><figcaption class=\"wp-element-caption\">Foto: <a href=\"https:\/\/www.facebook.com\/bizarrap\/\" target=\"_blank\" rel=\"noopener\">Facebook Bizarrap<\/a><\/figcaption><\/figure>\n<!-- AddThis Advanced Settings generic via filter on the_content --><!-- AddThis Share Buttons generic via filter on the_content -->","protected":false},"excerpt":{"rendered":"<p>Artistas del Picnic: Bizarrap Nombre verdadero Rodrigo Alejandro Armesto Nacionalidad Argentino Edad 23 G\u00e9neros Musicales Reggaet\u00f3n &#8211; Trap &#8211; EDM Bizarrap, cuyo nombre verdadero es Rodrigo Alejandro Armesto, es un talentoso productor musical argentino que ha dejado una marca distintiva en la industria. Nacido el 10 de diciembre de 1998, con apenas 23 a\u00f1os, ha [&hellip;]<!-- AddThis Advanced Settings generic via filter on get_the_excerpt --><!-- AddThis Share Buttons generic via filter on get_the_excerpt --><\/p>\n","protected":false},"author":2,"featured_media":165,"parent":94,"menu_order":0,"comment_status":"closed","ping_status":"closed","template":"","meta":{"footnotes":""},"class_list":["post-171","page","type-page","status-publish","has-post-thumbnail","hentry"],"yoast_head":"<!-- This site is optimized with the Yoast SEO plugin v27.5 - https:\/\/yoast.com\/product\/yoast-seo-wordpress\/ -->\n<title>Bizarrap en Costa Rica 2024 - Festival Picnic 2024<\/title>\n<meta name=\"description\" content=\"Bizarrap, uno de los productores argentinos m\u00e1s reconocidos del g\u00e9nero electr\u00f3nico, va a estar present\u00e1ndose en Costa Rica en febrero.\" \/>\n<meta name=\"robots\" content=\"index, follow, max-snippet:-1, max-image-preview:large, max-video-preview:-1\" \/>\n<link rel=\"canonical\" href=\"https:\/\/dondevamos.xyz\/festival-picnic\/conciertos\/bizarrap\/\" \/>\n<meta property=\"og:locale\" content=\"es_ES\" \/>\n<meta property=\"og:type\" content=\"article\" \/>\n<meta property=\"og:title\" content=\"Bizarrap en Costa Rica 2024 - Festival Picnic 2024\" \/>\n<meta property=\"og:description\" content=\"Bizarrap, uno de los productores argentinos m\u00e1s reconocidos del g\u00e9nero electr\u00f3nico, va a estar present\u00e1ndose en Costa Rica en febrero.\" \/>\n<meta property=\"og:url\" content=\"https:\/\/dondevamos.xyz\/festival-picnic\/conciertos\/bizarrap\/\" \/>\n<meta property=\"og:site_name\" content=\"Festival Picnic 2024\" \/>\n<meta property=\"article:modified_time\" content=\"2024-02-10T15:52:33+00:00\" \/>\n<meta property=\"og:image\" content=\"https:\/\/dondevamos.xyz\/festival-picnic\/wp-content\/uploads\/sites\/9\/2024\/01\/bizarrap-costa-rica-03.jpg\" \/>\n\t<meta property=\"og:image:width\" content=\"509\" \/>\n\t<meta property=\"og:image:height\" content=\"763\" \/>\n\t<meta property=\"og:image:type\" content=\"image\/jpeg\" \/>\n<meta name=\"twitter:card\" content=\"summary_large_image\" \/>\n<meta name=\"twitter:label1\" content=\"Tiempo de lectura\" \/>\n\t<meta name=\"twitter:data1\" content=\"4 minutos\" \/>\n<script type=\"application\/ld+json\" class=\"yoast-schema-graph\">{\"@context\":\"https:\\\/\\\/schema.org\",\"@graph\":[{\"@type\":\"WebPage\",\"@id\":\"https:\\\/\\\/dondevamos.xyz\\\/festival-picnic\\\/conciertos\\\/bizarrap\\\/\",\"url\":\"https:\\\/\\\/dondevamos.xyz\\\/festival-picnic\\\/conciertos\\\/bizarrap\\\/\",\"name\":\"Bizarrap en Costa Rica 2024 - Festival Picnic 2024\",\"isPartOf\":{\"@id\":\"https:\\\/\\\/dondevamos.xyz\\\/festival-picnic\\\/#website\"},\"primaryImageOfPage\":{\"@id\":\"https:\\\/\\\/dondevamos.xyz\\\/festival-picnic\\\/conciertos\\\/bizarrap\\\/#primaryimage\"},\"image\":{\"@id\":\"https:\\\/\\\/dondevamos.xyz\\\/festival-picnic\\\/conciertos\\\/bizarrap\\\/#primaryimage\"},\"thumbnailUrl\":\"https:\\\/\\\/dondevamos.xyz\\\/festival-picnic\\\/wp-content\\\/uploads\\\/sites\\\/9\\\/2024\\\/01\\\/bizarrap-costa-rica-03.jpg\",\"datePublished\":\"2024-02-01T04:05:41+00:00\",\"dateModified\":\"2024-02-10T15:52:33+00:00\",\"description\":\"Bizarrap, uno de los productores argentinos m\u00e1s reconocidos del g\u00e9nero electr\u00f3nico, va a estar present\u00e1ndose en Costa Rica en febrero.\",\"breadcrumb\":{\"@id\":\"https:\\\/\\\/dondevamos.xyz\\\/festival-picnic\\\/conciertos\\\/bizarrap\\\/#breadcrumb\"},\"inLanguage\":\"es\",\"potentialAction\":[{\"@type\":\"ReadAction\",\"target\":[\"https:\\\/\\\/dondevamos.xyz\\\/festival-picnic\\\/conciertos\\\/bizarrap\\\/\"]}]},{\"@type\":\"ImageObject\",\"inLanguage\":\"es\",\"@id\":\"https:\\\/\\\/dondevamos.xyz\\\/festival-picnic\\\/conciertos\\\/bizarrap\\\/#primaryimage\",\"url\":\"https:\\\/\\\/dondevamos.xyz\\\/festival-picnic\\\/wp-content\\\/uploads\\\/sites\\\/9\\\/2024\\\/01\\\/bizarrap-costa-rica-03.jpg\",\"contentUrl\":\"https:\\\/\\\/dondevamos.xyz\\\/festival-picnic\\\/wp-content\\\/uploads\\\/sites\\\/9\\\/2024\\\/01\\\/bizarrap-costa-rica-03.jpg\",\"width\":509,\"height\":763,\"caption\":\"Foto: Facebook Bizarrap\"},{\"@type\":\"BreadcrumbList\",\"@id\":\"https:\\\/\\\/dondevamos.xyz\\\/festival-picnic\\\/conciertos\\\/bizarrap\\\/#breadcrumb\",\"itemListElement\":[{\"@type\":\"ListItem\",\"position\":1,\"name\":\"Portada\",\"item\":\"https:\\\/\\\/dondevamos.xyz\\\/festival-picnic\\\/\"},{\"@type\":\"ListItem\",\"position\":2,\"name\":\"Conciertos festival Picnic 2024\",\"item\":\"https:\\\/\\\/dondevamos.xyz\\\/festival-picnic\\\/conciertos\\\/\"},{\"@type\":\"ListItem\",\"position\":3,\"name\":\"Bizarrap en Costa Rica 2024\"}]},{\"@type\":\"WebSite\",\"@id\":\"https:\\\/\\\/dondevamos.xyz\\\/festival-picnic\\\/#website\",\"url\":\"https:\\\/\\\/dondevamos.xyz\\\/festival-picnic\\\/\",\"name\":\"Festival Picnic 2024\",\"description\":\"Informaci\u00f3n del festival Picnic 2024\",\"publisher\":{\"@id\":\"https:\\\/\\\/dondevamos.xyz\\\/festival-picnic\\\/#organization\"},\"potentialAction\":[{\"@type\":\"SearchAction\",\"target\":{\"@type\":\"EntryPoint\",\"urlTemplate\":\"https:\\\/\\\/dondevamos.xyz\\\/festival-picnic\\\/?s={search_term_string}\"},\"query-input\":{\"@type\":\"PropertyValueSpecification\",\"valueRequired\":true,\"valueName\":\"search_term_string\"}}],\"inLanguage\":\"es\"},{\"@type\":\"Organization\",\"@id\":\"https:\\\/\\\/dondevamos.xyz\\\/festival-picnic\\\/#organization\",\"name\":\"Dondevamos XYZ\",\"alternateName\":\"Donde Vamos: Festival Picnic\",\"url\":\"https:\\\/\\\/dondevamos.xyz\\\/festival-picnic\\\/\",\"logo\":{\"@type\":\"ImageObject\",\"inLanguage\":\"es\",\"@id\":\"https:\\\/\\\/dondevamos.xyz\\\/festival-picnic\\\/#\\\/schema\\\/logo\\\/image\\\/\",\"url\":\"https:\\\/\\\/dondevamos.xyz\\\/festival-picnic\\\/wp-content\\\/uploads\\\/sites\\\/9\\\/2024\\\/01\\\/dondevamos.jpeg\",\"contentUrl\":\"https:\\\/\\\/dondevamos.xyz\\\/festival-picnic\\\/wp-content\\\/uploads\\\/sites\\\/9\\\/2024\\\/01\\\/dondevamos.jpeg\",\"width\":200,\"height\":200,\"caption\":\"Dondevamos XYZ\"},\"image\":{\"@id\":\"https:\\\/\\\/dondevamos.xyz\\\/festival-picnic\\\/#\\\/schema\\\/logo\\\/image\\\/\"}}]}<\/script>\n<!-- \/ Yoast SEO plugin. -->","yoast_head_json":{"title":"Bizarrap en Costa Rica 2024 - Festival Picnic 2024","description":"Bizarrap, uno de los productores argentinos m\u00e1s reconocidos del g\u00e9nero electr\u00f3nico, va a estar present\u00e1ndose en Costa Rica en febrero.","robots":{"index":"index","follow":"follow","max-snippet":"max-snippet:-1","max-image-preview":"max-image-preview:large","max-video-preview":"max-video-preview:-1"},"canonical":"https:\/\/dondevamos.xyz\/festival-picnic\/conciertos\/bizarrap\/","og_locale":"es_ES","og_type":"article","og_title":"Bizarrap en Costa Rica 2024 - Festival Picnic 2024","og_description":"Bizarrap, uno de los productores argentinos m\u00e1s reconocidos del g\u00e9nero electr\u00f3nico, va a estar present\u00e1ndose en Costa Rica en febrero.","og_url":"https:\/\/dondevamos.xyz\/festival-picnic\/conciertos\/bizarrap\/","og_site_name":"Festival Picnic 2024","article_modified_time":"2024-02-10T15:52:33+00:00","og_image":[{"width":509,"height":763,"url":"https:\/\/dondevamos.xyz\/festival-picnic\/wp-content\/uploads\/sites\/9\/2024\/01\/bizarrap-costa-rica-03.jpg","type":"image\/jpeg"}],"twitter_card":"summary_large_image","twitter_misc":{"Tiempo de lectura":"4 minutos"},"schema":{"@context":"https:\/\/schema.org","@graph":[{"@type":"WebPage","@id":"https:\/\/dondevamos.xyz\/festival-picnic\/conciertos\/bizarrap\/","url":"https:\/\/dondevamos.xyz\/festival-picnic\/conciertos\/bizarrap\/","name":"Bizarrap en Costa Rica 2024 - Festival Picnic 2024","isPartOf":{"@id":"https:\/\/dondevamos.xyz\/festival-picnic\/#website"},"primaryImageOfPage":{"@id":"https:\/\/dondevamos.xyz\/festival-picnic\/conciertos\/bizarrap\/#primaryimage"},"image":{"@id":"https:\/\/dondevamos.xyz\/festival-picnic\/conciertos\/bizarrap\/#primaryimage"},"thumbnailUrl":"https:\/\/dondevamos.xyz\/festival-picnic\/wp-content\/uploads\/sites\/9\/2024\/01\/bizarrap-costa-rica-03.jpg","datePublished":"2024-02-01T04:05:41+00:00","dateModified":"2024-02-10T15:52:33+00:00","description":"Bizarrap, uno de los productores argentinos m\u00e1s reconocidos del g\u00e9nero electr\u00f3nico, va a estar present\u00e1ndose en Costa Rica en febrero.","breadcrumb":{"@id":"https:\/\/dondevamos.xyz\/festival-picnic\/conciertos\/bizarrap\/#breadcrumb"},"inLanguage":"es","potentialAction":[{"@type":"ReadAction","target":["https:\/\/dondevamos.xyz\/festival-picnic\/conciertos\/bizarrap\/"]}]},{"@type":"ImageObject","inLanguage":"es","@id":"https:\/\/dondevamos.xyz\/festival-picnic\/conciertos\/bizarrap\/#primaryimage","url":"https:\/\/dondevamos.xyz\/festival-picnic\/wp-content\/uploads\/sites\/9\/2024\/01\/bizarrap-costa-rica-03.jpg","contentUrl":"https:\/\/dondevamos.xyz\/festival-picnic\/wp-content\/uploads\/sites\/9\/2024\/01\/bizarrap-costa-rica-03.jpg","width":509,"height":763,"caption":"Foto: Facebook Bizarrap"},{"@type":"BreadcrumbList","@id":"https:\/\/dondevamos.xyz\/festival-picnic\/conciertos\/bizarrap\/#breadcrumb","itemListElement":[{"@type":"ListItem","position":1,"name":"Portada","item":"https:\/\/dondevamos.xyz\/festival-picnic\/"},{"@type":"ListItem","position":2,"name":"Conciertos festival Picnic 2024","item":"https:\/\/dondevamos.xyz\/festival-picnic\/conciertos\/"},{"@type":"ListItem","position":3,"name":"Bizarrap en Costa Rica 2024"}]},{"@type":"WebSite","@id":"https:\/\/dondevamos.xyz\/festival-picnic\/#website","url":"https:\/\/dondevamos.xyz\/festival-picnic\/","name":"Festival Picnic 2024","description":"Informaci\u00f3n del festival Picnic 2024","publisher":{"@id":"https:\/\/dondevamos.xyz\/festival-picnic\/#organization"},"potentialAction":[{"@type":"SearchAction","target":{"@type":"EntryPoint","urlTemplate":"https:\/\/dondevamos.xyz\/festival-picnic\/?s={search_term_string}"},"query-input":{"@type":"PropertyValueSpecification","valueRequired":true,"valueName":"search_term_string"}}],"inLanguage":"es"},{"@type":"Organization","@id":"https:\/\/dondevamos.xyz\/festival-picnic\/#organization","name":"Dondevamos XYZ","alternateName":"Donde Vamos: Festival Picnic","url":"https:\/\/dondevamos.xyz\/festival-picnic\/","logo":{"@type":"ImageObject","inLanguage":"es","@id":"https:\/\/dondevamos.xyz\/festival-picnic\/#\/schema\/logo\/image\/","url":"https:\/\/dondevamos.xyz\/festival-picnic\/wp-content\/uploads\/sites\/9\/2024\/01\/dondevamos.jpeg","contentUrl":"https:\/\/dondevamos.xyz\/festival-picnic\/wp-content\/uploads\/sites\/9\/2024\/01\/dondevamos.jpeg","width":200,"height":200,"caption":"Dondevamos XYZ"},"image":{"@id":"https:\/\/dondevamos.xyz\/festival-picnic\/#\/schema\/logo\/image\/"}}]}},"_links":{"self":[{"href":"https:\/\/dondevamos.xyz\/festival-picnic\/wp-json\/wp\/v2\/pages\/171","targetHints":{"allow":["GET"]}}],"collection":[{"href":"https:\/\/dondevamos.xyz\/festival-picnic\/wp-json\/wp\/v2\/pages"}],"about":[{"href":"https:\/\/dondevamos.xyz\/festival-picnic\/wp-json\/wp\/v2\/types\/page"}],"author":[{"embeddable":true,"href":"https:\/\/dondevamos.xyz\/festival-picnic\/wp-json\/wp\/v2\/users\/2"}],"replies":[{"embeddable":true,"href":"https:\/\/dondevamos.xyz\/festival-picnic\/wp-json\/wp\/v2\/comments?post=171"}],"version-history":[{"count":5,"href":"https:\/\/dondevamos.xyz\/festival-picnic\/wp-json\/wp\/v2\/pages\/171\/revisions"}],"predecessor-version":[{"id":361,"href":"https:\/\/dondevamos.xyz\/festival-picnic\/wp-json\/wp\/v2\/pages\/171\/revisions\/361"}],"up":[{"embeddable":true,"href":"https:\/\/dondevamos.xyz\/festival-picnic\/wp-json\/wp\/v2\/pages\/94"}],"wp:featuredmedia":[{"embeddable":true,"href":"https:\/\/dondevamos.xyz\/festival-picnic\/wp-json\/wp\/v2\/media\/165"}],"wp:attachment":[{"href":"https:\/\/dondevamos.xyz\/festival-picnic\/wp-json\/wp\/v2\/media?parent=171"}],"curies":[{"name":"wp","href":"https:\/\/api.w.org\/{rel}","templated":true}]}}