{"id":112,"date":"2024-01-30T09:19:40","date_gmt":"2024-01-30T15:19:40","guid":{"rendered":"https:\/\/dondevamos.xyz\/festival-picnic\/?page_id=112"},"modified":"2024-01-31T19:19:22","modified_gmt":"2024-02-01T01:19:22","slug":"the-offspring","status":"publish","type":"page","link":"https:\/\/dondevamos.xyz\/festival-picnic\/conciertos\/the-offspring\/","title":{"rendered":"Concierto Offspring en Costa Rica"},"content":{"rendered":"\n<p class=\"has-x-large-font-size\"><strong>Artistas del Picnic: The Offspring<\/strong><\/p>\n\n\n\n<figure class=\"wp-block-image size-full is-resized\"><img decoding=\"async\" width=\"812\" height=\"320\" data-src=\"https:\/\/dondevamos.xyz\/festival-picnic\/wp-content\/uploads\/sites\/9\/2024\/01\/379465966_901946834635133_1806126087174010388_n.jpg\" alt=\"concierto offspring picnic\" class=\"wp-image-116 lazyload\" style=\"--smush-placeholder-width: 812px; --smush-placeholder-aspect-ratio: 812\/320;width:705px;height:auto\" data-srcset=\"https:\/\/dondevamos.xyz\/festival-picnic\/wp-content\/uploads\/sites\/9\/2024\/01\/379465966_901946834635133_1806126087174010388_n.jpg 812w, https:\/\/dondevamos.xyz\/festival-picnic\/wp-content\/uploads\/sites\/9\/2024\/01\/379465966_901946834635133_1806126087174010388_n-300x118.jpg 300w, https:\/\/dondevamos.xyz\/festival-picnic\/wp-content\/uploads\/sites\/9\/2024\/01\/379465966_901946834635133_1806126087174010388_n-768x303.jpg 768w\" data-sizes=\"(max-width: 812px) 100vw, 812px\" src=\"data:image\/svg+xml;base64,PHN2ZyB3aWR0aD0iMSIgaGVpZ2h0PSIxIiB4bWxucz0iaHR0cDovL3d3dy53My5vcmcvMjAwMC9zdmciPjwvc3ZnPg==\" \/><figcaption class=\"wp-element-caption\">Foto: Facebook <a href=\"https:\/\/www.facebook.com\/Offspring\/\" target=\"_blank\" rel=\"noreferrer noopener\">The Offspring<\/a><\/figcaption><\/figure>\n\n\n\n<figure class=\"wp-block-table has-medium-font-size\"><table class=\"has-base-2-background-color has-background\"><tbody><tr><td><strong>Integrantes<\/strong><\/td><td>Dexter Holland, Noodles, Todd Morse, Brandon Pertzborn<\/td><\/tr><tr><td><strong>Origen<\/strong><\/td><td>California, Estados Unidos<\/td><\/tr><tr><td><strong>Edades<\/strong><\/td><td>Por ah\u00ed de los 50<\/td><\/tr><tr><td><strong>G\u00e9neros Musicales<\/strong><\/td><td>Punk<\/td><\/tr><\/tbody><\/table><\/figure>\n\n\n\n<p>The Offspring es una de las bandas m\u00e1s representativas del punk de los 1990s. Junto a Green Day, Blink 182, Bad Religion y Pennywise, fueron los responsables de que el punk se volviera a escuchar en todo el planeta.<\/p>\n\n\n\n<p>The Offspring se caracteriza por su sonido \u00fanico, que combina elementos del punk rock con el pop y la m\u00fasica alternativa. Sus canciones son a menudo en\u00e9rgicas y pegadizas, y abordan temas como la pol\u00edtica, la sociedad y la cultura.<\/p>\n\n\n\n<p>Se estar\u00e1 presentando en el festival Picnic 2024, el 17 de febrero.<\/p>\n\n\n\n<h2 class=\"wp-block-heading\">Playlists de The Offspring<\/h2>\n\n\n\n<p>Playlist de este artista en Spotify:<\/p>\n\n\n\n<figure class=\"wp-block-embed aligncenter is-type-rich is-provider-spotify wp-block-embed-spotify wp-embed-aspect-21-9 wp-has-aspect-ratio\" style=\"margin-right:var(--wp--preset--spacing--10);margin-left:var(--wp--preset--spacing--10)\"><div class=\"wp-block-embed__wrapper\">\n<iframe title=\"Spotify Embed: The Offspring\" style=\"border-radius: 12px\" width=\"100%\" height=\"352\" frameborder=\"0\" allowfullscreen allow=\"autoplay; clipboard-write; encrypted-media; fullscreen; picture-in-picture\" data-src=\"https:\/\/open.spotify.com\/embed\/playlist\/48X07FeBSb7ejpVbcgc7an?utm_source=oembed\" src=\"data:image\/svg+xml;base64,PHN2ZyB3aWR0aD0iMSIgaGVpZ2h0PSIxIiB4bWxucz0iaHR0cDovL3d3dy53My5vcmcvMjAwMC9zdmciPjwvc3ZnPg==\" class=\"lazyload\" data-load-mode=\"1\"><\/iframe>\n<\/div><\/figure>\n\n\n\n<p>Playlist de este artista en Youtube:<\/p>\n\n\n\n<figure class=\"wp-block-embed aligncenter is-type-video is-provider-youtube wp-block-embed-youtube wp-embed-aspect-16-9 wp-has-aspect-ratio\" style=\"margin-right:var(--wp--preset--spacing--10);margin-left:var(--wp--preset--spacing--10)\"><div class=\"wp-block-embed__wrapper\">\n<iframe title=\"The Offspring\" width=\"500\" height=\"281\" data-src=\"https:\/\/www.youtube.com\/embed\/videoseries?list=PLIwzJIVTxG4kBChTtEcsMPIejee1d5elp\" frameborder=\"0\" allow=\"accelerometer; autoplay; clipboard-write; encrypted-media; gyroscope; picture-in-picture; web-share\" referrerpolicy=\"strict-origin-when-cross-origin\" allowfullscreen src=\"data:image\/svg+xml;base64,PHN2ZyB3aWR0aD0iMSIgaGVpZ2h0PSIxIiB4bWxucz0iaHR0cDovL3d3dy53My5vcmcvMjAwMC9zdmciPjwvc3ZnPg==\" class=\"lazyload\" data-load-mode=\"1\"><\/iframe>\n<\/div><\/figure>\n\n\n\n<h2 class=\"wp-block-heading\"><strong>Or\u00edgenes de The Offspring<\/strong><\/h2>\n\n\n\n<p>The Offspring se form\u00f3 en Huntington Beach, California, en 1984, bajo el nombre de Manic Subsidal. Originalmente la banda estaba formada por Dexter Holland, Greg Kriesel, Doug Thompson y Jim Benton. Unos a\u00f1os desp\u00faes, se fue Benton y entr\u00f3 James Lija. En 1985 se uni\u00f3 a la banda Noodles, despu\u00e9s de que saliera Marcus Parrish.&nbsp;<\/p>\n\n\n\n<p>Dicen los rumores que a Noodles lo incorporaron a la banda porque era el \u00fanico que ten\u00eda suficiente edad para comprar cerveza.<\/p>\n\n\n\n<p>En 1986, la banda cambi\u00f3 su nombre de Manic Subsidal a The Offspring, inspirados en una pel\u00edcula llamada \u201cThe Offspring: they were born to kill\u201d. Lanzaron su primer single \u201cI\u2019ll be waiting\u201d.<\/p>\n\n\n\n<h2 class=\"wp-block-heading\">Producci\u00f3n musical<\/h2>\n\n\n\n<p>En 1991 lanzaron <em>Baghdad<\/em>, un EP con el que convencieron a Epitaph Records para que les diera un contrato. Con eso, en 1992, grabaron su \u00e1lbum <em>Ignition<\/em>, que fue un \u00e9xito internacional y les vali\u00f3 el reconocimiento como una de las bandas de punk rock m\u00e1s importantes de la \u00e9poca. <\/p>\n\n\n\n<p>Despu\u00e9s, grabaron <em>Smash<\/em> en 1994. Smash no tuvo mayor \u00e9xito, hasta que una estaci\u00f3n de radio divulg\u00f3 \u00abCome Out and Play\u00bb. Esa divulgaci\u00f3n catapult\u00f3 a Offspring a la fama a nivel internacional.<\/p>\n\n\n\n<p>Offspring ha grabado 10 album en estudio:<\/p>\n\n\n\n<ul class=\"wp-block-list\">\n<li>The Offspring (1989).<\/li>\n\n\n\n<li>Ignition (1992)<\/li>\n\n\n\n<li>Smash (1994)<\/li>\n\n\n\n<li>Ixnay on the Hombre (1997).<\/li>\n\n\n\n<li>Americana (1998)<\/li>\n\n\n\n<li>Conspiracy of One (2000)<\/li>\n\n\n\n<li>Splinter (2003)<\/li>\n\n\n\n<li>Rise and Fall, Rage and Grace (2008)<\/li>\n\n\n\n<li>Days Go By (2012)<\/li>\n\n\n\n<li>Let the Bad Times Roll (2021)<\/li>\n<\/ul>\n\n\n\n<figure class=\"wp-block-image aligncenter size-full is-resized\"><img decoding=\"async\" width=\"316\" height=\"316\" data-src=\"https:\/\/dondevamos.xyz\/festival-picnic\/wp-content\/uploads\/sites\/9\/2024\/01\/TheOffspringSmashalbumcover.jpg\" alt=\"offspring en costa rica picnic 2024\" class=\"wp-image-120 lazyload\" style=\"--smush-placeholder-width: 316px; --smush-placeholder-aspect-ratio: 316\/316;width:350px\" data-srcset=\"https:\/\/dondevamos.xyz\/festival-picnic\/wp-content\/uploads\/sites\/9\/2024\/01\/TheOffspringSmashalbumcover.jpg 316w, https:\/\/dondevamos.xyz\/festival-picnic\/wp-content\/uploads\/sites\/9\/2024\/01\/TheOffspringSmashalbumcover-300x300.jpg 300w, https:\/\/dondevamos.xyz\/festival-picnic\/wp-content\/uploads\/sites\/9\/2024\/01\/TheOffspringSmashalbumcover-150x150.jpg 150w\" data-sizes=\"(max-width: 316px) 100vw, 316px\" src=\"data:image\/svg+xml;base64,PHN2ZyB3aWR0aD0iMSIgaGVpZ2h0PSIxIiB4bWxucz0iaHR0cDovL3d3dy53My5vcmcvMjAwMC9zdmciPjwvc3ZnPg==\" \/><\/figure>\n\n\n\n<p>Los singles m\u00e1s famosos que han producido durante su carrera:<\/p>\n\n\n\n<ul class=\"wp-block-list\">\n<li>Come out and Play<\/li>\n\n\n\n<li>Pretty Fly for a White Guy<\/li>\n\n\n\n<li>Original Prankster<\/li>\n\n\n\n<li>Self Esteem<\/li>\n\n\n\n<li>The Kids Aren&#8217;t Allright<\/li>\n\n\n\n<li>Hit That<\/li>\n<\/ul>\n\n\n\n<h2 class=\"wp-block-heading\"><strong>Premios<\/strong><\/h2>\n\n\n\n<p>Offspring ha ganado numerosos premios y reconocimientos, entre ellos:<\/p>\n\n\n\n<ul class=\"wp-block-list\">\n<li>Arista Rock del A\u00f1o: Billboard, 1999<\/li>\n\n\n\n<li>Mejor Artista Rock: MTV Europe, 1999<\/li>\n\n\n\n<li>Mejor Video, Pretty Fly for a White Guy. Kerrang, 1999<\/li>\n\n\n\n<li>Album Alternativo Sobresaliente, Splinter, California Music Awards, 2004<\/li>\n<\/ul>\n\n\n\n<figure class=\"wp-block-image aligncenter size-full is-resized\"><img decoding=\"async\" width=\"436\" height=\"438\" data-src=\"https:\/\/dondevamos.xyz\/festival-picnic\/wp-content\/uploads\/sites\/9\/2024\/01\/offspring-concierto-costarica.jpg\" alt=\"mejores canciones de the offspring\" class=\"wp-image-57 lazyload\" style=\"--smush-placeholder-width: 436px; --smush-placeholder-aspect-ratio: 436\/438;width:350px\" data-srcset=\"https:\/\/dondevamos.xyz\/festival-picnic\/wp-content\/uploads\/sites\/9\/2024\/01\/offspring-concierto-costarica.jpg 436w, https:\/\/dondevamos.xyz\/festival-picnic\/wp-content\/uploads\/sites\/9\/2024\/01\/offspring-concierto-costarica-300x300.jpg 300w, https:\/\/dondevamos.xyz\/festival-picnic\/wp-content\/uploads\/sites\/9\/2024\/01\/offspring-concierto-costarica-150x150.jpg 150w\" data-sizes=\"(max-width: 436px) 100vw, 436px\" src=\"data:image\/svg+xml;base64,PHN2ZyB3aWR0aD0iMSIgaGVpZ2h0PSIxIiB4bWxucz0iaHR0cDovL3d3dy53My5vcmcvMjAwMC9zdmciPjwvc3ZnPg==\" \/><\/figure>\n<!-- AddThis Advanced Settings generic via filter on the_content --><!-- AddThis Share Buttons generic via filter on the_content -->","protected":false},"excerpt":{"rendered":"<p>Artistas del Picnic: The Offspring Integrantes Dexter Holland, Noodles, Todd Morse, Brandon Pertzborn Origen California, Estados Unidos Edades Por ah\u00ed de los 50 G\u00e9neros Musicales Punk The Offspring es una de las bandas m\u00e1s representativas del punk de los 1990s. Junto a Green Day, Blink 182, Bad Religion y Pennywise, fueron los responsables de que [&hellip;]<!-- AddThis Advanced Settings generic via filter on get_the_excerpt --><!-- AddThis Share Buttons generic via filter on get_the_excerpt --><\/p>\n","protected":false},"author":2,"featured_media":57,"parent":94,"menu_order":0,"comment_status":"closed","ping_status":"closed","template":"","meta":{"footnotes":""},"class_list":["post-112","page","type-page","status-publish","has-post-thumbnail","hentry"],"yoast_head":"<!-- This site is optimized with the Yoast SEO plugin v27.4 - https:\/\/yoast.com\/product\/yoast-seo-wordpress\/ -->\n<title>Concierto Offspring en Costa Rica - Festival Picnic 2024<\/title>\n<meta name=\"description\" content=\"The Offspring se presenta en Costa Rica en el 2024. Aqu\u00ed informaci\u00f3n de la banda, fechas, y c\u00f3mo conseguir las entradas.\" \/>\n<meta name=\"robots\" content=\"index, follow, max-snippet:-1, max-image-preview:large, max-video-preview:-1\" \/>\n<link rel=\"canonical\" href=\"https:\/\/dondevamos.xyz\/festival-picnic\/conciertos\/the-offspring\/\" \/>\n<meta property=\"og:locale\" content=\"es_ES\" \/>\n<meta property=\"og:type\" content=\"article\" \/>\n<meta property=\"og:title\" content=\"Concierto Offspring en Costa Rica - Festival Picnic 2024\" \/>\n<meta property=\"og:description\" content=\"The Offspring se presenta en Costa Rica en el 2024. Aqu\u00ed informaci\u00f3n de la banda, fechas, y c\u00f3mo conseguir las entradas.\" \/>\n<meta property=\"og:url\" content=\"https:\/\/dondevamos.xyz\/festival-picnic\/conciertos\/the-offspring\/\" \/>\n<meta property=\"og:site_name\" content=\"Festival Picnic 2024\" \/>\n<meta property=\"article:modified_time\" content=\"2024-02-01T01:19:22+00:00\" \/>\n<meta property=\"og:image\" content=\"https:\/\/dondevamos.xyz\/festival-picnic\/wp-content\/uploads\/sites\/9\/2024\/01\/offspring-concierto-costarica.jpg\" \/>\n\t<meta property=\"og:image:width\" content=\"436\" \/>\n\t<meta property=\"og:image:height\" content=\"438\" \/>\n\t<meta property=\"og:image:type\" content=\"image\/jpeg\" \/>\n<meta name=\"twitter:card\" content=\"summary_large_image\" \/>\n<meta name=\"twitter:label1\" content=\"Tiempo de lectura\" \/>\n\t<meta name=\"twitter:data1\" content=\"3 minutos\" \/>\n<script type=\"application\/ld+json\" class=\"yoast-schema-graph\">{\"@context\":\"https:\\\/\\\/schema.org\",\"@graph\":[{\"@type\":\"WebPage\",\"@id\":\"https:\\\/\\\/dondevamos.xyz\\\/festival-picnic\\\/conciertos\\\/the-offspring\\\/\",\"url\":\"https:\\\/\\\/dondevamos.xyz\\\/festival-picnic\\\/conciertos\\\/the-offspring\\\/\",\"name\":\"Concierto Offspring en Costa Rica - Festival Picnic 2024\",\"isPartOf\":{\"@id\":\"https:\\\/\\\/dondevamos.xyz\\\/festival-picnic\\\/#website\"},\"primaryImageOfPage\":{\"@id\":\"https:\\\/\\\/dondevamos.xyz\\\/festival-picnic\\\/conciertos\\\/the-offspring\\\/#primaryimage\"},\"image\":{\"@id\":\"https:\\\/\\\/dondevamos.xyz\\\/festival-picnic\\\/conciertos\\\/the-offspring\\\/#primaryimage\"},\"thumbnailUrl\":\"https:\\\/\\\/dondevamos.xyz\\\/festival-picnic\\\/wp-content\\\/uploads\\\/sites\\\/9\\\/2024\\\/01\\\/offspring-concierto-costarica.jpg\",\"datePublished\":\"2024-01-30T15:19:40+00:00\",\"dateModified\":\"2024-02-01T01:19:22+00:00\",\"description\":\"The Offspring se presenta en Costa Rica en el 2024. Aqu\u00ed informaci\u00f3n de la banda, fechas, y c\u00f3mo conseguir las entradas.\",\"breadcrumb\":{\"@id\":\"https:\\\/\\\/dondevamos.xyz\\\/festival-picnic\\\/conciertos\\\/the-offspring\\\/#breadcrumb\"},\"inLanguage\":\"es\",\"potentialAction\":[{\"@type\":\"ReadAction\",\"target\":[\"https:\\\/\\\/dondevamos.xyz\\\/festival-picnic\\\/conciertos\\\/the-offspring\\\/\"]}]},{\"@type\":\"ImageObject\",\"inLanguage\":\"es\",\"@id\":\"https:\\\/\\\/dondevamos.xyz\\\/festival-picnic\\\/conciertos\\\/the-offspring\\\/#primaryimage\",\"url\":\"https:\\\/\\\/dondevamos.xyz\\\/festival-picnic\\\/wp-content\\\/uploads\\\/sites\\\/9\\\/2024\\\/01\\\/offspring-concierto-costarica.jpg\",\"contentUrl\":\"https:\\\/\\\/dondevamos.xyz\\\/festival-picnic\\\/wp-content\\\/uploads\\\/sites\\\/9\\\/2024\\\/01\\\/offspring-concierto-costarica.jpg\",\"width\":436,\"height\":438},{\"@type\":\"BreadcrumbList\",\"@id\":\"https:\\\/\\\/dondevamos.xyz\\\/festival-picnic\\\/conciertos\\\/the-offspring\\\/#breadcrumb\",\"itemListElement\":[{\"@type\":\"ListItem\",\"position\":1,\"name\":\"Portada\",\"item\":\"https:\\\/\\\/dondevamos.xyz\\\/festival-picnic\\\/\"},{\"@type\":\"ListItem\",\"position\":2,\"name\":\"Conciertos festival Picnic 2024\",\"item\":\"https:\\\/\\\/dondevamos.xyz\\\/festival-picnic\\\/conciertos\\\/\"},{\"@type\":\"ListItem\",\"position\":3,\"name\":\"Concierto Offspring en Costa Rica\"}]},{\"@type\":\"WebSite\",\"@id\":\"https:\\\/\\\/dondevamos.xyz\\\/festival-picnic\\\/#website\",\"url\":\"https:\\\/\\\/dondevamos.xyz\\\/festival-picnic\\\/\",\"name\":\"Festival Picnic 2024\",\"description\":\"Informaci\u00f3n del festival Picnic 2024\",\"publisher\":{\"@id\":\"https:\\\/\\\/dondevamos.xyz\\\/festival-picnic\\\/#organization\"},\"potentialAction\":[{\"@type\":\"SearchAction\",\"target\":{\"@type\":\"EntryPoint\",\"urlTemplate\":\"https:\\\/\\\/dondevamos.xyz\\\/festival-picnic\\\/?s={search_term_string}\"},\"query-input\":{\"@type\":\"PropertyValueSpecification\",\"valueRequired\":true,\"valueName\":\"search_term_string\"}}],\"inLanguage\":\"es\"},{\"@type\":\"Organization\",\"@id\":\"https:\\\/\\\/dondevamos.xyz\\\/festival-picnic\\\/#organization\",\"name\":\"Dondevamos XYZ\",\"alternateName\":\"Donde Vamos: Festival Picnic\",\"url\":\"https:\\\/\\\/dondevamos.xyz\\\/festival-picnic\\\/\",\"logo\":{\"@type\":\"ImageObject\",\"inLanguage\":\"es\",\"@id\":\"https:\\\/\\\/dondevamos.xyz\\\/festival-picnic\\\/#\\\/schema\\\/logo\\\/image\\\/\",\"url\":\"https:\\\/\\\/dondevamos.xyz\\\/festival-picnic\\\/wp-content\\\/uploads\\\/sites\\\/9\\\/2024\\\/01\\\/dondevamos.jpeg\",\"contentUrl\":\"https:\\\/\\\/dondevamos.xyz\\\/festival-picnic\\\/wp-content\\\/uploads\\\/sites\\\/9\\\/2024\\\/01\\\/dondevamos.jpeg\",\"width\":200,\"height\":200,\"caption\":\"Dondevamos XYZ\"},\"image\":{\"@id\":\"https:\\\/\\\/dondevamos.xyz\\\/festival-picnic\\\/#\\\/schema\\\/logo\\\/image\\\/\"}}]}<\/script>\n<!-- \/ Yoast SEO plugin. -->","yoast_head_json":{"title":"Concierto Offspring en Costa Rica - Festival Picnic 2024","description":"The Offspring se presenta en Costa Rica en el 2024. Aqu\u00ed informaci\u00f3n de la banda, fechas, y c\u00f3mo conseguir las entradas.","robots":{"index":"index","follow":"follow","max-snippet":"max-snippet:-1","max-image-preview":"max-image-preview:large","max-video-preview":"max-video-preview:-1"},"canonical":"https:\/\/dondevamos.xyz\/festival-picnic\/conciertos\/the-offspring\/","og_locale":"es_ES","og_type":"article","og_title":"Concierto Offspring en Costa Rica - Festival Picnic 2024","og_description":"The Offspring se presenta en Costa Rica en el 2024. Aqu\u00ed informaci\u00f3n de la banda, fechas, y c\u00f3mo conseguir las entradas.","og_url":"https:\/\/dondevamos.xyz\/festival-picnic\/conciertos\/the-offspring\/","og_site_name":"Festival Picnic 2024","article_modified_time":"2024-02-01T01:19:22+00:00","og_image":[{"width":436,"height":438,"url":"https:\/\/dondevamos.xyz\/festival-picnic\/wp-content\/uploads\/sites\/9\/2024\/01\/offspring-concierto-costarica.jpg","type":"image\/jpeg"}],"twitter_card":"summary_large_image","twitter_misc":{"Tiempo de lectura":"3 minutos"},"schema":{"@context":"https:\/\/schema.org","@graph":[{"@type":"WebPage","@id":"https:\/\/dondevamos.xyz\/festival-picnic\/conciertos\/the-offspring\/","url":"https:\/\/dondevamos.xyz\/festival-picnic\/conciertos\/the-offspring\/","name":"Concierto Offspring en Costa Rica - Festival Picnic 2024","isPartOf":{"@id":"https:\/\/dondevamos.xyz\/festival-picnic\/#website"},"primaryImageOfPage":{"@id":"https:\/\/dondevamos.xyz\/festival-picnic\/conciertos\/the-offspring\/#primaryimage"},"image":{"@id":"https:\/\/dondevamos.xyz\/festival-picnic\/conciertos\/the-offspring\/#primaryimage"},"thumbnailUrl":"https:\/\/dondevamos.xyz\/festival-picnic\/wp-content\/uploads\/sites\/9\/2024\/01\/offspring-concierto-costarica.jpg","datePublished":"2024-01-30T15:19:40+00:00","dateModified":"2024-02-01T01:19:22+00:00","description":"The Offspring se presenta en Costa Rica en el 2024. Aqu\u00ed informaci\u00f3n de la banda, fechas, y c\u00f3mo conseguir las entradas.","breadcrumb":{"@id":"https:\/\/dondevamos.xyz\/festival-picnic\/conciertos\/the-offspring\/#breadcrumb"},"inLanguage":"es","potentialAction":[{"@type":"ReadAction","target":["https:\/\/dondevamos.xyz\/festival-picnic\/conciertos\/the-offspring\/"]}]},{"@type":"ImageObject","inLanguage":"es","@id":"https:\/\/dondevamos.xyz\/festival-picnic\/conciertos\/the-offspring\/#primaryimage","url":"https:\/\/dondevamos.xyz\/festival-picnic\/wp-content\/uploads\/sites\/9\/2024\/01\/offspring-concierto-costarica.jpg","contentUrl":"https:\/\/dondevamos.xyz\/festival-picnic\/wp-content\/uploads\/sites\/9\/2024\/01\/offspring-concierto-costarica.jpg","width":436,"height":438},{"@type":"BreadcrumbList","@id":"https:\/\/dondevamos.xyz\/festival-picnic\/conciertos\/the-offspring\/#breadcrumb","itemListElement":[{"@type":"ListItem","position":1,"name":"Portada","item":"https:\/\/dondevamos.xyz\/festival-picnic\/"},{"@type":"ListItem","position":2,"name":"Conciertos festival Picnic 2024","item":"https:\/\/dondevamos.xyz\/festival-picnic\/conciertos\/"},{"@type":"ListItem","position":3,"name":"Concierto Offspring en Costa Rica"}]},{"@type":"WebSite","@id":"https:\/\/dondevamos.xyz\/festival-picnic\/#website","url":"https:\/\/dondevamos.xyz\/festival-picnic\/","name":"Festival Picnic 2024","description":"Informaci\u00f3n del festival Picnic 2024","publisher":{"@id":"https:\/\/dondevamos.xyz\/festival-picnic\/#organization"},"potentialAction":[{"@type":"SearchAction","target":{"@type":"EntryPoint","urlTemplate":"https:\/\/dondevamos.xyz\/festival-picnic\/?s={search_term_string}"},"query-input":{"@type":"PropertyValueSpecification","valueRequired":true,"valueName":"search_term_string"}}],"inLanguage":"es"},{"@type":"Organization","@id":"https:\/\/dondevamos.xyz\/festival-picnic\/#organization","name":"Dondevamos XYZ","alternateName":"Donde Vamos: Festival Picnic","url":"https:\/\/dondevamos.xyz\/festival-picnic\/","logo":{"@type":"ImageObject","inLanguage":"es","@id":"https:\/\/dondevamos.xyz\/festival-picnic\/#\/schema\/logo\/image\/","url":"https:\/\/dondevamos.xyz\/festival-picnic\/wp-content\/uploads\/sites\/9\/2024\/01\/dondevamos.jpeg","contentUrl":"https:\/\/dondevamos.xyz\/festival-picnic\/wp-content\/uploads\/sites\/9\/2024\/01\/dondevamos.jpeg","width":200,"height":200,"caption":"Dondevamos XYZ"},"image":{"@id":"https:\/\/dondevamos.xyz\/festival-picnic\/#\/schema\/logo\/image\/"}}]}},"_links":{"self":[{"href":"https:\/\/dondevamos.xyz\/festival-picnic\/wp-json\/wp\/v2\/pages\/112","targetHints":{"allow":["GET"]}}],"collection":[{"href":"https:\/\/dondevamos.xyz\/festival-picnic\/wp-json\/wp\/v2\/pages"}],"about":[{"href":"https:\/\/dondevamos.xyz\/festival-picnic\/wp-json\/wp\/v2\/types\/page"}],"author":[{"embeddable":true,"href":"https:\/\/dondevamos.xyz\/festival-picnic\/wp-json\/wp\/v2\/users\/2"}],"replies":[{"embeddable":true,"href":"https:\/\/dondevamos.xyz\/festival-picnic\/wp-json\/wp\/v2\/comments?post=112"}],"version-history":[{"count":4,"href":"https:\/\/dondevamos.xyz\/festival-picnic\/wp-json\/wp\/v2\/pages\/112\/revisions"}],"predecessor-version":[{"id":121,"href":"https:\/\/dondevamos.xyz\/festival-picnic\/wp-json\/wp\/v2\/pages\/112\/revisions\/121"}],"up":[{"embeddable":true,"href":"https:\/\/dondevamos.xyz\/festival-picnic\/wp-json\/wp\/v2\/pages\/94"}],"wp:featuredmedia":[{"embeddable":true,"href":"https:\/\/dondevamos.xyz\/festival-picnic\/wp-json\/wp\/v2\/media\/57"}],"wp:attachment":[{"href":"https:\/\/dondevamos.xyz\/festival-picnic\/wp-json\/wp\/v2\/media?parent=112"}],"curies":[{"name":"wp","href":"https:\/\/api.w.org\/{rel}","templated":true}]}}