{"id":81,"date":"2017-12-13T21:59:42","date_gmt":"2017-12-14T03:59:42","guid":{"rendered":"https:\/\/fiestas.cr\/festival-de-la-luz\/?page_id=81"},"modified":"2023-11-08T18:17:08","modified_gmt":"2023-11-09T00:17:08","slug":"cambio-paradas-de-bus","status":"publish","type":"page","link":"https:\/\/dondevamos.xyz\/festival-de-la-luz\/cambio-paradas-de-bus\/","title":{"rendered":"Paradas de bus para el Festival de la Luz 2023"},"content":{"rendered":"<div class=\"wp-block-image\">\n<figure class=\"alignleft\"><img decoding=\"async\" width=\"300\" height=\"200\" data-src=\"https:\/\/dondevamos.xyz\/festival-de-la-luz\/wp-content\/uploads\/sites\/4\/2017\/12\/pexels-photo-373978-300x200.jpeg\" alt=\"paradas de bus festival de la luz 2023\" class=\"wp-image-84 lazyload\" data-srcset=\"https:\/\/dondevamos.xyz\/festival-de-la-luz\/wp-content\/uploads\/sites\/4\/2017\/12\/pexels-photo-373978-300x200.jpeg 300w, https:\/\/dondevamos.xyz\/festival-de-la-luz\/wp-content\/uploads\/sites\/4\/2017\/12\/pexels-photo-373978.jpeg 640w\" data-sizes=\"(max-width: 300px) 100vw, 300px\" src=\"data:image\/svg+xml;base64,PHN2ZyB3aWR0aD0iMSIgaGVpZ2h0PSIxIiB4bWxucz0iaHR0cDovL3d3dy53My5vcmcvMjAwMC9zdmciPjwvc3ZnPg==\" style=\"--smush-placeholder-width: 300px; --smush-placeholder-aspect-ratio: 300\/200;\" \/><\/figure>\n<\/div>\n\n\n<p>Hay muchas paradas de bus que est\u00e1n sobre Avenida Segunda y Paseo Col\u00f3n. El d\u00eda del Festival de la Luz, estas paradas de buses cambian de lugar. El cambio en las paradas de bus es s\u00f3lo durante el festival el 16 de diciembre, en los d\u00edas previos al festival las paradas siguen en su ubicaci\u00f3n de siempre.<\/p>\n\n\n\n<p>Por el momento no se han anunciado los cambios de paradas de buses durante el Festival de la Luz 2023. Apenas tengamos esta informaci\u00f3n, la pondremos por ac\u00e1.<\/p>\n\n\n<div class=\"wp-block-image\">\n<figure class=\"aligncenter\"><img decoding=\"async\" width=\"300\" height=\"225\" data-src=\"https:\/\/dondevamos.xyz\/festival-de-la-luz\/wp-content\/uploads\/sites\/4\/2017\/12\/bus-2460482_640-300x225.jpg\" alt=\"paradas de bus festival de la luz 2023\" class=\"wp-image-83 lazyload\" data-srcset=\"https:\/\/dondevamos.xyz\/festival-de-la-luz\/wp-content\/uploads\/sites\/4\/2017\/12\/bus-2460482_640-300x225.jpg 300w, https:\/\/dondevamos.xyz\/festival-de-la-luz\/wp-content\/uploads\/sites\/4\/2017\/12\/bus-2460482_640.jpg 640w\" data-sizes=\"(max-width: 300px) 100vw, 300px\" src=\"data:image\/svg+xml;base64,PHN2ZyB3aWR0aD0iMSIgaGVpZ2h0PSIxIiB4bWxucz0iaHR0cDovL3d3dy53My5vcmcvMjAwMC9zdmciPjwvc3ZnPg==\" style=\"--smush-placeholder-width: 300px; --smush-placeholder-aspect-ratio: 300\/225;\" \/><\/figure>\n<\/div>\n\n\n<h2 class=\"wp-block-heading\">Las paradas de taxis tambi\u00e9n cambian?<\/h2>\n\n\n\n<p>Si. El d\u00eda del Festival de la Luz todas las paradas de taxi que est\u00e1n sobre Paseo Col\u00f3n y la Avenida Segunda, quedan eliminadas. Una vez que termina el festival vuelven a estar en el lugar de siempre.<\/p>\n<!-- AddThis Advanced Settings generic via filter on the_content --><!-- AddThis Share Buttons generic via filter on the_content -->","protected":false},"excerpt":{"rendered":"<p>Hay muchas paradas de bus que est\u00e1n sobre Avenida Segunda y Paseo Col\u00f3n. El d\u00eda del Festival de la Luz, estas paradas de buses cambian de lugar. El cambio en las paradas de bus es s\u00f3lo durante el festival el 16 de diciembre, en los d\u00edas previos al festival las paradas siguen en su ubicaci\u00f3n\u2026 <span class=\"read-more\"><a href=\"https:\/\/dondevamos.xyz\/festival-de-la-luz\/cambio-paradas-de-bus\/\">Leer m\u00e1s &raquo;<\/a><\/span><!-- AddThis Advanced Settings generic via filter on get_the_excerpt --><!-- AddThis Share Buttons generic via filter on get_the_excerpt --><\/p>\n","protected":false},"author":2,"featured_media":85,"parent":0,"menu_order":0,"comment_status":"closed","ping_status":"closed","template":"page-templates\/full-width.php","meta":{"footnotes":""},"class_list":["post-81","page","type-page","status-publish","has-post-thumbnail","hentry"],"yoast_head":"<!-- This site is optimized with the Yoast SEO plugin v27.4 - https:\/\/yoast.com\/product\/yoast-seo-wordpress\/ -->\n<title>Paradas de bus para el Festival de la Luz 2023 - Festival de la Luz San Jos\u00e9<\/title>\n<meta name=\"description\" content=\"Tenga presente que el 14 de diciembre, todas las paradas de bus que est\u00e9n en Avenida 2, Paseo Col\u00f3n y alrededores cambian de lugar!\" \/>\n<meta name=\"robots\" content=\"index, follow, max-snippet:-1, max-image-preview:large, max-video-preview:-1\" \/>\n<link rel=\"canonical\" href=\"https:\/\/dondevamos.xyz\/festival-de-la-luz\/cambio-paradas-de-bus\/\" \/>\n<meta property=\"og:locale\" content=\"es_ES\" \/>\n<meta property=\"og:type\" content=\"article\" \/>\n<meta property=\"og:title\" content=\"Paradas de bus para el Festival de la Luz 2023 - Festival de la Luz San Jos\u00e9\" \/>\n<meta property=\"og:description\" content=\"Tenga presente que el 14 de diciembre, todas las paradas de bus que est\u00e9n en Avenida 2, Paseo Col\u00f3n y alrededores cambian de lugar!\" \/>\n<meta property=\"og:url\" content=\"https:\/\/dondevamos.xyz\/festival-de-la-luz\/cambio-paradas-de-bus\/\" \/>\n<meta property=\"og:site_name\" content=\"Festival de la Luz San Jos\u00e9\" \/>\n<meta property=\"article:publisher\" content=\"https:\/\/www.facebook.com\/palmaresfansclub\" \/>\n<meta property=\"article:modified_time\" content=\"2023-11-09T00:17:08+00:00\" \/>\n<meta property=\"og:image\" content=\"https:\/\/dondevamos.xyz\/festival-de-la-luz\/wp-content\/uploads\/sites\/4\/2017\/12\/pexels-photo-385998.jpeg\" \/>\n\t<meta property=\"og:image:width\" content=\"640\" \/>\n\t<meta property=\"og:image:height\" content=\"426\" \/>\n\t<meta property=\"og:image:type\" content=\"image\/jpeg\" \/>\n<meta name=\"twitter:card\" content=\"summary_large_image\" \/>\n<meta name=\"twitter:site\" content=\"@palmaresfc\" \/>\n<meta name=\"twitter:label1\" content=\"Tiempo de lectura\" \/>\n\t<meta name=\"twitter:data1\" content=\"1 minuto\" \/>\n<script type=\"application\/ld+json\" class=\"yoast-schema-graph\">{\"@context\":\"https:\\\/\\\/schema.org\",\"@graph\":[{\"@type\":\"WebPage\",\"@id\":\"https:\\\/\\\/dondevamos.xyz\\\/festival-de-la-luz\\\/cambio-paradas-de-bus\\\/\",\"url\":\"https:\\\/\\\/dondevamos.xyz\\\/festival-de-la-luz\\\/cambio-paradas-de-bus\\\/\",\"name\":\"Paradas de bus para el Festival de la Luz 2023 - Festival de la Luz San Jos\u00e9\",\"isPartOf\":{\"@id\":\"https:\\\/\\\/dondevamos.xyz\\\/festival-de-la-luz\\\/#website\"},\"primaryImageOfPage\":{\"@id\":\"https:\\\/\\\/dondevamos.xyz\\\/festival-de-la-luz\\\/cambio-paradas-de-bus\\\/#primaryimage\"},\"image\":{\"@id\":\"https:\\\/\\\/dondevamos.xyz\\\/festival-de-la-luz\\\/cambio-paradas-de-bus\\\/#primaryimage\"},\"thumbnailUrl\":\"https:\\\/\\\/dondevamos.xyz\\\/festival-de-la-luz\\\/wp-content\\\/uploads\\\/sites\\\/4\\\/2017\\\/12\\\/pexels-photo-385998.jpeg\",\"datePublished\":\"2017-12-14T03:59:42+00:00\",\"dateModified\":\"2023-11-09T00:17:08+00:00\",\"description\":\"Tenga presente que el 14 de diciembre, todas las paradas de bus que est\u00e9n en Avenida 2, Paseo Col\u00f3n y alrededores cambian de lugar!\",\"inLanguage\":\"es\",\"potentialAction\":[{\"@type\":\"ReadAction\",\"target\":[\"https:\\\/\\\/dondevamos.xyz\\\/festival-de-la-luz\\\/cambio-paradas-de-bus\\\/\"]}]},{\"@type\":\"ImageObject\",\"inLanguage\":\"es\",\"@id\":\"https:\\\/\\\/dondevamos.xyz\\\/festival-de-la-luz\\\/cambio-paradas-de-bus\\\/#primaryimage\",\"url\":\"https:\\\/\\\/dondevamos.xyz\\\/festival-de-la-luz\\\/wp-content\\\/uploads\\\/sites\\\/4\\\/2017\\\/12\\\/pexels-photo-385998.jpeg\",\"contentUrl\":\"https:\\\/\\\/dondevamos.xyz\\\/festival-de-la-luz\\\/wp-content\\\/uploads\\\/sites\\\/4\\\/2017\\\/12\\\/pexels-photo-385998.jpeg\",\"width\":640,\"height\":426,\"caption\":\"paradas de taxi festival de la luz 2017\"},{\"@type\":\"WebSite\",\"@id\":\"https:\\\/\\\/dondevamos.xyz\\\/festival-de-la-luz\\\/#website\",\"url\":\"https:\\\/\\\/dondevamos.xyz\\\/festival-de-la-luz\\\/\",\"name\":\"Festival de la Luz San Jos\u00e9\",\"description\":\"Otro sitio m\u00e1s de Donde vamos?\",\"potentialAction\":[{\"@type\":\"SearchAction\",\"target\":{\"@type\":\"EntryPoint\",\"urlTemplate\":\"https:\\\/\\\/dondevamos.xyz\\\/festival-de-la-luz\\\/?s={search_term_string}\"},\"query-input\":{\"@type\":\"PropertyValueSpecification\",\"valueRequired\":true,\"valueName\":\"search_term_string\"}}],\"inLanguage\":\"es\"}]}<\/script>\n<!-- \/ Yoast SEO plugin. -->","yoast_head_json":{"title":"Paradas de bus para el Festival de la Luz 2023 - Festival de la Luz San Jos\u00e9","description":"Tenga presente que el 14 de diciembre, todas las paradas de bus que est\u00e9n en Avenida 2, Paseo Col\u00f3n y alrededores cambian de lugar!","robots":{"index":"index","follow":"follow","max-snippet":"max-snippet:-1","max-image-preview":"max-image-preview:large","max-video-preview":"max-video-preview:-1"},"canonical":"https:\/\/dondevamos.xyz\/festival-de-la-luz\/cambio-paradas-de-bus\/","og_locale":"es_ES","og_type":"article","og_title":"Paradas de bus para el Festival de la Luz 2023 - Festival de la Luz San Jos\u00e9","og_description":"Tenga presente que el 14 de diciembre, todas las paradas de bus que est\u00e9n en Avenida 2, Paseo Col\u00f3n y alrededores cambian de lugar!","og_url":"https:\/\/dondevamos.xyz\/festival-de-la-luz\/cambio-paradas-de-bus\/","og_site_name":"Festival de la Luz San Jos\u00e9","article_publisher":"https:\/\/www.facebook.com\/palmaresfansclub","article_modified_time":"2023-11-09T00:17:08+00:00","og_image":[{"width":640,"height":426,"url":"https:\/\/dondevamos.xyz\/festival-de-la-luz\/wp-content\/uploads\/sites\/4\/2017\/12\/pexels-photo-385998.jpeg","type":"image\/jpeg"}],"twitter_card":"summary_large_image","twitter_site":"@palmaresfc","twitter_misc":{"Tiempo de lectura":"1 minuto"},"schema":{"@context":"https:\/\/schema.org","@graph":[{"@type":"WebPage","@id":"https:\/\/dondevamos.xyz\/festival-de-la-luz\/cambio-paradas-de-bus\/","url":"https:\/\/dondevamos.xyz\/festival-de-la-luz\/cambio-paradas-de-bus\/","name":"Paradas de bus para el Festival de la Luz 2023 - Festival de la Luz San Jos\u00e9","isPartOf":{"@id":"https:\/\/dondevamos.xyz\/festival-de-la-luz\/#website"},"primaryImageOfPage":{"@id":"https:\/\/dondevamos.xyz\/festival-de-la-luz\/cambio-paradas-de-bus\/#primaryimage"},"image":{"@id":"https:\/\/dondevamos.xyz\/festival-de-la-luz\/cambio-paradas-de-bus\/#primaryimage"},"thumbnailUrl":"https:\/\/dondevamos.xyz\/festival-de-la-luz\/wp-content\/uploads\/sites\/4\/2017\/12\/pexels-photo-385998.jpeg","datePublished":"2017-12-14T03:59:42+00:00","dateModified":"2023-11-09T00:17:08+00:00","description":"Tenga presente que el 14 de diciembre, todas las paradas de bus que est\u00e9n en Avenida 2, Paseo Col\u00f3n y alrededores cambian de lugar!","inLanguage":"es","potentialAction":[{"@type":"ReadAction","target":["https:\/\/dondevamos.xyz\/festival-de-la-luz\/cambio-paradas-de-bus\/"]}]},{"@type":"ImageObject","inLanguage":"es","@id":"https:\/\/dondevamos.xyz\/festival-de-la-luz\/cambio-paradas-de-bus\/#primaryimage","url":"https:\/\/dondevamos.xyz\/festival-de-la-luz\/wp-content\/uploads\/sites\/4\/2017\/12\/pexels-photo-385998.jpeg","contentUrl":"https:\/\/dondevamos.xyz\/festival-de-la-luz\/wp-content\/uploads\/sites\/4\/2017\/12\/pexels-photo-385998.jpeg","width":640,"height":426,"caption":"paradas de taxi festival de la luz 2017"},{"@type":"WebSite","@id":"https:\/\/dondevamos.xyz\/festival-de-la-luz\/#website","url":"https:\/\/dondevamos.xyz\/festival-de-la-luz\/","name":"Festival de la Luz San Jos\u00e9","description":"Otro sitio m\u00e1s de Donde vamos?","potentialAction":[{"@type":"SearchAction","target":{"@type":"EntryPoint","urlTemplate":"https:\/\/dondevamos.xyz\/festival-de-la-luz\/?s={search_term_string}"},"query-input":{"@type":"PropertyValueSpecification","valueRequired":true,"valueName":"search_term_string"}}],"inLanguage":"es"}]}},"_links":{"self":[{"href":"https:\/\/dondevamos.xyz\/festival-de-la-luz\/wp-json\/wp\/v2\/pages\/81","targetHints":{"allow":["GET"]}}],"collection":[{"href":"https:\/\/dondevamos.xyz\/festival-de-la-luz\/wp-json\/wp\/v2\/pages"}],"about":[{"href":"https:\/\/dondevamos.xyz\/festival-de-la-luz\/wp-json\/wp\/v2\/types\/page"}],"author":[{"embeddable":true,"href":"https:\/\/dondevamos.xyz\/festival-de-la-luz\/wp-json\/wp\/v2\/users\/2"}],"replies":[{"embeddable":true,"href":"https:\/\/dondevamos.xyz\/festival-de-la-luz\/wp-json\/wp\/v2\/comments?post=81"}],"version-history":[{"count":6,"href":"https:\/\/dondevamos.xyz\/festival-de-la-luz\/wp-json\/wp\/v2\/pages\/81\/revisions"}],"predecessor-version":[{"id":165,"href":"https:\/\/dondevamos.xyz\/festival-de-la-luz\/wp-json\/wp\/v2\/pages\/81\/revisions\/165"}],"wp:featuredmedia":[{"embeddable":true,"href":"https:\/\/dondevamos.xyz\/festival-de-la-luz\/wp-json\/wp\/v2\/media\/85"}],"wp:attachment":[{"href":"https:\/\/dondevamos.xyz\/festival-de-la-luz\/wp-json\/wp\/v2\/media?parent=81"}],"curies":[{"name":"wp","href":"https:\/\/api.w.org\/{rel}","templated":true}]}}