{"id":75,"date":"2017-12-13T21:38:13","date_gmt":"2017-12-14T03:38:13","guid":{"rendered":"https:\/\/fiestas.cr\/festival-de-la-luz\/?page_id=75"},"modified":"2024-12-15T18:52:38","modified_gmt":"2024-12-16T00:52:38","slug":"cierre-de-calles","status":"publish","type":"page","link":"https:\/\/dondevamos.xyz\/festival-de-la-luz\/cierre-de-calles\/","title":{"rendered":"Cierre de calles por el Festival de la Luz 2025"},"content":{"rendered":"<div class=\"wp-block-image\">\n<figure class=\"alignleft\"><img decoding=\"async\" width=\"300\" height=\"200\" data-src=\"https:\/\/dondevamos.xyz\/festival-de-la-luz\/wp-content\/uploads\/sites\/4\/2017\/12\/pexels-photo-300x200.jpg\" alt=\"calles festival de la Luz 2025\" class=\"wp-image-78 lazyload\" data-srcset=\"https:\/\/dondevamos.xyz\/festival-de-la-luz\/wp-content\/uploads\/sites\/4\/2017\/12\/pexels-photo-300x200.jpg 300w, https:\/\/dondevamos.xyz\/festival-de-la-luz\/wp-content\/uploads\/sites\/4\/2017\/12\/pexels-photo.jpg 640w\" data-sizes=\"(max-width: 300px) 100vw, 300px\" src=\"data:image\/svg+xml;base64,PHN2ZyB3aWR0aD0iMSIgaGVpZ2h0PSIxIiB4bWxucz0iaHR0cDovL3d3dy53My5vcmcvMjAwMC9zdmciPjwvc3ZnPg==\" style=\"--smush-placeholder-width: 300px; --smush-placeholder-aspect-ratio: 300\/200;\" \/><\/figure>\n<\/div>\n\n\n<p>Si en los pr\u00f3ximos d\u00edas tiene que pasar en carro por el centro de San Jos\u00e9, tenga presente que a ciertas horas se va a encontrar cierre de v\u00edas, debido al Festival de la Luz. A partir del viernes 12 de diciembre habr\u00e1n cierres alrededor del Paseo Col\u00f3n y Avenida Segunda para hacer los preparativos del Festival de la Luz 2025. Durante esos d\u00edas (y en d\u00edas anteriores) van a estar instalando <a href=\"https:\/\/fiestas.cr\/festival-de-la-luz\/entradas-festival-la-luz-2017\/\">las tarimas del Festival de la Luz<\/a>, las decoraciones y dem\u00e1s elementos que hay en las calles durante el festival.<\/p>\n\n\n\n<p>Generalmente, a las 10 PM del viernes 12 se comienzan a cerrar con vallas las calles, y se permite solo el ingreso de las carrozas del festival. El s\u00e1bado 13 de diciembre hay paso regulado desde las 6 AM por Paseo Col\u00f3n y en Avenida 10. A partir del mediod\u00eda del s\u00e1bado, hay cierre total de Paseo Col\u00f3n y Avenida Segunda.<\/p>\n\n\n\n<p>El domingo 14 de diciembre, podr\u00eda haber paso regulado por estas mismas calles. Esto por el desmontaje de las tarimas.<\/p>\n\n\n\n<h2 class=\"wp-block-heading\">Cu\u00e1les son las calles que se cierran por el Festival de la Luz de Costa Rica?<\/h2>\n\n\n\n<p>Las calles que van a estar cerradas por el Festival de la Luz son la Avenida Segunda y Paseo Col\u00f3n. Se cierran desde la Estatua de Le\u00f3n Cort\u00e9s hasta la Plaza de la Democracia. El d\u00eda del festival no hay paso por esas calles, ni tampoco hay paso para cruzarlas. Todas las calles transversales que atraviesan, tambi\u00e9n se cierran para que los veh\u00edculos no crucen. Puede haber tambi\u00e9n afectaciones y cierres en los alrededores de La Sabana y el Gimnasio Nacional.<\/p>\n\n\n\n<p>Durante los cierres parciales de la noche del mi\u00e9rcoles a viernes, probablemente si est\u00e1n habilitadas&nbsp; las calles transversales. Pero, a\u00fan as\u00ed lo mejor es evitar del todo pasar por el centro de San Jos\u00e9 durante estos pr\u00f3ximos d\u00edas.<\/p>\n\n\n\n<h2 class=\"wp-block-heading\">Cierre parcial de calles: de mi\u00e9rcoles a viernes<\/h2>\n\n\n\n<p>Del mi\u00e9rcoles 10 de diciembre al viernes 12 de diciembre, el Paseo Col\u00f3n y la Avenida Segunda podr\u00edan tener cierres parciales y paso regulado durante la noche.<\/p>\n\n\n\n<p><\/p>\n\n\n\n<h2 class=\"wp-block-heading\">Cierre total de calles: s\u00e1bado 13 de diciembre<\/h2>\n\n\n<div class=\"wp-block-image\">\n<figure class=\"alignleft\"><img decoding=\"async\" width=\"300\" height=\"198\" data-src=\"https:\/\/dondevamos.xyz\/festival-de-la-luz\/wp-content\/uploads\/sites\/4\/2017\/12\/stop-2985522_640-300x198.jpg\" alt=\"ruta festival de la Luz 2025\" class=\"wp-image-79 lazyload\" data-srcset=\"https:\/\/dondevamos.xyz\/festival-de-la-luz\/wp-content\/uploads\/sites\/4\/2017\/12\/stop-2985522_640-300x198.jpg 300w, https:\/\/dondevamos.xyz\/festival-de-la-luz\/wp-content\/uploads\/sites\/4\/2017\/12\/stop-2985522_640.jpg 640w\" data-sizes=\"(max-width: 300px) 100vw, 300px\" src=\"data:image\/svg+xml;base64,PHN2ZyB3aWR0aD0iMSIgaGVpZ2h0PSIxIiB4bWxucz0iaHR0cDovL3d3dy53My5vcmcvMjAwMC9zdmciPjwvc3ZnPg==\" style=\"--smush-placeholder-width: 300px; --smush-placeholder-aspect-ratio: 300\/198;\" \/><\/figure>\n<\/div>\n\n\n<p>El s\u00e1bado 13 de diciembre a partir del medio d\u00eda se cierran totalmente Paseo Col\u00f3n y Avenida Segunda, y todas las calles que las atraviesan. El cierre es desde la Estatua de Le\u00f3n Cort\u00e9s hasta la Plaza de la Democracia.<\/p>\n\n\n\n<p>El s\u00e1bado 13 de diciembre, no es recomendable tratar de atravesar\u00a0Paseo Col\u00f3n ni Avenida Segunda en autom\u00f3vil. Esto incluye tratar de pasar por las calles que intersecan con estas avenidas.<\/p>\n\n\n\n<p>El domingo 14 de diciembre, es probable que tambi\u00e9n encuentre cierres parciales, o en algunos casos totales, porque toda desmontar las tarimas del festival de la luz.<\/p>\n\n\n\n<p>Si tiene que cruzar de norte a sur el centro de San Jos\u00e9, la mejor forma de hacerlo es evitar la zona central. Cruce por el sector de Los Yoses, San Pedro o por el sector oeste de La Sabana.<\/p>\n\n\n\n<p>Tenga presente que el d\u00eda del Festival de la Luz, generalmente hay problemas de tr\u00e1nsito en toda la carretera de Circunvalaci\u00f3n y en las autopistas General Ca\u00f1as y Ruta 27. Esto porque al estar cerrado Paseo Col\u00f3n, ser s\u00e1bado, y ser en diciembre, el tr\u00e1nsito sobrecarga estas rutas.<\/p>\n\n\n\n<h2 class=\"wp-block-heading\">Acceso a los hospitales durante los cierres de v\u00edas<\/h2>\n\n\n\n<p>Tanto el Hospital San Juan de Dios, como el Hospital Nacional de Ni\u00f1os y el Blanco Cervantes, siguen recibiendo pacientes los d\u00edas del Festival de la Luz. El servicio de emergencias sigue funcionando.<\/p>\n\n\n\n<p>Para llegar a estos hospitales mientras est\u00e1n cerradas las calles, lo que tiene que hacer es llegar por la parte de atr\u00e1s: no tome ni Avenida Segunda ni Paseo Col\u00f3n.<\/p>\n\n\n\n<p>Si viene del Este, debe tomar por Plaza Gonz\u00e1lez V\u00edquez, ah\u00ed encontrar\u00e1 el carril de emergencia para los hospitales. Si viene del sur, el carril de emergencia inicial en la estaci\u00f3n del Ferrocarril al Pac\u00edfico. Desde el oeste, el carril para ingresar a hospitales inicia en la Contralor\u00eda General de la Rep\u00fablica y pasa por la estatua de Le\u00f3n Cort\u00e9s. <\/p>\n\n\n<div class=\"wp-block-image size-medium wp-image-15\">\n<figure class=\"aligncenter\"><img decoding=\"async\" width=\"300\" height=\"200\" data-src=\"https:\/\/dondevamos.xyz\/festival-de-la-luz\/wp-content\/uploads\/sites\/4\/2017\/11\/festival-de-la-luz-costa-rica-2-300x200.jpg\" alt=\"festival de la Luz 2025 costa rica\" class=\"wp-image-15 lazyload\" data-srcset=\"https:\/\/dondevamos.xyz\/festival-de-la-luz\/wp-content\/uploads\/sites\/4\/2017\/11\/festival-de-la-luz-costa-rica-2-300x200.jpg 300w, https:\/\/dondevamos.xyz\/festival-de-la-luz\/wp-content\/uploads\/sites\/4\/2017\/11\/festival-de-la-luz-costa-rica-2.jpg 720w\" data-sizes=\"(max-width: 300px) 100vw, 300px\" src=\"data:image\/svg+xml;base64,PHN2ZyB3aWR0aD0iMSIgaGVpZ2h0PSIxIiB4bWxucz0iaHR0cDovL3d3dy53My5vcmcvMjAwMC9zdmciPjwvc3ZnPg==\" style=\"--smush-placeholder-width: 300px; --smush-placeholder-aspect-ratio: 300\/200;\" \/><figcaption class=\"wp-element-caption\">Foto: Festival de la Luz<\/figcaption><\/figure>\n<\/div><!-- AddThis Advanced Settings generic via filter on the_content --><!-- AddThis Share Buttons generic via filter on the_content -->","protected":false},"excerpt":{"rendered":"<p>Si en los pr\u00f3ximos d\u00edas tiene que pasar en carro por el centro de San Jos\u00e9, tenga presente que a ciertas horas se va a encontrar cierre de v\u00edas, debido al Festival de la Luz. A partir del viernes 12 de diciembre habr\u00e1n cierres alrededor del Paseo Col\u00f3n y Avenida Segunda para hacer los preparativos\u2026 <span class=\"read-more\"><a href=\"https:\/\/dondevamos.xyz\/festival-de-la-luz\/cierre-de-calles\/\">Leer m\u00e1s &raquo;<\/a><\/span><!-- AddThis Advanced Settings generic via filter on get_the_excerpt --><!-- AddThis Share Buttons generic via filter on get_the_excerpt --><\/p>\n","protected":false},"author":2,"featured_media":78,"parent":0,"menu_order":0,"comment_status":"closed","ping_status":"closed","template":"page-templates\/full-width.php","meta":{"footnotes":""},"class_list":["post-75","page","type-page","status-publish","has-post-thumbnail","hentry"],"yoast_head":"<!-- This site is optimized with the Yoast SEO plugin v27.4 - https:\/\/yoast.com\/product\/yoast-seo-wordpress\/ -->\n<title>Cierre de calles por el Festival de la Luz 2025 - Festival de la Luz San Jos\u00e9<\/title>\n<meta name=\"description\" content=\"Si ocupa ir al centro de San Jos\u00e9 en los pr\u00f3ximos d\u00edas, tenga en cuenta que se van a cerrar calles por el Festival de la Luz.\" \/>\n<meta name=\"robots\" content=\"index, follow, max-snippet:-1, max-image-preview:large, max-video-preview:-1\" \/>\n<link rel=\"canonical\" href=\"https:\/\/dondevamos.xyz\/festival-de-la-luz\/cierre-de-calles\/\" \/>\n<meta property=\"og:locale\" content=\"es_ES\" \/>\n<meta property=\"og:type\" content=\"article\" \/>\n<meta property=\"og:title\" content=\"Cierre de calles por el Festival de la Luz 2025 - Festival de la Luz San Jos\u00e9\" \/>\n<meta property=\"og:description\" content=\"Si ocupa ir al centro de San Jos\u00e9 en los pr\u00f3ximos d\u00edas, tenga en cuenta que se van a cerrar calles por el Festival de la Luz.\" \/>\n<meta property=\"og:url\" content=\"https:\/\/dondevamos.xyz\/festival-de-la-luz\/cierre-de-calles\/\" \/>\n<meta property=\"og:site_name\" content=\"Festival de la Luz San Jos\u00e9\" \/>\n<meta property=\"article:publisher\" content=\"https:\/\/www.facebook.com\/palmaresfansclub\" \/>\n<meta property=\"article:modified_time\" content=\"2024-12-16T00:52:38+00:00\" \/>\n<meta property=\"og:image\" content=\"https:\/\/dondevamos.xyz\/festival-de-la-luz\/wp-content\/uploads\/sites\/4\/2017\/12\/pexels-photo.jpg\" \/>\n\t<meta property=\"og:image:width\" content=\"640\" \/>\n\t<meta property=\"og:image:height\" content=\"426\" \/>\n\t<meta property=\"og:image:type\" content=\"image\/jpeg\" \/>\n<meta name=\"twitter:card\" content=\"summary_large_image\" \/>\n<meta name=\"twitter:site\" content=\"@palmaresfc\" \/>\n<meta name=\"twitter:label1\" content=\"Tiempo de lectura\" \/>\n\t<meta name=\"twitter:data1\" content=\"4 minutos\" \/>\n<script type=\"application\/ld+json\" class=\"yoast-schema-graph\">{\"@context\":\"https:\\\/\\\/schema.org\",\"@graph\":[{\"@type\":\"WebPage\",\"@id\":\"https:\\\/\\\/dondevamos.xyz\\\/festival-de-la-luz\\\/cierre-de-calles\\\/\",\"url\":\"https:\\\/\\\/dondevamos.xyz\\\/festival-de-la-luz\\\/cierre-de-calles\\\/\",\"name\":\"Cierre de calles por el Festival de la Luz 2025 - Festival de la Luz San Jos\u00e9\",\"isPartOf\":{\"@id\":\"https:\\\/\\\/dondevamos.xyz\\\/festival-de-la-luz\\\/#website\"},\"primaryImageOfPage\":{\"@id\":\"https:\\\/\\\/dondevamos.xyz\\\/festival-de-la-luz\\\/cierre-de-calles\\\/#primaryimage\"},\"image\":{\"@id\":\"https:\\\/\\\/dondevamos.xyz\\\/festival-de-la-luz\\\/cierre-de-calles\\\/#primaryimage\"},\"thumbnailUrl\":\"https:\\\/\\\/dondevamos.xyz\\\/festival-de-la-luz\\\/wp-content\\\/uploads\\\/sites\\\/4\\\/2017\\\/12\\\/pexels-photo.jpg\",\"datePublished\":\"2017-12-14T03:38:13+00:00\",\"dateModified\":\"2024-12-16T00:52:38+00:00\",\"description\":\"Si ocupa ir al centro de San Jos\u00e9 en los pr\u00f3ximos d\u00edas, tenga en cuenta que se van a cerrar calles por el Festival de la Luz.\",\"inLanguage\":\"es\",\"potentialAction\":[{\"@type\":\"ReadAction\",\"target\":[\"https:\\\/\\\/dondevamos.xyz\\\/festival-de-la-luz\\\/cierre-de-calles\\\/\"]}]},{\"@type\":\"ImageObject\",\"inLanguage\":\"es\",\"@id\":\"https:\\\/\\\/dondevamos.xyz\\\/festival-de-la-luz\\\/cierre-de-calles\\\/#primaryimage\",\"url\":\"https:\\\/\\\/dondevamos.xyz\\\/festival-de-la-luz\\\/wp-content\\\/uploads\\\/sites\\\/4\\\/2017\\\/12\\\/pexels-photo.jpg\",\"contentUrl\":\"https:\\\/\\\/dondevamos.xyz\\\/festival-de-la-luz\\\/wp-content\\\/uploads\\\/sites\\\/4\\\/2017\\\/12\\\/pexels-photo.jpg\",\"width\":640,\"height\":426,\"caption\":\"calles festival de la luz 2017\"},{\"@type\":\"WebSite\",\"@id\":\"https:\\\/\\\/dondevamos.xyz\\\/festival-de-la-luz\\\/#website\",\"url\":\"https:\\\/\\\/dondevamos.xyz\\\/festival-de-la-luz\\\/\",\"name\":\"Festival de la Luz San Jos\u00e9\",\"description\":\"Otro sitio m\u00e1s de Donde vamos?\",\"potentialAction\":[{\"@type\":\"SearchAction\",\"target\":{\"@type\":\"EntryPoint\",\"urlTemplate\":\"https:\\\/\\\/dondevamos.xyz\\\/festival-de-la-luz\\\/?s={search_term_string}\"},\"query-input\":{\"@type\":\"PropertyValueSpecification\",\"valueRequired\":true,\"valueName\":\"search_term_string\"}}],\"inLanguage\":\"es\"}]}<\/script>\n<!-- \/ Yoast SEO plugin. -->","yoast_head_json":{"title":"Cierre de calles por el Festival de la Luz 2025 - Festival de la Luz San Jos\u00e9","description":"Si ocupa ir al centro de San Jos\u00e9 en los pr\u00f3ximos d\u00edas, tenga en cuenta que se van a cerrar calles por el Festival de la Luz.","robots":{"index":"index","follow":"follow","max-snippet":"max-snippet:-1","max-image-preview":"max-image-preview:large","max-video-preview":"max-video-preview:-1"},"canonical":"https:\/\/dondevamos.xyz\/festival-de-la-luz\/cierre-de-calles\/","og_locale":"es_ES","og_type":"article","og_title":"Cierre de calles por el Festival de la Luz 2025 - Festival de la Luz San Jos\u00e9","og_description":"Si ocupa ir al centro de San Jos\u00e9 en los pr\u00f3ximos d\u00edas, tenga en cuenta que se van a cerrar calles por el Festival de la Luz.","og_url":"https:\/\/dondevamos.xyz\/festival-de-la-luz\/cierre-de-calles\/","og_site_name":"Festival de la Luz San Jos\u00e9","article_publisher":"https:\/\/www.facebook.com\/palmaresfansclub","article_modified_time":"2024-12-16T00:52:38+00:00","og_image":[{"width":640,"height":426,"url":"https:\/\/dondevamos.xyz\/festival-de-la-luz\/wp-content\/uploads\/sites\/4\/2017\/12\/pexels-photo.jpg","type":"image\/jpeg"}],"twitter_card":"summary_large_image","twitter_site":"@palmaresfc","twitter_misc":{"Tiempo de lectura":"4 minutos"},"schema":{"@context":"https:\/\/schema.org","@graph":[{"@type":"WebPage","@id":"https:\/\/dondevamos.xyz\/festival-de-la-luz\/cierre-de-calles\/","url":"https:\/\/dondevamos.xyz\/festival-de-la-luz\/cierre-de-calles\/","name":"Cierre de calles por el Festival de la Luz 2025 - Festival de la Luz San Jos\u00e9","isPartOf":{"@id":"https:\/\/dondevamos.xyz\/festival-de-la-luz\/#website"},"primaryImageOfPage":{"@id":"https:\/\/dondevamos.xyz\/festival-de-la-luz\/cierre-de-calles\/#primaryimage"},"image":{"@id":"https:\/\/dondevamos.xyz\/festival-de-la-luz\/cierre-de-calles\/#primaryimage"},"thumbnailUrl":"https:\/\/dondevamos.xyz\/festival-de-la-luz\/wp-content\/uploads\/sites\/4\/2017\/12\/pexels-photo.jpg","datePublished":"2017-12-14T03:38:13+00:00","dateModified":"2024-12-16T00:52:38+00:00","description":"Si ocupa ir al centro de San Jos\u00e9 en los pr\u00f3ximos d\u00edas, tenga en cuenta que se van a cerrar calles por el Festival de la Luz.","inLanguage":"es","potentialAction":[{"@type":"ReadAction","target":["https:\/\/dondevamos.xyz\/festival-de-la-luz\/cierre-de-calles\/"]}]},{"@type":"ImageObject","inLanguage":"es","@id":"https:\/\/dondevamos.xyz\/festival-de-la-luz\/cierre-de-calles\/#primaryimage","url":"https:\/\/dondevamos.xyz\/festival-de-la-luz\/wp-content\/uploads\/sites\/4\/2017\/12\/pexels-photo.jpg","contentUrl":"https:\/\/dondevamos.xyz\/festival-de-la-luz\/wp-content\/uploads\/sites\/4\/2017\/12\/pexels-photo.jpg","width":640,"height":426,"caption":"calles festival de la luz 2017"},{"@type":"WebSite","@id":"https:\/\/dondevamos.xyz\/festival-de-la-luz\/#website","url":"https:\/\/dondevamos.xyz\/festival-de-la-luz\/","name":"Festival de la Luz San Jos\u00e9","description":"Otro sitio m\u00e1s de Donde vamos?","potentialAction":[{"@type":"SearchAction","target":{"@type":"EntryPoint","urlTemplate":"https:\/\/dondevamos.xyz\/festival-de-la-luz\/?s={search_term_string}"},"query-input":{"@type":"PropertyValueSpecification","valueRequired":true,"valueName":"search_term_string"}}],"inLanguage":"es"}]}},"_links":{"self":[{"href":"https:\/\/dondevamos.xyz\/festival-de-la-luz\/wp-json\/wp\/v2\/pages\/75","targetHints":{"allow":["GET"]}}],"collection":[{"href":"https:\/\/dondevamos.xyz\/festival-de-la-luz\/wp-json\/wp\/v2\/pages"}],"about":[{"href":"https:\/\/dondevamos.xyz\/festival-de-la-luz\/wp-json\/wp\/v2\/types\/page"}],"author":[{"embeddable":true,"href":"https:\/\/dondevamos.xyz\/festival-de-la-luz\/wp-json\/wp\/v2\/users\/2"}],"replies":[{"embeddable":true,"href":"https:\/\/dondevamos.xyz\/festival-de-la-luz\/wp-json\/wp\/v2\/comments?post=75"}],"version-history":[{"count":10,"href":"https:\/\/dondevamos.xyz\/festival-de-la-luz\/wp-json\/wp\/v2\/pages\/75\/revisions"}],"predecessor-version":[{"id":244,"href":"https:\/\/dondevamos.xyz\/festival-de-la-luz\/wp-json\/wp\/v2\/pages\/75\/revisions\/244"}],"wp:featuredmedia":[{"embeddable":true,"href":"https:\/\/dondevamos.xyz\/festival-de-la-luz\/wp-json\/wp\/v2\/media\/78"}],"wp:attachment":[{"href":"https:\/\/dondevamos.xyz\/festival-de-la-luz\/wp-json\/wp\/v2\/media?parent=75"}],"curies":[{"name":"wp","href":"https:\/\/api.w.org\/{rel}","templated":true}]}}