{"id":240,"date":"2024-12-14T15:54:40","date_gmt":"2024-12-14T21:54:40","guid":{"rendered":"https:\/\/dondevamos.xyz\/festival-de-la-luz\/?page_id=240"},"modified":"2024-12-14T15:54:41","modified_gmt":"2024-12-14T21:54:41","slug":"ver-el-festival-de-la-luz-por-internet","status":"publish","type":"page","link":"https:\/\/dondevamos.xyz\/festival-de-la-luz\/ver-el-festival-de-la-luz-por-internet\/","title":{"rendered":"Ver el Festival de la Luz por Internet"},"content":{"rendered":"\n<figure class=\"wp-block-image size-full\"><img decoding=\"async\" width=\"1024\" height=\"1024\" data-src=\"https:\/\/dondevamos.xyz\/festival-de-la-luz\/wp-content\/uploads\/sites\/4\/2023\/11\/festival-de-la-luz-san-jose.jpeg\" alt=\"Festival de la luz San Jose\" class=\"wp-image-177 lazyload\" data-srcset=\"https:\/\/dondevamos.xyz\/festival-de-la-luz\/wp-content\/uploads\/sites\/4\/2023\/11\/festival-de-la-luz-san-jose.jpeg 1024w, https:\/\/dondevamos.xyz\/festival-de-la-luz\/wp-content\/uploads\/sites\/4\/2023\/11\/festival-de-la-luz-san-jose-300x300.jpeg 300w, https:\/\/dondevamos.xyz\/festival-de-la-luz\/wp-content\/uploads\/sites\/4\/2023\/11\/festival-de-la-luz-san-jose-150x150.jpeg 150w, https:\/\/dondevamos.xyz\/festival-de-la-luz\/wp-content\/uploads\/sites\/4\/2023\/11\/festival-de-la-luz-san-jose-768x768.jpeg 768w, https:\/\/dondevamos.xyz\/festival-de-la-luz\/wp-content\/uploads\/sites\/4\/2023\/11\/festival-de-la-luz-san-jose-660x660.jpeg 660w\" data-sizes=\"(max-width: 1024px) 100vw, 1024px\" src=\"data:image\/svg+xml;base64,PHN2ZyB3aWR0aD0iMSIgaGVpZ2h0PSIxIiB4bWxucz0iaHR0cDovL3d3dy53My5vcmcvMjAwMC9zdmciPjwvc3ZnPg==\" style=\"--smush-placeholder-width: 1024px; --smush-placeholder-aspect-ratio: 1024\/1024;\" \/><\/figure>\n\n\n\n<p>El s\u00e1bado 14 de diciembre, a partir de las 6 PM, se estar\u00e1 llevando a cabo el Festival del a Luz 2024!<\/p>\n\n\n\n<p>Si desea ver el Festival de la Luz por internet, recuerde que puede hacerlo usando la transmisi\u00f3n en vivo de los canales nacionales.<\/p>\n\n\n\n<p>Los links para las transmisiones de internet de diferentes canales a nivel nacional, son los siguientes:<\/p>\n\n\n\n<ul class=\"wp-block-list\">\n<li><a href=\"https:\/\/www.repretel.com\/envivo-canal6\/\">Canal 6 Repretel<\/a><\/li>\n\n\n\n<li><a href=\"https:\/\/www.teletica.com\/\">Canal 7 Teletica<\/a><\/li>\n\n\n\n<li><a href=\"https:\/\/www.telediario.cr\/television\">Canal 8 Telediario<\/a><\/li>\n\n\n\n<li><a href=\"https:\/\/sinartdigital.com\/envivo-canaltrece\">Canal 13 SINART<\/a><\/li>\n<\/ul>\n\n\n\n<p>Recuerde que tambi\u00e9n estos canales est\u00e1n disponibles en formato abierto, gratuito, de TV Digital. No ocupa suscribirse a ning\u00fan servicio de televisi\u00f3n por internet, ni a ninguna cablera. Si quiere ver estos canales en su televisor, nada m\u00e1s ocupa una antena de televisi\u00f3n digital y si su televisor no es est\u00e1ndar ISD<\/p>\n<!-- AddThis Advanced Settings generic via filter on the_content --><!-- AddThis Share Buttons generic via filter on the_content -->","protected":false},"excerpt":{"rendered":"<p>El s\u00e1bado 14 de diciembre, a partir de las 6 PM, se estar\u00e1 llevando a cabo el Festival del a Luz 2024! Si desea ver el Festival de la Luz por internet, recuerde que puede hacerlo usando la transmisi\u00f3n en vivo de los canales nacionales. Los links para las transmisiones de internet de diferentes canales\u2026 <span class=\"read-more\"><a href=\"https:\/\/dondevamos.xyz\/festival-de-la-luz\/ver-el-festival-de-la-luz-por-internet\/\">Leer m\u00e1s &raquo;<\/a><\/span><!-- AddThis Advanced Settings generic via filter on get_the_excerpt --><!-- AddThis Share Buttons generic via filter on get_the_excerpt --><\/p>\n","protected":false},"author":1,"featured_media":0,"parent":0,"menu_order":0,"comment_status":"closed","ping_status":"closed","template":"","meta":{"footnotes":""},"class_list":["post-240","page","type-page","status-publish","hentry"],"yoast_head":"<!-- This site is optimized with the Yoast SEO plugin v27.4 - https:\/\/yoast.com\/product\/yoast-seo-wordpress\/ -->\n<title>Ver el Festival de la Luz por Internet - Festival de la Luz San Jos\u00e9<\/title>\n<meta name=\"description\" content=\"Informaci\u00f3n del Festival de la Luz 2017 Costa Rica\" \/>\n<meta name=\"robots\" content=\"index, follow, max-snippet:-1, max-image-preview:large, max-video-preview:-1\" \/>\n<link rel=\"canonical\" href=\"https:\/\/dondevamos.xyz\/festival-de-la-luz\/ver-el-festival-de-la-luz-por-internet\/\" \/>\n<meta property=\"og:locale\" content=\"es_ES\" \/>\n<meta property=\"og:type\" content=\"article\" \/>\n<meta property=\"og:title\" content=\"Ver el Festival de la Luz por Internet - Festival de la Luz San Jos\u00e9\" \/>\n<meta property=\"og:description\" content=\"Informaci\u00f3n del Festival de la Luz 2017 Costa Rica\" \/>\n<meta property=\"og:url\" content=\"https:\/\/dondevamos.xyz\/festival-de-la-luz\/ver-el-festival-de-la-luz-por-internet\/\" \/>\n<meta property=\"og:site_name\" content=\"Festival de la Luz San Jos\u00e9\" \/>\n<meta property=\"article:publisher\" content=\"https:\/\/www.facebook.com\/palmaresfansclub\" \/>\n<meta property=\"article:modified_time\" content=\"2024-12-14T21:54:41+00:00\" \/>\n<meta property=\"og:image\" content=\"https:\/\/dondevamos.xyz\/festival-de-la-luz\/wp-content\/uploads\/sites\/4\/2023\/11\/festival-de-la-luz-san-jose.jpeg\" \/>\n\t<meta property=\"og:image:width\" content=\"1024\" \/>\n\t<meta property=\"og:image:height\" content=\"1024\" \/>\n\t<meta property=\"og:image:type\" content=\"image\/jpeg\" \/>\n<meta name=\"twitter:card\" content=\"summary_large_image\" \/>\n<meta name=\"twitter:site\" content=\"@palmaresfc\" \/>\n<meta name=\"twitter:label1\" content=\"Tiempo de lectura\" \/>\n\t<meta name=\"twitter:data1\" content=\"1 minuto\" \/>\n<script type=\"application\/ld+json\" class=\"yoast-schema-graph\">{\"@context\":\"https:\\\/\\\/schema.org\",\"@graph\":[{\"@type\":\"WebPage\",\"@id\":\"https:\\\/\\\/dondevamos.xyz\\\/festival-de-la-luz\\\/ver-el-festival-de-la-luz-por-internet\\\/\",\"url\":\"https:\\\/\\\/dondevamos.xyz\\\/festival-de-la-luz\\\/ver-el-festival-de-la-luz-por-internet\\\/\",\"name\":\"Ver el Festival de la Luz por Internet - Festival de la Luz San Jos\u00e9\",\"isPartOf\":{\"@id\":\"https:\\\/\\\/dondevamos.xyz\\\/festival-de-la-luz\\\/#website\"},\"primaryImageOfPage\":{\"@id\":\"https:\\\/\\\/dondevamos.xyz\\\/festival-de-la-luz\\\/ver-el-festival-de-la-luz-por-internet\\\/#primaryimage\"},\"image\":{\"@id\":\"https:\\\/\\\/dondevamos.xyz\\\/festival-de-la-luz\\\/ver-el-festival-de-la-luz-por-internet\\\/#primaryimage\"},\"thumbnailUrl\":\"https:\\\/\\\/dondevamos.xyz\\\/festival-de-la-luz\\\/wp-content\\\/uploads\\\/sites\\\/4\\\/2023\\\/11\\\/festival-de-la-luz-san-jose.jpeg\",\"datePublished\":\"2024-12-14T21:54:40+00:00\",\"dateModified\":\"2024-12-14T21:54:41+00:00\",\"description\":\"Informaci\u00f3n del Festival de la Luz 2017 Costa Rica\",\"inLanguage\":\"es\",\"potentialAction\":[{\"@type\":\"ReadAction\",\"target\":[\"https:\\\/\\\/dondevamos.xyz\\\/festival-de-la-luz\\\/ver-el-festival-de-la-luz-por-internet\\\/\"]}]},{\"@type\":\"ImageObject\",\"inLanguage\":\"es\",\"@id\":\"https:\\\/\\\/dondevamos.xyz\\\/festival-de-la-luz\\\/ver-el-festival-de-la-luz-por-internet\\\/#primaryimage\",\"url\":\"https:\\\/\\\/dondevamos.xyz\\\/festival-de-la-luz\\\/wp-content\\\/uploads\\\/sites\\\/4\\\/2023\\\/11\\\/festival-de-la-luz-san-jose.jpeg\",\"contentUrl\":\"https:\\\/\\\/dondevamos.xyz\\\/festival-de-la-luz\\\/wp-content\\\/uploads\\\/sites\\\/4\\\/2023\\\/11\\\/festival-de-la-luz-san-jose.jpeg\",\"width\":1024,\"height\":1024,\"caption\":\"Festival de la luz San Jose\"},{\"@type\":\"WebSite\",\"@id\":\"https:\\\/\\\/dondevamos.xyz\\\/festival-de-la-luz\\\/#website\",\"url\":\"https:\\\/\\\/dondevamos.xyz\\\/festival-de-la-luz\\\/\",\"name\":\"Festival de la Luz San Jos\u00e9\",\"description\":\"Otro sitio m\u00e1s de Donde vamos?\",\"potentialAction\":[{\"@type\":\"SearchAction\",\"target\":{\"@type\":\"EntryPoint\",\"urlTemplate\":\"https:\\\/\\\/dondevamos.xyz\\\/festival-de-la-luz\\\/?s={search_term_string}\"},\"query-input\":{\"@type\":\"PropertyValueSpecification\",\"valueRequired\":true,\"valueName\":\"search_term_string\"}}],\"inLanguage\":\"es\"}]}<\/script>\n<!-- \/ Yoast SEO plugin. -->","yoast_head_json":{"title":"Ver el Festival de la Luz por Internet - Festival de la Luz San Jos\u00e9","description":"Informaci\u00f3n del Festival de la Luz 2017 Costa Rica","robots":{"index":"index","follow":"follow","max-snippet":"max-snippet:-1","max-image-preview":"max-image-preview:large","max-video-preview":"max-video-preview:-1"},"canonical":"https:\/\/dondevamos.xyz\/festival-de-la-luz\/ver-el-festival-de-la-luz-por-internet\/","og_locale":"es_ES","og_type":"article","og_title":"Ver el Festival de la Luz por Internet - Festival de la Luz San Jos\u00e9","og_description":"Informaci\u00f3n del Festival de la Luz 2017 Costa Rica","og_url":"https:\/\/dondevamos.xyz\/festival-de-la-luz\/ver-el-festival-de-la-luz-por-internet\/","og_site_name":"Festival de la Luz San Jos\u00e9","article_publisher":"https:\/\/www.facebook.com\/palmaresfansclub","article_modified_time":"2024-12-14T21:54:41+00:00","og_image":[{"width":1024,"height":1024,"url":"https:\/\/dondevamos.xyz\/festival-de-la-luz\/wp-content\/uploads\/sites\/4\/2023\/11\/festival-de-la-luz-san-jose.jpeg","type":"image\/jpeg"}],"twitter_card":"summary_large_image","twitter_site":"@palmaresfc","twitter_misc":{"Tiempo de lectura":"1 minuto"},"schema":{"@context":"https:\/\/schema.org","@graph":[{"@type":"WebPage","@id":"https:\/\/dondevamos.xyz\/festival-de-la-luz\/ver-el-festival-de-la-luz-por-internet\/","url":"https:\/\/dondevamos.xyz\/festival-de-la-luz\/ver-el-festival-de-la-luz-por-internet\/","name":"Ver el Festival de la Luz por Internet - Festival de la Luz San Jos\u00e9","isPartOf":{"@id":"https:\/\/dondevamos.xyz\/festival-de-la-luz\/#website"},"primaryImageOfPage":{"@id":"https:\/\/dondevamos.xyz\/festival-de-la-luz\/ver-el-festival-de-la-luz-por-internet\/#primaryimage"},"image":{"@id":"https:\/\/dondevamos.xyz\/festival-de-la-luz\/ver-el-festival-de-la-luz-por-internet\/#primaryimage"},"thumbnailUrl":"https:\/\/dondevamos.xyz\/festival-de-la-luz\/wp-content\/uploads\/sites\/4\/2023\/11\/festival-de-la-luz-san-jose.jpeg","datePublished":"2024-12-14T21:54:40+00:00","dateModified":"2024-12-14T21:54:41+00:00","description":"Informaci\u00f3n del Festival de la Luz 2017 Costa Rica","inLanguage":"es","potentialAction":[{"@type":"ReadAction","target":["https:\/\/dondevamos.xyz\/festival-de-la-luz\/ver-el-festival-de-la-luz-por-internet\/"]}]},{"@type":"ImageObject","inLanguage":"es","@id":"https:\/\/dondevamos.xyz\/festival-de-la-luz\/ver-el-festival-de-la-luz-por-internet\/#primaryimage","url":"https:\/\/dondevamos.xyz\/festival-de-la-luz\/wp-content\/uploads\/sites\/4\/2023\/11\/festival-de-la-luz-san-jose.jpeg","contentUrl":"https:\/\/dondevamos.xyz\/festival-de-la-luz\/wp-content\/uploads\/sites\/4\/2023\/11\/festival-de-la-luz-san-jose.jpeg","width":1024,"height":1024,"caption":"Festival de la luz San Jose"},{"@type":"WebSite","@id":"https:\/\/dondevamos.xyz\/festival-de-la-luz\/#website","url":"https:\/\/dondevamos.xyz\/festival-de-la-luz\/","name":"Festival de la Luz San Jos\u00e9","description":"Otro sitio m\u00e1s de Donde vamos?","potentialAction":[{"@type":"SearchAction","target":{"@type":"EntryPoint","urlTemplate":"https:\/\/dondevamos.xyz\/festival-de-la-luz\/?s={search_term_string}"},"query-input":{"@type":"PropertyValueSpecification","valueRequired":true,"valueName":"search_term_string"}}],"inLanguage":"es"}]}},"_links":{"self":[{"href":"https:\/\/dondevamos.xyz\/festival-de-la-luz\/wp-json\/wp\/v2\/pages\/240","targetHints":{"allow":["GET"]}}],"collection":[{"href":"https:\/\/dondevamos.xyz\/festival-de-la-luz\/wp-json\/wp\/v2\/pages"}],"about":[{"href":"https:\/\/dondevamos.xyz\/festival-de-la-luz\/wp-json\/wp\/v2\/types\/page"}],"author":[{"embeddable":true,"href":"https:\/\/dondevamos.xyz\/festival-de-la-luz\/wp-json\/wp\/v2\/users\/1"}],"replies":[{"embeddable":true,"href":"https:\/\/dondevamos.xyz\/festival-de-la-luz\/wp-json\/wp\/v2\/comments?post=240"}],"version-history":[{"count":2,"href":"https:\/\/dondevamos.xyz\/festival-de-la-luz\/wp-json\/wp\/v2\/pages\/240\/revisions"}],"predecessor-version":[{"id":242,"href":"https:\/\/dondevamos.xyz\/festival-de-la-luz\/wp-json\/wp\/v2\/pages\/240\/revisions\/242"}],"wp:attachment":[{"href":"https:\/\/dondevamos.xyz\/festival-de-la-luz\/wp-json\/wp\/v2\/media?parent=240"}],"curies":[{"name":"wp","href":"https:\/\/api.w.org\/{rel}","templated":true}]}}