{"id":174,"date":"2023-11-08T18:44:54","date_gmt":"2023-11-09T00:44:54","guid":{"rendered":"https:\/\/dondevamos.xyz\/festival-de-la-luz\/?page_id=174"},"modified":"2023-11-29T13:26:13","modified_gmt":"2023-11-29T19:26:13","slug":"mariscal-2023","status":"publish","type":"page","link":"https:\/\/dondevamos.xyz\/festival-de-la-luz\/mariscal-2023\/","title":{"rendered":"Mariscal del Festival de la Luz 2023"},"content":{"rendered":"\n<p>El mariscal del Festival de la Luz es una figura emblem\u00e1tica del evento. Es una persona destacada, en el \u00e1mbito nacional o internacional, que se reconoce por sus logros y trabajo a favor de la sociedad.<\/p>\n\n\n<div class=\"wp-block-image\">\n<figure class=\"aligncenter size-medium\"><img decoding=\"async\" width=\"300\" height=\"300\" data-src=\"https:\/\/dondevamos.xyz\/festival-de-la-luz\/wp-content\/uploads\/sites\/4\/2023\/11\/festival-de-la-luz-mariscal-300x300.jpeg\" alt=\"mariscal del festival de la luz\" class=\"wp-image-176 lazyload\" data-srcset=\"https:\/\/dondevamos.xyz\/festival-de-la-luz\/wp-content\/uploads\/sites\/4\/2023\/11\/festival-de-la-luz-mariscal-300x300.jpeg 300w, https:\/\/dondevamos.xyz\/festival-de-la-luz\/wp-content\/uploads\/sites\/4\/2023\/11\/festival-de-la-luz-mariscal-150x150.jpeg 150w, https:\/\/dondevamos.xyz\/festival-de-la-luz\/wp-content\/uploads\/sites\/4\/2023\/11\/festival-de-la-luz-mariscal-768x768.jpeg 768w, https:\/\/dondevamos.xyz\/festival-de-la-luz\/wp-content\/uploads\/sites\/4\/2023\/11\/festival-de-la-luz-mariscal-660x660.jpeg 660w, https:\/\/dondevamos.xyz\/festival-de-la-luz\/wp-content\/uploads\/sites\/4\/2023\/11\/festival-de-la-luz-mariscal.jpeg 1024w\" data-sizes=\"(max-width: 300px) 100vw, 300px\" src=\"data:image\/svg+xml;base64,PHN2ZyB3aWR0aD0iMSIgaGVpZ2h0PSIxIiB4bWxucz0iaHR0cDovL3d3dy53My5vcmcvMjAwMC9zdmciPjwvc3ZnPg==\" style=\"--smush-placeholder-width: 300px; --smush-placeholder-aspect-ratio: 300\/300;\" \/><\/figure>\n<\/div>\n\n\n<p>El mariscal encabeza el desfile del Festival de la Luz, en la carroza principal. Tambi\u00e9n participa en otras actividades relacionadas con el Festival, como la inauguraci\u00f3n y la clausura.<\/p>\n\n\n\n<p>El mariscal lo elige la Municipalidad de San Jos\u00e9. La gente postula candidatos a la MSJ, y una comisi\u00f3n evaluadora hace la selecci\u00f3n final. <\/p>\n\n\n<div class=\"wp-block-image\">\n<figure class=\"aligncenter size-medium\"><img decoding=\"async\" width=\"300\" height=\"300\" data-src=\"https:\/\/dondevamos.xyz\/festival-de-la-luz\/wp-content\/uploads\/sites\/4\/2023\/11\/mariscal-festival-de-la-luz-300x300.jpeg\" alt=\"mariscal del festival de la luz\" class=\"wp-image-175 lazyload\" data-srcset=\"https:\/\/dondevamos.xyz\/festival-de-la-luz\/wp-content\/uploads\/sites\/4\/2023\/11\/mariscal-festival-de-la-luz-300x300.jpeg 300w, https:\/\/dondevamos.xyz\/festival-de-la-luz\/wp-content\/uploads\/sites\/4\/2023\/11\/mariscal-festival-de-la-luz-150x150.jpeg 150w, https:\/\/dondevamos.xyz\/festival-de-la-luz\/wp-content\/uploads\/sites\/4\/2023\/11\/mariscal-festival-de-la-luz-768x768.jpeg 768w, https:\/\/dondevamos.xyz\/festival-de-la-luz\/wp-content\/uploads\/sites\/4\/2023\/11\/mariscal-festival-de-la-luz-660x660.jpeg 660w, https:\/\/dondevamos.xyz\/festival-de-la-luz\/wp-content\/uploads\/sites\/4\/2023\/11\/mariscal-festival-de-la-luz.jpeg 1024w\" data-sizes=\"(max-width: 300px) 100vw, 300px\" src=\"data:image\/svg+xml;base64,PHN2ZyB3aWR0aD0iMSIgaGVpZ2h0PSIxIiB4bWxucz0iaHR0cDovL3d3dy53My5vcmcvMjAwMC9zdmciPjwvc3ZnPg==\" style=\"--smush-placeholder-width: 300px; --smush-placeholder-aspect-ratio: 300\/300;\" \/><\/figure>\n<\/div>\n\n\n<h2 class=\"wp-block-heading\">Mariscal del Festival de la Luz 2023<\/h2>\n\n\n<div class=\"wp-block-image\">\n<figure class=\"aligncenter size-large\"><a href=\"https:\/\/www.facebook.com\/festivaldelaluzcr\"><img decoding=\"async\" width=\"1024\" height=\"1024\" data-src=\"https:\/\/dondevamos.xyz\/festival-de-la-luz\/wp-content\/uploads\/sites\/4\/2023\/11\/406442661_889411959409561_3868264129609357212_n-1024x1024.jpg\" alt=\"mariscal festival de la luz 2023\" class=\"wp-image-216 lazyload\" data-srcset=\"https:\/\/dondevamos.xyz\/festival-de-la-luz\/wp-content\/uploads\/sites\/4\/2023\/11\/406442661_889411959409561_3868264129609357212_n-1024x1024.jpg 1024w, https:\/\/dondevamos.xyz\/festival-de-la-luz\/wp-content\/uploads\/sites\/4\/2023\/11\/406442661_889411959409561_3868264129609357212_n-300x300.jpg 300w, https:\/\/dondevamos.xyz\/festival-de-la-luz\/wp-content\/uploads\/sites\/4\/2023\/11\/406442661_889411959409561_3868264129609357212_n-150x150.jpg 150w, https:\/\/dondevamos.xyz\/festival-de-la-luz\/wp-content\/uploads\/sites\/4\/2023\/11\/406442661_889411959409561_3868264129609357212_n-768x768.jpg 768w, https:\/\/dondevamos.xyz\/festival-de-la-luz\/wp-content\/uploads\/sites\/4\/2023\/11\/406442661_889411959409561_3868264129609357212_n-660x660.jpg 660w, https:\/\/dondevamos.xyz\/festival-de-la-luz\/wp-content\/uploads\/sites\/4\/2023\/11\/406442661_889411959409561_3868264129609357212_n.jpg 1200w\" data-sizes=\"(max-width: 1024px) 100vw, 1024px\" src=\"data:image\/svg+xml;base64,PHN2ZyB3aWR0aD0iMSIgaGVpZ2h0PSIxIiB4bWxucz0iaHR0cDovL3d3dy53My5vcmcvMjAwMC9zdmciPjwvc3ZnPg==\" style=\"--smush-placeholder-width: 1024px; --smush-placeholder-aspect-ratio: 1024\/1024;\" \/><\/a><figcaption class=\"wp-element-caption\">Imagen: Facebook\/Festival de la Luz<\/figcaption><\/figure>\n<\/div>\n\n\n<p>Este a\u00f1o el mariscal del Festival de la Luz es el grupo musical Malpa\u00eds. Malpa\u00eds es un grupo musical fundado en 1999, originario de Puntarenas. Ha ganado reconocimiento nacional e internacional por hacer fusi\u00f3n de diferentes g\u00e9neros musicales, creando as\u00ed un sonido aut\u00e9ntico que refleja la diversidad cultural de Costa Rica. Su m\u00fasica incorpora elementos de la tradici\u00f3n folkl\u00f3rica costarricense, el jazz, la m\u00fasica latinoamericana y otras influencias.<\/p>\n\n\n\n<p>Malpa\u00eds est\u00e1 compuesto por Iv\u00e1n Rodr\u00edguez, Jaime Gamboa, Manuel Obreg\u00f3n, Carlos \u201cTapao\u201d Vargas, Gilberto Jarqu\u00edn, Daniela Rodr\u00edguez y David Coto. Tambi\u00e9n en alg\u00fan momento en el grupo estuvieron Pato Barraza y Bernardo Quesada.<\/p>\n\n\n\n<h3 class=\"wp-block-heading\">Discograf\u00eda de Malpa\u00eds<\/h3>\n\n\n\n<p>A lo largo de los a\u00f1os, Malpa\u00eds ha lanzado varios albums muy reconocidos. Su discograf\u00eda es:<\/p>\n\n\n\n<ul class=\"wp-block-list\">\n<li>Uno (2002)<\/li>\n\n\n\n<li>Historias de nadie (2004)<\/li>\n\n\n\n<li>Malpa\u00eds en vivo (2006)<\/li>\n\n\n\n<li>Un d\u00eda lejano (2009)<\/li>\n\n\n\n<li>La canci\u00f3n de Ad\u00e1n (2009)<\/li>\n\n\n\n<li>Hay ni\u00f1os aqu\u00ed (2010)<\/li>\n\n\n\n<li>Volver a casa (2011)<\/li>\n\n\n\n<li>Nada que olvidar (2018)<\/li>\n<\/ul>\n\n\n\n<h3 class=\"wp-block-heading\">Algunas canciones famosas de Malpa\u00eds<\/h3>\n\n\n\n<p>Estas son algunas de las canciones m\u00e1s conocidas de Malpa\u00eds:<\/p>\n\n\n\n<figure class=\"wp-block-embed is-type-video is-provider-youtube wp-block-embed-youtube wp-embed-aspect-4-3 wp-has-aspect-ratio\"><div class=\"wp-block-embed__wrapper\">\n<iframe title=\"Contramarea (Vivo)\" width=\"665\" height=\"499\" data-src=\"https:\/\/www.youtube.com\/embed\/JNlXyQXmP7Q?feature=oembed\" frameborder=\"0\" allow=\"accelerometer; autoplay; clipboard-write; encrypted-media; gyroscope; picture-in-picture; web-share\" referrerpolicy=\"strict-origin-when-cross-origin\" allowfullscreen src=\"data:image\/svg+xml;base64,PHN2ZyB3aWR0aD0iMSIgaGVpZ2h0PSIxIiB4bWxucz0iaHR0cDovL3d3dy53My5vcmcvMjAwMC9zdmciPjwvc3ZnPg==\" class=\"lazyload\" data-load-mode=\"1\"><\/iframe>\n<\/div><figcaption class=\"wp-element-caption\">Contramarea (2006)<\/figcaption><\/figure>\n\n\n\n<figure class=\"wp-block-embed is-type-video is-provider-youtube wp-block-embed-youtube wp-embed-aspect-4-3 wp-has-aspect-ratio\"><div class=\"wp-block-embed__wrapper\">\n<iframe title=\"El Agua Que No Beb\u00ed\" width=\"665\" height=\"499\" data-src=\"https:\/\/www.youtube.com\/embed\/b6KfF7dXp_A?feature=oembed\" frameborder=\"0\" allow=\"accelerometer; autoplay; clipboard-write; encrypted-media; gyroscope; picture-in-picture; web-share\" referrerpolicy=\"strict-origin-when-cross-origin\" allowfullscreen src=\"data:image\/svg+xml;base64,PHN2ZyB3aWR0aD0iMSIgaGVpZ2h0PSIxIiB4bWxucz0iaHR0cDovL3d3dy53My5vcmcvMjAwMC9zdmciPjwvc3ZnPg==\" class=\"lazyload\" data-load-mode=\"1\"><\/iframe>\n<\/div><figcaption class=\"wp-element-caption\">El agua que no beb\u00ed (2020)<\/figcaption><\/figure>\n\n\n\n<figure class=\"wp-block-embed is-type-video is-provider-youtube wp-block-embed-youtube wp-embed-aspect-4-3 wp-has-aspect-ratio\"><div class=\"wp-block-embed__wrapper\">\n<iframe title=\"Canela Y Miel\" width=\"665\" height=\"499\" data-src=\"https:\/\/www.youtube.com\/embed\/6czAjC-YAnI?feature=oembed\" frameborder=\"0\" allow=\"accelerometer; autoplay; clipboard-write; encrypted-media; gyroscope; picture-in-picture; web-share\" referrerpolicy=\"strict-origin-when-cross-origin\" allowfullscreen src=\"data:image\/svg+xml;base64,PHN2ZyB3aWR0aD0iMSIgaGVpZ2h0PSIxIiB4bWxucz0iaHR0cDovL3d3dy53My5vcmcvMjAwMC9zdmciPjwvc3ZnPg==\" class=\"lazyload\" data-load-mode=\"1\"><\/iframe>\n<\/div><figcaption class=\"wp-element-caption\">Canela y miel (2009)<\/figcaption><\/figure>\n\n\n\n<p>Tambi\u00e9n otras canciones del grupo Malpa\u00eds son:<\/p>\n\n\n\n<ul class=\"wp-block-list\">\n<li><a href=\"https:\/\/www.youtube.com\/watch?v=laIGJmK7i4g\" target=\"_blank\" rel=\"noreferrer noopener\">M\u00e1s al norte del Recuerdo<\/a><\/li>\n\n\n\n<li><a href=\"https:\/\/www.youtube.com\/watch?v=gpqHTD30Hvc\" target=\"_blank\" rel=\"noreferrer noopener\">Hila y Reta<\/a><\/li>\n\n\n\n<li><a href=\"https:\/\/www.youtube.com\/watch?v=aPfk2EXEQuc\" target=\"_blank\" rel=\"noreferrer noopener\">El barrio de los jazmines<\/a><\/li>\n\n\n\n<li><a href=\"https:\/\/www.youtube.com\/watch?v=P4do3N_D0CM\" target=\"_blank\" rel=\"noreferrer noopener\">Boceto para Esperanza<\/a><\/li>\n\n\n\n<li><a href=\"https:\/\/www.youtube.com\/watch?v=XehrOuXOmmc\" target=\"_blank\" rel=\"noreferrer noopener\">Presagio<\/a><\/li>\n\n\n\n<li><a href=\"https:\/\/www.youtube.com\/watch?v=z_gWY1ITirE\" target=\"_blank\" rel=\"noreferrer noopener\">Otro Lugar<\/a><\/li>\n\n\n\n<li><a href=\"https:\/\/www.youtube.com\/watch?v=yj5Wm3PRcUE\" target=\"_blank\" rel=\"noreferrer noopener\">Es Tan Tarde Ya<\/a><\/li>\n\n\n\n<li><a href=\"https:\/\/www.youtube.com\/watch?v=fa2-bAw6u74\" target=\"_blank\" rel=\"noreferrer noopener\">Remando lento<\/a><\/li>\n\n\n\n<li><a href=\"https:\/\/www.youtube.com\/watch?v=mF43creAikI\" target=\"_blank\" rel=\"noreferrer noopener\">Abril<\/a><\/li>\n<\/ul>\n\n\n\n<h2 class=\"wp-block-heading\">Mariscales de a\u00f1os anteriores del Festival de la Luz<\/h2>\n\n\n\n<p>Algunos de los mariscales del Festival de la Luz en a\u00f1os anteriores han sido:<\/p>\n\n\n\n<ul class=\"wp-block-list\">\n<li><strong>Sandra Caufmann (2022):<\/strong> una ingeniera espacial costarricense, la primera mujer latinoamericana en trabajar en la NASA y la primera en liderar un equipo de investigaci\u00f3n en el Jet Propulsion Laboratory, donde ha trabajado durante m\u00e1s de 20 a\u00f1os.<\/li>\n\n\n\n<li><strong>Andrea Vargas (2019):<\/strong> una atleta costarricense, nacida en Puriscal, y que es especialista en la prueba de 100 metros vallas. Particip\u00f3 en los Juegos Ol\u00edmpicos de Tokio 2020, y lleg\u00f3 a semifinales. Gan\u00f3 la medalla de plata en Juegos Centroamericanos y Caribe, en Panam\u00e1 2022.<\/li>\n\n\n\n<li><strong>Ernesto Lobito Fonseca (2018):<\/strong> un ex piloto profesional de motocross y supercross de Costa Rica. En 1999, se convirti\u00f3 en el primer piloto costarricense en ganar un campeonato de supercross en los Estados Unidos. A pesar de que en el 2013 sufri\u00f3 un accidente que le provoc\u00f3 discapacidad, no se rindi\u00f3. Continu\u00f3 compitiendo en motocross adaptado, y gan\u00f3 varios campeonatos mundiales. <\/li>\n\n\n\n<li><strong>Orquesta Sinf\u00f3nica Nacional (2017)<\/strong><\/li>\n\n\n\n<li><strong>Andrey Amador (2016):<\/strong> ciclista costarricense, uno de los deportistas m\u00e1s destacados de Costa Rica. En 2012, se convirti\u00f3 en el primer costarricense en correr el Tour de Francia. En el 2015 llev\u00f3 la camiseta de l\u00edder en el Giro de Italia, y ha ganado etapas del Giro, Tour de Francia y Vuelta a Espa\u00f1a.<\/li>\n<\/ul>\n\n\n<div class=\"wp-block-image\">\n<figure class=\"aligncenter size-medium\"><img decoding=\"async\" width=\"300\" height=\"300\" data-src=\"https:\/\/dondevamos.xyz\/festival-de-la-luz\/wp-content\/uploads\/sites\/4\/2023\/11\/festival-de-la-luz-san-jose-300x300.jpeg\" alt=\"Festival de la luz San Jose\" class=\"wp-image-177 lazyload\" data-srcset=\"https:\/\/dondevamos.xyz\/festival-de-la-luz\/wp-content\/uploads\/sites\/4\/2023\/11\/festival-de-la-luz-san-jose-300x300.jpeg 300w, https:\/\/dondevamos.xyz\/festival-de-la-luz\/wp-content\/uploads\/sites\/4\/2023\/11\/festival-de-la-luz-san-jose-150x150.jpeg 150w, https:\/\/dondevamos.xyz\/festival-de-la-luz\/wp-content\/uploads\/sites\/4\/2023\/11\/festival-de-la-luz-san-jose-768x768.jpeg 768w, https:\/\/dondevamos.xyz\/festival-de-la-luz\/wp-content\/uploads\/sites\/4\/2023\/11\/festival-de-la-luz-san-jose-660x660.jpeg 660w, https:\/\/dondevamos.xyz\/festival-de-la-luz\/wp-content\/uploads\/sites\/4\/2023\/11\/festival-de-la-luz-san-jose.jpeg 1024w\" data-sizes=\"(max-width: 300px) 100vw, 300px\" src=\"data:image\/svg+xml;base64,PHN2ZyB3aWR0aD0iMSIgaGVpZ2h0PSIxIiB4bWxucz0iaHR0cDovL3d3dy53My5vcmcvMjAwMC9zdmciPjwvc3ZnPg==\" style=\"--smush-placeholder-width: 300px; --smush-placeholder-aspect-ratio: 300\/300;\" \/><\/figure>\n<\/div><!-- AddThis Advanced Settings generic via filter on the_content --><!-- AddThis Share Buttons generic via filter on the_content -->","protected":false},"excerpt":{"rendered":"<p>El mariscal del Festival de la Luz es una figura emblem\u00e1tica del evento. Es una persona destacada, en el \u00e1mbito nacional o internacional, que se reconoce por sus logros y trabajo a favor de la sociedad. El mariscal encabeza el desfile del Festival de la Luz, en la carroza principal. Tambi\u00e9n participa en otras actividades\u2026 <span class=\"read-more\"><a href=\"https:\/\/dondevamos.xyz\/festival-de-la-luz\/mariscal-2023\/\">Leer m\u00e1s &raquo;<\/a><\/span><!-- AddThis Advanced Settings generic via filter on get_the_excerpt --><!-- AddThis Share Buttons generic via filter on get_the_excerpt --><\/p>\n","protected":false},"author":2,"featured_media":178,"parent":0,"menu_order":0,"comment_status":"closed","ping_status":"closed","template":"page-templates\/full-width.php","meta":{"footnotes":""},"class_list":["post-174","page","type-page","status-publish","has-post-thumbnail","hentry"],"yoast_head":"<!-- This site is optimized with the Yoast SEO plugin v27.4 - https:\/\/yoast.com\/product\/yoast-seo-wordpress\/ -->\n<title>Mariscal del Festival de la Luz 2023 - Festival de la Luz San Jos\u00e9<\/title>\n<meta name=\"description\" content=\"Qui\u00e9n es el Mariscal del Festival de la Luz 2023, que encabezar\u00e1 el desfile en la carroza principal?\" \/>\n<meta name=\"robots\" content=\"index, follow, max-snippet:-1, max-image-preview:large, max-video-preview:-1\" \/>\n<link rel=\"canonical\" href=\"https:\/\/dondevamos.xyz\/festival-de-la-luz\/mariscal-2023\/\" \/>\n<meta property=\"og:locale\" content=\"es_ES\" \/>\n<meta property=\"og:type\" content=\"article\" \/>\n<meta property=\"og:title\" content=\"Mariscal del Festival de la Luz 2023 - Festival de la Luz San Jos\u00e9\" \/>\n<meta property=\"og:description\" content=\"Qui\u00e9n es el Mariscal del Festival de la Luz 2023, que encabezar\u00e1 el desfile en la carroza principal?\" \/>\n<meta property=\"og:url\" content=\"https:\/\/dondevamos.xyz\/festival-de-la-luz\/mariscal-2023\/\" \/>\n<meta property=\"og:site_name\" content=\"Festival de la Luz San Jos\u00e9\" \/>\n<meta property=\"article:publisher\" content=\"https:\/\/www.facebook.com\/palmaresfansclub\" \/>\n<meta property=\"article:modified_time\" content=\"2023-11-29T19:26:13+00:00\" \/>\n<meta property=\"og:image\" content=\"https:\/\/dondevamos.xyz\/festival-de-la-luz\/wp-content\/uploads\/sites\/4\/2023\/11\/festival-de-luz-2023-san-jose.jpeg\" \/>\n\t<meta property=\"og:image:width\" content=\"1024\" \/>\n\t<meta property=\"og:image:height\" content=\"1024\" \/>\n\t<meta property=\"og:image:type\" content=\"image\/jpeg\" \/>\n<meta name=\"twitter:card\" content=\"summary_large_image\" \/>\n<meta name=\"twitter:site\" content=\"@palmaresfc\" \/>\n<meta name=\"twitter:label1\" content=\"Tiempo de lectura\" \/>\n\t<meta name=\"twitter:data1\" content=\"4 minutos\" \/>\n<script type=\"application\/ld+json\" class=\"yoast-schema-graph\">{\"@context\":\"https:\\\/\\\/schema.org\",\"@graph\":[{\"@type\":\"WebPage\",\"@id\":\"https:\\\/\\\/dondevamos.xyz\\\/festival-de-la-luz\\\/mariscal-2023\\\/\",\"url\":\"https:\\\/\\\/dondevamos.xyz\\\/festival-de-la-luz\\\/mariscal-2023\\\/\",\"name\":\"Mariscal del Festival de la Luz 2023 - Festival de la Luz San Jos\u00e9\",\"isPartOf\":{\"@id\":\"https:\\\/\\\/dondevamos.xyz\\\/festival-de-la-luz\\\/#website\"},\"primaryImageOfPage\":{\"@id\":\"https:\\\/\\\/dondevamos.xyz\\\/festival-de-la-luz\\\/mariscal-2023\\\/#primaryimage\"},\"image\":{\"@id\":\"https:\\\/\\\/dondevamos.xyz\\\/festival-de-la-luz\\\/mariscal-2023\\\/#primaryimage\"},\"thumbnailUrl\":\"https:\\\/\\\/dondevamos.xyz\\\/festival-de-la-luz\\\/wp-content\\\/uploads\\\/sites\\\/4\\\/2023\\\/11\\\/festival-de-luz-2023-san-jose.jpeg\",\"datePublished\":\"2023-11-09T00:44:54+00:00\",\"dateModified\":\"2023-11-29T19:26:13+00:00\",\"description\":\"Qui\u00e9n es el Mariscal del Festival de la Luz 2023, que encabezar\u00e1 el desfile en la carroza principal?\",\"inLanguage\":\"es\",\"potentialAction\":[{\"@type\":\"ReadAction\",\"target\":[\"https:\\\/\\\/dondevamos.xyz\\\/festival-de-la-luz\\\/mariscal-2023\\\/\"]}]},{\"@type\":\"ImageObject\",\"inLanguage\":\"es\",\"@id\":\"https:\\\/\\\/dondevamos.xyz\\\/festival-de-la-luz\\\/mariscal-2023\\\/#primaryimage\",\"url\":\"https:\\\/\\\/dondevamos.xyz\\\/festival-de-la-luz\\\/wp-content\\\/uploads\\\/sites\\\/4\\\/2023\\\/11\\\/festival-de-luz-2023-san-jose.jpeg\",\"contentUrl\":\"https:\\\/\\\/dondevamos.xyz\\\/festival-de-la-luz\\\/wp-content\\\/uploads\\\/sites\\\/4\\\/2023\\\/11\\\/festival-de-luz-2023-san-jose.jpeg\",\"width\":1024,\"height\":1024,\"caption\":\"festival de la luz 2023 costa rica\"},{\"@type\":\"WebSite\",\"@id\":\"https:\\\/\\\/dondevamos.xyz\\\/festival-de-la-luz\\\/#website\",\"url\":\"https:\\\/\\\/dondevamos.xyz\\\/festival-de-la-luz\\\/\",\"name\":\"Festival de la Luz San Jos\u00e9\",\"description\":\"Otro sitio m\u00e1s de Donde vamos?\",\"potentialAction\":[{\"@type\":\"SearchAction\",\"target\":{\"@type\":\"EntryPoint\",\"urlTemplate\":\"https:\\\/\\\/dondevamos.xyz\\\/festival-de-la-luz\\\/?s={search_term_string}\"},\"query-input\":{\"@type\":\"PropertyValueSpecification\",\"valueRequired\":true,\"valueName\":\"search_term_string\"}}],\"inLanguage\":\"es\"}]}<\/script>\n<!-- \/ Yoast SEO plugin. -->","yoast_head_json":{"title":"Mariscal del Festival de la Luz 2023 - Festival de la Luz San Jos\u00e9","description":"Qui\u00e9n es el Mariscal del Festival de la Luz 2023, que encabezar\u00e1 el desfile en la carroza principal?","robots":{"index":"index","follow":"follow","max-snippet":"max-snippet:-1","max-image-preview":"max-image-preview:large","max-video-preview":"max-video-preview:-1"},"canonical":"https:\/\/dondevamos.xyz\/festival-de-la-luz\/mariscal-2023\/","og_locale":"es_ES","og_type":"article","og_title":"Mariscal del Festival de la Luz 2023 - Festival de la Luz San Jos\u00e9","og_description":"Qui\u00e9n es el Mariscal del Festival de la Luz 2023, que encabezar\u00e1 el desfile en la carroza principal?","og_url":"https:\/\/dondevamos.xyz\/festival-de-la-luz\/mariscal-2023\/","og_site_name":"Festival de la Luz San Jos\u00e9","article_publisher":"https:\/\/www.facebook.com\/palmaresfansclub","article_modified_time":"2023-11-29T19:26:13+00:00","og_image":[{"width":1024,"height":1024,"url":"https:\/\/dondevamos.xyz\/festival-de-la-luz\/wp-content\/uploads\/sites\/4\/2023\/11\/festival-de-luz-2023-san-jose.jpeg","type":"image\/jpeg"}],"twitter_card":"summary_large_image","twitter_site":"@palmaresfc","twitter_misc":{"Tiempo de lectura":"4 minutos"},"schema":{"@context":"https:\/\/schema.org","@graph":[{"@type":"WebPage","@id":"https:\/\/dondevamos.xyz\/festival-de-la-luz\/mariscal-2023\/","url":"https:\/\/dondevamos.xyz\/festival-de-la-luz\/mariscal-2023\/","name":"Mariscal del Festival de la Luz 2023 - Festival de la Luz San Jos\u00e9","isPartOf":{"@id":"https:\/\/dondevamos.xyz\/festival-de-la-luz\/#website"},"primaryImageOfPage":{"@id":"https:\/\/dondevamos.xyz\/festival-de-la-luz\/mariscal-2023\/#primaryimage"},"image":{"@id":"https:\/\/dondevamos.xyz\/festival-de-la-luz\/mariscal-2023\/#primaryimage"},"thumbnailUrl":"https:\/\/dondevamos.xyz\/festival-de-la-luz\/wp-content\/uploads\/sites\/4\/2023\/11\/festival-de-luz-2023-san-jose.jpeg","datePublished":"2023-11-09T00:44:54+00:00","dateModified":"2023-11-29T19:26:13+00:00","description":"Qui\u00e9n es el Mariscal del Festival de la Luz 2023, que encabezar\u00e1 el desfile en la carroza principal?","inLanguage":"es","potentialAction":[{"@type":"ReadAction","target":["https:\/\/dondevamos.xyz\/festival-de-la-luz\/mariscal-2023\/"]}]},{"@type":"ImageObject","inLanguage":"es","@id":"https:\/\/dondevamos.xyz\/festival-de-la-luz\/mariscal-2023\/#primaryimage","url":"https:\/\/dondevamos.xyz\/festival-de-la-luz\/wp-content\/uploads\/sites\/4\/2023\/11\/festival-de-luz-2023-san-jose.jpeg","contentUrl":"https:\/\/dondevamos.xyz\/festival-de-la-luz\/wp-content\/uploads\/sites\/4\/2023\/11\/festival-de-luz-2023-san-jose.jpeg","width":1024,"height":1024,"caption":"festival de la luz 2023 costa rica"},{"@type":"WebSite","@id":"https:\/\/dondevamos.xyz\/festival-de-la-luz\/#website","url":"https:\/\/dondevamos.xyz\/festival-de-la-luz\/","name":"Festival de la Luz San Jos\u00e9","description":"Otro sitio m\u00e1s de Donde vamos?","potentialAction":[{"@type":"SearchAction","target":{"@type":"EntryPoint","urlTemplate":"https:\/\/dondevamos.xyz\/festival-de-la-luz\/?s={search_term_string}"},"query-input":{"@type":"PropertyValueSpecification","valueRequired":true,"valueName":"search_term_string"}}],"inLanguage":"es"}]}},"_links":{"self":[{"href":"https:\/\/dondevamos.xyz\/festival-de-la-luz\/wp-json\/wp\/v2\/pages\/174","targetHints":{"allow":["GET"]}}],"collection":[{"href":"https:\/\/dondevamos.xyz\/festival-de-la-luz\/wp-json\/wp\/v2\/pages"}],"about":[{"href":"https:\/\/dondevamos.xyz\/festival-de-la-luz\/wp-json\/wp\/v2\/types\/page"}],"author":[{"embeddable":true,"href":"https:\/\/dondevamos.xyz\/festival-de-la-luz\/wp-json\/wp\/v2\/users\/2"}],"replies":[{"embeddable":true,"href":"https:\/\/dondevamos.xyz\/festival-de-la-luz\/wp-json\/wp\/v2\/comments?post=174"}],"version-history":[{"count":2,"href":"https:\/\/dondevamos.xyz\/festival-de-la-luz\/wp-json\/wp\/v2\/pages\/174\/revisions"}],"predecessor-version":[{"id":217,"href":"https:\/\/dondevamos.xyz\/festival-de-la-luz\/wp-json\/wp\/v2\/pages\/174\/revisions\/217"}],"wp:featuredmedia":[{"embeddable":true,"href":"https:\/\/dondevamos.xyz\/festival-de-la-luz\/wp-json\/wp\/v2\/media\/178"}],"wp:attachment":[{"href":"https:\/\/dondevamos.xyz\/festival-de-la-luz\/wp-json\/wp\/v2\/media?parent=174"}],"curies":[{"name":"wp","href":"https:\/\/api.w.org\/{rel}","templated":true}]}}