{"id":9,"date":"2024-02-07T03:01:13","date_gmt":"2024-02-07T02:01:13","guid":{"rendered":"https:\/\/dondevamos.xyz\/st555\/?page_id=8"},"modified":"2024-11-24T15:11:38","modified_gmt":"2024-11-24T14:11:38","slug":"pagina-de-inicio","status":"publish","type":"page","link":"https:\/\/dondevamos.xyz\/concierto-shakira\/","title":{"rendered":"Concierto de Shakira en Costa Rica"},"content":{"rendered":"\n<figure class=\"wp-block-image size-full\"><img decoding=\"async\" width=\"1080\" height=\"1350\" data-src=\"https:\/\/dondevamos.xyz\/concierto-shakira\/wp-content\/uploads\/sites\/15\/2024\/11\/GY5A62vWAAAFCLF.jpeg\" alt=\"concierto shakira latinoam\u00e9rica\" class=\"wp-image-136 lazyload\" style=\"--smush-placeholder-width: 1080px; --smush-placeholder-aspect-ratio: 1080\/1350;object-fit:cover\" data-srcset=\"https:\/\/dondevamos.xyz\/concierto-shakira\/wp-content\/uploads\/sites\/15\/2024\/11\/GY5A62vWAAAFCLF.jpeg 1080w, https:\/\/dondevamos.xyz\/concierto-shakira\/wp-content\/uploads\/sites\/15\/2024\/11\/GY5A62vWAAAFCLF-240x300.jpeg 240w, https:\/\/dondevamos.xyz\/concierto-shakira\/wp-content\/uploads\/sites\/15\/2024\/11\/GY5A62vWAAAFCLF-819x1024.jpeg 819w, https:\/\/dondevamos.xyz\/concierto-shakira\/wp-content\/uploads\/sites\/15\/2024\/11\/GY5A62vWAAAFCLF-768x960.jpeg 768w\" data-sizes=\"(max-width: 1080px) 100vw, 1080px\" src=\"data:image\/svg+xml;base64,PHN2ZyB3aWR0aD0iMSIgaGVpZ2h0PSIxIiB4bWxucz0iaHR0cDovL3d3dy53My5vcmcvMjAwMC9zdmciPjwvc3ZnPg==\" \/><\/figure>\n\n\n\n<figure class=\"wp-block-table\"><table><tbody><tr><td><strong>Fecha:<\/strong><\/td><td>Por confirmar<\/td><\/tr><tr><td><strong>Lugar:<\/strong><\/td><td>Estadio Nacional<\/td><\/tr><\/tbody><\/table><\/figure>\n\n\n\n<p>Est\u00e1n preparados para vibrar al ritmo de una de las artistas m\u00e1s famosas del mundo? Porque existe la posibilidad de que haya <strong>concierto de Shakira en Costa Rica<\/strong>! <\/p>\n\n\n\n<p>Se rumora que la artista colombiana que ha conquistado al mundo entero con sus pegadizas y electrizantes presentaciones, se podr\u00eda presentar en Costa Rica.<\/p>\n\n\n\n<figure class=\"wp-block-image aligncenter size-full\"><img decoding=\"async\" width=\"2048\" height=\"1536\" data-src=\"https:\/\/dondevamos.xyz\/concierto-shakira\/wp-content\/uploads\/sites\/15\/2024\/04\/436771481_1025216942301381_1824994272475758708_n.jpg\" alt=\"concierto shakira costa rica\" class=\"wp-image-81 lazyload\" data-srcset=\"https:\/\/dondevamos.xyz\/concierto-shakira\/wp-content\/uploads\/sites\/15\/2024\/04\/436771481_1025216942301381_1824994272475758708_n.jpg 2048w, https:\/\/dondevamos.xyz\/concierto-shakira\/wp-content\/uploads\/sites\/15\/2024\/04\/436771481_1025216942301381_1824994272475758708_n-300x225.jpg 300w, https:\/\/dondevamos.xyz\/concierto-shakira\/wp-content\/uploads\/sites\/15\/2024\/04\/436771481_1025216942301381_1824994272475758708_n-1024x768.jpg 1024w, https:\/\/dondevamos.xyz\/concierto-shakira\/wp-content\/uploads\/sites\/15\/2024\/04\/436771481_1025216942301381_1824994272475758708_n-768x576.jpg 768w, https:\/\/dondevamos.xyz\/concierto-shakira\/wp-content\/uploads\/sites\/15\/2024\/04\/436771481_1025216942301381_1824994272475758708_n-1536x1152.jpg 1536w\" data-sizes=\"(max-width: 2048px) 100vw, 2048px\" src=\"data:image\/svg+xml;base64,PHN2ZyB3aWR0aD0iMSIgaGVpZ2h0PSIxIiB4bWxucz0iaHR0cDovL3d3dy53My5vcmcvMjAwMC9zdmciPjwvc3ZnPg==\" style=\"--smush-placeholder-width: 2048px; --smush-placeholder-aspect-ratio: 2048\/1536;\" \/><figcaption class=\"wp-element-caption\">Foto: <a href=\"https:\/\/www.facebook.com\/shakira\/\" target=\"_blank\" rel=\"noopener\">FB &#8211; Shakira<\/a><\/figcaption><\/figure>\n\n\n\n<p><strong>Si bien el concierto a\u00fan no est\u00e1 100% confirmado<\/strong>, las expectativas entre los fans ya est\u00e1n por las nubes. Especialmente porque en los \u00faltimos d\u00edas se solt\u00f3 la noticia de que el MEIC autoriz\u00f3 la preventa de 51.000 entradas para este concierto, programado para marzo del 2025.  La idea de poder ver a Shakira en vivo ha generado gran emoci\u00f3n en todo el pa\u00eds, y las redes sociales se han inundado de mensajes de fans ansiosos por saber si este sue\u00f1o se har\u00e1 realidad.<\/p>\n\n\n\n<h2 class=\"wp-block-heading\">Qu\u00e9 se sabe del concierto de Shakira en Costa Rica?<\/h2>\n\n\n\n<figure class=\"wp-block-image alignleft size-medium\"><img decoding=\"async\" width=\"169\" height=\"300\" data-src=\"https:\/\/dondevamos.xyz\/concierto-shakira\/wp-content\/uploads\/sites\/15\/2024\/04\/74801401_10158005452174560_3131248780481921024_n-169x300.jpg\" alt=\"shakira tour costa rica\" class=\"wp-image-77 lazyload\" data-srcset=\"https:\/\/dondevamos.xyz\/concierto-shakira\/wp-content\/uploads\/sites\/15\/2024\/04\/74801401_10158005452174560_3131248780481921024_n-169x300.jpg 169w, https:\/\/dondevamos.xyz\/concierto-shakira\/wp-content\/uploads\/sites\/15\/2024\/04\/74801401_10158005452174560_3131248780481921024_n-576x1024.jpg 576w, https:\/\/dondevamos.xyz\/concierto-shakira\/wp-content\/uploads\/sites\/15\/2024\/04\/74801401_10158005452174560_3131248780481921024_n-768x1365.jpg 768w, https:\/\/dondevamos.xyz\/concierto-shakira\/wp-content\/uploads\/sites\/15\/2024\/04\/74801401_10158005452174560_3131248780481921024_n-864x1536.jpg 864w, https:\/\/dondevamos.xyz\/concierto-shakira\/wp-content\/uploads\/sites\/15\/2024\/04\/74801401_10158005452174560_3131248780481921024_n.jpg 1125w\" data-sizes=\"(max-width: 169px) 100vw, 169px\" src=\"data:image\/svg+xml;base64,PHN2ZyB3aWR0aD0iMSIgaGVpZ2h0PSIxIiB4bWxucz0iaHR0cDovL3d3dy53My5vcmcvMjAwMC9zdmciPjwvc3ZnPg==\" style=\"--smush-placeholder-width: 169px; --smush-placeholder-aspect-ratio: 169\/300;\" \/><figcaption class=\"wp-element-caption\">Foto: <a href=\"https:\/\/www.facebook.com\/shakira\/\" target=\"_blank\" rel=\"noopener\">FB &#8211; Shakira<\/a><\/figcaption><\/figure>\n\n\n\n<p>La artista colombiana Shakira encendi\u00f3 las redes sociales el pasado 13 de abril cuando hizo una aparici\u00f3n sorpresa con Bizarrap en Coachella y anunci\u00f3 su gira mundial \u00abMujeres Ya No Lloran 2024\u00bb .<\/p>\n\n\n\n<p>El anuncio oficial del tour gener\u00f3 gran expectativa entre los fan\u00e1ticos de la cantante en todo el mundo. Sobre todo porque se dijo que el tour recorrer\u00eda todo el continente americano, incluyendo a Latinoam\u00e9rica. Ser\u00e1 que la gira por Latinoam\u00e9rica incluye a Costa Rica? <\/p>\n\n\n\n<p><strong>El 16 de abril<\/strong> hubo otro anuncio importante: se revelaron las fechas y lugares para la etapa de Estados Unidos del tour. En esta etapa Shakira se presentar\u00e1 en lugares como Phoenix, Los \u00c1ngeles, Texas, Miami y muchos otros.<\/p>\n\n\n\n<p>El 26 de setiembre, el Ministerio de Econom\u00eda (MEIC) revel\u00f3 que estaba dando autorizaci\u00f3n para un concierto de Shakira, el 27 de marzo del 2025, en el Estadio Nacional. Con esta autorizaci\u00f3n se iba a permitir la preventa de 51.000 entradas. O sea, ya existe al menos una autorizaci\u00f3n formal para realizar el concierto.<\/p>\n\n\n\n<p>En Octubre salieron a la luz fechas del tour de Shakira en Latinoam\u00e9rica, sin embargo \u00e9stas no incluyen a Costa Rica todav\u00eda.<\/p>\n\n\n\n<p><strong>No hay nada 100% seguro todav\u00eda<\/strong>&#8230; un concierto de Shakira en Costa Rica sigue siendo posibilidad. Pero hay que recordar que la autorizaci\u00f3n del concierto no significa que es algo fijo: hasta tener la confirmaci\u00f3n oficial de las fechas latinoamericanas, no sabremos si realmente ser\u00e1. Muchas veces las productoras piden permisos, pero al final no logran negociar con el artista.<\/p>\n\n\n\n<p>Conforme vaya apareciendo m\u00e1s informaci\u00f3n, la publicamos por ac\u00e1.<\/p>\n\n\n\n<h2 class=\"wp-block-heading\">Cu\u00e1ndo es el concierto de Shakira en Costa Rica?<\/h2>\n\n\n\n<p>Lo que se sabe por el momento es que el tour Las Mujeres ya no Lloran de Shakira comienza el 2 de noviembre en Palm Desert, California. Luego la etapa de norteam\u00e9rica de este tour recorre distintas partes de Estados Unidos, para terminar el 15 de diciembre en Michigan.<\/p>\n\n\n\n<figure class=\"wp-block-image aligncenter size-large is-resized\"><img decoding=\"async\" width=\"819\" height=\"1024\" data-src=\"https:\/\/dondevamos.xyz\/concierto-shakira\/wp-content\/uploads\/sites\/15\/2024\/04\/308627556_669945914495154_3815542598428109188_n-819x1024.jpg\" alt=\"shakira viene a costa rica\" class=\"wp-image-78 lazyload\" style=\"--smush-placeholder-width: 819px; --smush-placeholder-aspect-ratio: 819\/1024;width:auto;height:500px\" data-srcset=\"https:\/\/dondevamos.xyz\/concierto-shakira\/wp-content\/uploads\/sites\/15\/2024\/04\/308627556_669945914495154_3815542598428109188_n-819x1024.jpg 819w, https:\/\/dondevamos.xyz\/concierto-shakira\/wp-content\/uploads\/sites\/15\/2024\/04\/308627556_669945914495154_3815542598428109188_n-240x300.jpg 240w, https:\/\/dondevamos.xyz\/concierto-shakira\/wp-content\/uploads\/sites\/15\/2024\/04\/308627556_669945914495154_3815542598428109188_n-768x960.jpg 768w, https:\/\/dondevamos.xyz\/concierto-shakira\/wp-content\/uploads\/sites\/15\/2024\/04\/308627556_669945914495154_3815542598428109188_n-1229x1536.jpg 1229w, https:\/\/dondevamos.xyz\/concierto-shakira\/wp-content\/uploads\/sites\/15\/2024\/04\/308627556_669945914495154_3815542598428109188_n.jpg 1638w\" data-sizes=\"(max-width: 819px) 100vw, 819px\" src=\"data:image\/svg+xml;base64,PHN2ZyB3aWR0aD0iMSIgaGVpZ2h0PSIxIiB4bWxucz0iaHR0cDovL3d3dy53My5vcmcvMjAwMC9zdmciPjwvc3ZnPg==\" \/><figcaption class=\"wp-element-caption\">Foto: <a href=\"https:\/\/www.facebook.com\/shakira\/\" target=\"_blank\" rel=\"noopener\">FB &#8211; Shakira<\/a><\/figcaption><\/figure>\n\n\n\n<p>En teor\u00eda, para enero vendr\u00eda la etapa Latinoam\u00e9rica del tour de Shakira. En esta etapa en cuando podr\u00eda haber concierto de Shakira en Costa Rica. Seg\u00fan el permiso emitido por el MEIC, el concierto ser\u00eda el 27 de marzo del 2025 en el Estadio Nacional. <\/p>\n\n\n\n<p>Eso, por supuesto, seg\u00fan el permiso tramitado. Pero todav\u00eda no hay anuncios oficiales de productoras ni de la artista. De hecho en este momento, Costa Rica no aparece entre las fechas oficiales del tour 2025. Puede que el concierto est\u00e9 todav\u00eda en negociaci\u00f3n, o que del todo no se vaya a realizar.<\/p>\n\n\n\n<p><\/p>\n\n\n\n<h2 class=\"wp-block-heading\" id=\"entradas\">Entradas para el concierto de Shakira en Costa Rica<\/h2>\n\n\n\n<p>Por el momento no se sabe mayor cosa de las entradas para los conciertos de Shakira, salvo que en Costa Rica probablemente las vaya a vender Eticket.<\/p>\n\n\n\n<p>En Estados Unidos, las entradas salieron a la venta el 22 de abril y solo para la etapa de norteam\u00e9rica del tour.<\/p>\n\n\n\n<p>Viendo como ha sido la venta de entradas en otros conciertos grandes que ha habido en Costa Rica, probablemente se maneje para un concierto de Shakira venta por etapas. Las primeras etapas exclusivas para gente que tenga tarjetas de cr\u00e9dito de las redes patrocinadoras, y luego una etapa general donde venden entradas a todo el mundo.<\/p>\n\n\n\n<p>Qui\u00e9n va a vender las entradas para Shakira en Costa Rica? Seg\u00fan el MEIC, Eticket es quien suena para venderlas. Pero todav\u00eda no hay anuncios al respecto.<\/p>\n\n\n\n<p>Habr\u00e1 que esperar un tiempo, para saber c\u00f3mo va a ser la venta y qu\u00eden va a vender.<\/p>\n\n\n\n<h3 class=\"wp-block-heading\">Precios de las entradas para el concierto de Shakira<\/h3>\n\n\n\n<figure class=\"wp-block-image alignleft size-full is-resized\"><img decoding=\"async\" width=\"480\" height=\"640\" data-src=\"https:\/\/dondevamos.xyz\/concierto-shakira\/wp-content\/uploads\/sites\/15\/2024\/04\/61747497_10157539516624560_728280355794059264_n.jpg\" alt=\"shakira world tour 2024\" class=\"wp-image-76 lazyload\" style=\"--smush-placeholder-width: 480px; --smush-placeholder-aspect-ratio: 480\/640;width:auto;height:350px\" data-srcset=\"https:\/\/dondevamos.xyz\/concierto-shakira\/wp-content\/uploads\/sites\/15\/2024\/04\/61747497_10157539516624560_728280355794059264_n.jpg 480w, https:\/\/dondevamos.xyz\/concierto-shakira\/wp-content\/uploads\/sites\/15\/2024\/04\/61747497_10157539516624560_728280355794059264_n-225x300.jpg 225w\" data-sizes=\"(max-width: 480px) 100vw, 480px\" src=\"data:image\/svg+xml;base64,PHN2ZyB3aWR0aD0iMSIgaGVpZ2h0PSIxIiB4bWxucz0iaHR0cDovL3d3dy53My5vcmcvMjAwMC9zdmciPjwvc3ZnPg==\" \/><figcaption class=\"wp-element-caption\">Foto: <a href=\"https:\/\/www.facebook.com\/shakira\/\" target=\"_blank\" rel=\"noopener\">FB &#8211; Shakira<\/a><\/figcaption><\/figure>\n\n\n\n<p>No tenemos ni idea de cu\u00e1nto van a costar las entradas para un eventual concierto en Costa Rica de Shakira. Especulando un poco, y comparando con otros conciertos grandes que ha habido el pa\u00eds, probablemente estemos hablando de 100.000 colones para arriba. Talvez saquen algunas entradas no numeradas en 50.000 o 75.000, y las numeradas ya est\u00e9n por encima de 100.000. Y de ah\u00ed en adelante lo que sea: no ser\u00eda raro llegar a ver precios de entradas de 300.000 colones o m\u00e1s para los asientos m\u00e1s VIP en un concierto de Shakira.<\/p>\n\n\n\n<h3 class=\"wp-block-heading\">Entradas para el concierto de Shakira en reventa<\/h3>\n\n\n\n<p>Anticipando lo que probablemente vaya a suceder si hay concierto de Shakira en el pa\u00eds, va la advertencia. Fijo va a haber una locura de reventa de entradas para el concierto. Y como siempre, es mejor que est\u00e9s atento y sepas que comprar entradas en reventa no est\u00e1 sin sus riesgos. As\u00ed como puedes conseguir una entrada perfectamente buena, a buen precio, pueden tambi\u00e9n tener una mala experiencia y perder tu dinero.<\/p>\n\n\n\n<p>Problemas que hay en todos los conciertos, con las entradas en reventa:<\/p>\n\n\n\n<ul class=\"wp-block-list\">\n<li><strong>Entradas falsas:<\/strong> te venden entradas que no son reales. <\/li>\n\n\n\n<li><strong>Entradas duplicadas:<\/strong> le venden la misma entrada a varias personas. Cuando llegan al concierto, solo la primera en llegar puede usar la entrada, y el resto se quedan afuera.<\/li>\n\n\n\n<li><strong>Precios abusivos:<\/strong> si el evento est\u00e1 muy cotizado, los precios de las entradas van a ser mucho m\u00e1s altos que en el sitio oficial de venta.<\/li>\n<\/ul>\n\n\n\n<p>Siempre es mejor comprar las entradas en los puntos de venta autorizados, antes que buscar en reventa. Especialmente porque en caso de tener problemas, los organizadores del evento no pueden hacerse responsables!<\/p>\n\n\n\n<h2 class=\"wp-block-heading\">D\u00f3nde va a ser el concierto de Shakira en Costa Rica?<\/h2>\n\n\n\n<p>El concierto de Shakira en Costa Rica seg\u00fan lo que se sabe, es en el Estadio Nacional de La Sabana. El Estadio Nacional es el lugar que mejores condiciones y capacidad ofrece para conciertos de este tipo. Todos los gigantes del mundo de la m\u00fasica que han llegado a Costa Rica, han hecho sus conciertos en el Estadio Nacional.<\/p>\n\n\n\n<figure class=\"wp-block-image aligncenter size-large\"><img decoding=\"async\" width=\"1024\" height=\"683\" data-src=\"https:\/\/dondevamos.xyz\/concierto-shakira\/wp-content\/uploads\/sites\/15\/2024\/04\/434175563_1014535330036209_8260981606492939231_n-1024x683.jpg\" alt=\"precios entradas shakira\" class=\"wp-image-79 lazyload\" data-srcset=\"https:\/\/dondevamos.xyz\/concierto-shakira\/wp-content\/uploads\/sites\/15\/2024\/04\/434175563_1014535330036209_8260981606492939231_n-1024x683.jpg 1024w, https:\/\/dondevamos.xyz\/concierto-shakira\/wp-content\/uploads\/sites\/15\/2024\/04\/434175563_1014535330036209_8260981606492939231_n-300x200.jpg 300w, https:\/\/dondevamos.xyz\/concierto-shakira\/wp-content\/uploads\/sites\/15\/2024\/04\/434175563_1014535330036209_8260981606492939231_n-768x512.jpg 768w, https:\/\/dondevamos.xyz\/concierto-shakira\/wp-content\/uploads\/sites\/15\/2024\/04\/434175563_1014535330036209_8260981606492939231_n-1536x1025.jpg 1536w, https:\/\/dondevamos.xyz\/concierto-shakira\/wp-content\/uploads\/sites\/15\/2024\/04\/434175563_1014535330036209_8260981606492939231_n.jpg 2048w\" data-sizes=\"(max-width: 1024px) 100vw, 1024px\" src=\"data:image\/svg+xml;base64,PHN2ZyB3aWR0aD0iMSIgaGVpZ2h0PSIxIiB4bWxucz0iaHR0cDovL3d3dy53My5vcmcvMjAwMC9zdmciPjwvc3ZnPg==\" style=\"--smush-placeholder-width: 1024px; --smush-placeholder-aspect-ratio: 1024\/683;\" \/><figcaption class=\"wp-element-caption\">Foto: <a href=\"https:\/\/www.facebook.com\/shakira\/\" target=\"_blank\" rel=\"noopener\">FB &#8211; Shakira<\/a><\/figcaption><\/figure>\n\n\n\n<h3 class=\"wp-block-heading\">Busetas para el evento<\/h3>\n\n\n\n<p>Como todav\u00eda no est\u00e1 confirmado que haya concierto de Shakira en Costa Rica, nadie est\u00e1 ofreciendo transporte ni cosas por el estilo. Sin embargo hay que estar atentos, si se llega a confirmar el concierto de Shakira, de seguro habr\u00e1 busetas de todo tipo para ir. Y de hecho las busetas probablemente sean la mejor forma de ir al concierto.<\/p>\n<!-- AddThis Advanced Settings generic via filter on the_content --><!-- AddThis Share Buttons generic via filter on the_content -->","protected":false},"excerpt":{"rendered":"<p>Fecha: Por confirmar Lugar: Estadio Nacional Est\u00e1n preparados para vibrar al ritmo de una de las artistas m\u00e1s famosas del mundo? Porque existe la posibilidad de que haya concierto de Shakira en Costa Rica! Se rumora que la artista colombiana que ha conquistado al mundo entero con sus pegadizas y electrizantes presentaciones, se podr\u00eda presentar [&hellip;]<!-- AddThis Advanced Settings generic via filter on get_the_excerpt --><!-- AddThis Share Buttons generic via filter on get_the_excerpt --><\/p>\n","protected":false},"author":2,"featured_media":83,"parent":0,"menu_order":0,"comment_status":"closed","ping_status":"closed","template":"","meta":{"footnotes":""},"class_list":["post-9","page","type-page","status-publish","has-post-thumbnail","hentry"],"yoast_head":"<!-- This site is optimized with the Yoast SEO plugin v27.4 - https:\/\/yoast.com\/product\/yoast-seo-wordpress\/ -->\n<title>Concierto de Shakira en Costa Rica - Concierto de Shakira en Costa Rica<\/title>\n<meta name=\"description\" content=\"Shakira anunci\u00f3 su nuevo tour mundial 2024, y entre los destinos est\u00e1 Latinoam\u00e9rica. Va a haber concierto de Shakira en Costa Rica? Info aqu\u00ed!\" \/>\n<meta name=\"robots\" content=\"index, follow, max-snippet:-1, max-image-preview:large, max-video-preview:-1\" \/>\n<link rel=\"canonical\" href=\"https:\/\/dondevamos.xyz\/concierto-shakira\/\" \/>\n<meta property=\"og:locale\" content=\"es_ES\" \/>\n<meta property=\"og:type\" content=\"article\" \/>\n<meta property=\"og:title\" content=\"Concierto de Shakira en Costa Rica - Concierto de Shakira en Costa Rica\" \/>\n<meta property=\"og:description\" content=\"Shakira anunci\u00f3 su nuevo tour mundial 2024, y entre los destinos est\u00e1 Latinoam\u00e9rica. Va a haber concierto de Shakira en Costa Rica? Info aqu\u00ed!\" \/>\n<meta property=\"og:url\" content=\"https:\/\/dondevamos.xyz\/concierto-shakira\/\" \/>\n<meta property=\"og:site_name\" content=\"Concierto de Shakira en Costa Rica\" \/>\n<meta property=\"article:modified_time\" content=\"2024-11-24T14:11:38+00:00\" \/>\n<meta property=\"og:image\" content=\"https:\/\/dondevamos.xyz\/concierto-shakira\/wp-content\/uploads\/sites\/15\/2024\/04\/118349919_10158986423339560_6549495966133598279_n.jpg\" \/>\n\t<meta property=\"og:image:width\" content=\"1800\" \/>\n\t<meta property=\"og:image:height\" content=\"1800\" \/>\n\t<meta property=\"og:image:type\" content=\"image\/jpeg\" \/>\n<meta name=\"twitter:card\" content=\"summary_large_image\" \/>\n<meta name=\"twitter:label1\" content=\"Tiempo de lectura\" \/>\n\t<meta name=\"twitter:data1\" content=\"7 minutos\" \/>\n<script type=\"application\/ld+json\" class=\"yoast-schema-graph\">{\"@context\":\"https:\\\/\\\/schema.org\",\"@graph\":[{\"@type\":\"WebPage\",\"@id\":\"https:\\\/\\\/dondevamos.xyz\\\/concierto-shakira\\\/\",\"url\":\"https:\\\/\\\/dondevamos.xyz\\\/concierto-shakira\\\/\",\"name\":\"Concierto de Shakira en Costa Rica - Concierto de Shakira en Costa Rica\",\"isPartOf\":{\"@id\":\"https:\\\/\\\/dondevamos.xyz\\\/concierto-shakira\\\/#website\"},\"primaryImageOfPage\":{\"@id\":\"https:\\\/\\\/dondevamos.xyz\\\/concierto-shakira\\\/#primaryimage\"},\"image\":{\"@id\":\"https:\\\/\\\/dondevamos.xyz\\\/concierto-shakira\\\/#primaryimage\"},\"thumbnailUrl\":\"https:\\\/\\\/dondevamos.xyz\\\/concierto-shakira\\\/wp-content\\\/uploads\\\/sites\\\/15\\\/2024\\\/04\\\/118349919_10158986423339560_6549495966133598279_n.jpg\",\"datePublished\":\"2024-02-07T02:01:13+00:00\",\"dateModified\":\"2024-11-24T14:11:38+00:00\",\"description\":\"Shakira anunci\u00f3 su nuevo tour mundial 2024, y entre los destinos est\u00e1 Latinoam\u00e9rica. Va a haber concierto de Shakira en Costa Rica? Info aqu\u00ed!\",\"inLanguage\":\"es\",\"potentialAction\":[{\"@type\":\"ReadAction\",\"target\":[\"https:\\\/\\\/dondevamos.xyz\\\/concierto-shakira\\\/\"]}]},{\"@type\":\"ImageObject\",\"inLanguage\":\"es\",\"@id\":\"https:\\\/\\\/dondevamos.xyz\\\/concierto-shakira\\\/#primaryimage\",\"url\":\"https:\\\/\\\/dondevamos.xyz\\\/concierto-shakira\\\/wp-content\\\/uploads\\\/sites\\\/15\\\/2024\\\/04\\\/118349919_10158986423339560_6549495966133598279_n.jpg\",\"contentUrl\":\"https:\\\/\\\/dondevamos.xyz\\\/concierto-shakira\\\/wp-content\\\/uploads\\\/sites\\\/15\\\/2024\\\/04\\\/118349919_10158986423339560_6549495966133598279_n.jpg\",\"width\":1800,\"height\":1800,\"caption\":\"Foto: FB - Shakira\"},{\"@type\":\"WebSite\",\"@id\":\"https:\\\/\\\/dondevamos.xyz\\\/concierto-shakira\\\/#website\",\"url\":\"https:\\\/\\\/dondevamos.xyz\\\/concierto-shakira\\\/\",\"name\":\"Concierto de Shakira en Costa Rica\",\"description\":\"Informaci\u00f3n del concierto de Shakira en Costa Rica\",\"potentialAction\":[{\"@type\":\"SearchAction\",\"target\":{\"@type\":\"EntryPoint\",\"urlTemplate\":\"https:\\\/\\\/dondevamos.xyz\\\/concierto-shakira\\\/?s={search_term_string}\"},\"query-input\":{\"@type\":\"PropertyValueSpecification\",\"valueRequired\":true,\"valueName\":\"search_term_string\"}}],\"inLanguage\":\"es\"}]}<\/script>\n<!-- \/ Yoast SEO plugin. -->","yoast_head_json":{"title":"Concierto de Shakira en Costa Rica - Concierto de Shakira en Costa Rica","description":"Shakira anunci\u00f3 su nuevo tour mundial 2024, y entre los destinos est\u00e1 Latinoam\u00e9rica. Va a haber concierto de Shakira en Costa Rica? Info aqu\u00ed!","robots":{"index":"index","follow":"follow","max-snippet":"max-snippet:-1","max-image-preview":"max-image-preview:large","max-video-preview":"max-video-preview:-1"},"canonical":"https:\/\/dondevamos.xyz\/concierto-shakira\/","og_locale":"es_ES","og_type":"article","og_title":"Concierto de Shakira en Costa Rica - Concierto de Shakira en Costa Rica","og_description":"Shakira anunci\u00f3 su nuevo tour mundial 2024, y entre los destinos est\u00e1 Latinoam\u00e9rica. Va a haber concierto de Shakira en Costa Rica? Info aqu\u00ed!","og_url":"https:\/\/dondevamos.xyz\/concierto-shakira\/","og_site_name":"Concierto de Shakira en Costa Rica","article_modified_time":"2024-11-24T14:11:38+00:00","og_image":[{"width":1800,"height":1800,"url":"https:\/\/dondevamos.xyz\/concierto-shakira\/wp-content\/uploads\/sites\/15\/2024\/04\/118349919_10158986423339560_6549495966133598279_n.jpg","type":"image\/jpeg"}],"twitter_card":"summary_large_image","twitter_misc":{"Tiempo de lectura":"7 minutos"},"schema":{"@context":"https:\/\/schema.org","@graph":[{"@type":"WebPage","@id":"https:\/\/dondevamos.xyz\/concierto-shakira\/","url":"https:\/\/dondevamos.xyz\/concierto-shakira\/","name":"Concierto de Shakira en Costa Rica - Concierto de Shakira en Costa Rica","isPartOf":{"@id":"https:\/\/dondevamos.xyz\/concierto-shakira\/#website"},"primaryImageOfPage":{"@id":"https:\/\/dondevamos.xyz\/concierto-shakira\/#primaryimage"},"image":{"@id":"https:\/\/dondevamos.xyz\/concierto-shakira\/#primaryimage"},"thumbnailUrl":"https:\/\/dondevamos.xyz\/concierto-shakira\/wp-content\/uploads\/sites\/15\/2024\/04\/118349919_10158986423339560_6549495966133598279_n.jpg","datePublished":"2024-02-07T02:01:13+00:00","dateModified":"2024-11-24T14:11:38+00:00","description":"Shakira anunci\u00f3 su nuevo tour mundial 2024, y entre los destinos est\u00e1 Latinoam\u00e9rica. Va a haber concierto de Shakira en Costa Rica? Info aqu\u00ed!","inLanguage":"es","potentialAction":[{"@type":"ReadAction","target":["https:\/\/dondevamos.xyz\/concierto-shakira\/"]}]},{"@type":"ImageObject","inLanguage":"es","@id":"https:\/\/dondevamos.xyz\/concierto-shakira\/#primaryimage","url":"https:\/\/dondevamos.xyz\/concierto-shakira\/wp-content\/uploads\/sites\/15\/2024\/04\/118349919_10158986423339560_6549495966133598279_n.jpg","contentUrl":"https:\/\/dondevamos.xyz\/concierto-shakira\/wp-content\/uploads\/sites\/15\/2024\/04\/118349919_10158986423339560_6549495966133598279_n.jpg","width":1800,"height":1800,"caption":"Foto: FB - Shakira"},{"@type":"WebSite","@id":"https:\/\/dondevamos.xyz\/concierto-shakira\/#website","url":"https:\/\/dondevamos.xyz\/concierto-shakira\/","name":"Concierto de Shakira en Costa Rica","description":"Informaci\u00f3n del concierto de Shakira en Costa Rica","potentialAction":[{"@type":"SearchAction","target":{"@type":"EntryPoint","urlTemplate":"https:\/\/dondevamos.xyz\/concierto-shakira\/?s={search_term_string}"},"query-input":{"@type":"PropertyValueSpecification","valueRequired":true,"valueName":"search_term_string"}}],"inLanguage":"es"}]}},"_links":{"self":[{"href":"https:\/\/dondevamos.xyz\/concierto-shakira\/wp-json\/wp\/v2\/pages\/9","targetHints":{"allow":["GET"]}}],"collection":[{"href":"https:\/\/dondevamos.xyz\/concierto-shakira\/wp-json\/wp\/v2\/pages"}],"about":[{"href":"https:\/\/dondevamos.xyz\/concierto-shakira\/wp-json\/wp\/v2\/types\/page"}],"author":[{"embeddable":true,"href":"https:\/\/dondevamos.xyz\/concierto-shakira\/wp-json\/wp\/v2\/users\/2"}],"replies":[{"embeddable":true,"href":"https:\/\/dondevamos.xyz\/concierto-shakira\/wp-json\/wp\/v2\/comments?post=9"}],"version-history":[{"count":11,"href":"https:\/\/dondevamos.xyz\/concierto-shakira\/wp-json\/wp\/v2\/pages\/9\/revisions"}],"predecessor-version":[{"id":138,"href":"https:\/\/dondevamos.xyz\/concierto-shakira\/wp-json\/wp\/v2\/pages\/9\/revisions\/138"}],"wp:featuredmedia":[{"embeddable":true,"href":"https:\/\/dondevamos.xyz\/concierto-shakira\/wp-json\/wp\/v2\/media\/83"}],"wp:attachment":[{"href":"https:\/\/dondevamos.xyz\/concierto-shakira\/wp-json\/wp\/v2\/media?parent=9"}],"curies":[{"name":"wp","href":"https:\/\/api.w.org\/{rel}","templated":true}]}}