{"id":99,"date":"2018-04-20T06:35:26","date_gmt":"2018-04-20T12:35:26","guid":{"rendered":"https:\/\/fiestas.cr\/concierto-roger-waters\/?page_id=99"},"modified":"2023-11-02T10:41:33","modified_gmt":"2023-11-02T16:41:33","slug":"pink-floyd","status":"publish","type":"page","link":"https:\/\/dondevamos.xyz\/concierto-roger-waters\/pink-floyd\/","title":{"rendered":"Quien es Pink Floyd?"},"content":{"rendered":"<div class=\"wp-block-image\">\n<figure class=\"alignleft\"><a href=\"https:\/\/dondevamos.xyz\/concierto-roger-waters\/wp-content\/uploads\/sites\/6\/2018\/04\/pink-floyd-ok-644x362.jpg\"><img decoding=\"async\" width=\"300\" height=\"169\" data-src=\"https:\/\/dondevamos.xyz\/concierto-roger-waters\/wp-content\/uploads\/sites\/6\/2018\/04\/pink-floyd-ok-644x362-300x169.jpg\" alt=\"pink floyd en costa rica\" class=\"wp-image-101 lazyload\" data-srcset=\"https:\/\/dondevamos.xyz\/concierto-roger-waters\/wp-content\/uploads\/sites\/6\/2018\/04\/pink-floyd-ok-644x362-300x169.jpg 300w, https:\/\/dondevamos.xyz\/concierto-roger-waters\/wp-content\/uploads\/sites\/6\/2018\/04\/pink-floyd-ok-644x362.jpg 644w\" data-sizes=\"(max-width: 300px) 100vw, 300px\" src=\"data:image\/svg+xml;base64,PHN2ZyB3aWR0aD0iMSIgaGVpZ2h0PSIxIiB4bWxucz0iaHR0cDovL3d3dy53My5vcmcvMjAwMC9zdmciPjwvc3ZnPg==\" style=\"--smush-placeholder-width: 300px; --smush-placeholder-aspect-ratio: 300\/169;\" \/><\/a><figcaption class=\"wp-element-caption\">Foto: abc.es<\/figcaption><\/figure>\n<\/div>\n\n\n<p>Pink Floyd es una de las bandas de rock progresivo m\u00e1s importantes de toda la historia son originarios de Inglaterra y se formaron en 1965. video m\u00e1s de 250 millones de discos a nivel mundial, Entre los que hay 15 \u00e1lbumes de studio, tres de conciertos en vivo, y 8 \u00e1lbumes de compilaci\u00f3n.<\/p>\n\n\n\n<p>Pink Floyd estuvo formado por:<\/p>\n\n\n\n<ul class=\"wp-block-list\">\n<li>Roger Waters (bajo, vocalista)<\/li>\n\n\n\n<li>David Gilmour (guitarra, teclados, vocalista)<\/li>\n\n\n\n<li>Nick Mason (percusi\u00f3n, vocalista)<\/li>\n\n\n\n<li>Richard Wright (teclados, vocalista)<\/li>\n\n\n\n<li>Syd Barrett (guitarra, vocalista)<\/li>\n<\/ul>\n\n\n\n<p>De todos ellos s\u00f3lo quedan vivos los primeros 3 y actualmente el grupo est\u00e1 disuelto. Los integrantes siguen haciendo giras por cuenta propia, las m\u00e1s reconocidas son las de Roger Waters y David Gilmour.<\/p>\n\n\n\n<blockquote class=\"wp-block-quote is-layout-flow wp-block-quote-is-layout-flow\">\n<p class=\"has-text-align-center\">De paso, cu\u00e1l es Pink? (Have a Cigar)<\/p>\n<\/blockquote>\n\n\n\n<h2 class=\"wp-block-heading\">Qu\u00e9 m\u00fasica toca Pink Floyd?<\/h2>\n\n\n<div class=\"wp-block-image\">\n<figure class=\"alignleft\"><a href=\"https:\/\/dondevamos.xyz\/concierto-roger-waters\/wp-content\/uploads\/sites\/6\/2018\/04\/rs-236419-david-gilmour-20140412-193031-_D8A5885____.jpg\"><img decoding=\"async\" width=\"300\" height=\"169\" data-src=\"https:\/\/dondevamos.xyz\/concierto-roger-waters\/wp-content\/uploads\/sites\/6\/2018\/04\/rs-236419-david-gilmour-20140412-193031-_D8A5885____-300x169.jpg\" alt=\"concierto de pink floyd costa rica\" class=\"wp-image-102 lazyload\" data-srcset=\"https:\/\/dondevamos.xyz\/concierto-roger-waters\/wp-content\/uploads\/sites\/6\/2018\/04\/rs-236419-david-gilmour-20140412-193031-_D8A5885____-300x169.jpg 300w, https:\/\/dondevamos.xyz\/concierto-roger-waters\/wp-content\/uploads\/sites\/6\/2018\/04\/rs-236419-david-gilmour-20140412-193031-_D8A5885____.jpg 700w\" data-sizes=\"(max-width: 300px) 100vw, 300px\" src=\"data:image\/svg+xml;base64,PHN2ZyB3aWR0aD0iMSIgaGVpZ2h0PSIxIiB4bWxucz0iaHR0cDovL3d3dy53My5vcmcvMjAwMC9zdmciPjwvc3ZnPg==\" style=\"--smush-placeholder-width: 300px; --smush-placeholder-aspect-ratio: 300\/169;\" \/><\/a><figcaption class=\"wp-element-caption\">Foto: Rolling Stone<\/figcaption><\/figure>\n<\/div>\n\n\n<p>Pink Floyd empez\u00f3 tocando con un estilo de rock psicod\u00e9lico y posteriormente evolucion\u00f3 hacia el rock progresivo y rock sinf\u00f3nico. El estilo de Pink Floyd se reconoce f\u00e1cilmente primero por las voces de Waters y Gilmour, que no se pierden en ninguna parte, y luego por la instrumentaci\u00f3n: que consiste principalmente de guitarras el\u00e9ctricas con bajo nivel de distorsi\u00f3n, y sintetizadores sobre todo de tipo synth pad y synth horn. Tambi\u00e9n de fondo en la m\u00fasica de Pink Floyd se utiliza mucho el \u00f3rgano de tubos.<\/p>\n\n\n\n<p>El rock de Pink Floyd es muy mel\u00f3dico y de tempo lento, lo cual lo hace muy f\u00e1cil de seguir y escuchar, especialmente para la gente que nunca antes ha escuchado material de esta banda.<\/p>\n\n\n\n<p>Entre los \u00e1lbumes m\u00e1s reconocidos de Pink Floyd se encuentran:<\/p>\n\n\n\n<ul class=\"wp-block-list\">\n<li>The Wall (1979)<\/li>\n\n\n\n<li>Dark Side of the Moon (1973)<\/li>\n\n\n\n<li>Wish you were here (1975)<\/li>\n\n\n\n<li>Animals (1977)<\/li>\n\n\n\n<li>A Momentary Lapse of Reason (1987)<\/li>\n\n\n\n<li>The Division Bell (1994)<\/li>\n<\/ul>\n\n\n\n<p>Y entre las canciones que m\u00e1s se escuchan de la banda est\u00e1n:<\/p>\n\n\n\n<ul class=\"wp-block-list\">\n<li>Money (1973)<\/li>\n\n\n\n<li>Have a cigar (1975)<\/li>\n\n\n\n<li>Another Brick in the Wall 2 (1979)<\/li>\n\n\n\n<li>Comfortably Numb (1980)<\/li>\n\n\n\n<li>Learning to Fly (1987)<\/li>\n\n\n\n<li>Take it Back (1994)<\/li>\n\n\n\n<li>High Hopes (1994)<\/li>\n\n\n\n<li>Keep Talking (1994)<\/li>\n\n\n\n<li>Wish you were here (1975)<\/li>\n\n\n\n<li>Time (1973)<\/li>\n\n\n\n<li>Us and them (1973)<\/li>\n\n\n\n<li>Brain Damage\/Eclipse (1973)<\/li>\n\n\n\n<li>Pigs on the Wing (1977)<\/li>\n\n\n\n<li>Run like hell (1979)<\/li>\n<\/ul>\n\n\n\n<p>La discograf\u00eda de Pink Floyd es por supuesto much\u00edsimo m\u00e1s amplia que el repertorio anterior. Pero estas son las canciones que m\u00e1s escuchan actualmente en la radio y qu\u00e9 m\u00e1s reconocidas son a nivel mundial.<\/p>\n\n\n<div class=\"wp-block-image\">\n<figure class=\"aligncenter\"><a href=\"https:\/\/dondevamos.xyz\/concierto-roger-waters\/wp-content\/uploads\/sites\/6\/2018\/04\/1200x630bb.jpg\"><img decoding=\"async\" width=\"300\" height=\"300\" data-src=\"https:\/\/dondevamos.xyz\/concierto-roger-waters\/wp-content\/uploads\/sites\/6\/2018\/04\/1200x630bb-300x300.jpg\" alt=\"pink floyd en costa rica\" class=\"wp-image-103 lazyload\" data-srcset=\"https:\/\/dondevamos.xyz\/concierto-roger-waters\/wp-content\/uploads\/sites\/6\/2018\/04\/1200x630bb-300x300.jpg 300w, https:\/\/dondevamos.xyz\/concierto-roger-waters\/wp-content\/uploads\/sites\/6\/2018\/04\/1200x630bb-150x150.jpg 150w, https:\/\/dondevamos.xyz\/concierto-roger-waters\/wp-content\/uploads\/sites\/6\/2018\/04\/1200x630bb.jpg 630w\" data-sizes=\"(max-width: 300px) 100vw, 300px\" src=\"data:image\/svg+xml;base64,PHN2ZyB3aWR0aD0iMSIgaGVpZ2h0PSIxIiB4bWxucz0iaHR0cDovL3d3dy53My5vcmcvMjAwMC9zdmciPjwvc3ZnPg==\" style=\"--smush-placeholder-width: 300px; --smush-placeholder-aspect-ratio: 300\/300;\" \/><\/a><\/figure>\n<\/div>\n\n\n<h2 class=\"wp-block-heading\">Historia de la banda Pink Floyd<\/h2>\n\n\n<div class=\"wp-block-image\">\n<figure class=\"alignleft\"><a href=\"https:\/\/dondevamos.xyz\/concierto-roger-waters\/wp-content\/uploads\/sites\/6\/2018\/04\/syd-barrett.jpg\"><img decoding=\"async\" width=\"194\" height=\"300\" data-src=\"https:\/\/dondevamos.xyz\/concierto-roger-waters\/wp-content\/uploads\/sites\/6\/2018\/04\/syd-barrett-194x300.jpg\" alt=\"syd barrett pink floyd costa rica\" class=\"wp-image-110 lazyload\" data-srcset=\"https:\/\/dondevamos.xyz\/concierto-roger-waters\/wp-content\/uploads\/sites\/6\/2018\/04\/syd-barrett-194x300.jpg 194w, https:\/\/dondevamos.xyz\/concierto-roger-waters\/wp-content\/uploads\/sites\/6\/2018\/04\/syd-barrett.jpg 253w\" data-sizes=\"(max-width: 194px) 100vw, 194px\" src=\"data:image\/svg+xml;base64,PHN2ZyB3aWR0aD0iMSIgaGVpZ2h0PSIxIiB4bWxucz0iaHR0cDovL3d3dy53My5vcmcvMjAwMC9zdmciPjwvc3ZnPg==\" style=\"--smush-placeholder-width: 194px; --smush-placeholder-aspect-ratio: 194\/300;\" \/><\/a><figcaption class=\"wp-element-caption\">Syd Barrett. Foto: Mick Rock, 1969<\/figcaption><\/figure>\n<\/div>\n\n\n<p>Pink Floyd inicio en 1965 en Londres con Roger Waters y Syd Barrett.<\/p>\n\n\n\n<p>El nombre Pink Floyd viene de los nombres de dos m\u00fasicos cuyos \u00e1lbumes ten\u00eda Syd Barrett en su colecci\u00f3n: Pink Anderson, y Floyd Council. Por lo que en realidad la pregunta de Have a Cigar&#8230; \u00ab<em>cu\u00e1l es Pink, y cu\u00e1l es Floyd?<\/em>\u00bb tiene algo de sentido!<\/p>\n\n\n\n<p>Desde 1963 Roger Waters hab\u00eda empezado a tocar m\u00fasica junto a Nick Mason, Richard Wright, Keith Noble, Sheilagh Noble y Clive Metcalfe. En ese momento el grupo se llam\u00f3 Sigma 6. En los a\u00f1os siguientes poco a poco se desintegrar\u00eda el grupo original, y cambiar\u00eda de nombre varias veces (Meggadeaths, Abdabs, Leonard\u2019s Lodgers, Spectrum 5). Finalmente la banda qued\u00f3 con el nombre Tea Set, pero en una de sus presentaciones Syd Barrett se dio cuenta que exist\u00eda otra banda que tambi\u00e9n iba a tocar&#8230; y ten\u00eda exactamente el mismo nombre. Fue entonces que decidi\u00f3 cambiar el nombre de su banda, y unos minutos despu\u00e9s se volvieron Pink Floyd Sound. Unos a\u00f1os despu\u00e9s por recomendaci\u00f3n de su manager, acortaron el nombre y se quedaron solo como Pink Floyd.<\/p>\n\n\n\n<p>En 1967 firmaron con la disquera EMI y sacaron su primer single \u201cArnold Layne\u201d. Poco tiempo despu\u00e9s, en 1968, Syd Barrett tuvo que retirarse de la banda debido a su comportamiento err\u00e1tico y algunos episodios de depresi\u00f3n que experiment\u00f3. Nunca se supo con total seguridad que fue lo que provoc\u00f3 el comportamiento extra\u00f1o de Barrett: Roger Waters especul\u00f3 que sufr\u00eda de esquizofrenia, pero los familiares de Barrett han dicho que nunca sufri\u00f3 enfermedad mental y que simplemente ten\u00eda una personalidad algo distinta.<\/p>\n\n\n\n<p>Richard Wright en alg\u00fan momento esp\u00e9culo que el comportamiento de Syd Barrett se debi\u00f3 al abuso de drogas, entre ellas el LSD.<\/p>\n\n\n\n<p>Para esa \u00e9poca Syd Barrett fue sustituido por David Gilmour, y la banda entr\u00f3 en la \u00e9poca m\u00e1s productiva de su existencia, en donde sacar\u00edan los \u00e1lbums que los llevaron a la fama.<\/p>\n\n\n<div class=\"wp-block-image\">\n<figure class=\"aligncenter\"><a href=\"https:\/\/dondevamos.xyz\/concierto-roger-waters\/wp-content\/uploads\/sites\/6\/2018\/04\/front.jpg\"><img decoding=\"async\" width=\"300\" height=\"279\" data-src=\"https:\/\/dondevamos.xyz\/concierto-roger-waters\/wp-content\/uploads\/sites\/6\/2018\/04\/front-300x279.jpg\" alt=\"pink floyd en costa rica\" class=\"wp-image-111 lazyload\" data-srcset=\"https:\/\/dondevamos.xyz\/concierto-roger-waters\/wp-content\/uploads\/sites\/6\/2018\/04\/front-300x279.jpg 300w, https:\/\/dondevamos.xyz\/concierto-roger-waters\/wp-content\/uploads\/sites\/6\/2018\/04\/front.jpg 385w\" data-sizes=\"(max-width: 300px) 100vw, 300px\" src=\"data:image\/svg+xml;base64,PHN2ZyB3aWR0aD0iMSIgaGVpZ2h0PSIxIiB4bWxucz0iaHR0cDovL3d3dy53My5vcmcvMjAwMC9zdmciPjwvc3ZnPg==\" style=\"--smush-placeholder-width: 300px; --smush-placeholder-aspect-ratio: 300\/279;\" \/><\/a><figcaption class=\"wp-element-caption\">Pink Floyd: David Gilmour, Nick Mason, Syd Barrett, Roger Waters, Richard Wright. Foto: <a href=\"http:\/\/www.pink-floyd.org\/\" target=\"_blank\" rel=\"noopener\">Pink Floyd Fan Club<\/a>.<\/figcaption><\/figure>\n<\/div>\n\n\n<h2 class=\"wp-block-heading\">Separaci\u00f3n de Roger Waters<\/h2>\n\n\n\n<p>La d\u00e9cada de los 1980 trajo problemas y discusiones dentro de Pink Floyd, que se agravaron poco a poco, culminando en 1983 cuando sali\u00f3 el \u00e1lbum The Final Cut. Este \u00e1lbum fue escrito casi que totalmente por Roger Waters. David Gilmour ten\u00eda material en proceso para incluir en el album, y le pidi\u00f3 tiempo a Waters para terminarlo.. pero Waters se neg\u00f3 y el \u00e1lbum sali\u00f3 \u00fanicamente con su material.<\/p>\n\n\n\n<p>En los a\u00f1os siguientes, los diferentes integrantes de la banda siguieron con sus propios proyectos, incluyendo a Roger Waters, qui\u00e9n inici\u00f3 varios tour como solista con su primer \u00e1lbum: The Pros and Cons of Hitchhiking. Finalmente en 1985, Waters se separ\u00f3 de Pink Floyd, e intent\u00f3 que la banda dejara de existir por completo. Despu\u00e9s de varias batallas legales, Nick Mason y David Gilmour continuaron el proyecto por cuenta propia, habiendo ganado el derecho a usar el nombre Pink Floyd.<\/p>\n\n\n\n<h2 class=\"wp-block-heading\">La era de Gilmour y el fin de Pink Floyd<\/h2>\n\n\n<div class=\"wp-block-image\">\n<figure class=\"alignleft\"><a href=\"https:\/\/dondevamos.xyz\/concierto-roger-waters\/wp-content\/uploads\/sites\/6\/2018\/04\/Gilmour-Getty-1030x615.jpg\"><img decoding=\"async\" width=\"300\" height=\"179\" data-src=\"https:\/\/dondevamos.xyz\/concierto-roger-waters\/wp-content\/uploads\/sites\/6\/2018\/04\/Gilmour-Getty-1030x615-300x179.jpg\" alt=\"david gilmour pink floyd\" class=\"wp-image-112 lazyload\" data-srcset=\"https:\/\/dondevamos.xyz\/concierto-roger-waters\/wp-content\/uploads\/sites\/6\/2018\/04\/Gilmour-Getty-1030x615-300x179.jpg 300w, https:\/\/dondevamos.xyz\/concierto-roger-waters\/wp-content\/uploads\/sites\/6\/2018\/04\/Gilmour-Getty-1030x615-768x459.jpg 768w, https:\/\/dondevamos.xyz\/concierto-roger-waters\/wp-content\/uploads\/sites\/6\/2018\/04\/Gilmour-Getty-1030x615-1024x611.jpg 1024w, https:\/\/dondevamos.xyz\/concierto-roger-waters\/wp-content\/uploads\/sites\/6\/2018\/04\/Gilmour-Getty-1030x615.jpg 1030w\" data-sizes=\"(max-width: 300px) 100vw, 300px\" src=\"data:image\/svg+xml;base64,PHN2ZyB3aWR0aD0iMSIgaGVpZ2h0PSIxIiB4bWxucz0iaHR0cDovL3d3dy53My5vcmcvMjAwMC9zdmciPjwvc3ZnPg==\" style=\"--smush-placeholder-width: 300px; --smush-placeholder-aspect-ratio: 300\/179;\" \/><\/a><figcaption class=\"wp-element-caption\">David Gilmour. Foto: Getty Images<\/figcaption><\/figure>\n<\/div>\n\n\n<p>Los a\u00f1os siguientes de Pink Floyd estuvieron bajo el liderazgo del guitarrista David Gilmour, qui\u00e9n tambi\u00e9n ahora es uno de los cantantes m\u00e1s famosos que quedan a nivel mundial de la banda.<\/p>\n\n\n\n<p>Bajo la direcci\u00f3n de Gilmour, Pink Floyd produjo 2 \u00e1lbum: A momentary lapse of reason (1987), y The Division Bell (1994). En 1994 fue el \u00faltimo tour de la versi\u00f3n actual de Pink Floyd y la banda se desintegr\u00f3.<\/p>\n\n\n\n<h2 class=\"wp-block-heading\">Reuniones y el Pink Floyd del nuevo milenio<\/h2>\n\n\n\n<p>Todos los integrantes de Pink Floyd, excepto Syd Barrett, volvieron a reunirse para el festival Live 8 en Londres, donde estuvieron tanto Roger Waters como David Gilmour en el escenario. Despu\u00e9s del festival, le fue ofrecido a la banda un contrato de 136 millones de libras esterlinas para hacer un \u00faltimo tour&#8230; el cual fue rechazado.<\/p>\n\n\n\n<p>En el 2012, entre David Gilmour y Nick Mason, produjeron un nuevo \u00e1lbum de la banda: The Endless River. The Endless River tuvo un estilo mixto, que se alej\u00f3 del Pink Floyd adicional, pero conservando muchos elementos cl\u00e1sicos del estilo de la banda y en especial de Gilmour.<\/p>\n\n\n\n<p>Al salir el \u00e1lbum Gilmour dijo a los medios de comunicaci\u00f3n que est\u00e9 definitivamente era el \u00faltimo \u00e1lbum de Pink Floyd que iba a haber. \u201cHemos aprovechado al m\u00e1ximo todo lo que hay\u2026 es triste, pero este es el fin\u201d.<\/p>\n\n\n\n<h2 class=\"wp-block-heading\">Waters y Gilmour como solistas<\/h2>\n\n\n\n<p>Tanto Roger Waters como David Gilmour contin\u00faan sus carreras como solistas, haciendo tours independientes por el mundo.<\/p>\n\n\n\n<p>El tour Us + Them, traer\u00e1 a Roger Waters a Costa Rica en el mes de noviembre.<\/p>\n\n\n\n<p>David Gilmour hizo su tour m\u00e1s reciente en el 2016, que lo llev\u00f3 por Europa, Estados Unidos y Canad\u00e1. Durante este tour, se grab\u00f3 el album Live at Pompeii, volviendo a las ra\u00edces de Pink Floyd, que en 1972 hab\u00eda grabado una serie de videos en el anfiteatro de Pompeya. David Gilmour llev\u00f3 el espect\u00e1culo un paso m\u00e1s all\u00e1 y en el 2016 realiz\u00f3 un concierto complet\u00f3 en el anfiteatro, a diferencia de la banda que en 1972 hab\u00eda hecho solo una grabaci\u00f3n privada.<\/p>\n<!-- AddThis Advanced Settings generic via filter on the_content --><!-- AddThis Share Buttons generic via filter on the_content -->","protected":false},"excerpt":{"rendered":"<p>Pink Floyd es una de las bandas de rock progresivo m\u00e1s importantes de toda la historia son originarios de Inglaterra y se formaron en 1965. video m\u00e1s de 250 millones de discos a nivel mundial, Entre los que hay 15 \u00e1lbumes de studio, tres de conciertos en vivo, y 8 \u00e1lbumes de compilaci\u00f3n. Pink Floyd\u2026 <span class=\"read-more\"><a href=\"https:\/\/dondevamos.xyz\/concierto-roger-waters\/pink-floyd\/\">Leer m\u00e1s &raquo;<\/a><\/span><!-- AddThis Advanced Settings generic via filter on get_the_excerpt --><!-- AddThis Share Buttons generic via filter on get_the_excerpt --><\/p>\n","protected":false},"author":2,"featured_media":86,"parent":0,"menu_order":0,"comment_status":"closed","ping_status":"closed","template":"","meta":{"footnotes":""},"class_list":["post-99","page","type-page","status-publish","has-post-thumbnail","hentry"],"yoast_head":"<!-- This site is optimized with the Yoast SEO plugin v27.5 - https:\/\/yoast.com\/product\/yoast-seo-wordpress\/ -->\n<title>Quien es Pink Floyd? - Roger Waters en Costa Rica<\/title>\n<meta name=\"description\" content=\"Roger Waters, el cantante legendario detr\u00e1s de Pink Floyd, viene a dar un concierto en Costa Rica en Diciembre. Qui\u00e9n es Pink Floyd, cu\u00e1l es su estilo, y qu\u00e9 m\u00fasica ha producido?\" \/>\n<meta name=\"robots\" content=\"index, follow, max-snippet:-1, max-image-preview:large, max-video-preview:-1\" \/>\n<link rel=\"canonical\" href=\"https:\/\/dondevamos.xyz\/concierto-roger-waters\/pink-floyd\/\" \/>\n<meta property=\"og:locale\" content=\"es_ES\" \/>\n<meta property=\"og:type\" content=\"article\" \/>\n<meta property=\"og:title\" content=\"Quien es Pink Floyd? - Roger Waters en Costa Rica\" \/>\n<meta property=\"og:description\" content=\"Roger Waters, el cantante legendario detr\u00e1s de Pink Floyd, viene a dar un concierto en Costa Rica en Diciembre. Qui\u00e9n es Pink Floyd, cu\u00e1l es su estilo, y qu\u00e9 m\u00fasica ha producido?\" \/>\n<meta property=\"og:url\" content=\"https:\/\/dondevamos.xyz\/concierto-roger-waters\/pink-floyd\/\" \/>\n<meta property=\"og:site_name\" content=\"Roger Waters en Costa Rica\" \/>\n<meta property=\"article:modified_time\" content=\"2023-11-02T16:41:33+00:00\" \/>\n<meta property=\"og:image\" content=\"https:\/\/dondevamos.xyz\/concierto-roger-waters\/wp-content\/uploads\/sites\/6\/2018\/04\/Optical-dispersion.png\" \/>\n\t<meta property=\"og:image:width\" content=\"1200\" \/>\n\t<meta property=\"og:image:height\" content=\"800\" \/>\n\t<meta property=\"og:image:type\" content=\"image\/png\" \/>\n<meta name=\"twitter:card\" content=\"summary_large_image\" \/>\n<meta name=\"twitter:label1\" content=\"Tiempo de lectura\" \/>\n\t<meta name=\"twitter:data1\" content=\"7 minutos\" \/>\n<script type=\"application\/ld+json\" class=\"yoast-schema-graph\">{\"@context\":\"https:\\\/\\\/schema.org\",\"@graph\":[{\"@type\":\"WebPage\",\"@id\":\"https:\\\/\\\/dondevamos.xyz\\\/concierto-roger-waters\\\/pink-floyd\\\/\",\"url\":\"https:\\\/\\\/dondevamos.xyz\\\/concierto-roger-waters\\\/pink-floyd\\\/\",\"name\":\"Quien es Pink Floyd? - Roger Waters en Costa Rica\",\"isPartOf\":{\"@id\":\"https:\\\/\\\/dondevamos.xyz\\\/concierto-roger-waters\\\/#website\"},\"primaryImageOfPage\":{\"@id\":\"https:\\\/\\\/dondevamos.xyz\\\/concierto-roger-waters\\\/pink-floyd\\\/#primaryimage\"},\"image\":{\"@id\":\"https:\\\/\\\/dondevamos.xyz\\\/concierto-roger-waters\\\/pink-floyd\\\/#primaryimage\"},\"thumbnailUrl\":\"https:\\\/\\\/dondevamos.xyz\\\/concierto-roger-waters\\\/wp-content\\\/uploads\\\/sites\\\/6\\\/2018\\\/04\\\/Optical-dispersion.png\",\"datePublished\":\"2018-04-20T12:35:26+00:00\",\"dateModified\":\"2023-11-02T16:41:33+00:00\",\"description\":\"Roger Waters, el cantante legendario detr\u00e1s de Pink Floyd, viene a dar un concierto en Costa Rica en Diciembre. Qui\u00e9n es Pink Floyd, cu\u00e1l es su estilo, y qu\u00e9 m\u00fasica ha producido?\",\"inLanguage\":\"es\",\"potentialAction\":[{\"@type\":\"ReadAction\",\"target\":[\"https:\\\/\\\/dondevamos.xyz\\\/concierto-roger-waters\\\/pink-floyd\\\/\"]}]},{\"@type\":\"ImageObject\",\"inLanguage\":\"es\",\"@id\":\"https:\\\/\\\/dondevamos.xyz\\\/concierto-roger-waters\\\/pink-floyd\\\/#primaryimage\",\"url\":\"https:\\\/\\\/dondevamos.xyz\\\/concierto-roger-waters\\\/wp-content\\\/uploads\\\/sites\\\/6\\\/2018\\\/04\\\/Optical-dispersion.png\",\"contentUrl\":\"https:\\\/\\\/dondevamos.xyz\\\/concierto-roger-waters\\\/wp-content\\\/uploads\\\/sites\\\/6\\\/2018\\\/04\\\/Optical-dispersion.png\",\"width\":1200,\"height\":800,\"caption\":\"pink floyd dark side of the moon\"},{\"@type\":\"WebSite\",\"@id\":\"https:\\\/\\\/dondevamos.xyz\\\/concierto-roger-waters\\\/#website\",\"url\":\"https:\\\/\\\/dondevamos.xyz\\\/concierto-roger-waters\\\/\",\"name\":\"Roger Waters en Costa Rica\",\"description\":\"Concierto de Roger Waters en Costa Rica\",\"potentialAction\":[{\"@type\":\"SearchAction\",\"target\":{\"@type\":\"EntryPoint\",\"urlTemplate\":\"https:\\\/\\\/dondevamos.xyz\\\/concierto-roger-waters\\\/?s={search_term_string}\"},\"query-input\":{\"@type\":\"PropertyValueSpecification\",\"valueRequired\":true,\"valueName\":\"search_term_string\"}}],\"inLanguage\":\"es\"}]}<\/script>\n<!-- \/ Yoast SEO plugin. -->","yoast_head_json":{"title":"Quien es Pink Floyd? - Roger Waters en Costa Rica","description":"Roger Waters, el cantante legendario detr\u00e1s de Pink Floyd, viene a dar un concierto en Costa Rica en Diciembre. Qui\u00e9n es Pink Floyd, cu\u00e1l es su estilo, y qu\u00e9 m\u00fasica ha producido?","robots":{"index":"index","follow":"follow","max-snippet":"max-snippet:-1","max-image-preview":"max-image-preview:large","max-video-preview":"max-video-preview:-1"},"canonical":"https:\/\/dondevamos.xyz\/concierto-roger-waters\/pink-floyd\/","og_locale":"es_ES","og_type":"article","og_title":"Quien es Pink Floyd? - Roger Waters en Costa Rica","og_description":"Roger Waters, el cantante legendario detr\u00e1s de Pink Floyd, viene a dar un concierto en Costa Rica en Diciembre. Qui\u00e9n es Pink Floyd, cu\u00e1l es su estilo, y qu\u00e9 m\u00fasica ha producido?","og_url":"https:\/\/dondevamos.xyz\/concierto-roger-waters\/pink-floyd\/","og_site_name":"Roger Waters en Costa Rica","article_modified_time":"2023-11-02T16:41:33+00:00","og_image":[{"width":1200,"height":800,"url":"https:\/\/dondevamos.xyz\/concierto-roger-waters\/wp-content\/uploads\/sites\/6\/2018\/04\/Optical-dispersion.png","type":"image\/png"}],"twitter_card":"summary_large_image","twitter_misc":{"Tiempo de lectura":"7 minutos"},"schema":{"@context":"https:\/\/schema.org","@graph":[{"@type":"WebPage","@id":"https:\/\/dondevamos.xyz\/concierto-roger-waters\/pink-floyd\/","url":"https:\/\/dondevamos.xyz\/concierto-roger-waters\/pink-floyd\/","name":"Quien es Pink Floyd? - Roger Waters en Costa Rica","isPartOf":{"@id":"https:\/\/dondevamos.xyz\/concierto-roger-waters\/#website"},"primaryImageOfPage":{"@id":"https:\/\/dondevamos.xyz\/concierto-roger-waters\/pink-floyd\/#primaryimage"},"image":{"@id":"https:\/\/dondevamos.xyz\/concierto-roger-waters\/pink-floyd\/#primaryimage"},"thumbnailUrl":"https:\/\/dondevamos.xyz\/concierto-roger-waters\/wp-content\/uploads\/sites\/6\/2018\/04\/Optical-dispersion.png","datePublished":"2018-04-20T12:35:26+00:00","dateModified":"2023-11-02T16:41:33+00:00","description":"Roger Waters, el cantante legendario detr\u00e1s de Pink Floyd, viene a dar un concierto en Costa Rica en Diciembre. Qui\u00e9n es Pink Floyd, cu\u00e1l es su estilo, y qu\u00e9 m\u00fasica ha producido?","inLanguage":"es","potentialAction":[{"@type":"ReadAction","target":["https:\/\/dondevamos.xyz\/concierto-roger-waters\/pink-floyd\/"]}]},{"@type":"ImageObject","inLanguage":"es","@id":"https:\/\/dondevamos.xyz\/concierto-roger-waters\/pink-floyd\/#primaryimage","url":"https:\/\/dondevamos.xyz\/concierto-roger-waters\/wp-content\/uploads\/sites\/6\/2018\/04\/Optical-dispersion.png","contentUrl":"https:\/\/dondevamos.xyz\/concierto-roger-waters\/wp-content\/uploads\/sites\/6\/2018\/04\/Optical-dispersion.png","width":1200,"height":800,"caption":"pink floyd dark side of the moon"},{"@type":"WebSite","@id":"https:\/\/dondevamos.xyz\/concierto-roger-waters\/#website","url":"https:\/\/dondevamos.xyz\/concierto-roger-waters\/","name":"Roger Waters en Costa Rica","description":"Concierto de Roger Waters en Costa Rica","potentialAction":[{"@type":"SearchAction","target":{"@type":"EntryPoint","urlTemplate":"https:\/\/dondevamos.xyz\/concierto-roger-waters\/?s={search_term_string}"},"query-input":{"@type":"PropertyValueSpecification","valueRequired":true,"valueName":"search_term_string"}}],"inLanguage":"es"}]}},"_links":{"self":[{"href":"https:\/\/dondevamos.xyz\/concierto-roger-waters\/wp-json\/wp\/v2\/pages\/99","targetHints":{"allow":["GET"]}}],"collection":[{"href":"https:\/\/dondevamos.xyz\/concierto-roger-waters\/wp-json\/wp\/v2\/pages"}],"about":[{"href":"https:\/\/dondevamos.xyz\/concierto-roger-waters\/wp-json\/wp\/v2\/types\/page"}],"author":[{"embeddable":true,"href":"https:\/\/dondevamos.xyz\/concierto-roger-waters\/wp-json\/wp\/v2\/users\/2"}],"replies":[{"embeddable":true,"href":"https:\/\/dondevamos.xyz\/concierto-roger-waters\/wp-json\/wp\/v2\/comments?post=99"}],"version-history":[{"count":1,"href":"https:\/\/dondevamos.xyz\/concierto-roger-waters\/wp-json\/wp\/v2\/pages\/99\/revisions"}],"predecessor-version":[{"id":248,"href":"https:\/\/dondevamos.xyz\/concierto-roger-waters\/wp-json\/wp\/v2\/pages\/99\/revisions\/248"}],"wp:featuredmedia":[{"embeddable":true,"href":"https:\/\/dondevamos.xyz\/concierto-roger-waters\/wp-json\/wp\/v2\/media\/86"}],"wp:attachment":[{"href":"https:\/\/dondevamos.xyz\/concierto-roger-waters\/wp-json\/wp\/v2\/media?parent=99"}],"curies":[{"name":"wp","href":"https:\/\/api.w.org\/{rel}","templated":true}]}}