{"id":83,"date":"2018-04-19T20:00:51","date_gmt":"2018-04-20T02:00:51","guid":{"rendered":"https:\/\/fiestas.cr\/concierto-roger-waters\/?page_id=83"},"modified":"2023-11-02T10:38:07","modified_gmt":"2023-11-02T16:38:07","slug":"biografia","status":"publish","type":"page","link":"https:\/\/dondevamos.xyz\/concierto-roger-waters\/biografia\/","title":{"rendered":"Qui\u00e9n es Roger Waters, y por qu\u00e9 es tan famoso?"},"content":{"rendered":"<div class=\"wp-block-image\">\n<figure class=\"alignleft\"><a href=\"https:\/\/dondevamos.xyz\/concierto-roger-waters\/wp-content\/uploads\/sites\/6\/2018\/04\/roger-waters.jpg\"><img decoding=\"async\" width=\"300\" height=\"203\" data-src=\"https:\/\/dondevamos.xyz\/concierto-roger-waters\/wp-content\/uploads\/sites\/6\/2018\/04\/roger-waters-300x203.jpg\" alt=\"biografia de Roger Waters\" class=\"wp-image-37 lazyload\" data-srcset=\"https:\/\/dondevamos.xyz\/concierto-roger-waters\/wp-content\/uploads\/sites\/6\/2018\/04\/roger-waters-300x203.jpg 300w, https:\/\/dondevamos.xyz\/concierto-roger-waters\/wp-content\/uploads\/sites\/6\/2018\/04\/roger-waters-768x521.jpg 768w, https:\/\/dondevamos.xyz\/concierto-roger-waters\/wp-content\/uploads\/sites\/6\/2018\/04\/roger-waters.jpg 1024w\" data-sizes=\"(max-width: 300px) 100vw, 300px\" src=\"data:image\/svg+xml;base64,PHN2ZyB3aWR0aD0iMSIgaGVpZ2h0PSIxIiB4bWxucz0iaHR0cDovL3d3dy53My5vcmcvMjAwMC9zdmciPjwvc3ZnPg==\" style=\"--smush-placeholder-width: 300px; --smush-placeholder-aspect-ratio: 300\/203;\" \/><\/a><\/figure>\n<\/div>\n\n\n<p><strong>Roger Waters es el genio detr\u00e1s de la banda inglesa Pink Floyd<\/strong>, que es una de las bandas de rock m\u00e1s reconocidas de toda la historia. Waters empez\u00f3 Pink Floyd junto con Syd Barrett en 1965, y cu\u00e1ndo Syd Barrett tuvo que retirarse de la banda en 1967, Roger Waters se convirti\u00f3 en el l\u00edder del proyecto y le dio forma a lo que pas\u00f3 a ser una de las bandas de rock m\u00e1s famosas de toda la historia de la humanidad.<\/p>\n\n\n\n<p>Roger Waters fue uno de los cantantes principales de Pink Floyd (junto a David Gilmour y Richard Wright) y estuvo con la banda de 1965 a 1985, que fue la \u00e9poca donde Pink Floyd tuvo sus mayores \u00e9xitos que han perdurado hasta el d\u00eda de hoy.<\/p>\n\n\n\n<p>Despu\u00e9s de separarse de Pink Floyd, Roger Waters sigui\u00f3 una carrera como solista y ha producido varios \u00e1lbum por cuenta propia. Adicionalmente en sus tour, interpreta canciones de Pink Floyd e incluso ha realizado varias giras mundiales dedicadas a \u00e1lbum espec\u00edficos de la agrupaci\u00f3n, como The Wall y Dark Side of the Moon.<\/p>\n\n\n\n<p>Actualmente, Waters tiene 80 a\u00f1os, y sigue haciendo giras y conciertos por todo el planeta.<\/p>\n\n\n\n<p>Ver a Roger Waters en concierto, es experimentar en vivo la m\u00fasica de una de las mentes m\u00e1s grandes del rock moderno. Por eso es que el anuncio del <a href=\"https:\/\/dondevamos.xyz\/concierto-roger-waters\/\">concierto de Roger Waters en Costa Rica<\/a> ha dado tanto de qu\u00e9 hablar en las redes sociales, y en los medios de comunicaci\u00f3n. Y aunque actualmente ya no es posible ver a Pink Floyd en concierto un concierto con Roger Waters captura tan bien la esencia del grupo y sus \u00e9xitos m\u00e1s conocidos, qu\u00e9 es lo m\u00e1s cercano que puede haber a Pink Floyd en concierto.<\/p>\n\n\n\n<h2 class=\"wp-block-heading\">C\u00f3mo es la m\u00fasica de Roger Waters?<\/h2>\n\n\n\n<p class=\"has-text-align-left\">Roger Waters ayud\u00f3 a crear el sonido que caracteriza a Pink Floyd y que se escucha en pr\u00e1cticamente en todos sus \u00e1lbum: guitarras el\u00e9ctricas generalmente con poca distorsi\u00f3n, tempos lentos, mezclados con sintetizadores y un sonido sinf\u00f3nico:<\/p>\n\n\n\n<p>En su carrera como solista, Roger Waters ha seguido esta tendencia, y en sus \u00e1lbum se puede escuchar mucho del sonido que tuvo originalmente cuando tocaba con Pink Floyd. Pero como todos los buenos m\u00fasicos, tambi\u00e9n ha sabido evolucionar sus creaciones y su estilo de acuerdo con las distintas \u00e9pocas que ha tenido su carrera art\u00edstica.<\/p>\n\n\n\n<p>Recientemente el trabajo de Roger Waters se ha caracterizado mucho por la cr\u00edtica social abierta. Los conciertos de Roger Waters Suelen ser una mezcla de tem\u00e1ticas, donde se combina la tem\u00e1tica de su m\u00fasica con la cr\u00edtica a sucesos del momento, por ejemplo durante su gira anterior Us + Them, Waters hizo cr\u00edticas fuertes al presidente de Estados Unidos Donald Trump. En This is Not a Drill, la gira actual, probablemente se tengan tem\u00e1ticas parecidas.<\/p>\n\n\n\n<p>Los album que ha sacado Roger Waters como solista son:<\/p>\n\n\n\n<ul class=\"wp-block-list\">\n<li>The Pros and Cons of Hitch Hiking (1984)<\/li>\n\n\n\n<li>Radio KAOS (1987)<\/li>\n\n\n\n<li>Amused to Death (1992)<\/li>\n\n\n\n<li>Ca Ira (2005)<\/li>\n\n\n\n<li>Is this the life we really want? (2017)<\/li>\n\n\n\n<li>Dark Side of the Moon Redux (2023)<\/li>\n<\/ul>\n\n\n\n<h2 class=\"wp-block-heading\">Qu\u00e9 hizo Roger Waters en Pink Floyd?<\/h2>\n\n\n<div class=\"wp-block-image\">\n<figure class=\"alignleft\"><a href=\"https:\/\/dondevamos.xyz\/concierto-roger-waters\/wp-content\/uploads\/sites\/6\/2018\/04\/Optical-dispersion.png\"><img decoding=\"async\" width=\"300\" height=\"200\" data-src=\"https:\/\/dondevamos.xyz\/concierto-roger-waters\/wp-content\/uploads\/sites\/6\/2018\/04\/Optical-dispersion-300x200.png\" alt=\"pink floyd dark side of the moon\" class=\"wp-image-86 lazyload\" data-srcset=\"https:\/\/dondevamos.xyz\/concierto-roger-waters\/wp-content\/uploads\/sites\/6\/2018\/04\/Optical-dispersion-300x200.png 300w, https:\/\/dondevamos.xyz\/concierto-roger-waters\/wp-content\/uploads\/sites\/6\/2018\/04\/Optical-dispersion-768x512.png 768w, https:\/\/dondevamos.xyz\/concierto-roger-waters\/wp-content\/uploads\/sites\/6\/2018\/04\/Optical-dispersion-1024x683.png 1024w, https:\/\/dondevamos.xyz\/concierto-roger-waters\/wp-content\/uploads\/sites\/6\/2018\/04\/Optical-dispersion.png 1200w\" data-sizes=\"(max-width: 300px) 100vw, 300px\" src=\"data:image\/svg+xml;base64,PHN2ZyB3aWR0aD0iMSIgaGVpZ2h0PSIxIiB4bWxucz0iaHR0cDovL3d3dy53My5vcmcvMjAwMC9zdmciPjwvc3ZnPg==\" style=\"--smush-placeholder-width: 300px; --smush-placeholder-aspect-ratio: 300\/200;\" \/><\/a><\/figure>\n<\/div>\n\n\n<p>El sonido y la m\u00fasica que caracteriza a Pink Floyd fue influenciado en gran parte por la mente de Roger Waters. El estilo de \u00e1lbum continuo, donde no hay pausa entre canciones y que lejos de ser una colecci\u00f3n de canciones aisladas, es una especie de historia que gira alrededor de un mismo tema (lo cual se conoce como un \u201c\u00e1lbum conceptual\u201d), fue incorporado en Pink Floyd por Roger Waters.<\/p>\n\n\n\n<p>Inicialmente 1965 quien lideraba la banda era Syd Barrett, sin embargo debido a problemas de salud en 1967 Barrett se retir\u00f3 de Pink Floyd. Cuando Roger waters asumi\u00f3 el liderazgo de la banda, fue que Pink Floyd cambi\u00f3 su rumbo y emprendi\u00f3 el camino que los llevar\u00eda a la fama mundial.<\/p>\n\n\n\n<p>Roger Waters fue la mente principal detr\u00e1s de 5 de los \u00e1lbum m\u00e1s grandes de Pink Floyd. En estos \u00e1lbum, la letra de las canciones fue escrita pr\u00e1cticamente en su totalidad por Roger Waters:<\/p>\n\n\n\n<ul class=\"wp-block-list\">\n<li>Dark side of the moon (1973)<\/li>\n\n\n\n<li>Wish you were here (1975)<\/li>\n\n\n\n<li>Animals (1977)<\/li>\n\n\n\n<li>The Wall (1979)<\/li>\n\n\n\n<li>The Final Cut (1983)<\/li>\n<\/ul>\n\n\n\n<h2 class=\"wp-block-heading\">Por qu\u00e9 se separ\u00f3 Roger Waters de Pink Floyd?<\/h2>\n\n\n\n<p>Roger Waters se separ\u00f3 de Pink Floyd en 1985 por diferencias que ten\u00eda con David Gilmour y Nick Mason. Su separaci\u00f3n del grupo no fue f\u00e1cil porque ten\u00eda un contrato firmado que lo obligaba a seguir con la agrupaci\u00f3n, y adem\u00e1s quer\u00eda que con su partida se disolviera el grupo y no existiera m\u00e1s el nombre Pink Floyd.<\/p>\n\n\n\n<p>Despu\u00e9s de varios a\u00f1os de disputas legales lleg\u00f3 a un acuerdo con Gilmour y Mason, en donde se le permit\u00eda a \u00e9l irse de la agrupacion, mientras que Gilmour y Mason podr\u00edan seguir tocando bajo el nombre Pink Floyd.<\/p>\n\n\n\n<p>Roger waters en el mismo acuerdo se dej\u00f3 los derechos sobre el concepto del \u00e1lbum The Wall y varios elementos de imagen del grupo.<\/p>\n\n\n\n<h2 class=\"wp-block-heading\">Qu\u00e9 significan los chanchos rosados voladores?<\/h2>\n\n\n\n<p>Por qu\u00e9 se asocian los chanchos rosados voladores con el nombre de Roger Waters? La respuesta a esa pregunta es una de esas cosas del folklore de Pink Floyd, qu\u00e9 saben s\u00f3lo los verdaderos fan\u00e1ticos de la agrupaci\u00f3n. Pero para que no se queden con las dudas\u2026<\/p>\n\n\n\n<p>Empecemos por saber que los cerdos voladores son una idea que entre los ingleses se asocia con lo imposible (\u201ccuando vuelen los cerdos\u201d).<\/p>\n\n\n<div class=\"wp-block-image\">\n<figure class=\"alignleft\"><a href=\"https:\/\/dondevamos.xyz\/concierto-roger-waters\/wp-content\/uploads\/sites\/6\/2018\/04\/pink-floyd-animals.jpg\"><img decoding=\"async\" width=\"300\" height=\"225\" data-src=\"https:\/\/dondevamos.xyz\/concierto-roger-waters\/wp-content\/uploads\/sites\/6\/2018\/04\/pink-floyd-animals-300x225.jpg\" alt=\"pink floyd animals\" class=\"wp-image-87 lazyload\" data-srcset=\"https:\/\/dondevamos.xyz\/concierto-roger-waters\/wp-content\/uploads\/sites\/6\/2018\/04\/pink-floyd-animals-300x225.jpg 300w, https:\/\/dondevamos.xyz\/concierto-roger-waters\/wp-content\/uploads\/sites\/6\/2018\/04\/pink-floyd-animals-768x576.jpg 768w, https:\/\/dondevamos.xyz\/concierto-roger-waters\/wp-content\/uploads\/sites\/6\/2018\/04\/pink-floyd-animals.jpg 807w\" data-sizes=\"(max-width: 300px) 100vw, 300px\" src=\"data:image\/svg+xml;base64,PHN2ZyB3aWR0aD0iMSIgaGVpZ2h0PSIxIiB4bWxucz0iaHR0cDovL3d3dy53My5vcmcvMjAwMC9zdmciPjwvc3ZnPg==\" style=\"--smush-placeholder-width: 300px; --smush-placeholder-aspect-ratio: 300\/225;\" \/><\/a><figcaption class=\"wp-element-caption\">Portada de \u00abAnimals\u00bb (Pink Floyd, 1977)<\/figcaption><\/figure>\n<\/div>\n\n\n<p>En 1977, Pink Floyd sac\u00f3 un album titulado Animals, que era una cr\u00edtica a la sociedad de aqu\u00e9l entonces, contada por medio de animales. El album se inspir\u00f3 en la novela de George Orwell, Animal Farm.<\/p>\n\n\n\n<p>Entre las canciones m\u00e1s famosas del album hay tres que utilizan a los cerdos: Pigs (Three Different Ones), Pigs on the Wing 1, y Pigs on the Wing 2. Cuando se hizo el album, Roger Waters ide\u00f3 el concepto de los cerdos inflables voladores para promoverlo\u2026 y materializ\u00f3 ese concepto en la portada del album, donde se ve un chancho inflable volando sobre la planta el\u00e9ctrica Battersea en Inglaterra.<\/p>\n\n\n\n<p>Desde ese momento los cerdos se convirtieron en uno de los s\u00edmbolos m\u00e1s conocidos de la agrupaci\u00f3n Pink Floyd y en especial de la \u00e9poca en que estuvo con ellos Roger Waters. Cuando se separ\u00f3 de la agrupaci\u00f3n en 1985, Roger waters se dej\u00f3 los derechos sobre el uso de los cerdos como s\u00edmbolo del grupo. Y a partir de ese momento los comenz\u00f3 a usar en sus conciertos y en su carrera Por lo cual generalmente se asocian los cerdos con Roger Waters, y no con la agrupaci\u00f3n Pink Floyd.<\/p>\n\n\n\n<p>Aunque Pink Floyd, despu\u00e9s de la partida de Roger Waters, sigui\u00f3 usando los cerdos como s\u00edmbolos sus presentaciones, se han venido a asociar mucho m\u00e1s con Waters, especialmente entre los aficionados a la \u00e9poca cl\u00e1sica de Pink Floyd.<\/p>\n\n\n<div class=\"wp-block-image\">\n<figure class=\"alignleft\"><a href=\"https:\/\/dondevamos.xyz\/concierto-roger-waters\/wp-content\/uploads\/sites\/6\/2018\/04\/stream_img.jpg\"><img decoding=\"async\" width=\"300\" height=\"169\" data-src=\"https:\/\/dondevamos.xyz\/concierto-roger-waters\/wp-content\/uploads\/sites\/6\/2018\/04\/stream_img-300x169.jpg\" alt=\"algie cerdo roger waters pink floyd\" class=\"wp-image-89 lazyload\" data-srcset=\"https:\/\/dondevamos.xyz\/concierto-roger-waters\/wp-content\/uploads\/sites\/6\/2018\/04\/stream_img-300x169.jpg 300w, https:\/\/dondevamos.xyz\/concierto-roger-waters\/wp-content\/uploads\/sites\/6\/2018\/04\/stream_img.jpg 680w\" data-sizes=\"(max-width: 300px) 100vw, 300px\" src=\"data:image\/svg+xml;base64,PHN2ZyB3aWR0aD0iMSIgaGVpZ2h0PSIxIiB4bWxucz0iaHR0cDovL3d3dy53My5vcmcvMjAwMC9zdmciPjwvc3ZnPg==\" style=\"--smush-placeholder-width: 300px; --smush-placeholder-aspect-ratio: 300\/169;\" \/><\/a><figcaption class=\"wp-element-caption\">Foto: <a href=\"http:\/\/www.itv.com\/news\/anglia\/update\/2015-08-28\/iconic-floating-pig-inflated-after-40-years\/\" target=\"_blank\" rel=\"noopener\">ITV Anglia<\/a><\/figcaption><\/figure>\n<\/div>\n\n\n<p>El cerdo que aparece en la portada de Animals sobrevolando Battersea, se llam\u00f3 <strong>Algie<\/strong>. Fue un globo de 12 metros de largo construido en 1976. El d\u00eda que ten\u00edan que sacar las fotos para la portada del \u00e1lbum hab\u00eda mucho viento y tuvieron que contratar un francotirador para que le disparara al globo si por casualidad se llegaba a soltar. Ese d\u00eda desafortunadamente no fue posible elevar a Algie, y se dejaron las tomas para el d\u00eda siguiente.<\/p>\n\n\n\n<p>El d\u00eda siguiente si se lanz\u00f3 el globo, con la mala suerte de que los fuertes vientos reventaron los cables, y el globo escap\u00f3. En ese momento no estaba presente el francotirador, y no pudieron derribar a Algie. El sistema de transporte a\u00e9reo entr\u00f3 en estado de emergencia, y se cancelaron gran cantidad de vuelos del aeropuerto de Heathrow por la presencia del chancho volador en las rutas de los aviones. Seg\u00fan los registros, Algie subi\u00f3 hasta casi 10 km de altura, sobrevol\u00f3 el Canal Ingl\u00e9s, y aterriz\u00f3 finalmente algunas horas despu\u00e9s en una finca en Kent.<\/p>\n<!-- AddThis Advanced Settings generic via filter on the_content --><!-- AddThis Share Buttons generic via filter on the_content -->","protected":false},"excerpt":{"rendered":"<p>Roger Waters es el genio detr\u00e1s de la banda inglesa Pink Floyd, que es una de las bandas de rock m\u00e1s reconocidas de toda la historia. Waters empez\u00f3 Pink Floyd junto con Syd Barrett en 1965, y cu\u00e1ndo Syd Barrett tuvo que retirarse de la banda en 1967, Roger Waters se convirti\u00f3 en el l\u00edder\u2026 <span class=\"read-more\"><a href=\"https:\/\/dondevamos.xyz\/concierto-roger-waters\/biografia\/\">Leer m\u00e1s &raquo;<\/a><\/span><!-- AddThis Advanced Settings generic via filter on get_the_excerpt --><!-- AddThis Share Buttons generic via filter on get_the_excerpt --><\/p>\n","protected":false},"author":2,"featured_media":37,"parent":0,"menu_order":0,"comment_status":"closed","ping_status":"closed","template":"","meta":{"footnotes":""},"class_list":["post-83","page","type-page","status-publish","has-post-thumbnail","hentry"],"yoast_head":"<!-- This site is optimized with the Yoast SEO plugin v27.4 - https:\/\/yoast.com\/product\/yoast-seo-wordpress\/ -->\n<title>Qui\u00e9n es Roger Waters, y por qu\u00e9 es tan famoso? - Roger Waters en Costa Rica<\/title>\n<meta name=\"description\" content=\"Qui\u00e9n es Roger Waters, y por qu\u00e9 la gente no para de hablar de su concierto en Costa Rica? Y qu\u00e9 tienen que ver en todo esto los chanchos voladores? Les contamos...\" \/>\n<meta name=\"robots\" content=\"index, follow, max-snippet:-1, max-image-preview:large, max-video-preview:-1\" \/>\n<link rel=\"canonical\" href=\"https:\/\/dondevamos.xyz\/concierto-roger-waters\/biografia\/\" \/>\n<meta property=\"og:locale\" content=\"es_ES\" \/>\n<meta property=\"og:type\" content=\"article\" \/>\n<meta property=\"og:title\" content=\"Qui\u00e9n es Roger Waters, y por qu\u00e9 es tan famoso? - Roger Waters en Costa Rica\" \/>\n<meta property=\"og:description\" content=\"Qui\u00e9n es Roger Waters, y por qu\u00e9 la gente no para de hablar de su concierto en Costa Rica? Y qu\u00e9 tienen que ver en todo esto los chanchos voladores? Les contamos...\" \/>\n<meta property=\"og:url\" content=\"https:\/\/dondevamos.xyz\/concierto-roger-waters\/biografia\/\" \/>\n<meta property=\"og:site_name\" content=\"Roger Waters en Costa Rica\" \/>\n<meta property=\"article:modified_time\" content=\"2023-11-02T16:38:07+00:00\" \/>\n<meta property=\"og:image\" content=\"https:\/\/dondevamos.xyz\/concierto-roger-waters\/wp-content\/uploads\/sites\/6\/2018\/04\/roger-waters.jpg\" \/>\n\t<meta property=\"og:image:width\" content=\"1024\" \/>\n\t<meta property=\"og:image:height\" content=\"694\" \/>\n\t<meta property=\"og:image:type\" content=\"image\/jpeg\" \/>\n<meta name=\"twitter:card\" content=\"summary_large_image\" \/>\n<meta name=\"twitter:label1\" content=\"Tiempo de lectura\" \/>\n\t<meta name=\"twitter:data1\" content=\"7 minutos\" \/>\n<script type=\"application\/ld+json\" class=\"yoast-schema-graph\">{\"@context\":\"https:\\\/\\\/schema.org\",\"@graph\":[{\"@type\":\"WebPage\",\"@id\":\"https:\\\/\\\/dondevamos.xyz\\\/concierto-roger-waters\\\/biografia\\\/\",\"url\":\"https:\\\/\\\/dondevamos.xyz\\\/concierto-roger-waters\\\/biografia\\\/\",\"name\":\"Qui\u00e9n es Roger Waters, y por qu\u00e9 es tan famoso? - Roger Waters en Costa Rica\",\"isPartOf\":{\"@id\":\"https:\\\/\\\/dondevamos.xyz\\\/concierto-roger-waters\\\/#website\"},\"primaryImageOfPage\":{\"@id\":\"https:\\\/\\\/dondevamos.xyz\\\/concierto-roger-waters\\\/biografia\\\/#primaryimage\"},\"image\":{\"@id\":\"https:\\\/\\\/dondevamos.xyz\\\/concierto-roger-waters\\\/biografia\\\/#primaryimage\"},\"thumbnailUrl\":\"https:\\\/\\\/dondevamos.xyz\\\/concierto-roger-waters\\\/wp-content\\\/uploads\\\/sites\\\/6\\\/2018\\\/04\\\/roger-waters.jpg\",\"datePublished\":\"2018-04-20T02:00:51+00:00\",\"dateModified\":\"2023-11-02T16:38:07+00:00\",\"description\":\"Qui\u00e9n es Roger Waters, y por qu\u00e9 la gente no para de hablar de su concierto en Costa Rica? Y qu\u00e9 tienen que ver en todo esto los chanchos voladores? Les contamos...\",\"inLanguage\":\"es\",\"potentialAction\":[{\"@type\":\"ReadAction\",\"target\":[\"https:\\\/\\\/dondevamos.xyz\\\/concierto-roger-waters\\\/biografia\\\/\"]}]},{\"@type\":\"ImageObject\",\"inLanguage\":\"es\",\"@id\":\"https:\\\/\\\/dondevamos.xyz\\\/concierto-roger-waters\\\/biografia\\\/#primaryimage\",\"url\":\"https:\\\/\\\/dondevamos.xyz\\\/concierto-roger-waters\\\/wp-content\\\/uploads\\\/sites\\\/6\\\/2018\\\/04\\\/roger-waters.jpg\",\"contentUrl\":\"https:\\\/\\\/dondevamos.xyz\\\/concierto-roger-waters\\\/wp-content\\\/uploads\\\/sites\\\/6\\\/2018\\\/04\\\/roger-waters.jpg\",\"width\":1024,\"height\":694,\"caption\":\"concierto roger waters costa rica 2023\"},{\"@type\":\"WebSite\",\"@id\":\"https:\\\/\\\/dondevamos.xyz\\\/concierto-roger-waters\\\/#website\",\"url\":\"https:\\\/\\\/dondevamos.xyz\\\/concierto-roger-waters\\\/\",\"name\":\"Roger Waters en Costa Rica\",\"description\":\"Concierto de Roger Waters en Costa Rica\",\"potentialAction\":[{\"@type\":\"SearchAction\",\"target\":{\"@type\":\"EntryPoint\",\"urlTemplate\":\"https:\\\/\\\/dondevamos.xyz\\\/concierto-roger-waters\\\/?s={search_term_string}\"},\"query-input\":{\"@type\":\"PropertyValueSpecification\",\"valueRequired\":true,\"valueName\":\"search_term_string\"}}],\"inLanguage\":\"es\"}]}<\/script>\n<!-- \/ Yoast SEO plugin. -->","yoast_head_json":{"title":"Qui\u00e9n es Roger Waters, y por qu\u00e9 es tan famoso? - Roger Waters en Costa Rica","description":"Qui\u00e9n es Roger Waters, y por qu\u00e9 la gente no para de hablar de su concierto en Costa Rica? Y qu\u00e9 tienen que ver en todo esto los chanchos voladores? Les contamos...","robots":{"index":"index","follow":"follow","max-snippet":"max-snippet:-1","max-image-preview":"max-image-preview:large","max-video-preview":"max-video-preview:-1"},"canonical":"https:\/\/dondevamos.xyz\/concierto-roger-waters\/biografia\/","og_locale":"es_ES","og_type":"article","og_title":"Qui\u00e9n es Roger Waters, y por qu\u00e9 es tan famoso? - Roger Waters en Costa Rica","og_description":"Qui\u00e9n es Roger Waters, y por qu\u00e9 la gente no para de hablar de su concierto en Costa Rica? Y qu\u00e9 tienen que ver en todo esto los chanchos voladores? Les contamos...","og_url":"https:\/\/dondevamos.xyz\/concierto-roger-waters\/biografia\/","og_site_name":"Roger Waters en Costa Rica","article_modified_time":"2023-11-02T16:38:07+00:00","og_image":[{"width":1024,"height":694,"url":"https:\/\/dondevamos.xyz\/concierto-roger-waters\/wp-content\/uploads\/sites\/6\/2018\/04\/roger-waters.jpg","type":"image\/jpeg"}],"twitter_card":"summary_large_image","twitter_misc":{"Tiempo de lectura":"7 minutos"},"schema":{"@context":"https:\/\/schema.org","@graph":[{"@type":"WebPage","@id":"https:\/\/dondevamos.xyz\/concierto-roger-waters\/biografia\/","url":"https:\/\/dondevamos.xyz\/concierto-roger-waters\/biografia\/","name":"Qui\u00e9n es Roger Waters, y por qu\u00e9 es tan famoso? - Roger Waters en Costa Rica","isPartOf":{"@id":"https:\/\/dondevamos.xyz\/concierto-roger-waters\/#website"},"primaryImageOfPage":{"@id":"https:\/\/dondevamos.xyz\/concierto-roger-waters\/biografia\/#primaryimage"},"image":{"@id":"https:\/\/dondevamos.xyz\/concierto-roger-waters\/biografia\/#primaryimage"},"thumbnailUrl":"https:\/\/dondevamos.xyz\/concierto-roger-waters\/wp-content\/uploads\/sites\/6\/2018\/04\/roger-waters.jpg","datePublished":"2018-04-20T02:00:51+00:00","dateModified":"2023-11-02T16:38:07+00:00","description":"Qui\u00e9n es Roger Waters, y por qu\u00e9 la gente no para de hablar de su concierto en Costa Rica? Y qu\u00e9 tienen que ver en todo esto los chanchos voladores? Les contamos...","inLanguage":"es","potentialAction":[{"@type":"ReadAction","target":["https:\/\/dondevamos.xyz\/concierto-roger-waters\/biografia\/"]}]},{"@type":"ImageObject","inLanguage":"es","@id":"https:\/\/dondevamos.xyz\/concierto-roger-waters\/biografia\/#primaryimage","url":"https:\/\/dondevamos.xyz\/concierto-roger-waters\/wp-content\/uploads\/sites\/6\/2018\/04\/roger-waters.jpg","contentUrl":"https:\/\/dondevamos.xyz\/concierto-roger-waters\/wp-content\/uploads\/sites\/6\/2018\/04\/roger-waters.jpg","width":1024,"height":694,"caption":"concierto roger waters costa rica 2023"},{"@type":"WebSite","@id":"https:\/\/dondevamos.xyz\/concierto-roger-waters\/#website","url":"https:\/\/dondevamos.xyz\/concierto-roger-waters\/","name":"Roger Waters en Costa Rica","description":"Concierto de Roger Waters en Costa Rica","potentialAction":[{"@type":"SearchAction","target":{"@type":"EntryPoint","urlTemplate":"https:\/\/dondevamos.xyz\/concierto-roger-waters\/?s={search_term_string}"},"query-input":{"@type":"PropertyValueSpecification","valueRequired":true,"valueName":"search_term_string"}}],"inLanguage":"es"}]}},"_links":{"self":[{"href":"https:\/\/dondevamos.xyz\/concierto-roger-waters\/wp-json\/wp\/v2\/pages\/83","targetHints":{"allow":["GET"]}}],"collection":[{"href":"https:\/\/dondevamos.xyz\/concierto-roger-waters\/wp-json\/wp\/v2\/pages"}],"about":[{"href":"https:\/\/dondevamos.xyz\/concierto-roger-waters\/wp-json\/wp\/v2\/types\/page"}],"author":[{"embeddable":true,"href":"https:\/\/dondevamos.xyz\/concierto-roger-waters\/wp-json\/wp\/v2\/users\/2"}],"replies":[{"embeddable":true,"href":"https:\/\/dondevamos.xyz\/concierto-roger-waters\/wp-json\/wp\/v2\/comments?post=83"}],"version-history":[{"count":4,"href":"https:\/\/dondevamos.xyz\/concierto-roger-waters\/wp-json\/wp\/v2\/pages\/83\/revisions"}],"predecessor-version":[{"id":246,"href":"https:\/\/dondevamos.xyz\/concierto-roger-waters\/wp-json\/wp\/v2\/pages\/83\/revisions\/246"}],"wp:featuredmedia":[{"embeddable":true,"href":"https:\/\/dondevamos.xyz\/concierto-roger-waters\/wp-json\/wp\/v2\/media\/37"}],"wp:attachment":[{"href":"https:\/\/dondevamos.xyz\/concierto-roger-waters\/wp-json\/wp\/v2\/media?parent=83"}],"curies":[{"name":"wp","href":"https:\/\/api.w.org\/{rel}","templated":true}]}}