{"id":217,"date":"2018-12-16T20:17:50","date_gmt":"2018-12-17T02:17:50","guid":{"rendered":"https:\/\/dondevamos.xyz\/concierto-roger-waters\/?page_id=217"},"modified":"2018-12-16T20:17:51","modified_gmt":"2018-12-17T02:17:51","slug":"donde-vive-roger-waters","status":"publish","type":"page","link":"https:\/\/dondevamos.xyz\/concierto-roger-waters\/donde-vive-roger-waters\/","title":{"rendered":"D\u00f3nde vive Roger Waters?"},"content":{"rendered":"\n<div class=\"wp-block-image\"><figure class=\"alignleft\"><img decoding=\"async\" width=\"900\" height=\"600\" data-src=\"https:\/\/dondevamos.xyz\/concierto-roger-waters\/wp-content\/uploads\/sites\/6\/2018\/04\/123221.jpg\" alt=\"donde vive roger waters\" class=\"wp-image-53 lazyload\" data-srcset=\"https:\/\/dondevamos.xyz\/concierto-roger-waters\/wp-content\/uploads\/sites\/6\/2018\/04\/123221.jpg 900w, https:\/\/dondevamos.xyz\/concierto-roger-waters\/wp-content\/uploads\/sites\/6\/2018\/04\/123221-300x200.jpg 300w, https:\/\/dondevamos.xyz\/concierto-roger-waters\/wp-content\/uploads\/sites\/6\/2018\/04\/123221-768x512.jpg 768w\" data-sizes=\"(max-width: 900px) 100vw, 900px\" src=\"data:image\/svg+xml;base64,PHN2ZyB3aWR0aD0iMSIgaGVpZ2h0PSIxIiB4bWxucz0iaHR0cDovL3d3dy53My5vcmcvMjAwMC9zdmciPjwvc3ZnPg==\" style=\"--smush-placeholder-width: 900px; --smush-placeholder-aspect-ratio: 900\/600;\" \/><\/figure><\/div>\n\n\n\n<p>Si est\u00e1n pensando en hacerle una visita al icono de la m\u00fasica Roger Waters, probablemente les cueste un poco m\u00e1s de lo que esperan, encontrar su direcci\u00f3n. No mucha gente les podr\u00e1 decir con plena seguridad <strong>a d\u00f3nde vive Roger Waters<\/strong>. Resulta que Waters aparte de viajar por todo el mundo de manera constante, en tours y diferentes eventos a los que lo invitan, tampoco se queda en un solo lugar en su tiempo libre. Roger Waters vive en diferentes lugares dependiendo de la \u00e9poca del a\u00f1o y lo que est\u00e9 haciendo en ese momento. <\/p>\n\n\n\n<p>Originalmente Roger waters es de Surrey, Inglaterra y ah\u00ed pas\u00f3 una parte de su vida. Luego se fue para Cambridge, que fue donde conoci\u00f3 a David Gilmour y Syd Barrett. Durante un tiempo estuvo tambi\u00e9n viviendo en Londres.<\/p>\n\n\n\n<p>Recientemente se conoce que Roger Waters tiene varias residencias en el centro y los alrededores de Nueva York. En el a\u00f1o 2007 compr\u00f3 una residencia en Manhattan por unos 15 millones de d\u00f3lares. La direcci\u00f3n de esta residencia de Roger Waters es la #157 de la calle 61 este, en Manhattan.<\/p>\n\n\n\n<iframe data-src=\"https:\/\/www.google.com\/maps\/embed?pb=!1m18!1m12!1m3!1d3812.8390695213307!2d-73.96851768428645!3d40.76333004241012!2m3!1f0!2f0!3f0!3m2!1i1024!2i768!4f13.1!3m3!1m2!1s0x89c258ef44e5c115%3A0xae4aa97379aa046e!2s157+E+61st+St%2C+New+York%2C+NY+10065%2C+EE.+UU.!5e1!3m2!1ses-419!2scr!4v1545012358259\" width=\"600\" height=\"450\" frameborder=\"0\" style=\"border:0\" allowfullscreen src=\"data:image\/svg+xml;base64,PHN2ZyB3aWR0aD0iMSIgaGVpZ2h0PSIxIiB4bWxucz0iaHR0cDovL3d3dy53My5vcmcvMjAwMC9zdmciPjwvc3ZnPg==\" class=\"lazyload\" data-load-mode=\"1\"><\/iframe>\n\n\n\n<div class=\"wp-block-image\"><figure class=\"aligncenter\"><img decoding=\"async\" width=\"500\" height=\"500\" data-src=\"https:\/\/dondevamos.xyz\/concierto-roger-waters\/wp-content\/uploads\/sites\/6\/2018\/12\/roger-waters-house.jpg\" alt=\"donde vive roger waters\" class=\"wp-image-219 lazyload\" data-srcset=\"https:\/\/dondevamos.xyz\/concierto-roger-waters\/wp-content\/uploads\/sites\/6\/2018\/12\/roger-waters-house.jpg 500w, https:\/\/dondevamos.xyz\/concierto-roger-waters\/wp-content\/uploads\/sites\/6\/2018\/12\/roger-waters-house-150x150.jpg 150w, https:\/\/dondevamos.xyz\/concierto-roger-waters\/wp-content\/uploads\/sites\/6\/2018\/12\/roger-waters-house-300x300.jpg 300w\" data-sizes=\"(max-width: 500px) 100vw, 500px\" src=\"data:image\/svg+xml;base64,PHN2ZyB3aWR0aD0iMSIgaGVpZ2h0PSIxIiB4bWxucz0iaHR0cDovL3d3dy53My5vcmcvMjAwMC9zdmciPjwvc3ZnPg==\" style=\"--smush-placeholder-width: 500px; --smush-placeholder-aspect-ratio: 500\/500;\" \/><\/figure><\/div>\n\n\n\n<p>Antes de eso Roger Waters tuvo varios apartamentos en la Torre Olympic en la avenida quinta de Manhattan. Esos apartamentos los vendi\u00f3 para comprar la residencia de la calle 61. <\/p>\n\n\n\n<iframe data-src=\"https:\/\/www.google.com\/maps\/embed?pb=!1m18!1m12!1m3!1d3787.4607111962414!2d-73.97641651499924!3d40.75875938151761!2m3!1f0!2f0!3f0!3m2!1i1024!2i768!4f13.1!3m3!1m2!1s0x89c258fbf5f21ec1%3A0x69f2dc41aed05c27!2sThe+Olympic+Tower!5e1!3m2!1ses-419!2scr!4v1545012296260\" width=\"600\" height=\"450\" frameborder=\"0\" style=\"border:0\" allowfullscreen src=\"data:image\/svg+xml;base64,PHN2ZyB3aWR0aD0iMSIgaGVpZ2h0PSIxIiB4bWxucz0iaHR0cDovL3d3dy53My5vcmcvMjAwMC9zdmciPjwvc3ZnPg==\" class=\"lazyload\" data-load-mode=\"1\"><\/iframe>\n\n\n\n<p>La \u00faltima residencia que se sabe que compr\u00f3 Roger waters en Nueva York es en los Hamptons: una casa de 1.300 metros cuadrados que est\u00e1 en la calle Quimby a la orilla del lago Sagaponack. Ah\u00ed vive Waters, por lo menos cuando no est\u00e1 en alguna de sus otras residencias o haciendo alg\u00fan tour musical.<\/p>\n\n\n\n<div class=\"wp-block-image\"><figure class=\"aligncenter\"><img decoding=\"async\" width=\"500\" height=\"500\" data-src=\"https:\/\/dondevamos.xyz\/concierto-roger-waters\/wp-content\/uploads\/sites\/6\/2018\/12\/roger-waters-house-1.jpg\" alt=\"\" class=\"wp-image-220 lazyload\" data-srcset=\"https:\/\/dondevamos.xyz\/concierto-roger-waters\/wp-content\/uploads\/sites\/6\/2018\/12\/roger-waters-house-1.jpg 500w, https:\/\/dondevamos.xyz\/concierto-roger-waters\/wp-content\/uploads\/sites\/6\/2018\/12\/roger-waters-house-1-150x150.jpg 150w, https:\/\/dondevamos.xyz\/concierto-roger-waters\/wp-content\/uploads\/sites\/6\/2018\/12\/roger-waters-house-1-300x300.jpg 300w\" data-sizes=\"(max-width: 500px) 100vw, 500px\" src=\"data:image\/svg+xml;base64,PHN2ZyB3aWR0aD0iMSIgaGVpZ2h0PSIxIiB4bWxucz0iaHR0cDovL3d3dy53My5vcmcvMjAwMC9zdmciPjwvc3ZnPg==\" style=\"--smush-placeholder-width: 500px; --smush-placeholder-aspect-ratio: 500\/500;\" \/><\/figure><\/div>\n\n\n\n<p>As\u00ed que si piensan ir a visitar a Roger Waters, esos son algunos posibles lugares donde podr\u00eda estar. Que realmente est\u00e9 ah\u00ed y si lo estaba que saque algunos minutos para atenderlos a ustedes es completamente otra historia, sin embargo! <\/p>\n\n\n\n<iframe data-src=\"https:\/\/www.google.com\/maps\/embed?pb=!1m18!1m12!1m3!1d951.0936990293059!2d-72.29714017074696!3d40.910656012222304!2m3!1f0!2f0!3f0!3m2!1i1024!2i768!4f13.1!3m3!1m2!1s0x0%3A0x0!2zNDDCsDU0JzM4LjQiTiA3MsKwMTcnNDcuNyJX!5e1!3m2!1ses-419!2scr!4v1545012232086\" width=\"600\" height=\"450\" frameborder=\"0\" style=\"border:0\" allowfullscreen src=\"data:image\/svg+xml;base64,PHN2ZyB3aWR0aD0iMSIgaGVpZ2h0PSIxIiB4bWxucz0iaHR0cDovL3d3dy53My5vcmcvMjAwMC9zdmciPjwvc3ZnPg==\" class=\"lazyload\" data-load-mode=\"1\"><\/iframe>\n<!-- AddThis Advanced Settings generic via filter on the_content --><!-- AddThis Share Buttons generic via filter on the_content -->","protected":false},"excerpt":{"rendered":"<p>Si est\u00e1n pensando en hacerle una visita al icono de la m\u00fasica Roger Waters, probablemente les cueste un poco m\u00e1s de lo que esperan, encontrar su direcci\u00f3n. No mucha gente les podr\u00e1 decir con plena seguridad a d\u00f3nde vive Roger Waters. Resulta que Waters aparte de viajar por todo el mundo de manera constante, en\u2026 <span class=\"read-more\"><a href=\"https:\/\/dondevamos.xyz\/concierto-roger-waters\/donde-vive-roger-waters\/\">Leer m\u00e1s &raquo;<\/a><\/span><!-- AddThis Advanced Settings generic via filter on get_the_excerpt --><!-- AddThis Share Buttons generic via filter on get_the_excerpt --><\/p>\n","protected":false},"author":2,"featured_media":220,"parent":0,"menu_order":0,"comment_status":"closed","ping_status":"closed","template":"","meta":{"footnotes":""},"class_list":["post-217","page","type-page","status-publish","has-post-thumbnail","hentry"],"yoast_head":"<!-- This site is optimized with the Yoast SEO plugin v27.6 - https:\/\/yoast.com\/product\/yoast-seo-wordpress\/ -->\n<title>D\u00f3nde vive Roger Waters? - Roger Waters en Costa Rica<\/title>\n<meta name=\"description\" content=\"D\u00f3nde vive actualmente Roger Waters? Todav\u00eda vive en Inglaterra, o est\u00e1 en otro lugar?\" \/>\n<meta name=\"robots\" content=\"index, follow, max-snippet:-1, max-image-preview:large, max-video-preview:-1\" \/>\n<link rel=\"canonical\" href=\"https:\/\/dondevamos.xyz\/concierto-roger-waters\/donde-vive-roger-waters\/\" \/>\n<meta property=\"og:locale\" content=\"es_ES\" \/>\n<meta property=\"og:type\" content=\"article\" \/>\n<meta property=\"og:title\" content=\"D\u00f3nde vive Roger Waters? - Roger Waters en Costa Rica\" \/>\n<meta property=\"og:description\" content=\"D\u00f3nde vive actualmente Roger Waters? Todav\u00eda vive en Inglaterra, o est\u00e1 en otro lugar?\" \/>\n<meta property=\"og:url\" content=\"https:\/\/dondevamos.xyz\/concierto-roger-waters\/donde-vive-roger-waters\/\" \/>\n<meta property=\"og:site_name\" content=\"Roger Waters en Costa Rica\" \/>\n<meta property=\"article:modified_time\" content=\"2018-12-17T02:17:51+00:00\" \/>\n<meta property=\"og:image\" content=\"https:\/\/dondevamos.xyz\/concierto-roger-waters\/wp-content\/uploads\/sites\/6\/2018\/12\/roger-waters-house-1.jpg\" \/>\n\t<meta property=\"og:image:width\" content=\"500\" \/>\n\t<meta property=\"og:image:height\" content=\"500\" \/>\n\t<meta property=\"og:image:type\" content=\"image\/jpeg\" \/>\n<meta name=\"twitter:card\" content=\"summary_large_image\" \/>\n<meta name=\"twitter:label1\" content=\"Tiempo de lectura\" \/>\n\t<meta name=\"twitter:data1\" content=\"2 minutos\" \/>\n<script type=\"application\/ld+json\" class=\"yoast-schema-graph\">{\"@context\":\"https:\\\/\\\/schema.org\",\"@graph\":[{\"@type\":\"WebPage\",\"@id\":\"https:\\\/\\\/dondevamos.xyz\\\/concierto-roger-waters\\\/donde-vive-roger-waters\\\/\",\"url\":\"https:\\\/\\\/dondevamos.xyz\\\/concierto-roger-waters\\\/donde-vive-roger-waters\\\/\",\"name\":\"D\u00f3nde vive Roger Waters? - Roger Waters en Costa Rica\",\"isPartOf\":{\"@id\":\"https:\\\/\\\/dondevamos.xyz\\\/concierto-roger-waters\\\/#website\"},\"primaryImageOfPage\":{\"@id\":\"https:\\\/\\\/dondevamos.xyz\\\/concierto-roger-waters\\\/donde-vive-roger-waters\\\/#primaryimage\"},\"image\":{\"@id\":\"https:\\\/\\\/dondevamos.xyz\\\/concierto-roger-waters\\\/donde-vive-roger-waters\\\/#primaryimage\"},\"thumbnailUrl\":\"https:\\\/\\\/dondevamos.xyz\\\/concierto-roger-waters\\\/wp-content\\\/uploads\\\/sites\\\/6\\\/2018\\\/12\\\/roger-waters-house-1.jpg\",\"datePublished\":\"2018-12-17T02:17:50+00:00\",\"dateModified\":\"2018-12-17T02:17:51+00:00\",\"description\":\"D\u00f3nde vive actualmente Roger Waters? Todav\u00eda vive en Inglaterra, o est\u00e1 en otro lugar?\",\"inLanguage\":\"es\",\"potentialAction\":[{\"@type\":\"ReadAction\",\"target\":[\"https:\\\/\\\/dondevamos.xyz\\\/concierto-roger-waters\\\/donde-vive-roger-waters\\\/\"]}]},{\"@type\":\"ImageObject\",\"inLanguage\":\"es\",\"@id\":\"https:\\\/\\\/dondevamos.xyz\\\/concierto-roger-waters\\\/donde-vive-roger-waters\\\/#primaryimage\",\"url\":\"https:\\\/\\\/dondevamos.xyz\\\/concierto-roger-waters\\\/wp-content\\\/uploads\\\/sites\\\/6\\\/2018\\\/12\\\/roger-waters-house-1.jpg\",\"contentUrl\":\"https:\\\/\\\/dondevamos.xyz\\\/concierto-roger-waters\\\/wp-content\\\/uploads\\\/sites\\\/6\\\/2018\\\/12\\\/roger-waters-house-1.jpg\",\"width\":500,\"height\":500,\"caption\":\"donde vive roger waters\"},{\"@type\":\"WebSite\",\"@id\":\"https:\\\/\\\/dondevamos.xyz\\\/concierto-roger-waters\\\/#website\",\"url\":\"https:\\\/\\\/dondevamos.xyz\\\/concierto-roger-waters\\\/\",\"name\":\"Roger Waters en Costa Rica\",\"description\":\"Concierto de Roger Waters en Costa Rica\",\"potentialAction\":[{\"@type\":\"SearchAction\",\"target\":{\"@type\":\"EntryPoint\",\"urlTemplate\":\"https:\\\/\\\/dondevamos.xyz\\\/concierto-roger-waters\\\/?s={search_term_string}\"},\"query-input\":{\"@type\":\"PropertyValueSpecification\",\"valueRequired\":true,\"valueName\":\"search_term_string\"}}],\"inLanguage\":\"es\"}]}<\/script>\n<!-- \/ Yoast SEO plugin. -->","yoast_head_json":{"title":"D\u00f3nde vive Roger Waters? - Roger Waters en Costa Rica","description":"D\u00f3nde vive actualmente Roger Waters? Todav\u00eda vive en Inglaterra, o est\u00e1 en otro lugar?","robots":{"index":"index","follow":"follow","max-snippet":"max-snippet:-1","max-image-preview":"max-image-preview:large","max-video-preview":"max-video-preview:-1"},"canonical":"https:\/\/dondevamos.xyz\/concierto-roger-waters\/donde-vive-roger-waters\/","og_locale":"es_ES","og_type":"article","og_title":"D\u00f3nde vive Roger Waters? - Roger Waters en Costa Rica","og_description":"D\u00f3nde vive actualmente Roger Waters? Todav\u00eda vive en Inglaterra, o est\u00e1 en otro lugar?","og_url":"https:\/\/dondevamos.xyz\/concierto-roger-waters\/donde-vive-roger-waters\/","og_site_name":"Roger Waters en Costa Rica","article_modified_time":"2018-12-17T02:17:51+00:00","og_image":[{"width":500,"height":500,"url":"https:\/\/dondevamos.xyz\/concierto-roger-waters\/wp-content\/uploads\/sites\/6\/2018\/12\/roger-waters-house-1.jpg","type":"image\/jpeg"}],"twitter_card":"summary_large_image","twitter_misc":{"Tiempo de lectura":"2 minutos"},"schema":{"@context":"https:\/\/schema.org","@graph":[{"@type":"WebPage","@id":"https:\/\/dondevamos.xyz\/concierto-roger-waters\/donde-vive-roger-waters\/","url":"https:\/\/dondevamos.xyz\/concierto-roger-waters\/donde-vive-roger-waters\/","name":"D\u00f3nde vive Roger Waters? - Roger Waters en Costa Rica","isPartOf":{"@id":"https:\/\/dondevamos.xyz\/concierto-roger-waters\/#website"},"primaryImageOfPage":{"@id":"https:\/\/dondevamos.xyz\/concierto-roger-waters\/donde-vive-roger-waters\/#primaryimage"},"image":{"@id":"https:\/\/dondevamos.xyz\/concierto-roger-waters\/donde-vive-roger-waters\/#primaryimage"},"thumbnailUrl":"https:\/\/dondevamos.xyz\/concierto-roger-waters\/wp-content\/uploads\/sites\/6\/2018\/12\/roger-waters-house-1.jpg","datePublished":"2018-12-17T02:17:50+00:00","dateModified":"2018-12-17T02:17:51+00:00","description":"D\u00f3nde vive actualmente Roger Waters? Todav\u00eda vive en Inglaterra, o est\u00e1 en otro lugar?","inLanguage":"es","potentialAction":[{"@type":"ReadAction","target":["https:\/\/dondevamos.xyz\/concierto-roger-waters\/donde-vive-roger-waters\/"]}]},{"@type":"ImageObject","inLanguage":"es","@id":"https:\/\/dondevamos.xyz\/concierto-roger-waters\/donde-vive-roger-waters\/#primaryimage","url":"https:\/\/dondevamos.xyz\/concierto-roger-waters\/wp-content\/uploads\/sites\/6\/2018\/12\/roger-waters-house-1.jpg","contentUrl":"https:\/\/dondevamos.xyz\/concierto-roger-waters\/wp-content\/uploads\/sites\/6\/2018\/12\/roger-waters-house-1.jpg","width":500,"height":500,"caption":"donde vive roger waters"},{"@type":"WebSite","@id":"https:\/\/dondevamos.xyz\/concierto-roger-waters\/#website","url":"https:\/\/dondevamos.xyz\/concierto-roger-waters\/","name":"Roger Waters en Costa Rica","description":"Concierto de Roger Waters en Costa Rica","potentialAction":[{"@type":"SearchAction","target":{"@type":"EntryPoint","urlTemplate":"https:\/\/dondevamos.xyz\/concierto-roger-waters\/?s={search_term_string}"},"query-input":{"@type":"PropertyValueSpecification","valueRequired":true,"valueName":"search_term_string"}}],"inLanguage":"es"}]}},"_links":{"self":[{"href":"https:\/\/dondevamos.xyz\/concierto-roger-waters\/wp-json\/wp\/v2\/pages\/217","targetHints":{"allow":["GET"]}}],"collection":[{"href":"https:\/\/dondevamos.xyz\/concierto-roger-waters\/wp-json\/wp\/v2\/pages"}],"about":[{"href":"https:\/\/dondevamos.xyz\/concierto-roger-waters\/wp-json\/wp\/v2\/types\/page"}],"author":[{"embeddable":true,"href":"https:\/\/dondevamos.xyz\/concierto-roger-waters\/wp-json\/wp\/v2\/users\/2"}],"replies":[{"embeddable":true,"href":"https:\/\/dondevamos.xyz\/concierto-roger-waters\/wp-json\/wp\/v2\/comments?post=217"}],"version-history":[{"count":2,"href":"https:\/\/dondevamos.xyz\/concierto-roger-waters\/wp-json\/wp\/v2\/pages\/217\/revisions"}],"predecessor-version":[{"id":221,"href":"https:\/\/dondevamos.xyz\/concierto-roger-waters\/wp-json\/wp\/v2\/pages\/217\/revisions\/221"}],"wp:featuredmedia":[{"embeddable":true,"href":"https:\/\/dondevamos.xyz\/concierto-roger-waters\/wp-json\/wp\/v2\/media\/220"}],"wp:attachment":[{"href":"https:\/\/dondevamos.xyz\/concierto-roger-waters\/wp-json\/wp\/v2\/media?parent=217"}],"curies":[{"name":"wp","href":"https:\/\/api.w.org\/{rel}","templated":true}]}}