{"id":4,"date":"2024-01-20T05:08:23","date_gmt":"2024-01-20T04:08:23","guid":{"rendered":"https:\/\/dondevamos.xyz\/concierto-luis-miguel\/?page_id=4"},"modified":"2024-01-20T20:40:22","modified_gmt":"2024-01-20T19:40:22","slug":"luis-miguel-en-costa-rica","status":"publish","type":"page","link":"https:\/\/dondevamos.xyz\/concierto-luis-miguel\/","title":{"rendered":"Luis Miguel en Costa Rica"},"content":{"rendered":"<div class=\"wp-block-image\">\n<figure class=\"alignleft size-thumbnail\"><img decoding=\"async\" width=\"150\" height=\"150\" data-src=\"https:\/\/dondevamos.xyz\/concierto-luis-miguel\/wp-content\/uploads\/sites\/7\/2024\/01\/61e874796ff1f195101069-150x150.jpg\" alt=\"luis miguel en costa rica\" class=\"wp-image-40 lazyload\" src=\"data:image\/svg+xml;base64,PHN2ZyB3aWR0aD0iMSIgaGVpZ2h0PSIxIiB4bWxucz0iaHR0cDovL3d3dy53My5vcmcvMjAwMC9zdmciPjwvc3ZnPg==\" style=\"--smush-placeholder-width: 150px; --smush-placeholder-aspect-ratio: 150\/150;\" \/><figcaption class=\"wp-element-caption\">Foto por <a href=\"https:\/\/luismigueloficial.com\/\">Luis Miguel Oficial<\/a><\/figcaption><\/figure>\n<\/div>\n\n\n<div class=\"wp-block-buttons is-layout-flex wp-block-buttons-is-layout-flex\">\n<div class=\"wp-block-button\"><a class=\"wp-block-button__link has-black-color has-luminous-vivid-amber-background-color has-text-color has-background has-link-color wp-element-button\" href=\"https:\/\/dondevamos.xyz\/concierto-luis-miguel\/venta-entradas\/\">Entradas<\/a><\/div>\n\n\n\n<div class=\"wp-block-button\"><a class=\"wp-block-button__link has-black-color has-vivid-green-cyan-background-color has-text-color has-background has-link-color wp-element-button\" href=\"https:\/\/dondevamos.xyz\/concierto-luis-miguel\/informacion-concierto\/\">Transporte<\/a><\/div>\n\n\n\n<div class=\"wp-block-button\"><a class=\"wp-block-button__link has-black-color has-pale-cyan-blue-background-color has-text-color has-background has-link-color wp-element-button\" href=\"https:\/\/dondevamos.xyz\/concierto-luis-miguel\/canciones-setlist\/\">Playlist<\/a><\/div>\n<\/div>\n\n\n\n<p>\u00a1Prep\u00e1rate para vivir una noche inolvidable llena de romanticismo y melod\u00edas inigualables! El legendario <a href=\"https:\/\/dondevamos.xyz\/concierto-luis-miguel\/quien-es-luis-miguel\/\">Luis Miguel, el Sol de M\u00e9xico<\/a>, estar\u00e1 present\u00e1ndose en el escenario del Estadio Nacional de Costa Rica. Si sos una de esas apasionadas seguidoras que crecieron con <a href=\"https:\/\/dondevamos.xyz\/concierto-luis-miguel\/canciones-setlist\/\">sus canciones<\/a> en la \u00e9poca de colegio, o simplemente te gusta escuchar la buena m\u00fasica de cantantes como Luis Miguel, este concierto es para t\u00ed.<\/p>\n\n\n\n<p>Imagina revivir en el <a href=\"https:\/\/dondevamos.xyz\/concierto-luis-miguel\/informacion-concierto\/\">concierto de Luis Miguel<\/a> esos momentos m\u00e1gicos y nost\u00e1lgicos, con sus ic\u00f3nicas baladas. Desde \u00abLa Incondicional\u00bb hasta \u00abCulpable o No\u00bb, cada acorde resonar\u00e1 en el coraz\u00f3n de quienes han sido aficionadas desde hace d\u00e9cadas. <\/p>\n\n\n\n<h2 class=\"wp-block-heading\">Cu\u00e1ndo es el concierto de Luis Miguel en Costa Rica?<\/h2>\n\n\n\n<p>El <a href=\"https:\/\/dondevamos.xyz\/concierto-luis-miguel\/informacion-concierto\/\">concierto de Luis Miguel<\/a> en Costa Rica es el 8 de febrero de 2024, a las 7 pm, en el Estadio Nacional de La Sabana. Una oportunidad \u00fanica para disfrutar de la m\u00fasica de este legendario artista en vivo. <\/p>\n\n\n<div class=\"wp-block-image\">\n<figure class=\"aligncenter size-full\"><img decoding=\"async\" width=\"640\" height=\"359\" data-src=\"https:\/\/dondevamos.xyz\/concierto-luis-miguel\/wp-content\/uploads\/sites\/7\/2024\/01\/640px-Estadio_Nacional_de_Costa_Rica_2011.jpg\" alt=\"entradas concierto luis miguel costa rica\" class=\"wp-image-45 lazyload\" data-srcset=\"https:\/\/dondevamos.xyz\/concierto-luis-miguel\/wp-content\/uploads\/sites\/7\/2024\/01\/640px-Estadio_Nacional_de_Costa_Rica_2011.jpg 640w, https:\/\/dondevamos.xyz\/concierto-luis-miguel\/wp-content\/uploads\/sites\/7\/2024\/01\/640px-Estadio_Nacional_de_Costa_Rica_2011-300x168.jpg 300w\" data-sizes=\"(max-width: 640px) 100vw, 640px\" src=\"data:image\/svg+xml;base64,PHN2ZyB3aWR0aD0iMSIgaGVpZ2h0PSIxIiB4bWxucz0iaHR0cDovL3d3dy53My5vcmcvMjAwMC9zdmciPjwvc3ZnPg==\" style=\"--smush-placeholder-width: 640px; --smush-placeholder-aspect-ratio: 640\/359;\" \/><figcaption class=\"wp-element-caption\">Foto:  <a href=\"https:\/\/commons.wikimedia.org\/wiki\/User:MadriCR\">MadriCR<\/a><\/figcaption><\/figure>\n<\/div>\n\n\n<h2 class=\"wp-block-heading\">D\u00f3nde se compran las entradas para el concierto de Luis Miguel 2024?<\/h2>\n\n\n\n<p>Las <a href=\"https:\/\/dondevamos.xyz\/concierto-luis-miguel\/venta-entradas\/\">entradas para el concierto<\/a> las est\u00e1 vendiendo eTicket. Para m\u00e1s informaci\u00f3n, revise la secci\u00f3n de <a href=\"https:\/\/dondevamos.xyz\/concierto-luis-miguel\/venta-entradas\/\">entradas para el concierto de Luis Miguel<\/a>.<\/p>\n\n\n\n<h2 class=\"wp-block-heading\">Concierto de Luis Miguel por Internet<\/h2>\n\n\n\n<p>Por el momento, no han anunciado que se pueda ver el concierto de Luis Miguel por internet. No hay retransmisi\u00f3n en vivo. Pero de seguro habr\u00e1 muchos videos de los aficionados que fueron al concierto, en las redes durante los d\u00edas siguientes al concierto.<\/p>\n\n\n\n<h2 class=\"wp-block-heading\">D\u00f3nde es el concierto de Luis Miguel en Costa Rica?<\/h2>\n\n\n\n<p>El Estadio Nacional se convertir\u00e1 en el escenario perfecto para esta experiencia \u00fanica. \u00a1No te pierdas la oportunidad de presenciar la magia de Luis Miguel en vivo! Asegura tu lugar ahora y prep\u00e1rate para sumergirte en una noche llena de amor, pasi\u00f3n y la incomparable voz de este \u00edcono de la m\u00fasica latina. Los recuerdos se vuelven canciones, y las canciones se vuelven recuerdos en el concierto que marcar\u00e1 el 8 de febrero como una fecha inolvidable. \u00a1Te esperamos para celebrar juntos este viaje musical con el inigualable Luis Miguel!<\/p>\n\n\n<div class=\"wp-block-image\">\n<figure class=\"aligncenter size-medium\"><img decoding=\"async\" width=\"300\" height=\"225\" data-src=\"https:\/\/dondevamos.xyz\/concierto-luis-miguel\/wp-content\/uploads\/sites\/7\/2024\/01\/61e873377da75439269134-300x225.jpg\" alt=\"luis miguel en costa rica\" class=\"wp-image-39 lazyload\" data-srcset=\"https:\/\/dondevamos.xyz\/concierto-luis-miguel\/wp-content\/uploads\/sites\/7\/2024\/01\/61e873377da75439269134-300x225.jpg 300w, https:\/\/dondevamos.xyz\/concierto-luis-miguel\/wp-content\/uploads\/sites\/7\/2024\/01\/61e873377da75439269134-768x576.jpg 768w, https:\/\/dondevamos.xyz\/concierto-luis-miguel\/wp-content\/uploads\/sites\/7\/2024\/01\/61e873377da75439269134-660x495.jpg 660w, https:\/\/dondevamos.xyz\/concierto-luis-miguel\/wp-content\/uploads\/sites\/7\/2024\/01\/61e873377da75439269134.jpg 800w\" data-sizes=\"(max-width: 300px) 100vw, 300px\" src=\"data:image\/svg+xml;base64,PHN2ZyB3aWR0aD0iMSIgaGVpZ2h0PSIxIiB4bWxucz0iaHR0cDovL3d3dy53My5vcmcvMjAwMC9zdmciPjwvc3ZnPg==\" style=\"--smush-placeholder-width: 300px; --smush-placeholder-aspect-ratio: 300\/225;\" \/><figcaption class=\"wp-element-caption\">Foto por <a href=\"https:\/\/luismigueloficial.com\/\">Luis Miguel Oficial<\/a><\/figcaption><\/figure>\n<\/div><!-- AddThis Advanced Settings generic via filter on the_content --><!-- AddThis Share Buttons generic via filter on the_content -->","protected":false},"excerpt":{"rendered":"<p>\u00a1Prep\u00e1rate para vivir una noche inolvidable llena de romanticismo y melod\u00edas inigualables! El legendario Luis Miguel, el Sol de M\u00e9xico, estar\u00e1 present\u00e1ndose en el escenario del Estadio Nacional de Costa Rica. Si sos una de esas apasionadas seguidoras que crecieron con sus canciones en la \u00e9poca de colegio, o simplemente te gusta escuchar la buena\u2026 <span class=\"read-more\"><a href=\"https:\/\/dondevamos.xyz\/concierto-luis-miguel\/\">Leer m\u00e1s &raquo;<\/a><\/span><!-- AddThis Advanced Settings generic via filter on get_the_excerpt --><!-- AddThis Share Buttons generic via filter on get_the_excerpt --><\/p>\n","protected":false},"author":2,"featured_media":38,"parent":0,"menu_order":0,"comment_status":"closed","ping_status":"closed","template":"","meta":{"footnotes":""},"class_list":["post-4","page","type-page","status-publish","has-post-thumbnail","hentry"],"yoast_head":"<!-- This site is optimized with the Yoast SEO plugin v27.4 - https:\/\/yoast.com\/product\/yoast-seo-wordpress\/ -->\n<title>Luis Miguel en Costa Rica - Luis Miguel en Costa Rica<\/title>\n<meta name=\"description\" content=\"Informaci\u00f3n acerca del concierto de Luis Miguel en Costa Rica 2024: d\u00f3nde es, c\u00f3mo conseguir las entradas, y m\u00e1s!\" \/>\n<meta name=\"robots\" content=\"index, follow, max-snippet:-1, max-image-preview:large, max-video-preview:-1\" \/>\n<link rel=\"canonical\" href=\"https:\/\/dondevamos.xyz\/concierto-luis-miguel\/\" \/>\n<meta property=\"og:locale\" content=\"es_ES\" \/>\n<meta property=\"og:type\" content=\"article\" \/>\n<meta property=\"og:title\" content=\"Luis Miguel en Costa Rica - Luis Miguel en Costa Rica\" \/>\n<meta property=\"og:description\" content=\"Informaci\u00f3n acerca del concierto de Luis Miguel en Costa Rica 2024: d\u00f3nde es, c\u00f3mo conseguir las entradas, y m\u00e1s!\" \/>\n<meta property=\"og:url\" content=\"https:\/\/dondevamos.xyz\/concierto-luis-miguel\/\" \/>\n<meta property=\"og:site_name\" content=\"Luis Miguel en Costa Rica\" \/>\n<meta property=\"article:modified_time\" content=\"2024-01-20T19:40:22+00:00\" \/>\n<meta property=\"og:image\" content=\"https:\/\/dondevamos.xyz\/concierto-luis-miguel\/wp-content\/uploads\/sites\/7\/2024\/01\/61e873373b51b606738062.jpg\" \/>\n\t<meta property=\"og:image:width\" content=\"806\" \/>\n\t<meta property=\"og:image:height\" content=\"959\" \/>\n\t<meta property=\"og:image:type\" content=\"image\/jpeg\" \/>\n<meta name=\"twitter:card\" content=\"summary_large_image\" \/>\n<meta name=\"twitter:label1\" content=\"Tiempo de lectura\" \/>\n\t<meta name=\"twitter:data1\" content=\"3 minutos\" \/>\n<script type=\"application\/ld+json\" class=\"yoast-schema-graph\">{\"@context\":\"https:\\\/\\\/schema.org\",\"@graph\":[{\"@type\":\"WebPage\",\"@id\":\"https:\\\/\\\/dondevamos.xyz\\\/concierto-luis-miguel\\\/\",\"url\":\"https:\\\/\\\/dondevamos.xyz\\\/concierto-luis-miguel\\\/\",\"name\":\"Luis Miguel en Costa Rica - Luis Miguel en Costa Rica\",\"isPartOf\":{\"@id\":\"https:\\\/\\\/dondevamos.xyz\\\/concierto-luis-miguel\\\/#website\"},\"primaryImageOfPage\":{\"@id\":\"https:\\\/\\\/dondevamos.xyz\\\/concierto-luis-miguel\\\/#primaryimage\"},\"image\":{\"@id\":\"https:\\\/\\\/dondevamos.xyz\\\/concierto-luis-miguel\\\/#primaryimage\"},\"thumbnailUrl\":\"https:\\\/\\\/dondevamos.xyz\\\/concierto-luis-miguel\\\/wp-content\\\/uploads\\\/sites\\\/7\\\/2024\\\/01\\\/61e873373b51b606738062.jpg\",\"datePublished\":\"2024-01-20T04:08:23+00:00\",\"dateModified\":\"2024-01-20T19:40:22+00:00\",\"description\":\"Informaci\u00f3n acerca del concierto de Luis Miguel en Costa Rica 2024: d\u00f3nde es, c\u00f3mo conseguir las entradas, y m\u00e1s!\",\"breadcrumb\":{\"@id\":\"https:\\\/\\\/dondevamos.xyz\\\/concierto-luis-miguel\\\/#breadcrumb\"},\"inLanguage\":\"es\",\"potentialAction\":[{\"@type\":\"ReadAction\",\"target\":[\"https:\\\/\\\/dondevamos.xyz\\\/concierto-luis-miguel\\\/\"]}]},{\"@type\":\"ImageObject\",\"inLanguage\":\"es\",\"@id\":\"https:\\\/\\\/dondevamos.xyz\\\/concierto-luis-miguel\\\/#primaryimage\",\"url\":\"https:\\\/\\\/dondevamos.xyz\\\/concierto-luis-miguel\\\/wp-content\\\/uploads\\\/sites\\\/7\\\/2024\\\/01\\\/61e873373b51b606738062.jpg\",\"contentUrl\":\"https:\\\/\\\/dondevamos.xyz\\\/concierto-luis-miguel\\\/wp-content\\\/uploads\\\/sites\\\/7\\\/2024\\\/01\\\/61e873373b51b606738062.jpg\",\"width\":806,\"height\":959,\"caption\":\"Foto por Luis Miguel Oficial\"},{\"@type\":\"BreadcrumbList\",\"@id\":\"https:\\\/\\\/dondevamos.xyz\\\/concierto-luis-miguel\\\/#breadcrumb\",\"itemListElement\":[{\"@type\":\"ListItem\",\"position\":1,\"name\":\"Portada\",\"item\":\"https:\\\/\\\/dondevamos.xyz\\\/concierto-luis-miguel\\\/\"},{\"@type\":\"ListItem\",\"position\":2,\"name\":\"Luis Miguel en Costa Rica\"}]},{\"@type\":\"WebSite\",\"@id\":\"https:\\\/\\\/dondevamos.xyz\\\/concierto-luis-miguel\\\/#website\",\"url\":\"https:\\\/\\\/dondevamos.xyz\\\/concierto-luis-miguel\\\/\",\"name\":\"Luis Miguel en Costa Rica\",\"description\":\"Informaci\u00f3n del concierto de Luis Miguel en Costa Rica 2024\",\"publisher\":{\"@id\":\"https:\\\/\\\/dondevamos.xyz\\\/concierto-luis-miguel\\\/#organization\"},\"potentialAction\":[{\"@type\":\"SearchAction\",\"target\":{\"@type\":\"EntryPoint\",\"urlTemplate\":\"https:\\\/\\\/dondevamos.xyz\\\/concierto-luis-miguel\\\/?s={search_term_string}\"},\"query-input\":{\"@type\":\"PropertyValueSpecification\",\"valueRequired\":true,\"valueName\":\"search_term_string\"}}],\"inLanguage\":\"es\"},{\"@type\":\"Organization\",\"@id\":\"https:\\\/\\\/dondevamos.xyz\\\/concierto-luis-miguel\\\/#organization\",\"name\":\"Luis Miguel en Costa Rica\",\"url\":\"https:\\\/\\\/dondevamos.xyz\\\/concierto-luis-miguel\\\/\",\"logo\":{\"@type\":\"ImageObject\",\"inLanguage\":\"es\",\"@id\":\"https:\\\/\\\/dondevamos.xyz\\\/concierto-luis-miguel\\\/#\\\/schema\\\/logo\\\/image\\\/\",\"url\":\"https:\\\/\\\/dondevamos.xyz\\\/concierto-luis-miguel\\\/wp-content\\\/uploads\\\/sites\\\/7\\\/2024\\\/01\\\/dondevamos.jpeg\",\"contentUrl\":\"https:\\\/\\\/dondevamos.xyz\\\/concierto-luis-miguel\\\/wp-content\\\/uploads\\\/sites\\\/7\\\/2024\\\/01\\\/dondevamos.jpeg\",\"width\":200,\"height\":200,\"caption\":\"Luis Miguel en Costa Rica\"},\"image\":{\"@id\":\"https:\\\/\\\/dondevamos.xyz\\\/concierto-luis-miguel\\\/#\\\/schema\\\/logo\\\/image\\\/\"}}]}<\/script>\n<!-- \/ Yoast SEO plugin. -->","yoast_head_json":{"title":"Luis Miguel en Costa Rica - Luis Miguel en Costa Rica","description":"Informaci\u00f3n acerca del concierto de Luis Miguel en Costa Rica 2024: d\u00f3nde es, c\u00f3mo conseguir las entradas, y m\u00e1s!","robots":{"index":"index","follow":"follow","max-snippet":"max-snippet:-1","max-image-preview":"max-image-preview:large","max-video-preview":"max-video-preview:-1"},"canonical":"https:\/\/dondevamos.xyz\/concierto-luis-miguel\/","og_locale":"es_ES","og_type":"article","og_title":"Luis Miguel en Costa Rica - Luis Miguel en Costa Rica","og_description":"Informaci\u00f3n acerca del concierto de Luis Miguel en Costa Rica 2024: d\u00f3nde es, c\u00f3mo conseguir las entradas, y m\u00e1s!","og_url":"https:\/\/dondevamos.xyz\/concierto-luis-miguel\/","og_site_name":"Luis Miguel en Costa Rica","article_modified_time":"2024-01-20T19:40:22+00:00","og_image":[{"width":806,"height":959,"url":"https:\/\/dondevamos.xyz\/concierto-luis-miguel\/wp-content\/uploads\/sites\/7\/2024\/01\/61e873373b51b606738062.jpg","type":"image\/jpeg"}],"twitter_card":"summary_large_image","twitter_misc":{"Tiempo de lectura":"3 minutos"},"schema":{"@context":"https:\/\/schema.org","@graph":[{"@type":"WebPage","@id":"https:\/\/dondevamos.xyz\/concierto-luis-miguel\/","url":"https:\/\/dondevamos.xyz\/concierto-luis-miguel\/","name":"Luis Miguel en Costa Rica - Luis Miguel en Costa Rica","isPartOf":{"@id":"https:\/\/dondevamos.xyz\/concierto-luis-miguel\/#website"},"primaryImageOfPage":{"@id":"https:\/\/dondevamos.xyz\/concierto-luis-miguel\/#primaryimage"},"image":{"@id":"https:\/\/dondevamos.xyz\/concierto-luis-miguel\/#primaryimage"},"thumbnailUrl":"https:\/\/dondevamos.xyz\/concierto-luis-miguel\/wp-content\/uploads\/sites\/7\/2024\/01\/61e873373b51b606738062.jpg","datePublished":"2024-01-20T04:08:23+00:00","dateModified":"2024-01-20T19:40:22+00:00","description":"Informaci\u00f3n acerca del concierto de Luis Miguel en Costa Rica 2024: d\u00f3nde es, c\u00f3mo conseguir las entradas, y m\u00e1s!","breadcrumb":{"@id":"https:\/\/dondevamos.xyz\/concierto-luis-miguel\/#breadcrumb"},"inLanguage":"es","potentialAction":[{"@type":"ReadAction","target":["https:\/\/dondevamos.xyz\/concierto-luis-miguel\/"]}]},{"@type":"ImageObject","inLanguage":"es","@id":"https:\/\/dondevamos.xyz\/concierto-luis-miguel\/#primaryimage","url":"https:\/\/dondevamos.xyz\/concierto-luis-miguel\/wp-content\/uploads\/sites\/7\/2024\/01\/61e873373b51b606738062.jpg","contentUrl":"https:\/\/dondevamos.xyz\/concierto-luis-miguel\/wp-content\/uploads\/sites\/7\/2024\/01\/61e873373b51b606738062.jpg","width":806,"height":959,"caption":"Foto por Luis Miguel Oficial"},{"@type":"BreadcrumbList","@id":"https:\/\/dondevamos.xyz\/concierto-luis-miguel\/#breadcrumb","itemListElement":[{"@type":"ListItem","position":1,"name":"Portada","item":"https:\/\/dondevamos.xyz\/concierto-luis-miguel\/"},{"@type":"ListItem","position":2,"name":"Luis Miguel en Costa Rica"}]},{"@type":"WebSite","@id":"https:\/\/dondevamos.xyz\/concierto-luis-miguel\/#website","url":"https:\/\/dondevamos.xyz\/concierto-luis-miguel\/","name":"Luis Miguel en Costa Rica","description":"Informaci\u00f3n del concierto de Luis Miguel en Costa Rica 2024","publisher":{"@id":"https:\/\/dondevamos.xyz\/concierto-luis-miguel\/#organization"},"potentialAction":[{"@type":"SearchAction","target":{"@type":"EntryPoint","urlTemplate":"https:\/\/dondevamos.xyz\/concierto-luis-miguel\/?s={search_term_string}"},"query-input":{"@type":"PropertyValueSpecification","valueRequired":true,"valueName":"search_term_string"}}],"inLanguage":"es"},{"@type":"Organization","@id":"https:\/\/dondevamos.xyz\/concierto-luis-miguel\/#organization","name":"Luis Miguel en Costa Rica","url":"https:\/\/dondevamos.xyz\/concierto-luis-miguel\/","logo":{"@type":"ImageObject","inLanguage":"es","@id":"https:\/\/dondevamos.xyz\/concierto-luis-miguel\/#\/schema\/logo\/image\/","url":"https:\/\/dondevamos.xyz\/concierto-luis-miguel\/wp-content\/uploads\/sites\/7\/2024\/01\/dondevamos.jpeg","contentUrl":"https:\/\/dondevamos.xyz\/concierto-luis-miguel\/wp-content\/uploads\/sites\/7\/2024\/01\/dondevamos.jpeg","width":200,"height":200,"caption":"Luis Miguel en Costa Rica"},"image":{"@id":"https:\/\/dondevamos.xyz\/concierto-luis-miguel\/#\/schema\/logo\/image\/"}}]}},"_links":{"self":[{"href":"https:\/\/dondevamos.xyz\/concierto-luis-miguel\/wp-json\/wp\/v2\/pages\/4","targetHints":{"allow":["GET"]}}],"collection":[{"href":"https:\/\/dondevamos.xyz\/concierto-luis-miguel\/wp-json\/wp\/v2\/pages"}],"about":[{"href":"https:\/\/dondevamos.xyz\/concierto-luis-miguel\/wp-json\/wp\/v2\/types\/page"}],"author":[{"embeddable":true,"href":"https:\/\/dondevamos.xyz\/concierto-luis-miguel\/wp-json\/wp\/v2\/users\/2"}],"replies":[{"embeddable":true,"href":"https:\/\/dondevamos.xyz\/concierto-luis-miguel\/wp-json\/wp\/v2\/comments?post=4"}],"version-history":[{"count":5,"href":"https:\/\/dondevamos.xyz\/concierto-luis-miguel\/wp-json\/wp\/v2\/pages\/4\/revisions"}],"predecessor-version":[{"id":85,"href":"https:\/\/dondevamos.xyz\/concierto-luis-miguel\/wp-json\/wp\/v2\/pages\/4\/revisions\/85"}],"wp:featuredmedia":[{"embeddable":true,"href":"https:\/\/dondevamos.xyz\/concierto-luis-miguel\/wp-json\/wp\/v2\/media\/38"}],"wp:attachment":[{"href":"https:\/\/dondevamos.xyz\/concierto-luis-miguel\/wp-json\/wp\/v2\/media?parent=4"}],"curies":[{"name":"wp","href":"https:\/\/api.w.org\/{rel}","templated":true}]}}