{"id":25,"date":"2024-01-20T19:58:25","date_gmt":"2024-01-20T18:58:25","guid":{"rendered":"https:\/\/dondevamos.xyz\/concierto-luis-miguel\/?page_id=25"},"modified":"2024-01-20T20:25:23","modified_gmt":"2024-01-20T19:25:23","slug":"canciones-setlist","status":"publish","type":"page","link":"https:\/\/dondevamos.xyz\/concierto-luis-miguel\/canciones-setlist\/","title":{"rendered":"Canciones que hay que saberse para el concierto de Luis Miguel"},"content":{"rendered":"<div class=\"wp-block-image\">\n<figure class=\"aligncenter size-medium\"><img decoding=\"async\" width=\"300\" height=\"300\" data-src=\"https:\/\/dondevamos.xyz\/concierto-luis-miguel\/wp-content\/uploads\/sites\/7\/2024\/01\/musica-luis-miguel-300x300.jpeg\" alt=\"playlist concierto luis miguel\" class=\"wp-image-63 lazyload\" data-srcset=\"https:\/\/dondevamos.xyz\/concierto-luis-miguel\/wp-content\/uploads\/sites\/7\/2024\/01\/musica-luis-miguel-300x300.jpeg 300w, https:\/\/dondevamos.xyz\/concierto-luis-miguel\/wp-content\/uploads\/sites\/7\/2024\/01\/musica-luis-miguel-150x150.jpeg 150w, https:\/\/dondevamos.xyz\/concierto-luis-miguel\/wp-content\/uploads\/sites\/7\/2024\/01\/musica-luis-miguel-768x768.jpeg 768w, https:\/\/dondevamos.xyz\/concierto-luis-miguel\/wp-content\/uploads\/sites\/7\/2024\/01\/musica-luis-miguel-660x660.jpeg 660w, https:\/\/dondevamos.xyz\/concierto-luis-miguel\/wp-content\/uploads\/sites\/7\/2024\/01\/musica-luis-miguel.jpeg 1024w\" data-sizes=\"(max-width: 300px) 100vw, 300px\" src=\"data:image\/svg+xml;base64,PHN2ZyB3aWR0aD0iMSIgaGVpZ2h0PSIxIiB4bWxucz0iaHR0cDovL3d3dy53My5vcmcvMjAwMC9zdmciPjwvc3ZnPg==\" style=\"--smush-placeholder-width: 300px; --smush-placeholder-aspect-ratio: 300\/300;\" \/><\/figure>\n<\/div>\n\n\n<p>\u00a1Prep\u00e1rate para sumergirte en la experiencia musical \u00fanica de <a href=\"https:\/\/dondevamos.xyz\/concierto-luis-miguel\/informacion-concierto\/\">Luis Miguel en su pr\u00f3ximo concierto<\/a>! El cantante tiene una producci\u00f3n musical inmensa, pero, cu\u00e1les son algunas de las canciones m\u00e1s famosas de <a href=\"https:\/\/dondevamos.xyz\/concierto-luis-miguel\/quien-es-luis-miguel\/\">Luis Miguel<\/a>, que seguramente resonar\u00e1n en el Estadio Nacional de Costa Rica en el <a href=\"https:\/\/dondevamos.xyz\/concierto-luis-miguel\/informacion-concierto\/\">concierto del 8 de febrero de 2024<\/a>? Esta es la lista de canciones que definitivamente uno no puede ir sin saberse!<\/p>\n\n\n\n<ul class=\"wp-block-list\">\n<li>Ahora te puedes marchar<\/li>\n\n\n\n<li>Ser\u00e1 que no me amas<\/li>\n\n\n\n<li>La incondicional<\/li>\n\n\n\n<li>Por debajo de la mesa<\/li>\n\n\n\n<li>El Reloj<\/li>\n\n\n\n<li>Te necesito<\/li>\n\n\n\n<li>Cuando calienta el sol<\/li>\n\n\n\n<li>Fr\u00eda como el viento<\/li>\n\n\n\n<li>Un hombre busca a una mujer<\/li>\n\n\n\n<li>La bikina<\/li>\n\n\n\n<li>Inolvidable<\/li>\n\n\n\n<li>No s\u00e9 t\u00fa<\/li>\n\n\n\n<li>Hasta que me olvides<\/li>\n\n\n\n<li>Contigo en la distancia<\/li>\n\n\n\n<li>Qu\u00e9 nivel de mujer<\/li>\n<\/ul>\n\n\n\n<p>Y no hay problema si no se las saben: aqu\u00ed hemos recopilado los videos de estas canciones para que las puedan escuchar! Quieres un buen playlist de Luis Miguel para Youtube o Spotify? Aqu\u00ed la puedes encontrar!<\/p>\n\n\n\n<h2 class=\"wp-block-heading\">Playlist de Luis Miguel, en YouTube<\/h2>\n\n\n\n<figure class=\"wp-block-embed is-type-video is-provider-youtube wp-block-embed-youtube wp-embed-aspect-16-9 wp-has-aspect-ratio\"><div class=\"wp-block-embed__wrapper\">\n<iframe title=\"Luis Miguel\" width=\"665\" height=\"374\" data-src=\"https:\/\/www.youtube.com\/embed\/videoseries?list=PLIwzJIVTxG4lDOscLZa65o6xGFYJAV_AY\" frameborder=\"0\" allow=\"accelerometer; autoplay; clipboard-write; encrypted-media; gyroscope; picture-in-picture; web-share\" referrerpolicy=\"strict-origin-when-cross-origin\" allowfullscreen src=\"data:image\/svg+xml;base64,PHN2ZyB3aWR0aD0iMSIgaGVpZ2h0PSIxIiB4bWxucz0iaHR0cDovL3d3dy53My5vcmcvMjAwMC9zdmciPjwvc3ZnPg==\" class=\"lazyload\" data-load-mode=\"1\"><\/iframe>\n<\/div><\/figure>\n\n\n\n<h2 class=\"wp-block-heading\">Playlist de Luis Miguel en Spotify<\/h2>\n\n\n\n<figure class=\"wp-block-embed is-type-rich is-provider-spotify wp-block-embed-spotify wp-embed-aspect-21-9 wp-has-aspect-ratio\"><div class=\"wp-block-embed__wrapper\">\nhttps:\/\/open.spotify.com\/playlist\/6aTeuUNYuNnTO7yjKFoYEP\n<\/div><\/figure>\n<!-- AddThis Advanced Settings generic via filter on the_content --><!-- AddThis Share Buttons generic via filter on the_content -->","protected":false},"excerpt":{"rendered":"<p>\u00a1Prep\u00e1rate para sumergirte en la experiencia musical \u00fanica de Luis Miguel en su pr\u00f3ximo concierto! El cantante tiene una producci\u00f3n musical inmensa, pero, cu\u00e1les son algunas de las canciones m\u00e1s famosas de Luis Miguel, que seguramente resonar\u00e1n en el Estadio Nacional de Costa Rica en el concierto del 8 de febrero de 2024? Esta es\u2026 <span class=\"read-more\"><a href=\"https:\/\/dondevamos.xyz\/concierto-luis-miguel\/canciones-setlist\/\">Leer m\u00e1s &raquo;<\/a><\/span><!-- AddThis Advanced Settings generic via filter on get_the_excerpt --><!-- AddThis Share Buttons generic via filter on get_the_excerpt --><\/p>\n","protected":false},"author":2,"featured_media":41,"parent":0,"menu_order":0,"comment_status":"closed","ping_status":"closed","template":"","meta":{"footnotes":""},"class_list":["post-25","page","type-page","status-publish","has-post-thumbnail","hentry"],"yoast_head":"<!-- This site is optimized with the Yoast SEO plugin v27.4 - https:\/\/yoast.com\/product\/yoast-seo-wordpress\/ -->\n<title>Canciones que hay que saberse para el concierto de Luis Miguel - Luis Miguel en Costa Rica<\/title>\n<meta name=\"description\" content=\"Cu\u00e1les son las canciones m\u00e1s famosas de Luis Miguel? Aqu\u00ed encontrar\u00e1s los playlist que debes saberte para el concierto!\" \/>\n<meta name=\"robots\" content=\"index, follow, max-snippet:-1, max-image-preview:large, max-video-preview:-1\" \/>\n<link rel=\"canonical\" href=\"https:\/\/dondevamos.xyz\/concierto-luis-miguel\/canciones-setlist\/\" \/>\n<meta property=\"og:locale\" content=\"es_ES\" \/>\n<meta property=\"og:type\" content=\"article\" \/>\n<meta property=\"og:title\" content=\"Canciones que hay que saberse para el concierto de Luis Miguel - Luis Miguel en Costa Rica\" \/>\n<meta property=\"og:description\" content=\"Cu\u00e1les son las canciones m\u00e1s famosas de Luis Miguel? Aqu\u00ed encontrar\u00e1s los playlist que debes saberte para el concierto!\" \/>\n<meta property=\"og:url\" content=\"https:\/\/dondevamos.xyz\/concierto-luis-miguel\/canciones-setlist\/\" \/>\n<meta property=\"og:site_name\" content=\"Luis Miguel en Costa Rica\" \/>\n<meta property=\"article:modified_time\" content=\"2024-01-20T19:25:23+00:00\" \/>\n<meta property=\"og:image\" content=\"https:\/\/dondevamos.xyz\/concierto-luis-miguel\/wp-content\/uploads\/sites\/7\/2024\/01\/61eb862ff2917542935809.jpg\" \/>\n\t<meta property=\"og:image:width\" content=\"1425\" \/>\n\t<meta property=\"og:image:height\" content=\"1424\" \/>\n\t<meta property=\"og:image:type\" content=\"image\/jpeg\" \/>\n<meta name=\"twitter:card\" content=\"summary_large_image\" \/>\n<meta name=\"twitter:label1\" content=\"Tiempo de lectura\" \/>\n\t<meta name=\"twitter:data1\" content=\"2 minutos\" \/>\n<script type=\"application\/ld+json\" class=\"yoast-schema-graph\">{\"@context\":\"https:\\\/\\\/schema.org\",\"@graph\":[{\"@type\":\"WebPage\",\"@id\":\"https:\\\/\\\/dondevamos.xyz\\\/concierto-luis-miguel\\\/canciones-setlist\\\/\",\"url\":\"https:\\\/\\\/dondevamos.xyz\\\/concierto-luis-miguel\\\/canciones-setlist\\\/\",\"name\":\"Canciones que hay que saberse para el concierto de Luis Miguel - Luis Miguel en Costa Rica\",\"isPartOf\":{\"@id\":\"https:\\\/\\\/dondevamos.xyz\\\/concierto-luis-miguel\\\/#website\"},\"primaryImageOfPage\":{\"@id\":\"https:\\\/\\\/dondevamos.xyz\\\/concierto-luis-miguel\\\/canciones-setlist\\\/#primaryimage\"},\"image\":{\"@id\":\"https:\\\/\\\/dondevamos.xyz\\\/concierto-luis-miguel\\\/canciones-setlist\\\/#primaryimage\"},\"thumbnailUrl\":\"https:\\\/\\\/dondevamos.xyz\\\/concierto-luis-miguel\\\/wp-content\\\/uploads\\\/sites\\\/7\\\/2024\\\/01\\\/61eb862ff2917542935809.jpg\",\"datePublished\":\"2024-01-20T18:58:25+00:00\",\"dateModified\":\"2024-01-20T19:25:23+00:00\",\"description\":\"Cu\u00e1les son las canciones m\u00e1s famosas de Luis Miguel? Aqu\u00ed encontrar\u00e1s los playlist que debes saberte para el concierto!\",\"breadcrumb\":{\"@id\":\"https:\\\/\\\/dondevamos.xyz\\\/concierto-luis-miguel\\\/canciones-setlist\\\/#breadcrumb\"},\"inLanguage\":\"es\",\"potentialAction\":[{\"@type\":\"ReadAction\",\"target\":[\"https:\\\/\\\/dondevamos.xyz\\\/concierto-luis-miguel\\\/canciones-setlist\\\/\"]}]},{\"@type\":\"ImageObject\",\"inLanguage\":\"es\",\"@id\":\"https:\\\/\\\/dondevamos.xyz\\\/concierto-luis-miguel\\\/canciones-setlist\\\/#primaryimage\",\"url\":\"https:\\\/\\\/dondevamos.xyz\\\/concierto-luis-miguel\\\/wp-content\\\/uploads\\\/sites\\\/7\\\/2024\\\/01\\\/61eb862ff2917542935809.jpg\",\"contentUrl\":\"https:\\\/\\\/dondevamos.xyz\\\/concierto-luis-miguel\\\/wp-content\\\/uploads\\\/sites\\\/7\\\/2024\\\/01\\\/61eb862ff2917542935809.jpg\",\"width\":1425,\"height\":1424,\"caption\":\"Foto por Luis Miguel Oficial\"},{\"@type\":\"BreadcrumbList\",\"@id\":\"https:\\\/\\\/dondevamos.xyz\\\/concierto-luis-miguel\\\/canciones-setlist\\\/#breadcrumb\",\"itemListElement\":[{\"@type\":\"ListItem\",\"position\":1,\"name\":\"Portada\",\"item\":\"https:\\\/\\\/dondevamos.xyz\\\/concierto-luis-miguel\\\/\"},{\"@type\":\"ListItem\",\"position\":2,\"name\":\"Canciones que hay que saberse para el concierto de Luis Miguel\"}]},{\"@type\":\"WebSite\",\"@id\":\"https:\\\/\\\/dondevamos.xyz\\\/concierto-luis-miguel\\\/#website\",\"url\":\"https:\\\/\\\/dondevamos.xyz\\\/concierto-luis-miguel\\\/\",\"name\":\"Luis Miguel en Costa Rica\",\"description\":\"Informaci\u00f3n del concierto de Luis Miguel en Costa Rica 2024\",\"publisher\":{\"@id\":\"https:\\\/\\\/dondevamos.xyz\\\/concierto-luis-miguel\\\/#organization\"},\"potentialAction\":[{\"@type\":\"SearchAction\",\"target\":{\"@type\":\"EntryPoint\",\"urlTemplate\":\"https:\\\/\\\/dondevamos.xyz\\\/concierto-luis-miguel\\\/?s={search_term_string}\"},\"query-input\":{\"@type\":\"PropertyValueSpecification\",\"valueRequired\":true,\"valueName\":\"search_term_string\"}}],\"inLanguage\":\"es\"},{\"@type\":\"Organization\",\"@id\":\"https:\\\/\\\/dondevamos.xyz\\\/concierto-luis-miguel\\\/#organization\",\"name\":\"Luis Miguel en Costa Rica\",\"url\":\"https:\\\/\\\/dondevamos.xyz\\\/concierto-luis-miguel\\\/\",\"logo\":{\"@type\":\"ImageObject\",\"inLanguage\":\"es\",\"@id\":\"https:\\\/\\\/dondevamos.xyz\\\/concierto-luis-miguel\\\/#\\\/schema\\\/logo\\\/image\\\/\",\"url\":\"https:\\\/\\\/dondevamos.xyz\\\/concierto-luis-miguel\\\/wp-content\\\/uploads\\\/sites\\\/7\\\/2024\\\/01\\\/dondevamos.jpeg\",\"contentUrl\":\"https:\\\/\\\/dondevamos.xyz\\\/concierto-luis-miguel\\\/wp-content\\\/uploads\\\/sites\\\/7\\\/2024\\\/01\\\/dondevamos.jpeg\",\"width\":200,\"height\":200,\"caption\":\"Luis Miguel en Costa Rica\"},\"image\":{\"@id\":\"https:\\\/\\\/dondevamos.xyz\\\/concierto-luis-miguel\\\/#\\\/schema\\\/logo\\\/image\\\/\"}}]}<\/script>\n<!-- \/ Yoast SEO plugin. -->","yoast_head_json":{"title":"Canciones que hay que saberse para el concierto de Luis Miguel - Luis Miguel en Costa Rica","description":"Cu\u00e1les son las canciones m\u00e1s famosas de Luis Miguel? Aqu\u00ed encontrar\u00e1s los playlist que debes saberte para el concierto!","robots":{"index":"index","follow":"follow","max-snippet":"max-snippet:-1","max-image-preview":"max-image-preview:large","max-video-preview":"max-video-preview:-1"},"canonical":"https:\/\/dondevamos.xyz\/concierto-luis-miguel\/canciones-setlist\/","og_locale":"es_ES","og_type":"article","og_title":"Canciones que hay que saberse para el concierto de Luis Miguel - Luis Miguel en Costa Rica","og_description":"Cu\u00e1les son las canciones m\u00e1s famosas de Luis Miguel? Aqu\u00ed encontrar\u00e1s los playlist que debes saberte para el concierto!","og_url":"https:\/\/dondevamos.xyz\/concierto-luis-miguel\/canciones-setlist\/","og_site_name":"Luis Miguel en Costa Rica","article_modified_time":"2024-01-20T19:25:23+00:00","og_image":[{"width":1425,"height":1424,"url":"https:\/\/dondevamos.xyz\/concierto-luis-miguel\/wp-content\/uploads\/sites\/7\/2024\/01\/61eb862ff2917542935809.jpg","type":"image\/jpeg"}],"twitter_card":"summary_large_image","twitter_misc":{"Tiempo de lectura":"2 minutos"},"schema":{"@context":"https:\/\/schema.org","@graph":[{"@type":"WebPage","@id":"https:\/\/dondevamos.xyz\/concierto-luis-miguel\/canciones-setlist\/","url":"https:\/\/dondevamos.xyz\/concierto-luis-miguel\/canciones-setlist\/","name":"Canciones que hay que saberse para el concierto de Luis Miguel - Luis Miguel en Costa Rica","isPartOf":{"@id":"https:\/\/dondevamos.xyz\/concierto-luis-miguel\/#website"},"primaryImageOfPage":{"@id":"https:\/\/dondevamos.xyz\/concierto-luis-miguel\/canciones-setlist\/#primaryimage"},"image":{"@id":"https:\/\/dondevamos.xyz\/concierto-luis-miguel\/canciones-setlist\/#primaryimage"},"thumbnailUrl":"https:\/\/dondevamos.xyz\/concierto-luis-miguel\/wp-content\/uploads\/sites\/7\/2024\/01\/61eb862ff2917542935809.jpg","datePublished":"2024-01-20T18:58:25+00:00","dateModified":"2024-01-20T19:25:23+00:00","description":"Cu\u00e1les son las canciones m\u00e1s famosas de Luis Miguel? Aqu\u00ed encontrar\u00e1s los playlist que debes saberte para el concierto!","breadcrumb":{"@id":"https:\/\/dondevamos.xyz\/concierto-luis-miguel\/canciones-setlist\/#breadcrumb"},"inLanguage":"es","potentialAction":[{"@type":"ReadAction","target":["https:\/\/dondevamos.xyz\/concierto-luis-miguel\/canciones-setlist\/"]}]},{"@type":"ImageObject","inLanguage":"es","@id":"https:\/\/dondevamos.xyz\/concierto-luis-miguel\/canciones-setlist\/#primaryimage","url":"https:\/\/dondevamos.xyz\/concierto-luis-miguel\/wp-content\/uploads\/sites\/7\/2024\/01\/61eb862ff2917542935809.jpg","contentUrl":"https:\/\/dondevamos.xyz\/concierto-luis-miguel\/wp-content\/uploads\/sites\/7\/2024\/01\/61eb862ff2917542935809.jpg","width":1425,"height":1424,"caption":"Foto por Luis Miguel Oficial"},{"@type":"BreadcrumbList","@id":"https:\/\/dondevamos.xyz\/concierto-luis-miguel\/canciones-setlist\/#breadcrumb","itemListElement":[{"@type":"ListItem","position":1,"name":"Portada","item":"https:\/\/dondevamos.xyz\/concierto-luis-miguel\/"},{"@type":"ListItem","position":2,"name":"Canciones que hay que saberse para el concierto de Luis Miguel"}]},{"@type":"WebSite","@id":"https:\/\/dondevamos.xyz\/concierto-luis-miguel\/#website","url":"https:\/\/dondevamos.xyz\/concierto-luis-miguel\/","name":"Luis Miguel en Costa Rica","description":"Informaci\u00f3n del concierto de Luis Miguel en Costa Rica 2024","publisher":{"@id":"https:\/\/dondevamos.xyz\/concierto-luis-miguel\/#organization"},"potentialAction":[{"@type":"SearchAction","target":{"@type":"EntryPoint","urlTemplate":"https:\/\/dondevamos.xyz\/concierto-luis-miguel\/?s={search_term_string}"},"query-input":{"@type":"PropertyValueSpecification","valueRequired":true,"valueName":"search_term_string"}}],"inLanguage":"es"},{"@type":"Organization","@id":"https:\/\/dondevamos.xyz\/concierto-luis-miguel\/#organization","name":"Luis Miguel en Costa Rica","url":"https:\/\/dondevamos.xyz\/concierto-luis-miguel\/","logo":{"@type":"ImageObject","inLanguage":"es","@id":"https:\/\/dondevamos.xyz\/concierto-luis-miguel\/#\/schema\/logo\/image\/","url":"https:\/\/dondevamos.xyz\/concierto-luis-miguel\/wp-content\/uploads\/sites\/7\/2024\/01\/dondevamos.jpeg","contentUrl":"https:\/\/dondevamos.xyz\/concierto-luis-miguel\/wp-content\/uploads\/sites\/7\/2024\/01\/dondevamos.jpeg","width":200,"height":200,"caption":"Luis Miguel en Costa Rica"},"image":{"@id":"https:\/\/dondevamos.xyz\/concierto-luis-miguel\/#\/schema\/logo\/image\/"}}]}},"_links":{"self":[{"href":"https:\/\/dondevamos.xyz\/concierto-luis-miguel\/wp-json\/wp\/v2\/pages\/25","targetHints":{"allow":["GET"]}}],"collection":[{"href":"https:\/\/dondevamos.xyz\/concierto-luis-miguel\/wp-json\/wp\/v2\/pages"}],"about":[{"href":"https:\/\/dondevamos.xyz\/concierto-luis-miguel\/wp-json\/wp\/v2\/types\/page"}],"author":[{"embeddable":true,"href":"https:\/\/dondevamos.xyz\/concierto-luis-miguel\/wp-json\/wp\/v2\/users\/2"}],"replies":[{"embeddable":true,"href":"https:\/\/dondevamos.xyz\/concierto-luis-miguel\/wp-json\/wp\/v2\/comments?post=25"}],"version-history":[{"count":5,"href":"https:\/\/dondevamos.xyz\/concierto-luis-miguel\/wp-json\/wp\/v2\/pages\/25\/revisions"}],"predecessor-version":[{"id":83,"href":"https:\/\/dondevamos.xyz\/concierto-luis-miguel\/wp-json\/wp\/v2\/pages\/25\/revisions\/83"}],"wp:featuredmedia":[{"embeddable":true,"href":"https:\/\/dondevamos.xyz\/concierto-luis-miguel\/wp-json\/wp\/v2\/media\/41"}],"wp:attachment":[{"href":"https:\/\/dondevamos.xyz\/concierto-luis-miguel\/wp-json\/wp\/v2\/media?parent=25"}],"curies":[{"name":"wp","href":"https:\/\/api.w.org\/{rel}","templated":true}]}}