{"id":14,"date":"2024-01-20T19:14:50","date_gmt":"2024-01-20T18:14:50","guid":{"rendered":"https:\/\/dondevamos.xyz\/concierto-luis-miguel\/?page_id=14"},"modified":"2024-02-04T15:53:06","modified_gmt":"2024-02-04T14:53:06","slug":"venta-entradas","status":"publish","type":"page","link":"https:\/\/dondevamos.xyz\/concierto-luis-miguel\/venta-entradas\/","title":{"rendered":"Entradas para Luis Miguel en Costa Rica"},"content":{"rendered":"<div class=\"wp-block-image\">\n<figure class=\"aligncenter size-medium\"><img decoding=\"async\" width=\"217\" height=\"300\" data-src=\"https:\/\/dondevamos.xyz\/concierto-luis-miguel\/wp-content\/uploads\/sites\/7\/2024\/01\/420023008_918830259607952_5374237720073193218_n-217x300.jpg\" alt=\"entradas concierto luis miguel\" class=\"wp-image-49 lazyload\" data-srcset=\"https:\/\/dondevamos.xyz\/concierto-luis-miguel\/wp-content\/uploads\/sites\/7\/2024\/01\/420023008_918830259607952_5374237720073193218_n-217x300.jpg 217w, https:\/\/dondevamos.xyz\/concierto-luis-miguel\/wp-content\/uploads\/sites\/7\/2024\/01\/420023008_918830259607952_5374237720073193218_n-740x1024.jpg 740w, https:\/\/dondevamos.xyz\/concierto-luis-miguel\/wp-content\/uploads\/sites\/7\/2024\/01\/420023008_918830259607952_5374237720073193218_n-768x1063.jpg 768w, https:\/\/dondevamos.xyz\/concierto-luis-miguel\/wp-content\/uploads\/sites\/7\/2024\/01\/420023008_918830259607952_5374237720073193218_n-660x913.jpg 660w, https:\/\/dondevamos.xyz\/concierto-luis-miguel\/wp-content\/uploads\/sites\/7\/2024\/01\/420023008_918830259607952_5374237720073193218_n.jpg 925w\" data-sizes=\"(max-width: 217px) 100vw, 217px\" src=\"data:image\/svg+xml;base64,PHN2ZyB3aWR0aD0iMSIgaGVpZ2h0PSIxIiB4bWxucz0iaHR0cDovL3d3dy53My5vcmcvMjAwMC9zdmciPjwvc3ZnPg==\" style=\"--smush-placeholder-width: 217px; --smush-placeholder-aspect-ratio: 217\/300;\" \/><figcaption class=\"wp-element-caption\">Foto por <a href=\"https:\/\/luismigueloficial.com\/\">Luis Miguel Oficial<\/a><\/figcaption><\/figure>\n<\/div>\n\n\n<p> \u00a1No te pierdas el concierto inolvidable de Luis Miguel! <\/p>\n\n\n\n<p>\u00a1Las entradas ya est\u00e1n a la venta a trav\u00e9s de <a href=\"https:\/\/www.eticket.cr\/eventos.aspx?idartista=844\" target=\"_blank\" rel=\"noreferrer noopener\">eTicket.CR<\/a>! Este es tu boleto dorado para sumergirte en la magia musical de El Sol de M\u00e9xico en el Estadio Nacional de Costa Rica el 8 de febrero de 2024.<\/p>\n\n\n\n<h2 class=\"wp-block-heading\">Todav\u00eda hay entradas para el concierto de Luis Miguel?<\/h2>\n\n\n\n<p>Seg\u00fan el sitio de eTicket, las entradas ya se agotaron excepto en los espacios VIP. Actualmente quedan en Balc\u00f3n Premium y Gramilla de Pie. No ha habido noticias de que vayan a habilitar ubicaciones con entradas adicionales. Para ver qu\u00e9 ubicaciones quedan todav\u00eda para comprar, visite el sitio de <a href=\"https:\/\/www.eticket.cr\/eventos.aspx?idartista=844\" target=\"_blank\" rel=\"noreferrer noopener\">eTicket<\/a>.<\/p>\n\n\n<div class=\"wp-block-image\">\n<figure data-wp-context=\"{&quot;imageId&quot;:&quot;69e350419f9f3&quot;}\" data-wp-interactive=\"core\/image\" data-wp-key=\"69e350419f9f3\" class=\"aligncenter size-full wp-lightbox-container\"><img decoding=\"async\" width=\"500\" height=\"500\" data-wp-class--hide=\"state.isContentHidden\" data-wp-class--show=\"state.isContentVisible\" data-wp-init=\"callbacks.setButtonStyles\" data-wp-on--click=\"actions.showLightbox\" data-wp-on--load=\"callbacks.setButtonStyles\" data-wp-on-window--resize=\"callbacks.setButtonStyles\" data-src=\"https:\/\/dondevamos.xyz\/concierto-luis-miguel\/wp-content\/uploads\/sites\/7\/2024\/01\/luis-miguel-estadio-nacional.png\" alt=\"entradas para luis miguel costa rica 2024\" class=\"wp-image-16 lazyload\" data-srcset=\"https:\/\/dondevamos.xyz\/concierto-luis-miguel\/wp-content\/uploads\/sites\/7\/2024\/01\/luis-miguel-estadio-nacional.png 500w, https:\/\/dondevamos.xyz\/concierto-luis-miguel\/wp-content\/uploads\/sites\/7\/2024\/01\/luis-miguel-estadio-nacional-300x300.png 300w, https:\/\/dondevamos.xyz\/concierto-luis-miguel\/wp-content\/uploads\/sites\/7\/2024\/01\/luis-miguel-estadio-nacional-150x150.png 150w\" data-sizes=\"(max-width: 500px) 100vw, 500px\" src=\"data:image\/svg+xml;base64,PHN2ZyB3aWR0aD0iMSIgaGVpZ2h0PSIxIiB4bWxucz0iaHR0cDovL3d3dy53My5vcmcvMjAwMC9zdmciPjwvc3ZnPg==\" style=\"--smush-placeholder-width: 500px; --smush-placeholder-aspect-ratio: 500\/500;\" \/><button\n\t\t\tclass=\"lightbox-trigger\"\n\t\t\ttype=\"button\"\n\t\t\taria-haspopup=\"dialog\"\n\t\t\taria-label=\"Agrandar\"\n\t\t\tdata-wp-init=\"callbacks.initTriggerButton\"\n\t\t\tdata-wp-on--click=\"actions.showLightbox\"\n\t\t\tdata-wp-style--right=\"state.imageButtonRight\"\n\t\t\tdata-wp-style--top=\"state.imageButtonTop\"\n\t\t>\n\t\t\t<svg xmlns=\"http:\/\/www.w3.org\/2000\/svg\" width=\"12\" height=\"12\" fill=\"none\" viewBox=\"0 0 12 12\">\n\t\t\t\t<path fill=\"#fff\" d=\"M2 0a2 2 0 0 0-2 2v2h1.5V2a.5.5 0 0 1 .5-.5h2V0H2Zm2 10.5H2a.5.5 0 0 1-.5-.5V8H0v2a2 2 0 0 0 2 2h2v-1.5ZM8 12v-1.5h2a.5.5 0 0 0 .5-.5V8H12v2a2 2 0 0 1-2 2H8Zm2-12a2 2 0 0 1 2 2v2h-1.5V2a.5.5 0 0 0-.5-.5H8V0h2Z\" \/>\n\t\t\t<\/svg>\n\t\t<\/button><\/figure>\n<\/div>\n\n\n<h2 class=\"wp-block-heading\">Qu\u00e9 ubicaciones hay disponibles?<\/h2>\n\n\n\n<p>Para el concierto de Luis Miguel, se habilitaron un mont\u00f3n de ubicaciones en el Estadio, que tienen diferentes precios. Hay Grader\u00eda, sombra, platea, balc\u00f3n y gramilla, con todo tipo de precios. Las entradas empiezan en 35.000 colones en estas ubicaciones. Sin embargo, hay que revisar el sitio de eTicket, ya que muchas ubicaciones ya est\u00e1n agotadas!<\/p>\n\n\n<div class=\"wp-block-image\">\n<figure class=\"aligncenter size-full\"><img decoding=\"async\" width=\"607\" height=\"664\" data-src=\"https:\/\/dondevamos.xyz\/concierto-luis-miguel\/wp-content\/uploads\/sites\/7\/2024\/01\/entradas-luis-miguel-costa-rica.jpg\" alt=\"precios entradas concierto luis miguel\" class=\"wp-image-15 lazyload\" data-srcset=\"https:\/\/dondevamos.xyz\/concierto-luis-miguel\/wp-content\/uploads\/sites\/7\/2024\/01\/entradas-luis-miguel-costa-rica.jpg 607w, https:\/\/dondevamos.xyz\/concierto-luis-miguel\/wp-content\/uploads\/sites\/7\/2024\/01\/entradas-luis-miguel-costa-rica-274x300.jpg 274w\" data-sizes=\"(max-width: 607px) 100vw, 607px\" src=\"data:image\/svg+xml;base64,PHN2ZyB3aWR0aD0iMSIgaGVpZ2h0PSIxIiB4bWxucz0iaHR0cDovL3d3dy53My5vcmcvMjAwMC9zdmciPjwvc3ZnPg==\" style=\"--smush-placeholder-width: 607px; --smush-placeholder-aspect-ratio: 607\/664;\" \/><\/figure>\n<\/div>\n\n\n<p>Tambi\u00e9n hay entradas VIP ONE en balc\u00f3n y platea, cuyo costo est\u00e1 entre 163.000 y 200.000 colones:<\/p>\n\n\n<div class=\"wp-block-image\">\n<figure class=\"aligncenter size-full\"><img decoding=\"async\" width=\"618\" height=\"199\" data-src=\"https:\/\/dondevamos.xyz\/concierto-luis-miguel\/wp-content\/uploads\/sites\/7\/2024\/01\/entradas-especiales-luis-miguel-costa-rica.jpg\" alt=\"precios de entradas luis miguel costa rica\" class=\"wp-image-17 lazyload\" data-srcset=\"https:\/\/dondevamos.xyz\/concierto-luis-miguel\/wp-content\/uploads\/sites\/7\/2024\/01\/entradas-especiales-luis-miguel-costa-rica.jpg 618w, https:\/\/dondevamos.xyz\/concierto-luis-miguel\/wp-content\/uploads\/sites\/7\/2024\/01\/entradas-especiales-luis-miguel-costa-rica-300x97.jpg 300w\" data-sizes=\"(max-width: 618px) 100vw, 618px\" src=\"data:image\/svg+xml;base64,PHN2ZyB3aWR0aD0iMSIgaGVpZ2h0PSIxIiB4bWxucz0iaHR0cDovL3d3dy53My5vcmcvMjAwMC9zdmciPjwvc3ZnPg==\" style=\"--smush-placeholder-width: 618px; --smush-placeholder-aspect-ratio: 618\/199;\" \/><\/figure>\n<\/div>\n\n\n<h2 class=\"wp-block-heading\">C\u00f3mo comprar las entradas para el concierto de Luis Miguel<\/h2>\n\n\n\n<p>Las entradas para el concierto de Luis Miguel se pueden adquirir de manera conveniente a trav\u00e9s de eTicket. El proceso de compra es sencillo y se realiza en l\u00ednea utilizando una tarjeta de cr\u00e9dito. Es importante destacar que no existe venta f\u00edsica de entradas para este evento, solo por internet se pueden comprar.<\/p>\n\n\n\n<p>Para comprar entradas, hay que ingresar a <a href=\"https:\/\/www.eticket.cr\/eventos.aspx?idartista=844\" target=\"_blank\" rel=\"noreferrer noopener\">Eticket.CR<\/a>. En la p\u00e1gina de eTicket, deben elegir cu\u00e1l tipo de entrada quieren (normal o ONE VIP). A partir de ah\u00ed eligen la ubicaci\u00f3n que quieren, y realizan la compra de entradas.<\/p>\n\n\n<div class=\"wp-block-image\">\n<figure class=\"alignleft size-medium\"><img decoding=\"async\" width=\"225\" height=\"300\" data-src=\"https:\/\/dondevamos.xyz\/concierto-luis-miguel\/wp-content\/uploads\/sites\/7\/2024\/01\/tickets-672414_640-225x300.jpg\" alt=\"entradas concierto luis miguel\" class=\"wp-image-51 lazyload\" data-srcset=\"https:\/\/dondevamos.xyz\/concierto-luis-miguel\/wp-content\/uploads\/sites\/7\/2024\/01\/tickets-672414_640-225x300.jpg 225w, https:\/\/dondevamos.xyz\/concierto-luis-miguel\/wp-content\/uploads\/sites\/7\/2024\/01\/tickets-672414_640.jpg 480w\" data-sizes=\"(max-width: 225px) 100vw, 225px\" src=\"data:image\/svg+xml;base64,PHN2ZyB3aWR0aD0iMSIgaGVpZ2h0PSIxIiB4bWxucz0iaHR0cDovL3d3dy53My5vcmcvMjAwMC9zdmciPjwvc3ZnPg==\" style=\"--smush-placeholder-width: 225px; --smush-placeholder-aspect-ratio: 225\/300;\" \/><figcaption class=\"wp-element-caption\">Foto por <a href=\"https:\/\/pixabay.com\/users\/lori61-847572\/\">Lori61<\/a><\/figcaption><\/figure>\n<\/div>\n\n\n<p>En la plataforma de eTicket, se permite que una persona compre varias entradas. Si va a ir acompa\u00f1ado al concierto, puede comprar las entradas y luego repartirlas. Para repartir las entradas, lo mejor es decirle al sitio de eTicket que se las transfiera a la otra persona, de esta forma la entrada se desconecta de la cuenta de uno, queda en la cuenta de la otra persona y a partir de ah\u00ed, es responsabilidad de esa persona su cuidado y tenencia.<\/p>\n\n\n\n<p>Si su entrada tiene un c\u00f3digo QR, no revele ni muestre ese c\u00f3digo a nadie, ya que contiene los datos privados de su entrada. <\/p>\n\n\n\n<p>Si va a imprimir sus entradas, lo mejor es no hacerlo hasta el \u00faltimo momento. De esta forma no se expone a que otros obtengan una copia o los datos de su entrada, y los usen antes que usted. Recuerde que eTicket asume que la persona que presenta una entrada v\u00e1lida, es la due\u00f1a, aunque la compra est\u00e9 a nombre de alguien m\u00e1s!<\/p>\n\n\n\n<h2 class=\"wp-block-heading\">Entradas en reventa para el concierto de Luis Miguel<\/h2>\n\n\n\n<p>Si, probablemente haya reventa de entradas para el concierto de Luis Miguel, por internet y en persona el d\u00eda del concierto. Pero tenga en cuenta que la compra de entradas de reventa conlleva riesgos, y puede resultar en malas experiencias! Recuerde que  la productora del evento no se hace responsable por problemas que puedan surgir con entradas adquiridas de esta manera.<\/p>\n\n\n\n<p>En conciertos anteriores, se han reportado casos de estafas considerables relacionadas con la compra de boletos en reventa por internet. Adem\u00e1s recuerde que si alguien se presenta con la misma entrada que usted tiene al concierto, dejan entrar al que llegue primero y al otro le niegan la entrada. <\/p>\n\n\n\n<p>Para que su experiencia sea la mejor en el concierto de Luis Miguel, se recomienda adquirir las entradas solo a trav\u00e9s de canales oficiales, como el sitio web de eTicket. Al hacerlo, pueden contar con la garant\u00eda de que sus boletos son leg\u00edtimos y v\u00e1lidos, y estar\u00e1 preparado para vivir una noche espectacular en el concierto de Luis Miguel en Costa Rica!<\/p>\n\n\n<div class=\"wp-block-image\">\n<figure class=\"aligncenter size-medium\"><img decoding=\"async\" width=\"300\" height=\"300\" data-src=\"https:\/\/dondevamos.xyz\/concierto-luis-miguel\/wp-content\/uploads\/sites\/7\/2024\/01\/c0acc04b-0442-4b0c-b3af-1ac0233cbc34-300x300.jpeg\" alt=\"reventa entradas concierto luis miguel\" class=\"wp-image-52 lazyload\" data-srcset=\"https:\/\/dondevamos.xyz\/concierto-luis-miguel\/wp-content\/uploads\/sites\/7\/2024\/01\/c0acc04b-0442-4b0c-b3af-1ac0233cbc34-300x300.jpeg 300w, https:\/\/dondevamos.xyz\/concierto-luis-miguel\/wp-content\/uploads\/sites\/7\/2024\/01\/c0acc04b-0442-4b0c-b3af-1ac0233cbc34-150x150.jpeg 150w, https:\/\/dondevamos.xyz\/concierto-luis-miguel\/wp-content\/uploads\/sites\/7\/2024\/01\/c0acc04b-0442-4b0c-b3af-1ac0233cbc34-768x768.jpeg 768w, https:\/\/dondevamos.xyz\/concierto-luis-miguel\/wp-content\/uploads\/sites\/7\/2024\/01\/c0acc04b-0442-4b0c-b3af-1ac0233cbc34-660x660.jpeg 660w, https:\/\/dondevamos.xyz\/concierto-luis-miguel\/wp-content\/uploads\/sites\/7\/2024\/01\/c0acc04b-0442-4b0c-b3af-1ac0233cbc34.jpeg 1024w\" data-sizes=\"(max-width: 300px) 100vw, 300px\" src=\"data:image\/svg+xml;base64,PHN2ZyB3aWR0aD0iMSIgaGVpZ2h0PSIxIiB4bWxucz0iaHR0cDovL3d3dy53My5vcmcvMjAwMC9zdmciPjwvc3ZnPg==\" style=\"--smush-placeholder-width: 300px; --smush-placeholder-aspect-ratio: 300\/300;\" \/><\/figure>\n<\/div><!-- AddThis Advanced Settings generic via filter on the_content --><!-- AddThis Share Buttons generic via filter on the_content -->","protected":false},"excerpt":{"rendered":"<p>\u00a1No te pierdas el concierto inolvidable de Luis Miguel! \u00a1Las entradas ya est\u00e1n a la venta a trav\u00e9s de eTicket.CR! Este es tu boleto dorado para sumergirte en la magia musical de El Sol de M\u00e9xico en el Estadio Nacional de Costa Rica el 8 de febrero de 2024. Todav\u00eda hay entradas para el concierto\u2026 <span class=\"read-more\"><a href=\"https:\/\/dondevamos.xyz\/concierto-luis-miguel\/venta-entradas\/\">Leer m\u00e1s &raquo;<\/a><\/span><!-- AddThis Advanced Settings generic via filter on get_the_excerpt --><!-- AddThis Share Buttons generic via filter on get_the_excerpt --><\/p>\n","protected":false},"author":2,"featured_media":51,"parent":0,"menu_order":0,"comment_status":"closed","ping_status":"closed","template":"","meta":{"footnotes":""},"class_list":["post-14","page","type-page","status-publish","has-post-thumbnail","hentry"],"yoast_head":"<!-- This site is optimized with the Yoast SEO plugin v27.4 - https:\/\/yoast.com\/product\/yoast-seo-wordpress\/ -->\n<title>Entradas para Luis Miguel en Costa Rica - Luis Miguel en Costa Rica<\/title>\n<meta name=\"description\" content=\"A d\u00f3nde se consiguen las entradas para el concierto de Luis Miguel? Cu\u00e1nto cuestan? Hay entradas en reventa?\" \/>\n<meta name=\"robots\" content=\"index, follow, max-snippet:-1, max-image-preview:large, max-video-preview:-1\" \/>\n<link rel=\"canonical\" href=\"https:\/\/dondevamos.xyz\/concierto-luis-miguel\/venta-entradas\/\" \/>\n<meta property=\"og:locale\" content=\"es_ES\" \/>\n<meta property=\"og:type\" content=\"article\" \/>\n<meta property=\"og:title\" content=\"Entradas para Luis Miguel en Costa Rica - Luis Miguel en Costa Rica\" \/>\n<meta property=\"og:description\" content=\"A d\u00f3nde se consiguen las entradas para el concierto de Luis Miguel? Cu\u00e1nto cuestan? Hay entradas en reventa?\" \/>\n<meta property=\"og:url\" content=\"https:\/\/dondevamos.xyz\/concierto-luis-miguel\/venta-entradas\/\" \/>\n<meta property=\"og:site_name\" content=\"Luis Miguel en Costa Rica\" \/>\n<meta property=\"article:modified_time\" content=\"2024-02-04T14:53:06+00:00\" \/>\n<meta property=\"og:image\" content=\"https:\/\/dondevamos.xyz\/concierto-luis-miguel\/wp-content\/uploads\/sites\/7\/2024\/01\/tickets-672414_640.jpg\" \/>\n\t<meta property=\"og:image:width\" content=\"480\" \/>\n\t<meta property=\"og:image:height\" content=\"640\" \/>\n\t<meta property=\"og:image:type\" content=\"image\/jpeg\" \/>\n<meta name=\"twitter:card\" content=\"summary_large_image\" \/>\n<meta name=\"twitter:label1\" content=\"Tiempo de lectura\" \/>\n\t<meta name=\"twitter:data1\" content=\"5 minutos\" \/>\n<script type=\"application\/ld+json\" class=\"yoast-schema-graph\">{\"@context\":\"https:\\\/\\\/schema.org\",\"@graph\":[{\"@type\":\"WebPage\",\"@id\":\"https:\\\/\\\/dondevamos.xyz\\\/concierto-luis-miguel\\\/venta-entradas\\\/\",\"url\":\"https:\\\/\\\/dondevamos.xyz\\\/concierto-luis-miguel\\\/venta-entradas\\\/\",\"name\":\"Entradas para Luis Miguel en Costa Rica - Luis Miguel en Costa Rica\",\"isPartOf\":{\"@id\":\"https:\\\/\\\/dondevamos.xyz\\\/concierto-luis-miguel\\\/#website\"},\"primaryImageOfPage\":{\"@id\":\"https:\\\/\\\/dondevamos.xyz\\\/concierto-luis-miguel\\\/venta-entradas\\\/#primaryimage\"},\"image\":{\"@id\":\"https:\\\/\\\/dondevamos.xyz\\\/concierto-luis-miguel\\\/venta-entradas\\\/#primaryimage\"},\"thumbnailUrl\":\"https:\\\/\\\/dondevamos.xyz\\\/concierto-luis-miguel\\\/wp-content\\\/uploads\\\/sites\\\/7\\\/2024\\\/01\\\/tickets-672414_640.jpg\",\"datePublished\":\"2024-01-20T18:14:50+00:00\",\"dateModified\":\"2024-02-04T14:53:06+00:00\",\"description\":\"A d\u00f3nde se consiguen las entradas para el concierto de Luis Miguel? Cu\u00e1nto cuestan? Hay entradas en reventa?\",\"breadcrumb\":{\"@id\":\"https:\\\/\\\/dondevamos.xyz\\\/concierto-luis-miguel\\\/venta-entradas\\\/#breadcrumb\"},\"inLanguage\":\"es\",\"potentialAction\":[{\"@type\":\"ReadAction\",\"target\":[\"https:\\\/\\\/dondevamos.xyz\\\/concierto-luis-miguel\\\/venta-entradas\\\/\"]}]},{\"@type\":\"ImageObject\",\"inLanguage\":\"es\",\"@id\":\"https:\\\/\\\/dondevamos.xyz\\\/concierto-luis-miguel\\\/venta-entradas\\\/#primaryimage\",\"url\":\"https:\\\/\\\/dondevamos.xyz\\\/concierto-luis-miguel\\\/wp-content\\\/uploads\\\/sites\\\/7\\\/2024\\\/01\\\/tickets-672414_640.jpg\",\"contentUrl\":\"https:\\\/\\\/dondevamos.xyz\\\/concierto-luis-miguel\\\/wp-content\\\/uploads\\\/sites\\\/7\\\/2024\\\/01\\\/tickets-672414_640.jpg\",\"width\":480,\"height\":640,\"caption\":\"Foto por Lori61\"},{\"@type\":\"BreadcrumbList\",\"@id\":\"https:\\\/\\\/dondevamos.xyz\\\/concierto-luis-miguel\\\/venta-entradas\\\/#breadcrumb\",\"itemListElement\":[{\"@type\":\"ListItem\",\"position\":1,\"name\":\"Portada\",\"item\":\"https:\\\/\\\/dondevamos.xyz\\\/concierto-luis-miguel\\\/\"},{\"@type\":\"ListItem\",\"position\":2,\"name\":\"Entradas para Luis Miguel en Costa Rica\"}]},{\"@type\":\"WebSite\",\"@id\":\"https:\\\/\\\/dondevamos.xyz\\\/concierto-luis-miguel\\\/#website\",\"url\":\"https:\\\/\\\/dondevamos.xyz\\\/concierto-luis-miguel\\\/\",\"name\":\"Luis Miguel en Costa Rica\",\"description\":\"Informaci\u00f3n del concierto de Luis Miguel en Costa Rica 2024\",\"publisher\":{\"@id\":\"https:\\\/\\\/dondevamos.xyz\\\/concierto-luis-miguel\\\/#organization\"},\"potentialAction\":[{\"@type\":\"SearchAction\",\"target\":{\"@type\":\"EntryPoint\",\"urlTemplate\":\"https:\\\/\\\/dondevamos.xyz\\\/concierto-luis-miguel\\\/?s={search_term_string}\"},\"query-input\":{\"@type\":\"PropertyValueSpecification\",\"valueRequired\":true,\"valueName\":\"search_term_string\"}}],\"inLanguage\":\"es\"},{\"@type\":\"Organization\",\"@id\":\"https:\\\/\\\/dondevamos.xyz\\\/concierto-luis-miguel\\\/#organization\",\"name\":\"Luis Miguel en Costa Rica\",\"url\":\"https:\\\/\\\/dondevamos.xyz\\\/concierto-luis-miguel\\\/\",\"logo\":{\"@type\":\"ImageObject\",\"inLanguage\":\"es\",\"@id\":\"https:\\\/\\\/dondevamos.xyz\\\/concierto-luis-miguel\\\/#\\\/schema\\\/logo\\\/image\\\/\",\"url\":\"https:\\\/\\\/dondevamos.xyz\\\/concierto-luis-miguel\\\/wp-content\\\/uploads\\\/sites\\\/7\\\/2024\\\/01\\\/dondevamos.jpeg\",\"contentUrl\":\"https:\\\/\\\/dondevamos.xyz\\\/concierto-luis-miguel\\\/wp-content\\\/uploads\\\/sites\\\/7\\\/2024\\\/01\\\/dondevamos.jpeg\",\"width\":200,\"height\":200,\"caption\":\"Luis Miguel en Costa Rica\"},\"image\":{\"@id\":\"https:\\\/\\\/dondevamos.xyz\\\/concierto-luis-miguel\\\/#\\\/schema\\\/logo\\\/image\\\/\"}}]}<\/script>\n<!-- \/ Yoast SEO plugin. -->","yoast_head_json":{"title":"Entradas para Luis Miguel en Costa Rica - Luis Miguel en Costa Rica","description":"A d\u00f3nde se consiguen las entradas para el concierto de Luis Miguel? Cu\u00e1nto cuestan? Hay entradas en reventa?","robots":{"index":"index","follow":"follow","max-snippet":"max-snippet:-1","max-image-preview":"max-image-preview:large","max-video-preview":"max-video-preview:-1"},"canonical":"https:\/\/dondevamos.xyz\/concierto-luis-miguel\/venta-entradas\/","og_locale":"es_ES","og_type":"article","og_title":"Entradas para Luis Miguel en Costa Rica - Luis Miguel en Costa Rica","og_description":"A d\u00f3nde se consiguen las entradas para el concierto de Luis Miguel? Cu\u00e1nto cuestan? Hay entradas en reventa?","og_url":"https:\/\/dondevamos.xyz\/concierto-luis-miguel\/venta-entradas\/","og_site_name":"Luis Miguel en Costa Rica","article_modified_time":"2024-02-04T14:53:06+00:00","og_image":[{"width":480,"height":640,"url":"https:\/\/dondevamos.xyz\/concierto-luis-miguel\/wp-content\/uploads\/sites\/7\/2024\/01\/tickets-672414_640.jpg","type":"image\/jpeg"}],"twitter_card":"summary_large_image","twitter_misc":{"Tiempo de lectura":"5 minutos"},"schema":{"@context":"https:\/\/schema.org","@graph":[{"@type":"WebPage","@id":"https:\/\/dondevamos.xyz\/concierto-luis-miguel\/venta-entradas\/","url":"https:\/\/dondevamos.xyz\/concierto-luis-miguel\/venta-entradas\/","name":"Entradas para Luis Miguel en Costa Rica - Luis Miguel en Costa Rica","isPartOf":{"@id":"https:\/\/dondevamos.xyz\/concierto-luis-miguel\/#website"},"primaryImageOfPage":{"@id":"https:\/\/dondevamos.xyz\/concierto-luis-miguel\/venta-entradas\/#primaryimage"},"image":{"@id":"https:\/\/dondevamos.xyz\/concierto-luis-miguel\/venta-entradas\/#primaryimage"},"thumbnailUrl":"https:\/\/dondevamos.xyz\/concierto-luis-miguel\/wp-content\/uploads\/sites\/7\/2024\/01\/tickets-672414_640.jpg","datePublished":"2024-01-20T18:14:50+00:00","dateModified":"2024-02-04T14:53:06+00:00","description":"A d\u00f3nde se consiguen las entradas para el concierto de Luis Miguel? Cu\u00e1nto cuestan? Hay entradas en reventa?","breadcrumb":{"@id":"https:\/\/dondevamos.xyz\/concierto-luis-miguel\/venta-entradas\/#breadcrumb"},"inLanguage":"es","potentialAction":[{"@type":"ReadAction","target":["https:\/\/dondevamos.xyz\/concierto-luis-miguel\/venta-entradas\/"]}]},{"@type":"ImageObject","inLanguage":"es","@id":"https:\/\/dondevamos.xyz\/concierto-luis-miguel\/venta-entradas\/#primaryimage","url":"https:\/\/dondevamos.xyz\/concierto-luis-miguel\/wp-content\/uploads\/sites\/7\/2024\/01\/tickets-672414_640.jpg","contentUrl":"https:\/\/dondevamos.xyz\/concierto-luis-miguel\/wp-content\/uploads\/sites\/7\/2024\/01\/tickets-672414_640.jpg","width":480,"height":640,"caption":"Foto por Lori61"},{"@type":"BreadcrumbList","@id":"https:\/\/dondevamos.xyz\/concierto-luis-miguel\/venta-entradas\/#breadcrumb","itemListElement":[{"@type":"ListItem","position":1,"name":"Portada","item":"https:\/\/dondevamos.xyz\/concierto-luis-miguel\/"},{"@type":"ListItem","position":2,"name":"Entradas para Luis Miguel en Costa Rica"}]},{"@type":"WebSite","@id":"https:\/\/dondevamos.xyz\/concierto-luis-miguel\/#website","url":"https:\/\/dondevamos.xyz\/concierto-luis-miguel\/","name":"Luis Miguel en Costa Rica","description":"Informaci\u00f3n del concierto de Luis Miguel en Costa Rica 2024","publisher":{"@id":"https:\/\/dondevamos.xyz\/concierto-luis-miguel\/#organization"},"potentialAction":[{"@type":"SearchAction","target":{"@type":"EntryPoint","urlTemplate":"https:\/\/dondevamos.xyz\/concierto-luis-miguel\/?s={search_term_string}"},"query-input":{"@type":"PropertyValueSpecification","valueRequired":true,"valueName":"search_term_string"}}],"inLanguage":"es"},{"@type":"Organization","@id":"https:\/\/dondevamos.xyz\/concierto-luis-miguel\/#organization","name":"Luis Miguel en Costa Rica","url":"https:\/\/dondevamos.xyz\/concierto-luis-miguel\/","logo":{"@type":"ImageObject","inLanguage":"es","@id":"https:\/\/dondevamos.xyz\/concierto-luis-miguel\/#\/schema\/logo\/image\/","url":"https:\/\/dondevamos.xyz\/concierto-luis-miguel\/wp-content\/uploads\/sites\/7\/2024\/01\/dondevamos.jpeg","contentUrl":"https:\/\/dondevamos.xyz\/concierto-luis-miguel\/wp-content\/uploads\/sites\/7\/2024\/01\/dondevamos.jpeg","width":200,"height":200,"caption":"Luis Miguel en Costa Rica"},"image":{"@id":"https:\/\/dondevamos.xyz\/concierto-luis-miguel\/#\/schema\/logo\/image\/"}}]}},"_links":{"self":[{"href":"https:\/\/dondevamos.xyz\/concierto-luis-miguel\/wp-json\/wp\/v2\/pages\/14","targetHints":{"allow":["GET"]}}],"collection":[{"href":"https:\/\/dondevamos.xyz\/concierto-luis-miguel\/wp-json\/wp\/v2\/pages"}],"about":[{"href":"https:\/\/dondevamos.xyz\/concierto-luis-miguel\/wp-json\/wp\/v2\/types\/page"}],"author":[{"embeddable":true,"href":"https:\/\/dondevamos.xyz\/concierto-luis-miguel\/wp-json\/wp\/v2\/users\/2"}],"replies":[{"embeddable":true,"href":"https:\/\/dondevamos.xyz\/concierto-luis-miguel\/wp-json\/wp\/v2\/comments?post=14"}],"version-history":[{"count":7,"href":"https:\/\/dondevamos.xyz\/concierto-luis-miguel\/wp-json\/wp\/v2\/pages\/14\/revisions"}],"predecessor-version":[{"id":117,"href":"https:\/\/dondevamos.xyz\/concierto-luis-miguel\/wp-json\/wp\/v2\/pages\/14\/revisions\/117"}],"wp:featuredmedia":[{"embeddable":true,"href":"https:\/\/dondevamos.xyz\/concierto-luis-miguel\/wp-json\/wp\/v2\/media\/51"}],"wp:attachment":[{"href":"https:\/\/dondevamos.xyz\/concierto-luis-miguel\/wp-json\/wp\/v2\/media?parent=14"}],"curies":[{"name":"wp","href":"https:\/\/api.w.org\/{rel}","templated":true}]}}