{"id":11,"date":"2024-01-20T19:27:43","date_gmt":"2024-01-20T18:27:43","guid":{"rendered":"https:\/\/dondevamos.xyz\/concierto-luis-miguel\/?page_id=11"},"modified":"2024-01-20T20:24:18","modified_gmt":"2024-01-20T19:24:18","slug":"informacion-concierto","status":"publish","type":"page","link":"https:\/\/dondevamos.xyz\/concierto-luis-miguel\/informacion-concierto\/","title":{"rendered":"El concierto de Luis Miguel en Costa Rica"},"content":{"rendered":"\n<p>El concierto de Luis Miguel 2024 est\u00e1 a cargo de la productora <a href=\"https:\/\/onecr.com\/\" target=\"_blank\" rel=\"noreferrer noopener\">One CR<\/a>, y es el 8 de febrero del 2024 a las 7 PM en el Estadio Nacional. <\/p>\n\n\n<div class=\"wp-block-image\">\n<figure class=\"aligncenter size-medium\"><img decoding=\"async\" width=\"300\" height=\"225\" data-src=\"https:\/\/dondevamos.xyz\/concierto-luis-miguel\/wp-content\/uploads\/sites\/7\/2024\/01\/61e873377da75439269134-300x225.jpg\" alt=\"luis miguel en costa rica\" class=\"wp-image-39 lazyload\" data-srcset=\"https:\/\/dondevamos.xyz\/concierto-luis-miguel\/wp-content\/uploads\/sites\/7\/2024\/01\/61e873377da75439269134-300x225.jpg 300w, https:\/\/dondevamos.xyz\/concierto-luis-miguel\/wp-content\/uploads\/sites\/7\/2024\/01\/61e873377da75439269134-768x576.jpg 768w, https:\/\/dondevamos.xyz\/concierto-luis-miguel\/wp-content\/uploads\/sites\/7\/2024\/01\/61e873377da75439269134-660x495.jpg 660w, https:\/\/dondevamos.xyz\/concierto-luis-miguel\/wp-content\/uploads\/sites\/7\/2024\/01\/61e873377da75439269134.jpg 800w\" data-sizes=\"(max-width: 300px) 100vw, 300px\" src=\"data:image\/svg+xml;base64,PHN2ZyB3aWR0aD0iMSIgaGVpZ2h0PSIxIiB4bWxucz0iaHR0cDovL3d3dy53My5vcmcvMjAwMC9zdmciPjwvc3ZnPg==\" style=\"--smush-placeholder-width: 300px; --smush-placeholder-aspect-ratio: 300\/225;\" \/><figcaption class=\"wp-element-caption\">Foto por <a href=\"https:\/\/luismigueloficial.com\/\">Luis Miguel Oficial<\/a><\/figcaption><\/figure>\n<\/div>\n\n\n<h2 class=\"wp-block-heading\">Tour de Luis Miguel 2024<\/h2>\n\n\n\n<p>El \u00edcono de la m\u00fasica latina, <a href=\"https:\/\/dondevamos.xyz\/concierto-luis-miguel\/quien-es-luis-miguel\/\">Luis Miguel<\/a>, aterriza en Costa Rica como parte de su emocionante Tour 2024 por Latinoam\u00e9rica. Despu\u00e9s de a\u00f1os de anticipaci\u00f3n, sus fans en Costa Rica finalmente tendr\u00e1n la oportunidad de sumergirse en la magia de su inigualable talento en una noche que promete ser \u00e9pica. Las <a href=\"https:\/\/dondevamos.xyz\/concierto-luis-miguel\/venta-entradas\/\">entradas para Luis Miguel en Costa Rica<\/a> ya salieron a la venta.<\/p>\n\n\n<div class=\"wp-block-image\">\n<figure class=\"aligncenter size-full\"><img decoding=\"async\" width=\"864\" height=\"540\" data-src=\"https:\/\/dondevamos.xyz\/concierto-luis-miguel\/wp-content\/uploads\/sites\/7\/2024\/01\/luismiguel2024.jpg\" alt=\"tour 2024 luis miguel\" class=\"wp-image-60 lazyload\" data-srcset=\"https:\/\/dondevamos.xyz\/concierto-luis-miguel\/wp-content\/uploads\/sites\/7\/2024\/01\/luismiguel2024.jpg 864w, https:\/\/dondevamos.xyz\/concierto-luis-miguel\/wp-content\/uploads\/sites\/7\/2024\/01\/luismiguel2024-300x188.jpg 300w, https:\/\/dondevamos.xyz\/concierto-luis-miguel\/wp-content\/uploads\/sites\/7\/2024\/01\/luismiguel2024-768x480.jpg 768w, https:\/\/dondevamos.xyz\/concierto-luis-miguel\/wp-content\/uploads\/sites\/7\/2024\/01\/luismiguel2024-660x413.jpg 660w\" data-sizes=\"(max-width: 864px) 100vw, 864px\" src=\"data:image\/svg+xml;base64,PHN2ZyB3aWR0aD0iMSIgaGVpZ2h0PSIxIiB4bWxucz0iaHR0cDovL3d3dy53My5vcmcvMjAwMC9zdmciPjwvc3ZnPg==\" style=\"--smush-placeholder-width: 864px; --smush-placeholder-aspect-ratio: 864\/540;\" \/><\/figure>\n<\/div>\n\n\n<p>El Tour 2024 abarca Latinoam\u00e9rica, Estados Unidos y Canad\u00e1. En Latinoam\u00e9rica Luis Miguel se presenta en muchos pa\u00edses, entre ellos Rep\u00fablica Dominicana, Puerto Rico, Guatemala, El Salvador, Honduras, Nicaragua, Costa Rica, Colombia, Venezuela, Bolivia, Paraguay, Ecuador, Per\u00fa, Uruguay, Brasil, Argentina y Chile. Pero esos no son los \u00fanicos, como se puede ver en la p\u00e1gina del <a href=\"https:\/\/luismigueloficial.com\/tour-2024\" target=\"_blank\" rel=\"noreferrer noopener\">Tour 2024 de Luis Miguel<\/a>.  <\/p>\n\n\n\n<p>Despu\u00e9s de Latinoam\u00e9rica la gira pasa por Estados Unidos (Washington, Oregon, California, Arizona, Texas y otros) y Canad\u00e1. Para luego, pasar a Espa\u00f1a y terminar a finales de a\u00f1o en Mexico.<\/p>\n\n\n\n<h2 class=\"wp-block-heading\"> Cu\u00e1ndo llega Luis Miguel a Costa Rica?<\/h2>\n\n\n\n<p>Lamentablemente, no se dispone de informaci\u00f3n precisa sobre la fecha exacta de llegada de Luis Miguel a Costa Rica. Por lo general, en giras tan apresuradas como esta, el artista tiende a llegar el mismo d\u00eda del concierto, y se va poco despu\u00e9s de su presentaci\u00f3n. Aunque, en el caso del concierto de Luis Miguel en Costa Rica, hay algunos d\u00edas antes y despu\u00e9s de la presentaci\u00f3n para que el cantante descanse.<\/p>\n\n\n\n<p>El 5 de febrero <a href=\"https:\/\/dondevamos.xyz\/concierto-luis-miguel\/quien-es-luis-miguel\/\">Luis Miguel<\/a> se presenta en Nicaragua, y es hasta el 8 de febrero que hay <a href=\"https:\/\/dondevamos.xyz\/concierto-luis-miguel\/informacion-concierto\/\">concierto en Costa Rica<\/a>. En alg\u00fan momento en esos 3 d\u00edas, llegar\u00e1 al pa\u00eds. Igualmente despu\u00e9s del concierto de Costa Rica, Luis Miguel pasa a Caracas, Venezuela el 12 de febrero. Puede que el cantante permanezca algunos d\u00edas en el pa\u00eds.<\/p>\n\n\n\n<h2 class=\"wp-block-heading\">Cu\u00e1nto dura el concierto de Luis Miguel?<\/h2>\n\n\n\n<p>Los conciertos de Luis Miguel suelen tener una duraci\u00f3n aproximada de alrededor de 2 horas. Los conciertos internacionales suelen ser puntuales en sus tiempo,  lo que significa que es probable que el concierto termine alrededor de las 9 de la noche. <\/p>\n\n\n\n<p>Es importante llegar con suficiente antelaci\u00f3n al concierto de Luis Miguel para evitar cualquier contratiempo con las filas de ingreso y los procesos de validaci\u00f3n de entrada. Llegar temprano te permitir\u00e1 disfrutar de una experiencia m\u00e1s relajada y asegurarte de no perderte ni un solo momento del espect\u00e1culo.<\/p>\n\n\n\n<p>Llegar al menos con una hora de antelaci\u00f3n suele ser una buena idea. Aunque si tienes asiento que no est\u00e9 numerado, puede ser necesario que llegues desde muchas horas antes, para conseguir espacio con buena ubicaci\u00f3n dentro del estadio.<\/p>\n\n\n\n<h2 class=\"wp-block-heading\">Qui\u00e9n abre el concierto de Luis Miguel en Costa Rica?<\/h2>\n\n\n\n<p>Por el momento, no se dispone de informaci\u00f3n sobre el grupo o artista que podr\u00eda abrir el concierto de Luis Miguel en Costa Rica. Lo cierto es que en muchos conciertos recientes de artistas internacionales, no se ha tenido la presencia de grupos teloneros. En algunos casos, los artistas prefieren centrar toda la atenci\u00f3n en su propio espect\u00e1culo.<\/p>\n\n\n\n<h2 class=\"wp-block-heading\">Cu\u00e1l es la mejor forma de ir al concierto de Luis Miguel?<\/h2>\n\n\n\n<p>La elecci\u00f3n del medio de transporte para asistir al concierto de Luis Miguel depende de tus preferencias y comodidades. La opci\u00f3n m\u00e1s recomendable es usar Uber. Por qu\u00e9? Por los problemas de parqueo que tiene el Estadio Nacional. Hay parqueos cercanos en los alrededores del Estadio y en la zona de Rohrmoser y Paseo Col\u00f3n, pero cobran demasiado caro cuando hay conciertos.<\/p>\n\n\n\n<p>Se puede ir en transporte p\u00fablico (bus) usando los buses de Sabana y Pavas. Pero los horarios de los buses son variables, y no est\u00e1 garantizado que uno pueda llegar a tiempo al concierto en bus.<\/p>\n\n\n\n<p>Tambi\u00e9n Transportes Marvi tiene buses para el concierto de Luis Miguel, que salen de diferentes partes de San Jos\u00e9, Cartago, Alajuela y Heredia el d\u00eda del concierto a las 4 PM. Los pases para estos buses los est\u00e1 vendiendo <a href=\"https:\/\/starticket.cr\/e\/2464\/transporte-luis-miguel\" target=\"_blank\" rel=\"noreferrer noopener\">Starticket<\/a> y cuestan entre 4000 y 5000 colones dependiendo del punto de salida.<\/p>\n\n\n<div class=\"wp-block-image\">\n<figure class=\"aligncenter size-large\"><img decoding=\"async\" width=\"1024\" height=\"1024\" data-src=\"https:\/\/dondevamos.xyz\/concierto-luis-miguel\/wp-content\/uploads\/sites\/7\/2024\/01\/busetas-concierto-luis-miguel-1024x1024.jpg\" alt=\"buses al concierto luis miguel\" class=\"wp-image-61 lazyload\" data-srcset=\"https:\/\/dondevamos.xyz\/concierto-luis-miguel\/wp-content\/uploads\/sites\/7\/2024\/01\/busetas-concierto-luis-miguel-1024x1024.jpg 1024w, https:\/\/dondevamos.xyz\/concierto-luis-miguel\/wp-content\/uploads\/sites\/7\/2024\/01\/busetas-concierto-luis-miguel-300x300.jpg 300w, https:\/\/dondevamos.xyz\/concierto-luis-miguel\/wp-content\/uploads\/sites\/7\/2024\/01\/busetas-concierto-luis-miguel-150x150.jpg 150w, https:\/\/dondevamos.xyz\/concierto-luis-miguel\/wp-content\/uploads\/sites\/7\/2024\/01\/busetas-concierto-luis-miguel-768x768.jpg 768w, https:\/\/dondevamos.xyz\/concierto-luis-miguel\/wp-content\/uploads\/sites\/7\/2024\/01\/busetas-concierto-luis-miguel-660x660.jpg 660w, https:\/\/dondevamos.xyz\/concierto-luis-miguel\/wp-content\/uploads\/sites\/7\/2024\/01\/busetas-concierto-luis-miguel.jpg 1200w\" data-sizes=\"(max-width: 1024px) 100vw, 1024px\" src=\"data:image\/svg+xml;base64,PHN2ZyB3aWR0aD0iMSIgaGVpZ2h0PSIxIiB4bWxucz0iaHR0cDovL3d3dy53My5vcmcvMjAwMC9zdmciPjwvc3ZnPg==\" style=\"--smush-placeholder-width: 1024px; --smush-placeholder-aspect-ratio: 1024\/1024;\" \/><\/figure>\n<\/div>\n\n\n<p>Ir al concierto en tren no es tan recomendable. Aunque hay una parada de trenes en La Sabana, los servicios de <a href=\"https:\/\/incofer.go.cr\/transporte-de-personas\/\" target=\"_blank\" rel=\"noreferrer noopener\">tren de INCOFER<\/a> no son buenos, y los horarios normalmente no resultan convenientes. Para el 8 de febrero, que es un jueves, el tren llega a La Sabana a las 6 PM, pero solo hay servicio desde la Estaci\u00f3n al Pac\u00edfico (direcci\u00f3n Bel\u00e9n). Si toman la l\u00ednea direcci\u00f3n Curridabat, el tren m\u00e1s pr\u00f3ximo a la hora del concierto llega a La Sabana a las 5:30 PM.<\/p>\n\n\n\n<p>Si va en carro, tenga presente que alrededor del Estadio no se puede estacionar en cualquier parte. Si estaciona en zona amarilla, cerca de hidrantes, frente a cocheras o en otras zonas prohibidas, la Polic\u00eda de Tr\u00e1nsito le puede bajar las placas. Ya en conciertos anteriores en el Estadio Nacional, ha sucedido que a un mont\u00f3n de gente le bajan las placas!<\/p>\n\n\n\n<h2 class=\"wp-block-heading\">Se permite el ingreso de menores de edad al concierto?<\/h2>\n\n\n\n<p>Seg\u00fan la p\u00e1gina de eTicket, puede entrar todo p\u00fablico, pero solamente a ciertas \u00e1reas. Las \u00e1reas reservadas para mayores de 18 a\u00f1os son:<\/p>\n\n\n\n<ul class=\"wp-block-list\">\n<li>La incondicional VIP<\/li>\n\n\n\n<li>Diamante<\/li>\n\n\n\n<li>Platinum<\/li>\n\n\n\n<li>Oro<\/li>\n\n\n\n<li>Gramilla de pie<\/li>\n<\/ul>\n\n\n\n<p><\/p>\n<!-- AddThis Advanced Settings generic via filter on the_content --><!-- AddThis Share Buttons generic via filter on the_content -->","protected":false},"excerpt":{"rendered":"<p>El concierto de Luis Miguel 2024 est\u00e1 a cargo de la productora One CR, y es el 8 de febrero del 2024 a las 7 PM en el Estadio Nacional. Tour de Luis Miguel 2024 El \u00edcono de la m\u00fasica latina, Luis Miguel, aterriza en Costa Rica como parte de su emocionante Tour 2024 por\u2026 <span class=\"read-more\"><a href=\"https:\/\/dondevamos.xyz\/concierto-luis-miguel\/informacion-concierto\/\">Leer m\u00e1s &raquo;<\/a><\/span><!-- AddThis Advanced Settings generic via filter on get_the_excerpt --><!-- AddThis Share Buttons generic via filter on get_the_excerpt --><\/p>\n","protected":false},"author":2,"featured_media":58,"parent":0,"menu_order":0,"comment_status":"closed","ping_status":"closed","template":"","meta":{"footnotes":""},"class_list":["post-11","page","type-page","status-publish","has-post-thumbnail","hentry"],"yoast_head":"<!-- This site is optimized with the Yoast SEO plugin v27.4 - https:\/\/yoast.com\/product\/yoast-seo-wordpress\/ -->\n<title>El concierto de Luis Miguel en Costa Rica - Luis Miguel en Costa Rica<\/title>\n<meta name=\"description\" content=\"Informaci\u00f3n del concierto: cu\u00e1ndo es, d\u00f3nde hay entradas, servicios de busetas al estadio, y m\u00e1s!\" \/>\n<meta name=\"robots\" content=\"index, follow, max-snippet:-1, max-image-preview:large, max-video-preview:-1\" \/>\n<link rel=\"canonical\" href=\"https:\/\/dondevamos.xyz\/concierto-luis-miguel\/informacion-concierto\/\" \/>\n<meta property=\"og:locale\" content=\"es_ES\" \/>\n<meta property=\"og:type\" content=\"article\" \/>\n<meta property=\"og:title\" content=\"El concierto de Luis Miguel en Costa Rica - Luis Miguel en Costa Rica\" \/>\n<meta property=\"og:description\" content=\"Informaci\u00f3n del concierto: cu\u00e1ndo es, d\u00f3nde hay entradas, servicios de busetas al estadio, y m\u00e1s!\" \/>\n<meta property=\"og:url\" content=\"https:\/\/dondevamos.xyz\/concierto-luis-miguel\/informacion-concierto\/\" \/>\n<meta property=\"og:site_name\" content=\"Luis Miguel en Costa Rica\" \/>\n<meta property=\"article:modified_time\" content=\"2024-01-20T19:24:18+00:00\" \/>\n<meta property=\"og:image\" content=\"https:\/\/dondevamos.xyz\/concierto-luis-miguel\/wp-content\/uploads\/sites\/7\/2024\/01\/audience-1853662_1280.jpg\" \/>\n\t<meta property=\"og:image:width\" content=\"1280\" \/>\n\t<meta property=\"og:image:height\" content=\"848\" \/>\n\t<meta property=\"og:image:type\" content=\"image\/jpeg\" \/>\n<meta name=\"twitter:card\" content=\"summary_large_image\" \/>\n<meta name=\"twitter:label1\" content=\"Tiempo de lectura\" \/>\n\t<meta name=\"twitter:data1\" content=\"5 minutos\" \/>\n<script type=\"application\/ld+json\" class=\"yoast-schema-graph\">{\"@context\":\"https:\\\/\\\/schema.org\",\"@graph\":[{\"@type\":\"WebPage\",\"@id\":\"https:\\\/\\\/dondevamos.xyz\\\/concierto-luis-miguel\\\/informacion-concierto\\\/\",\"url\":\"https:\\\/\\\/dondevamos.xyz\\\/concierto-luis-miguel\\\/informacion-concierto\\\/\",\"name\":\"El concierto de Luis Miguel en Costa Rica - Luis Miguel en Costa Rica\",\"isPartOf\":{\"@id\":\"https:\\\/\\\/dondevamos.xyz\\\/concierto-luis-miguel\\\/#website\"},\"primaryImageOfPage\":{\"@id\":\"https:\\\/\\\/dondevamos.xyz\\\/concierto-luis-miguel\\\/informacion-concierto\\\/#primaryimage\"},\"image\":{\"@id\":\"https:\\\/\\\/dondevamos.xyz\\\/concierto-luis-miguel\\\/informacion-concierto\\\/#primaryimage\"},\"thumbnailUrl\":\"https:\\\/\\\/dondevamos.xyz\\\/concierto-luis-miguel\\\/wp-content\\\/uploads\\\/sites\\\/7\\\/2024\\\/01\\\/audience-1853662_1280.jpg\",\"datePublished\":\"2024-01-20T18:27:43+00:00\",\"dateModified\":\"2024-01-20T19:24:18+00:00\",\"description\":\"Informaci\u00f3n del concierto: cu\u00e1ndo es, d\u00f3nde hay entradas, servicios de busetas al estadio, y m\u00e1s!\",\"breadcrumb\":{\"@id\":\"https:\\\/\\\/dondevamos.xyz\\\/concierto-luis-miguel\\\/informacion-concierto\\\/#breadcrumb\"},\"inLanguage\":\"es\",\"potentialAction\":[{\"@type\":\"ReadAction\",\"target\":[\"https:\\\/\\\/dondevamos.xyz\\\/concierto-luis-miguel\\\/informacion-concierto\\\/\"]}]},{\"@type\":\"ImageObject\",\"inLanguage\":\"es\",\"@id\":\"https:\\\/\\\/dondevamos.xyz\\\/concierto-luis-miguel\\\/informacion-concierto\\\/#primaryimage\",\"url\":\"https:\\\/\\\/dondevamos.xyz\\\/concierto-luis-miguel\\\/wp-content\\\/uploads\\\/sites\\\/7\\\/2024\\\/01\\\/audience-1853662_1280.jpg\",\"contentUrl\":\"https:\\\/\\\/dondevamos.xyz\\\/concierto-luis-miguel\\\/wp-content\\\/uploads\\\/sites\\\/7\\\/2024\\\/01\\\/audience-1853662_1280.jpg\",\"width\":1280,\"height\":848,\"caption\":\"Foto: Pexels\"},{\"@type\":\"BreadcrumbList\",\"@id\":\"https:\\\/\\\/dondevamos.xyz\\\/concierto-luis-miguel\\\/informacion-concierto\\\/#breadcrumb\",\"itemListElement\":[{\"@type\":\"ListItem\",\"position\":1,\"name\":\"Portada\",\"item\":\"https:\\\/\\\/dondevamos.xyz\\\/concierto-luis-miguel\\\/\"},{\"@type\":\"ListItem\",\"position\":2,\"name\":\"El concierto de Luis Miguel en Costa Rica\"}]},{\"@type\":\"WebSite\",\"@id\":\"https:\\\/\\\/dondevamos.xyz\\\/concierto-luis-miguel\\\/#website\",\"url\":\"https:\\\/\\\/dondevamos.xyz\\\/concierto-luis-miguel\\\/\",\"name\":\"Luis Miguel en Costa Rica\",\"description\":\"Informaci\u00f3n del concierto de Luis Miguel en Costa Rica 2024\",\"publisher\":{\"@id\":\"https:\\\/\\\/dondevamos.xyz\\\/concierto-luis-miguel\\\/#organization\"},\"potentialAction\":[{\"@type\":\"SearchAction\",\"target\":{\"@type\":\"EntryPoint\",\"urlTemplate\":\"https:\\\/\\\/dondevamos.xyz\\\/concierto-luis-miguel\\\/?s={search_term_string}\"},\"query-input\":{\"@type\":\"PropertyValueSpecification\",\"valueRequired\":true,\"valueName\":\"search_term_string\"}}],\"inLanguage\":\"es\"},{\"@type\":\"Organization\",\"@id\":\"https:\\\/\\\/dondevamos.xyz\\\/concierto-luis-miguel\\\/#organization\",\"name\":\"Luis Miguel en Costa Rica\",\"url\":\"https:\\\/\\\/dondevamos.xyz\\\/concierto-luis-miguel\\\/\",\"logo\":{\"@type\":\"ImageObject\",\"inLanguage\":\"es\",\"@id\":\"https:\\\/\\\/dondevamos.xyz\\\/concierto-luis-miguel\\\/#\\\/schema\\\/logo\\\/image\\\/\",\"url\":\"https:\\\/\\\/dondevamos.xyz\\\/concierto-luis-miguel\\\/wp-content\\\/uploads\\\/sites\\\/7\\\/2024\\\/01\\\/dondevamos.jpeg\",\"contentUrl\":\"https:\\\/\\\/dondevamos.xyz\\\/concierto-luis-miguel\\\/wp-content\\\/uploads\\\/sites\\\/7\\\/2024\\\/01\\\/dondevamos.jpeg\",\"width\":200,\"height\":200,\"caption\":\"Luis Miguel en Costa Rica\"},\"image\":{\"@id\":\"https:\\\/\\\/dondevamos.xyz\\\/concierto-luis-miguel\\\/#\\\/schema\\\/logo\\\/image\\\/\"}}]}<\/script>\n<!-- \/ Yoast SEO plugin. -->","yoast_head_json":{"title":"El concierto de Luis Miguel en Costa Rica - Luis Miguel en Costa Rica","description":"Informaci\u00f3n del concierto: cu\u00e1ndo es, d\u00f3nde hay entradas, servicios de busetas al estadio, y m\u00e1s!","robots":{"index":"index","follow":"follow","max-snippet":"max-snippet:-1","max-image-preview":"max-image-preview:large","max-video-preview":"max-video-preview:-1"},"canonical":"https:\/\/dondevamos.xyz\/concierto-luis-miguel\/informacion-concierto\/","og_locale":"es_ES","og_type":"article","og_title":"El concierto de Luis Miguel en Costa Rica - Luis Miguel en Costa Rica","og_description":"Informaci\u00f3n del concierto: cu\u00e1ndo es, d\u00f3nde hay entradas, servicios de busetas al estadio, y m\u00e1s!","og_url":"https:\/\/dondevamos.xyz\/concierto-luis-miguel\/informacion-concierto\/","og_site_name":"Luis Miguel en Costa Rica","article_modified_time":"2024-01-20T19:24:18+00:00","og_image":[{"width":1280,"height":848,"url":"https:\/\/dondevamos.xyz\/concierto-luis-miguel\/wp-content\/uploads\/sites\/7\/2024\/01\/audience-1853662_1280.jpg","type":"image\/jpeg"}],"twitter_card":"summary_large_image","twitter_misc":{"Tiempo de lectura":"5 minutos"},"schema":{"@context":"https:\/\/schema.org","@graph":[{"@type":"WebPage","@id":"https:\/\/dondevamos.xyz\/concierto-luis-miguel\/informacion-concierto\/","url":"https:\/\/dondevamos.xyz\/concierto-luis-miguel\/informacion-concierto\/","name":"El concierto de Luis Miguel en Costa Rica - Luis Miguel en Costa Rica","isPartOf":{"@id":"https:\/\/dondevamos.xyz\/concierto-luis-miguel\/#website"},"primaryImageOfPage":{"@id":"https:\/\/dondevamos.xyz\/concierto-luis-miguel\/informacion-concierto\/#primaryimage"},"image":{"@id":"https:\/\/dondevamos.xyz\/concierto-luis-miguel\/informacion-concierto\/#primaryimage"},"thumbnailUrl":"https:\/\/dondevamos.xyz\/concierto-luis-miguel\/wp-content\/uploads\/sites\/7\/2024\/01\/audience-1853662_1280.jpg","datePublished":"2024-01-20T18:27:43+00:00","dateModified":"2024-01-20T19:24:18+00:00","description":"Informaci\u00f3n del concierto: cu\u00e1ndo es, d\u00f3nde hay entradas, servicios de busetas al estadio, y m\u00e1s!","breadcrumb":{"@id":"https:\/\/dondevamos.xyz\/concierto-luis-miguel\/informacion-concierto\/#breadcrumb"},"inLanguage":"es","potentialAction":[{"@type":"ReadAction","target":["https:\/\/dondevamos.xyz\/concierto-luis-miguel\/informacion-concierto\/"]}]},{"@type":"ImageObject","inLanguage":"es","@id":"https:\/\/dondevamos.xyz\/concierto-luis-miguel\/informacion-concierto\/#primaryimage","url":"https:\/\/dondevamos.xyz\/concierto-luis-miguel\/wp-content\/uploads\/sites\/7\/2024\/01\/audience-1853662_1280.jpg","contentUrl":"https:\/\/dondevamos.xyz\/concierto-luis-miguel\/wp-content\/uploads\/sites\/7\/2024\/01\/audience-1853662_1280.jpg","width":1280,"height":848,"caption":"Foto: Pexels"},{"@type":"BreadcrumbList","@id":"https:\/\/dondevamos.xyz\/concierto-luis-miguel\/informacion-concierto\/#breadcrumb","itemListElement":[{"@type":"ListItem","position":1,"name":"Portada","item":"https:\/\/dondevamos.xyz\/concierto-luis-miguel\/"},{"@type":"ListItem","position":2,"name":"El concierto de Luis Miguel en Costa Rica"}]},{"@type":"WebSite","@id":"https:\/\/dondevamos.xyz\/concierto-luis-miguel\/#website","url":"https:\/\/dondevamos.xyz\/concierto-luis-miguel\/","name":"Luis Miguel en Costa Rica","description":"Informaci\u00f3n del concierto de Luis Miguel en Costa Rica 2024","publisher":{"@id":"https:\/\/dondevamos.xyz\/concierto-luis-miguel\/#organization"},"potentialAction":[{"@type":"SearchAction","target":{"@type":"EntryPoint","urlTemplate":"https:\/\/dondevamos.xyz\/concierto-luis-miguel\/?s={search_term_string}"},"query-input":{"@type":"PropertyValueSpecification","valueRequired":true,"valueName":"search_term_string"}}],"inLanguage":"es"},{"@type":"Organization","@id":"https:\/\/dondevamos.xyz\/concierto-luis-miguel\/#organization","name":"Luis Miguel en Costa Rica","url":"https:\/\/dondevamos.xyz\/concierto-luis-miguel\/","logo":{"@type":"ImageObject","inLanguage":"es","@id":"https:\/\/dondevamos.xyz\/concierto-luis-miguel\/#\/schema\/logo\/image\/","url":"https:\/\/dondevamos.xyz\/concierto-luis-miguel\/wp-content\/uploads\/sites\/7\/2024\/01\/dondevamos.jpeg","contentUrl":"https:\/\/dondevamos.xyz\/concierto-luis-miguel\/wp-content\/uploads\/sites\/7\/2024\/01\/dondevamos.jpeg","width":200,"height":200,"caption":"Luis Miguel en Costa Rica"},"image":{"@id":"https:\/\/dondevamos.xyz\/concierto-luis-miguel\/#\/schema\/logo\/image\/"}}]}},"_links":{"self":[{"href":"https:\/\/dondevamos.xyz\/concierto-luis-miguel\/wp-json\/wp\/v2\/pages\/11","targetHints":{"allow":["GET"]}}],"collection":[{"href":"https:\/\/dondevamos.xyz\/concierto-luis-miguel\/wp-json\/wp\/v2\/pages"}],"about":[{"href":"https:\/\/dondevamos.xyz\/concierto-luis-miguel\/wp-json\/wp\/v2\/types\/page"}],"author":[{"embeddable":true,"href":"https:\/\/dondevamos.xyz\/concierto-luis-miguel\/wp-json\/wp\/v2\/users\/2"}],"replies":[{"embeddable":true,"href":"https:\/\/dondevamos.xyz\/concierto-luis-miguel\/wp-json\/wp\/v2\/comments?post=11"}],"version-history":[{"count":4,"href":"https:\/\/dondevamos.xyz\/concierto-luis-miguel\/wp-json\/wp\/v2\/pages\/11\/revisions"}],"predecessor-version":[{"id":80,"href":"https:\/\/dondevamos.xyz\/concierto-luis-miguel\/wp-json\/wp\/v2\/pages\/11\/revisions\/80"}],"wp:featuredmedia":[{"embeddable":true,"href":"https:\/\/dondevamos.xyz\/concierto-luis-miguel\/wp-json\/wp\/v2\/media\/58"}],"wp:attachment":[{"href":"https:\/\/dondevamos.xyz\/concierto-luis-miguel\/wp-json\/wp\/v2\/media?parent=11"}],"curies":[{"name":"wp","href":"https:\/\/api.w.org\/{rel}","templated":true}]}}