{"id":85,"date":"2024-01-25T20:28:54","date_gmt":"2024-01-25T19:28:54","guid":{"rendered":"https:\/\/dondevamos.xyz\/concierto-kany-garcia\/?page_id=85"},"modified":"2024-01-26T05:37:38","modified_gmt":"2024-01-26T04:37:38","slug":"entradas","status":"publish","type":"page","link":"https:\/\/dondevamos.xyz\/concierto-kany-garcia\/entradas\/","title":{"rendered":"Entradas para el concierto de Kany Garc\u00eda"},"content":{"rendered":"\n<div class=\"wp-block-group alignfull has-global-padding is-layout-constrained wp-container-core-group-is-layout-490fa1db wp-block-group-is-layout-constrained\" style=\"padding-top:var(--wp--preset--spacing--50);padding-right:var(--wp--preset--spacing--50);padding-bottom:var(--wp--preset--spacing--50);padding-left:var(--wp--preset--spacing--50)\">\n<div class=\"wp-block-group has-global-padding is-layout-constrained wp-container-core-group-is-layout-650790e1 wp-block-group-is-layout-constrained\">\n<h1 class=\"wp-block-heading has-text-align-center has-x-large-font-size\">D\u00f3nde comprar las entradas para el concierto<\/h1>\n<\/div>\n\n\n\n<div style=\"height:var(--wp--preset--spacing--30)\" aria-hidden=\"true\" class=\"wp-block-spacer\"><\/div>\n\n\n\n<figure class=\"wp-block-image size-large\"><a href=\"https:\/\/www.eticket.cr\/masinformacion.aspx?idevento=8384\" target=\"_blank\" rel=\"noreferrer noopener nofollow\"><img decoding=\"async\" width=\"819\" height=\"1024\" data-src=\"https:\/\/dondevamos.xyz\/concierto-kany-garcia\/wp-content\/uploads\/sites\/8\/2024\/01\/kany-garcia-concierto-23-819x1024.jpg\" alt=\"entradas kany garc\u00eda 2024 costa rica\" class=\"wp-image-26 lazyload\" data-srcset=\"https:\/\/dondevamos.xyz\/concierto-kany-garcia\/wp-content\/uploads\/sites\/8\/2024\/01\/kany-garcia-concierto-23-819x1024.jpg 819w, https:\/\/dondevamos.xyz\/concierto-kany-garcia\/wp-content\/uploads\/sites\/8\/2024\/01\/kany-garcia-concierto-23-240x300.jpg 240w, https:\/\/dondevamos.xyz\/concierto-kany-garcia\/wp-content\/uploads\/sites\/8\/2024\/01\/kany-garcia-concierto-23-768x960.jpg 768w, https:\/\/dondevamos.xyz\/concierto-kany-garcia\/wp-content\/uploads\/sites\/8\/2024\/01\/kany-garcia-concierto-23.jpg 1080w\" data-sizes=\"(max-width: 819px) 100vw, 819px\" src=\"data:image\/svg+xml;base64,PHN2ZyB3aWR0aD0iMSIgaGVpZ2h0PSIxIiB4bWxucz0iaHR0cDovL3d3dy53My5vcmcvMjAwMC9zdmciPjwvc3ZnPg==\" style=\"--smush-placeholder-width: 819px; --smush-placeholder-aspect-ratio: 819\/1024;\" \/><\/a><figcaption class=\"wp-element-caption\">Foto: <a href=\"https:\/\/www.facebook.com\/kanygarcia\">Kany Garc\u00eda Facebook<\/a><\/figcaption><\/figure>\n<\/div>\n\n\n\n<p>De acuerdo con la <a href=\"https:\/\/www.eticket.cr\/masinformacion.aspx?idevento=8384\" target=\"_blank\" rel=\"noreferrer noopener nofollow\">p\u00e1gina de Eticket<\/a>, solo quedan entradas para el concierto de Kany Garc\u00eda en Gramilla de Pie. El resto de las ubicaciones se encuentran agotadas.<\/p>\n\n\n\n<p>La emoci\u00f3n est\u00e1 en el aire, y las <strong>entradas para el concierto de Kany Garc\u00eda<\/strong> ya est\u00e1n a la venta. Las entradas <a href=\"https:\/\/www.eticket.cr\/masinformacion.aspx?idevento=8384\" target=\"_blank\" rel=\"noreferrer noopener nofollow\">las est\u00e1 vendiendo Eticket<\/a>, y solamente las venden por internet! No hay tiendas o lugares donde se puedan ir a comprar entradas en f\u00edsico.<\/p>\n\n\n\n<div class=\"wp-block-buttons is-content-justification-center is-layout-flex wp-container-core-buttons-is-layout-a89b3969 wp-block-buttons-is-layout-flex\">\n<div class=\"wp-block-button has-custom-font-size has-large-font-size\"><a class=\"wp-block-button__link has-background wp-element-button\" href=\"https:\/\/www.eticket.cr\/masinformacion.aspx?idevento=8384\" style=\"background-color:#ffd900;padding-top:var(--wp--preset--spacing--10);padding-right:var(--wp--preset--spacing--10);padding-bottom:var(--wp--preset--spacing--10);padding-left:var(--wp--preset--spacing--10)\" target=\"_blank\" rel=\"noreferrer noopener nofollow\">COMPRAR ENTRADAS<\/a><\/div>\n<\/div>\n\n\n\n<p>Los precios de las entradas van de 30.000 a 66.000 colones, dependiendo de la ubicaci\u00f3n. Seg\u00fan la p\u00e1gina de Eticket, estos son los precios para el concierto:<\/p>\n\n\n\n<figure class=\"wp-block-image aligncenter size-full\"><img decoding=\"async\" width=\"627\" height=\"524\" data-src=\"https:\/\/dondevamos.xyz\/concierto-kany-garcia\/wp-content\/uploads\/sites\/8\/2024\/01\/precios-entradas-kany-garcia.jpg\" alt=\"precios entradas concierto Kany Garc\u00eda\" class=\"wp-image-86 lazyload\" data-srcset=\"https:\/\/dondevamos.xyz\/concierto-kany-garcia\/wp-content\/uploads\/sites\/8\/2024\/01\/precios-entradas-kany-garcia.jpg 627w, https:\/\/dondevamos.xyz\/concierto-kany-garcia\/wp-content\/uploads\/sites\/8\/2024\/01\/precios-entradas-kany-garcia-300x251.jpg 300w\" data-sizes=\"(max-width: 627px) 100vw, 627px\" src=\"data:image\/svg+xml;base64,PHN2ZyB3aWR0aD0iMSIgaGVpZ2h0PSIxIiB4bWxucz0iaHR0cDovL3d3dy53My5vcmcvMjAwMC9zdmciPjwvc3ZnPg==\" style=\"--smush-placeholder-width: 627px; --smush-placeholder-aspect-ratio: 627\/524;\" \/><\/figure>\n\n\n\n<p>Los espacios para el concierto en Parque Viva est\u00e1n distribuidos de la siguiente forma:<\/p>\n\n\n\n<figure class=\"wp-block-image aligncenter size-full\"><img decoding=\"async\" width=\"500\" height=\"500\" data-src=\"https:\/\/dondevamos.xyz\/concierto-kany-garcia\/wp-content\/uploads\/sites\/8\/2024\/01\/parqueviva.png\" alt=\"asientos concierto kany garc\u00eda\" class=\"wp-image-88 lazyload\" data-srcset=\"https:\/\/dondevamos.xyz\/concierto-kany-garcia\/wp-content\/uploads\/sites\/8\/2024\/01\/parqueviva.png 500w, https:\/\/dondevamos.xyz\/concierto-kany-garcia\/wp-content\/uploads\/sites\/8\/2024\/01\/parqueviva-300x300.png 300w, https:\/\/dondevamos.xyz\/concierto-kany-garcia\/wp-content\/uploads\/sites\/8\/2024\/01\/parqueviva-150x150.png 150w\" data-sizes=\"(max-width: 500px) 100vw, 500px\" src=\"data:image\/svg+xml;base64,PHN2ZyB3aWR0aD0iMSIgaGVpZ2h0PSIxIiB4bWxucz0iaHR0cDovL3d3dy53My5vcmcvMjAwMC9zdmciPjwvc3ZnPg==\" style=\"--smush-placeholder-width: 500px; --smush-placeholder-aspect-ratio: 500\/500;\" \/><\/figure>\n\n\n\n<h2 class=\"wp-block-heading\">Entradas para Kany Garc\u00eda en reventa<\/h2>\n\n\n\n<p>Hay disponibles entradas en reventa para el concierto de Kany Garc\u00eda? Probablemente s\u00ed, como es com\u00fan en eventos grandes, podr\u00eda haber opciones de reventa tanto por medio de redes sociales como en las afueras del del lugar del concierto. <\/p>\n\n\n\n<p>Sin embargo, es importante que tengas en cuenta que comprar entradas de reventa conlleva riesgos, el m\u00e1s importante es que los boletos sean falsos, o hayan sido revendidos varias veces, y el d\u00eda del evento no te permitan ingresar. Y en ese caso, ni Parque Viva ni Eticket se van a hacer responsables por tu entrada.<\/p>\n\n\n\n<p>En Parque Viva no es tan f\u00e1cil garantizar que las entradas que compres en las afueras del lugar sean aut\u00e9nticas, porque los revendedores no te pueden acompa\u00f1ar hasta el punto donde las revisan. Puede ser que llegues a la entrada y tengas problemas, y que en ese momento el vendedor ya se haya ido.<\/p>\n\n\n\n<p>La manera m\u00e1s segura de comprar tus entradas, si vas a hacerlo en reventa, es usar la misma plataforma de Eticket. Alguien que compra una entrada en esta plataforma, puede transferirla a otra persona que tambi\u00e9n tenga cuenta ah\u00ed. Y al transferir la entrada, se le desactiva al vendedor y no puede ser vendida una segunda vez.<\/p>\n\n\n\n<p>Si compras reventa, no aceptes entradas impresas o en PDF. Pide al vendedor que te transfiera la entrada a tu cuenta de Eticket directamente. Y solo cuando la tengas disponible en tu cuenta, completa el pago. De hecho la mejor forma de hacer la transacci\u00f3n es en persona, en un lugar p\u00fablico: llegando la entrada a tu cuenta de Eticket, tu haces el pago por SINPE m\u00f3vil, y listo.<\/p>\n\n\n\n<p>Otro motivo por el que no es buena idea que aceptes entradas PDF o impresas, o pagos en efectivo, es por el rastro. Si usas Eticket, y si usas SINPE m\u00f3vil, est\u00e1 quedando registrado qui\u00e9n te vendi\u00f3 la entrada y a qui\u00e9n le est\u00e1s haciendo el pago. Este registro te puede servir luego si tienes problemas.<\/p>\n\n\n\n<h2 class=\"wp-block-heading\">Otros cuidados con las entradas para el concierto<\/h2>\n\n\n\n<p>Una vez que tengas tu entrada, recuerda que es responsabilidad tuya cuidarla. Con las entradas electr\u00f3nicas tienes que tener mucho cuidado, porque se basan en un c\u00f3digo QR. La persona que tenga ese c\u00f3digo QR podr\u00eda canjear la entrada. Los organizadores de los conciertos tienen como regla que la primera persona que aparezca con el QR v\u00e1lido de una entrada, la asumen como due\u00f1a de la entrada.<\/p>\n\n\n\n<p>Haz todo el manejo de tu entrada por medio de la plataforma Eticket, y mant\u00e9n todo ah\u00ed hasta el d\u00eda del concierto. No imprimas tu entrada: preferiblemente utiliza la p\u00e1gina de Eticket el d\u00eda del concierto para mostrar tu entrada en el celular.<\/p>\n\n\n\n<p>Si imprimes tu entrada, en la entrada te va a salir un c\u00f3digo QR, y ese c\u00f3digo QR si alguien lo copia, lo puede canjear. Mientras que si usas el sitio de eTicket, el QR cambia cada cierto tiempo&#8230; si alguien lo captura o le toma una fotograf\u00eda, a los pocos minutos se le invalidar\u00e1 el acceso.<\/p>\n\n\n\n<p>Si decides usar una versi\u00f3n impresa de tu entrada, impr\u00edmela solo en tu casa o en un lugar de confianza. No utilices centros de impresi\u00f3n p\u00fablicos o en tiendas: en esos lugares no puedes tener control de si se est\u00e1n dejando una copia de tu entrada cuando la imprimen. Nunca env\u00edes tu entrada por correo electr\u00f3nico, por Whatsapp o por redes sociales. <\/p>\n\n\n\n<p>Y si vas a imprimir tu entrada, aseg\u00farate que el documento impreso sea v\u00e1lido! En Eticket por lo general si imprimes tu entrada desde el celular o le haces una captura al QR, te va a aparecer un aviso de que la entrada no es v\u00e1lida. Solo desde una computadora te va a dar la opci\u00f3n de imprimir una entrada v\u00e1lida.<\/p>\n\n\n\n<p>Si ves que tu entrada tiene un aviso de ese tipo, no la utilices: porque no te la van a aceptar. <\/p>\n\n\n\n<p>Para m\u00e1s informaci\u00f3n puedes llamar al centro de servicio de Eticket al 2295-9400.<\/p>\n\n\n\n<figure class=\"wp-block-image aligncenter size-medium\"><img decoding=\"async\" width=\"300\" height=\"300\" data-src=\"https:\/\/dondevamos.xyz\/concierto-kany-garcia\/wp-content\/uploads\/sites\/8\/2024\/01\/kany-garcia-concierto-33-300x300.jpg\" alt=\"reventa entradas concierto kany garc\u00eda\" class=\"wp-image-36 lazyload\" data-srcset=\"https:\/\/dondevamos.xyz\/concierto-kany-garcia\/wp-content\/uploads\/sites\/8\/2024\/01\/kany-garcia-concierto-33-300x300.jpg 300w, https:\/\/dondevamos.xyz\/concierto-kany-garcia\/wp-content\/uploads\/sites\/8\/2024\/01\/kany-garcia-concierto-33-150x150.jpg 150w, https:\/\/dondevamos.xyz\/concierto-kany-garcia\/wp-content\/uploads\/sites\/8\/2024\/01\/kany-garcia-concierto-33.jpg 500w\" data-sizes=\"(max-width: 300px) 100vw, 300px\" src=\"data:image\/svg+xml;base64,PHN2ZyB3aWR0aD0iMSIgaGVpZ2h0PSIxIiB4bWxucz0iaHR0cDovL3d3dy53My5vcmcvMjAwMC9zdmciPjwvc3ZnPg==\" style=\"--smush-placeholder-width: 300px; --smush-placeholder-aspect-ratio: 300\/300;\" \/><\/figure>\n<!-- AddThis Advanced Settings generic via filter on the_content --><!-- AddThis Share Buttons generic via filter on the_content -->","protected":false},"excerpt":{"rendered":"<p>D\u00f3nde comprar las entradas para el concierto De acuerdo con la p\u00e1gina de Eticket, solo quedan entradas para el concierto de Kany Garc\u00eda en Gramilla de Pie. El resto de las ubicaciones se encuentran agotadas. La emoci\u00f3n est\u00e1 en el aire, y las entradas para el concierto de Kany Garc\u00eda ya est\u00e1n a la venta. [&hellip;]<!-- AddThis Advanced Settings generic via filter on get_the_excerpt --><!-- AddThis Share Buttons generic via filter on get_the_excerpt --><\/p>\n","protected":false},"author":2,"featured_media":25,"parent":0,"menu_order":0,"comment_status":"closed","ping_status":"closed","template":"","meta":{"footnotes":""},"class_list":["post-85","page","type-page","status-publish","has-post-thumbnail","hentry"],"yoast_head":"<!-- This site is optimized with the Yoast SEO plugin v27.5 - https:\/\/yoast.com\/product\/yoast-seo-wordpress\/ -->\n<title>Entradas para el concierto de Kany Garc\u00eda - Kany Garc\u00eda en Costa Rica<\/title>\n<meta name=\"description\" content=\"Buscas entradas para el concierto de Kany Garc\u00eda? Aqu\u00ed puedes encontrar informaci\u00f3n de a d\u00f3nde hay a la venta, y a qu\u00e9 precios.\" \/>\n<meta name=\"robots\" content=\"index, follow, max-snippet:-1, max-image-preview:large, max-video-preview:-1\" \/>\n<link rel=\"canonical\" href=\"https:\/\/dondevamos.xyz\/concierto-kany-garcia\/entradas\/\" \/>\n<meta property=\"og:locale\" content=\"es_ES\" \/>\n<meta property=\"og:type\" content=\"article\" \/>\n<meta property=\"og:title\" content=\"Entradas para el concierto de Kany Garc\u00eda - Kany Garc\u00eda en Costa Rica\" \/>\n<meta property=\"og:description\" content=\"Buscas entradas para el concierto de Kany Garc\u00eda? Aqu\u00ed puedes encontrar informaci\u00f3n de a d\u00f3nde hay a la venta, y a qu\u00e9 precios.\" \/>\n<meta property=\"og:url\" content=\"https:\/\/dondevamos.xyz\/concierto-kany-garcia\/entradas\/\" \/>\n<meta property=\"og:site_name\" content=\"Kany Garc\u00eda en Costa Rica\" \/>\n<meta property=\"article:modified_time\" content=\"2024-01-26T04:37:38+00:00\" \/>\n<meta property=\"og:image\" content=\"https:\/\/dondevamos.xyz\/concierto-kany-garcia\/wp-content\/uploads\/sites\/8\/2024\/01\/kany-garcia-concierto-22.jpg\" \/>\n\t<meta property=\"og:image:width\" content=\"1152\" \/>\n\t<meta property=\"og:image:height\" content=\"1440\" \/>\n\t<meta property=\"og:image:type\" content=\"image\/jpeg\" \/>\n<meta name=\"twitter:card\" content=\"summary_large_image\" \/>\n<meta name=\"twitter:label1\" content=\"Tiempo de lectura\" \/>\n\t<meta name=\"twitter:data1\" content=\"5 minutos\" \/>\n<script type=\"application\/ld+json\" class=\"yoast-schema-graph\">{\"@context\":\"https:\\\/\\\/schema.org\",\"@graph\":[{\"@type\":\"WebPage\",\"@id\":\"https:\\\/\\\/dondevamos.xyz\\\/concierto-kany-garcia\\\/entradas\\\/\",\"url\":\"https:\\\/\\\/dondevamos.xyz\\\/concierto-kany-garcia\\\/entradas\\\/\",\"name\":\"Entradas para el concierto de Kany Garc\u00eda - Kany Garc\u00eda en Costa Rica\",\"isPartOf\":{\"@id\":\"https:\\\/\\\/dondevamos.xyz\\\/concierto-kany-garcia\\\/#website\"},\"primaryImageOfPage\":{\"@id\":\"https:\\\/\\\/dondevamos.xyz\\\/concierto-kany-garcia\\\/entradas\\\/#primaryimage\"},\"image\":{\"@id\":\"https:\\\/\\\/dondevamos.xyz\\\/concierto-kany-garcia\\\/entradas\\\/#primaryimage\"},\"thumbnailUrl\":\"https:\\\/\\\/dondevamos.xyz\\\/concierto-kany-garcia\\\/wp-content\\\/uploads\\\/sites\\\/8\\\/2024\\\/01\\\/kany-garcia-concierto-22.jpg\",\"datePublished\":\"2024-01-25T19:28:54+00:00\",\"dateModified\":\"2024-01-26T04:37:38+00:00\",\"description\":\"Buscas entradas para el concierto de Kany Garc\u00eda? Aqu\u00ed puedes encontrar informaci\u00f3n de a d\u00f3nde hay a la venta, y a qu\u00e9 precios.\",\"breadcrumb\":{\"@id\":\"https:\\\/\\\/dondevamos.xyz\\\/concierto-kany-garcia\\\/entradas\\\/#breadcrumb\"},\"inLanguage\":\"es\",\"potentialAction\":[{\"@type\":\"ReadAction\",\"target\":[\"https:\\\/\\\/dondevamos.xyz\\\/concierto-kany-garcia\\\/entradas\\\/\"]}]},{\"@type\":\"ImageObject\",\"inLanguage\":\"es\",\"@id\":\"https:\\\/\\\/dondevamos.xyz\\\/concierto-kany-garcia\\\/entradas\\\/#primaryimage\",\"url\":\"https:\\\/\\\/dondevamos.xyz\\\/concierto-kany-garcia\\\/wp-content\\\/uploads\\\/sites\\\/8\\\/2024\\\/01\\\/kany-garcia-concierto-22.jpg\",\"contentUrl\":\"https:\\\/\\\/dondevamos.xyz\\\/concierto-kany-garcia\\\/wp-content\\\/uploads\\\/sites\\\/8\\\/2024\\\/01\\\/kany-garcia-concierto-22.jpg\",\"width\":1152,\"height\":1440,\"caption\":\"Foto: Kany Garc\u00eda Facebook\"},{\"@type\":\"BreadcrumbList\",\"@id\":\"https:\\\/\\\/dondevamos.xyz\\\/concierto-kany-garcia\\\/entradas\\\/#breadcrumb\",\"itemListElement\":[{\"@type\":\"ListItem\",\"position\":1,\"name\":\"Portada\",\"item\":\"https:\\\/\\\/dondevamos.xyz\\\/concierto-kany-garcia\\\/\"},{\"@type\":\"ListItem\",\"position\":2,\"name\":\"Entradas para el concierto de Kany Garc\u00eda\"}]},{\"@type\":\"WebSite\",\"@id\":\"https:\\\/\\\/dondevamos.xyz\\\/concierto-kany-garcia\\\/#website\",\"url\":\"https:\\\/\\\/dondevamos.xyz\\\/concierto-kany-garcia\\\/\",\"name\":\"Kany Garc\u00eda en Costa Rica\",\"description\":\"Todo acerca del concierto de Kany Garc\u00eda 2024\",\"potentialAction\":[{\"@type\":\"SearchAction\",\"target\":{\"@type\":\"EntryPoint\",\"urlTemplate\":\"https:\\\/\\\/dondevamos.xyz\\\/concierto-kany-garcia\\\/?s={search_term_string}\"},\"query-input\":{\"@type\":\"PropertyValueSpecification\",\"valueRequired\":true,\"valueName\":\"search_term_string\"}}],\"inLanguage\":\"es\"}]}<\/script>\n<!-- \/ Yoast SEO plugin. -->","yoast_head_json":{"title":"Entradas para el concierto de Kany Garc\u00eda - Kany Garc\u00eda en Costa Rica","description":"Buscas entradas para el concierto de Kany Garc\u00eda? Aqu\u00ed puedes encontrar informaci\u00f3n de a d\u00f3nde hay a la venta, y a qu\u00e9 precios.","robots":{"index":"index","follow":"follow","max-snippet":"max-snippet:-1","max-image-preview":"max-image-preview:large","max-video-preview":"max-video-preview:-1"},"canonical":"https:\/\/dondevamos.xyz\/concierto-kany-garcia\/entradas\/","og_locale":"es_ES","og_type":"article","og_title":"Entradas para el concierto de Kany Garc\u00eda - Kany Garc\u00eda en Costa Rica","og_description":"Buscas entradas para el concierto de Kany Garc\u00eda? Aqu\u00ed puedes encontrar informaci\u00f3n de a d\u00f3nde hay a la venta, y a qu\u00e9 precios.","og_url":"https:\/\/dondevamos.xyz\/concierto-kany-garcia\/entradas\/","og_site_name":"Kany Garc\u00eda en Costa Rica","article_modified_time":"2024-01-26T04:37:38+00:00","og_image":[{"width":1152,"height":1440,"url":"https:\/\/dondevamos.xyz\/concierto-kany-garcia\/wp-content\/uploads\/sites\/8\/2024\/01\/kany-garcia-concierto-22.jpg","type":"image\/jpeg"}],"twitter_card":"summary_large_image","twitter_misc":{"Tiempo de lectura":"5 minutos"},"schema":{"@context":"https:\/\/schema.org","@graph":[{"@type":"WebPage","@id":"https:\/\/dondevamos.xyz\/concierto-kany-garcia\/entradas\/","url":"https:\/\/dondevamos.xyz\/concierto-kany-garcia\/entradas\/","name":"Entradas para el concierto de Kany Garc\u00eda - Kany Garc\u00eda en Costa Rica","isPartOf":{"@id":"https:\/\/dondevamos.xyz\/concierto-kany-garcia\/#website"},"primaryImageOfPage":{"@id":"https:\/\/dondevamos.xyz\/concierto-kany-garcia\/entradas\/#primaryimage"},"image":{"@id":"https:\/\/dondevamos.xyz\/concierto-kany-garcia\/entradas\/#primaryimage"},"thumbnailUrl":"https:\/\/dondevamos.xyz\/concierto-kany-garcia\/wp-content\/uploads\/sites\/8\/2024\/01\/kany-garcia-concierto-22.jpg","datePublished":"2024-01-25T19:28:54+00:00","dateModified":"2024-01-26T04:37:38+00:00","description":"Buscas entradas para el concierto de Kany Garc\u00eda? Aqu\u00ed puedes encontrar informaci\u00f3n de a d\u00f3nde hay a la venta, y a qu\u00e9 precios.","breadcrumb":{"@id":"https:\/\/dondevamos.xyz\/concierto-kany-garcia\/entradas\/#breadcrumb"},"inLanguage":"es","potentialAction":[{"@type":"ReadAction","target":["https:\/\/dondevamos.xyz\/concierto-kany-garcia\/entradas\/"]}]},{"@type":"ImageObject","inLanguage":"es","@id":"https:\/\/dondevamos.xyz\/concierto-kany-garcia\/entradas\/#primaryimage","url":"https:\/\/dondevamos.xyz\/concierto-kany-garcia\/wp-content\/uploads\/sites\/8\/2024\/01\/kany-garcia-concierto-22.jpg","contentUrl":"https:\/\/dondevamos.xyz\/concierto-kany-garcia\/wp-content\/uploads\/sites\/8\/2024\/01\/kany-garcia-concierto-22.jpg","width":1152,"height":1440,"caption":"Foto: Kany Garc\u00eda Facebook"},{"@type":"BreadcrumbList","@id":"https:\/\/dondevamos.xyz\/concierto-kany-garcia\/entradas\/#breadcrumb","itemListElement":[{"@type":"ListItem","position":1,"name":"Portada","item":"https:\/\/dondevamos.xyz\/concierto-kany-garcia\/"},{"@type":"ListItem","position":2,"name":"Entradas para el concierto de Kany Garc\u00eda"}]},{"@type":"WebSite","@id":"https:\/\/dondevamos.xyz\/concierto-kany-garcia\/#website","url":"https:\/\/dondevamos.xyz\/concierto-kany-garcia\/","name":"Kany Garc\u00eda en Costa Rica","description":"Todo acerca del concierto de Kany Garc\u00eda 2024","potentialAction":[{"@type":"SearchAction","target":{"@type":"EntryPoint","urlTemplate":"https:\/\/dondevamos.xyz\/concierto-kany-garcia\/?s={search_term_string}"},"query-input":{"@type":"PropertyValueSpecification","valueRequired":true,"valueName":"search_term_string"}}],"inLanguage":"es"}]}},"_links":{"self":[{"href":"https:\/\/dondevamos.xyz\/concierto-kany-garcia\/wp-json\/wp\/v2\/pages\/85","targetHints":{"allow":["GET"]}}],"collection":[{"href":"https:\/\/dondevamos.xyz\/concierto-kany-garcia\/wp-json\/wp\/v2\/pages"}],"about":[{"href":"https:\/\/dondevamos.xyz\/concierto-kany-garcia\/wp-json\/wp\/v2\/types\/page"}],"author":[{"embeddable":true,"href":"https:\/\/dondevamos.xyz\/concierto-kany-garcia\/wp-json\/wp\/v2\/users\/2"}],"replies":[{"embeddable":true,"href":"https:\/\/dondevamos.xyz\/concierto-kany-garcia\/wp-json\/wp\/v2\/comments?post=85"}],"version-history":[{"count":3,"href":"https:\/\/dondevamos.xyz\/concierto-kany-garcia\/wp-json\/wp\/v2\/pages\/85\/revisions"}],"predecessor-version":[{"id":92,"href":"https:\/\/dondevamos.xyz\/concierto-kany-garcia\/wp-json\/wp\/v2\/pages\/85\/revisions\/92"}],"wp:featuredmedia":[{"embeddable":true,"href":"https:\/\/dondevamos.xyz\/concierto-kany-garcia\/wp-json\/wp\/v2\/media\/25"}],"wp:attachment":[{"href":"https:\/\/dondevamos.xyz\/concierto-kany-garcia\/wp-json\/wp\/v2\/media?parent=85"}],"curies":[{"name":"wp","href":"https:\/\/api.w.org\/{rel}","templated":true}]}}