{"id":141,"date":"2024-01-26T05:29:47","date_gmt":"2024-01-26T04:29:47","guid":{"rendered":"https:\/\/dondevamos.xyz\/concierto-kany-garcia\/?page_id=141"},"modified":"2024-01-26T05:37:39","modified_gmt":"2024-01-26T04:37:39","slug":"setlist-playlist","status":"publish","type":"page","link":"https:\/\/dondevamos.xyz\/concierto-kany-garcia\/setlist-playlist\/","title":{"rendered":"Setlist del concierto Kany Garc\u00eda"},"content":{"rendered":"\n<h2 class=\"wp-block-heading has-text-align-center\">Canciones que hay que saberse para el concierto de Kany Garc\u00eda<\/h2>\n\n\n\n<figure class=\"wp-block-image aligncenter size-full is-resized has-custom-border\"><img decoding=\"async\" width=\"512\" height=\"341\" data-src=\"https:\/\/dondevamos.xyz\/concierto-kany-garcia\/wp-content\/uploads\/sites\/8\/2024\/01\/kany-garcia-concierto-10.jpg\" alt=\"playlist de concierto kany garc\u00eda\" class=\"has-border-color has-base-2-border-color wp-image-13 lazyload\" style=\"--smush-placeholder-width: 512px; --smush-placeholder-aspect-ratio: 512\/341;border-width:1px;aspect-ratio:1;object-fit:contain;width:auto;height:300px\" data-srcset=\"https:\/\/dondevamos.xyz\/concierto-kany-garcia\/wp-content\/uploads\/sites\/8\/2024\/01\/kany-garcia-concierto-10.jpg 512w, https:\/\/dondevamos.xyz\/concierto-kany-garcia\/wp-content\/uploads\/sites\/8\/2024\/01\/kany-garcia-concierto-10-300x200.jpg 300w\" data-sizes=\"(max-width: 512px) 100vw, 512px\" src=\"data:image\/svg+xml;base64,PHN2ZyB3aWR0aD0iMSIgaGVpZ2h0PSIxIiB4bWxucz0iaHR0cDovL3d3dy53My5vcmcvMjAwMC9zdmciPjwvc3ZnPg==\" \/><figcaption class=\"wp-element-caption\">Foto: <a href=\"https:\/\/www.facebook.com\/kanygarcia\">Kany Garc\u00eda Facebook<\/a><\/figcaption><\/figure>\n\n\n\n<p>Ocupas saber cu\u00e1les canciones van a tocar en el concierto de <a href=\"https:\/\/dondevamos.xyz\/concierto-kany-garcia\/quien-es-kany-garcia\/\">Kany Garc\u00eda<\/a>? O talvez quieres repasar un poco de lo mejor de la m\u00fasica de Kany Garc\u00eda antes del concierto. <\/p>\n\n\n\n<p>De cualquier forma, aqu\u00ed tienes una buena colecci\u00f3n de playlists que se pueden servir de inspiraci\u00f3n previo la concierto de <a href=\"https:\/\/dondevamos.xyz\/concierto-kany-garcia\/informacion-concierto\/\">Kany Garc\u00eda en Costa Rica<\/a>.<\/p>\n\n\n\n<p>Si ya tienes tu <a href=\"https:\/\/dondevamos.xyz\/concierto-kany-garcia\/entradas\/\">entrada para el concierto<\/a>, ponte a escuchar estos playlists, y nos vemos el 9 de febrero!<\/p>\n\n\n\n<h2 class=\"wp-block-heading\">Playlist de Kany Garc\u00eda en Spotify<\/h2>\n\n\n\n<p>Aqu\u00ed tienes un playlist para Spotify con lo mejor de la m\u00fasica de Kany Garc\u00eda.<\/p>\n\n\n\n<figure class=\"wp-block-embed is-type-rich is-provider-spotify wp-block-embed-spotify wp-embed-aspect-21-9 wp-has-aspect-ratio\"><div class=\"wp-block-embed__wrapper\">\n<iframe title=\"Spotify Embed: Kany Garc\u00eda\" style=\"border-radius: 12px\" width=\"100%\" height=\"352\" frameborder=\"0\" allowfullscreen allow=\"autoplay; clipboard-write; encrypted-media; fullscreen; picture-in-picture\" data-src=\"https:\/\/open.spotify.com\/embed\/playlist\/40lOxw910Lgan9mXui2col?utm_source=oembed\" src=\"data:image\/svg+xml;base64,PHN2ZyB3aWR0aD0iMSIgaGVpZ2h0PSIxIiB4bWxucz0iaHR0cDovL3d3dy53My5vcmcvMjAwMC9zdmciPjwvc3ZnPg==\" class=\"lazyload\" data-load-mode=\"1\"><\/iframe>\n<\/div><\/figure>\n\n\n\n<h2 class=\"wp-block-heading\">Playlist de Kany Garc\u00eda en YouTube<\/h2>\n\n\n\n<p>Aqu\u00ed puedes encontrar los videos de la mejor m\u00fasica de Kany Garc\u00eda, en Youtube.<\/p>\n\n\n\n<figure class=\"wp-block-embed is-type-video is-provider-youtube wp-block-embed-youtube wp-embed-aspect-16-9 wp-has-aspect-ratio\"><div class=\"wp-block-embed__wrapper\">\n<iframe title=\"Kany Garcia\" width=\"500\" height=\"281\" data-src=\"https:\/\/www.youtube.com\/embed\/videoseries?list=PLIwzJIVTxG4n0bgJAmOArbKQUFU_0mwI-\" frameborder=\"0\" allow=\"accelerometer; autoplay; clipboard-write; encrypted-media; gyroscope; picture-in-picture; web-share\" referrerpolicy=\"strict-origin-when-cross-origin\" allowfullscreen src=\"data:image\/svg+xml;base64,PHN2ZyB3aWR0aD0iMSIgaGVpZ2h0PSIxIiB4bWxucz0iaHR0cDovL3d3dy53My5vcmcvMjAwMC9zdmciPjwvc3ZnPg==\" class=\"lazyload\" data-load-mode=\"1\"><\/iframe>\n<\/div><\/figure>\n<!-- AddThis Advanced Settings generic via filter on the_content --><!-- AddThis Share Buttons generic via filter on the_content -->","protected":false},"excerpt":{"rendered":"<p>Canciones que hay que saberse para el concierto de Kany Garc\u00eda Ocupas saber cu\u00e1les canciones van a tocar en el concierto de Kany Garc\u00eda? O talvez quieres repasar un poco de lo mejor de la m\u00fasica de Kany Garc\u00eda antes del concierto. De cualquier forma, aqu\u00ed tienes una buena colecci\u00f3n de playlists que se pueden [&hellip;]<!-- AddThis Advanced Settings generic via filter on get_the_excerpt --><!-- AddThis Share Buttons generic via filter on get_the_excerpt --><\/p>\n","protected":false},"author":2,"featured_media":8,"parent":0,"menu_order":0,"comment_status":"closed","ping_status":"closed","template":"","meta":{"footnotes":""},"class_list":["post-141","page","type-page","status-publish","has-post-thumbnail","hentry"],"yoast_head":"<!-- This site is optimized with the Yoast SEO plugin v27.5 - https:\/\/yoast.com\/product\/yoast-seo-wordpress\/ -->\n<title>Setlist del concierto Kany Garc\u00eda - Kany Garc\u00eda en Costa Rica<\/title>\n<meta name=\"description\" content=\"Quieres algunos playlist para Spotify y Youtube con la mejor m\u00fasica de Kany Garc\u00eda? La m\u00fasica que debes conocer para el concierto!\" \/>\n<meta name=\"robots\" content=\"index, follow, max-snippet:-1, max-image-preview:large, max-video-preview:-1\" \/>\n<link rel=\"canonical\" href=\"https:\/\/dondevamos.xyz\/concierto-kany-garcia\/setlist-playlist\/\" \/>\n<meta property=\"og:locale\" content=\"es_ES\" \/>\n<meta property=\"og:type\" content=\"article\" \/>\n<meta property=\"og:title\" content=\"Setlist del concierto Kany Garc\u00eda - Kany Garc\u00eda en Costa Rica\" \/>\n<meta property=\"og:description\" content=\"Quieres algunos playlist para Spotify y Youtube con la mejor m\u00fasica de Kany Garc\u00eda? La m\u00fasica que debes conocer para el concierto!\" \/>\n<meta property=\"og:url\" content=\"https:\/\/dondevamos.xyz\/concierto-kany-garcia\/setlist-playlist\/\" \/>\n<meta property=\"og:site_name\" content=\"Kany Garc\u00eda en Costa Rica\" \/>\n<meta property=\"article:modified_time\" content=\"2024-01-26T04:37:39+00:00\" \/>\n<meta property=\"og:image\" content=\"https:\/\/dondevamos.xyz\/concierto-kany-garcia\/wp-content\/uploads\/sites\/8\/2024\/01\/kany-garcia-concierto-05.jpg\" \/>\n\t<meta property=\"og:image:width\" content=\"1440\" \/>\n\t<meta property=\"og:image:height\" content=\"1793\" \/>\n\t<meta property=\"og:image:type\" content=\"image\/jpeg\" \/>\n<meta name=\"twitter:card\" content=\"summary_large_image\" \/>\n<meta name=\"twitter:label1\" content=\"Tiempo de lectura\" \/>\n\t<meta name=\"twitter:data1\" content=\"2 minutos\" \/>\n<script type=\"application\/ld+json\" class=\"yoast-schema-graph\">{\"@context\":\"https:\\\/\\\/schema.org\",\"@graph\":[{\"@type\":\"WebPage\",\"@id\":\"https:\\\/\\\/dondevamos.xyz\\\/concierto-kany-garcia\\\/setlist-playlist\\\/\",\"url\":\"https:\\\/\\\/dondevamos.xyz\\\/concierto-kany-garcia\\\/setlist-playlist\\\/\",\"name\":\"Setlist del concierto Kany Garc\u00eda - Kany Garc\u00eda en Costa Rica\",\"isPartOf\":{\"@id\":\"https:\\\/\\\/dondevamos.xyz\\\/concierto-kany-garcia\\\/#website\"},\"primaryImageOfPage\":{\"@id\":\"https:\\\/\\\/dondevamos.xyz\\\/concierto-kany-garcia\\\/setlist-playlist\\\/#primaryimage\"},\"image\":{\"@id\":\"https:\\\/\\\/dondevamos.xyz\\\/concierto-kany-garcia\\\/setlist-playlist\\\/#primaryimage\"},\"thumbnailUrl\":\"https:\\\/\\\/dondevamos.xyz\\\/concierto-kany-garcia\\\/wp-content\\\/uploads\\\/sites\\\/8\\\/2024\\\/01\\\/kany-garcia-concierto-05.jpg\",\"datePublished\":\"2024-01-26T04:29:47+00:00\",\"dateModified\":\"2024-01-26T04:37:39+00:00\",\"description\":\"Quieres algunos playlist para Spotify y Youtube con la mejor m\u00fasica de Kany Garc\u00eda? La m\u00fasica que debes conocer para el concierto!\",\"breadcrumb\":{\"@id\":\"https:\\\/\\\/dondevamos.xyz\\\/concierto-kany-garcia\\\/setlist-playlist\\\/#breadcrumb\"},\"inLanguage\":\"es\",\"potentialAction\":[{\"@type\":\"ReadAction\",\"target\":[\"https:\\\/\\\/dondevamos.xyz\\\/concierto-kany-garcia\\\/setlist-playlist\\\/\"]}]},{\"@type\":\"ImageObject\",\"inLanguage\":\"es\",\"@id\":\"https:\\\/\\\/dondevamos.xyz\\\/concierto-kany-garcia\\\/setlist-playlist\\\/#primaryimage\",\"url\":\"https:\\\/\\\/dondevamos.xyz\\\/concierto-kany-garcia\\\/wp-content\\\/uploads\\\/sites\\\/8\\\/2024\\\/01\\\/kany-garcia-concierto-05.jpg\",\"contentUrl\":\"https:\\\/\\\/dondevamos.xyz\\\/concierto-kany-garcia\\\/wp-content\\\/uploads\\\/sites\\\/8\\\/2024\\\/01\\\/kany-garcia-concierto-05.jpg\",\"width\":1440,\"height\":1793,\"caption\":\"Foto: Kany Garc\u00eda Facebook\"},{\"@type\":\"BreadcrumbList\",\"@id\":\"https:\\\/\\\/dondevamos.xyz\\\/concierto-kany-garcia\\\/setlist-playlist\\\/#breadcrumb\",\"itemListElement\":[{\"@type\":\"ListItem\",\"position\":1,\"name\":\"Portada\",\"item\":\"https:\\\/\\\/dondevamos.xyz\\\/concierto-kany-garcia\\\/\"},{\"@type\":\"ListItem\",\"position\":2,\"name\":\"Setlist del concierto Kany Garc\u00eda\"}]},{\"@type\":\"WebSite\",\"@id\":\"https:\\\/\\\/dondevamos.xyz\\\/concierto-kany-garcia\\\/#website\",\"url\":\"https:\\\/\\\/dondevamos.xyz\\\/concierto-kany-garcia\\\/\",\"name\":\"Kany Garc\u00eda en Costa Rica\",\"description\":\"Todo acerca del concierto de Kany Garc\u00eda 2024\",\"potentialAction\":[{\"@type\":\"SearchAction\",\"target\":{\"@type\":\"EntryPoint\",\"urlTemplate\":\"https:\\\/\\\/dondevamos.xyz\\\/concierto-kany-garcia\\\/?s={search_term_string}\"},\"query-input\":{\"@type\":\"PropertyValueSpecification\",\"valueRequired\":true,\"valueName\":\"search_term_string\"}}],\"inLanguage\":\"es\"}]}<\/script>\n<!-- \/ Yoast SEO plugin. -->","yoast_head_json":{"title":"Setlist del concierto Kany Garc\u00eda - Kany Garc\u00eda en Costa Rica","description":"Quieres algunos playlist para Spotify y Youtube con la mejor m\u00fasica de Kany Garc\u00eda? La m\u00fasica que debes conocer para el concierto!","robots":{"index":"index","follow":"follow","max-snippet":"max-snippet:-1","max-image-preview":"max-image-preview:large","max-video-preview":"max-video-preview:-1"},"canonical":"https:\/\/dondevamos.xyz\/concierto-kany-garcia\/setlist-playlist\/","og_locale":"es_ES","og_type":"article","og_title":"Setlist del concierto Kany Garc\u00eda - Kany Garc\u00eda en Costa Rica","og_description":"Quieres algunos playlist para Spotify y Youtube con la mejor m\u00fasica de Kany Garc\u00eda? La m\u00fasica que debes conocer para el concierto!","og_url":"https:\/\/dondevamos.xyz\/concierto-kany-garcia\/setlist-playlist\/","og_site_name":"Kany Garc\u00eda en Costa Rica","article_modified_time":"2024-01-26T04:37:39+00:00","og_image":[{"width":1440,"height":1793,"url":"https:\/\/dondevamos.xyz\/concierto-kany-garcia\/wp-content\/uploads\/sites\/8\/2024\/01\/kany-garcia-concierto-05.jpg","type":"image\/jpeg"}],"twitter_card":"summary_large_image","twitter_misc":{"Tiempo de lectura":"2 minutos"},"schema":{"@context":"https:\/\/schema.org","@graph":[{"@type":"WebPage","@id":"https:\/\/dondevamos.xyz\/concierto-kany-garcia\/setlist-playlist\/","url":"https:\/\/dondevamos.xyz\/concierto-kany-garcia\/setlist-playlist\/","name":"Setlist del concierto Kany Garc\u00eda - Kany Garc\u00eda en Costa Rica","isPartOf":{"@id":"https:\/\/dondevamos.xyz\/concierto-kany-garcia\/#website"},"primaryImageOfPage":{"@id":"https:\/\/dondevamos.xyz\/concierto-kany-garcia\/setlist-playlist\/#primaryimage"},"image":{"@id":"https:\/\/dondevamos.xyz\/concierto-kany-garcia\/setlist-playlist\/#primaryimage"},"thumbnailUrl":"https:\/\/dondevamos.xyz\/concierto-kany-garcia\/wp-content\/uploads\/sites\/8\/2024\/01\/kany-garcia-concierto-05.jpg","datePublished":"2024-01-26T04:29:47+00:00","dateModified":"2024-01-26T04:37:39+00:00","description":"Quieres algunos playlist para Spotify y Youtube con la mejor m\u00fasica de Kany Garc\u00eda? La m\u00fasica que debes conocer para el concierto!","breadcrumb":{"@id":"https:\/\/dondevamos.xyz\/concierto-kany-garcia\/setlist-playlist\/#breadcrumb"},"inLanguage":"es","potentialAction":[{"@type":"ReadAction","target":["https:\/\/dondevamos.xyz\/concierto-kany-garcia\/setlist-playlist\/"]}]},{"@type":"ImageObject","inLanguage":"es","@id":"https:\/\/dondevamos.xyz\/concierto-kany-garcia\/setlist-playlist\/#primaryimage","url":"https:\/\/dondevamos.xyz\/concierto-kany-garcia\/wp-content\/uploads\/sites\/8\/2024\/01\/kany-garcia-concierto-05.jpg","contentUrl":"https:\/\/dondevamos.xyz\/concierto-kany-garcia\/wp-content\/uploads\/sites\/8\/2024\/01\/kany-garcia-concierto-05.jpg","width":1440,"height":1793,"caption":"Foto: Kany Garc\u00eda Facebook"},{"@type":"BreadcrumbList","@id":"https:\/\/dondevamos.xyz\/concierto-kany-garcia\/setlist-playlist\/#breadcrumb","itemListElement":[{"@type":"ListItem","position":1,"name":"Portada","item":"https:\/\/dondevamos.xyz\/concierto-kany-garcia\/"},{"@type":"ListItem","position":2,"name":"Setlist del concierto Kany Garc\u00eda"}]},{"@type":"WebSite","@id":"https:\/\/dondevamos.xyz\/concierto-kany-garcia\/#website","url":"https:\/\/dondevamos.xyz\/concierto-kany-garcia\/","name":"Kany Garc\u00eda en Costa Rica","description":"Todo acerca del concierto de Kany Garc\u00eda 2024","potentialAction":[{"@type":"SearchAction","target":{"@type":"EntryPoint","urlTemplate":"https:\/\/dondevamos.xyz\/concierto-kany-garcia\/?s={search_term_string}"},"query-input":{"@type":"PropertyValueSpecification","valueRequired":true,"valueName":"search_term_string"}}],"inLanguage":"es"}]}},"_links":{"self":[{"href":"https:\/\/dondevamos.xyz\/concierto-kany-garcia\/wp-json\/wp\/v2\/pages\/141","targetHints":{"allow":["GET"]}}],"collection":[{"href":"https:\/\/dondevamos.xyz\/concierto-kany-garcia\/wp-json\/wp\/v2\/pages"}],"about":[{"href":"https:\/\/dondevamos.xyz\/concierto-kany-garcia\/wp-json\/wp\/v2\/types\/page"}],"author":[{"embeddable":true,"href":"https:\/\/dondevamos.xyz\/concierto-kany-garcia\/wp-json\/wp\/v2\/users\/2"}],"replies":[{"embeddable":true,"href":"https:\/\/dondevamos.xyz\/concierto-kany-garcia\/wp-json\/wp\/v2\/comments?post=141"}],"version-history":[{"count":2,"href":"https:\/\/dondevamos.xyz\/concierto-kany-garcia\/wp-json\/wp\/v2\/pages\/141\/revisions"}],"predecessor-version":[{"id":143,"href":"https:\/\/dondevamos.xyz\/concierto-kany-garcia\/wp-json\/wp\/v2\/pages\/141\/revisions\/143"}],"wp:featuredmedia":[{"embeddable":true,"href":"https:\/\/dondevamos.xyz\/concierto-kany-garcia\/wp-json\/wp\/v2\/media\/8"}],"wp:attachment":[{"href":"https:\/\/dondevamos.xyz\/concierto-kany-garcia\/wp-json\/wp\/v2\/media?parent=141"}],"curies":[{"name":"wp","href":"https:\/\/api.w.org\/{rel}","templated":true}]}}